{"id":366,"date":"2020-01-10T15:13:02","date_gmt":"2020-01-10T14:13:02","guid":{"rendered":"http:\/\/semmelweis.hu\/balassagyarmat\/?page_id=366"},"modified":"2025-02-13T15:47:30","modified_gmt":"2025-02-13T14:47:30","slug":"dr-herczeg-vivien","status":"publish","type":"page","link":"https:\/\/semmelweis.hu\/balassagyarmat\/dr-herczeg-vivien\/","title":{"rendered":"Dr. Herczeg Vivien"},"content":{"rendered":"<p><em><img loading=\"lazy\" decoding=\"async\" class=\"size-medium wp-image-439 alignright\" src=\"https:\/\/semmelweis.hu\/balassagyarmat\/files\/2020\/01\/let\u00f6lt\u00e9s-1-400x400.png\" alt=\"\" width=\"400\" height=\"400\" srcset=\"https:\/\/semmelweis.hu\/balassagyarmat\/files\/2020\/01\/let\u00f6lt\u00e9s-1-400x400.png 400w, https:\/\/semmelweis.hu\/balassagyarmat\/files\/2020\/01\/let\u00f6lt\u00e9s-1-150x150.png 150w, https:\/\/semmelweis.hu\/balassagyarmat\/files\/2020\/01\/let\u00f6lt\u00e9s-1-768x768.png 768w, https:\/\/semmelweis.hu\/balassagyarmat\/files\/2020\/01\/let\u00f6lt\u00e9s-1-1024x1024.png 1024w, https:\/\/semmelweis.hu\/balassagyarmat\/files\/2020\/01\/let\u00f6lt\u00e9s-1-753x753.png 753w, https:\/\/semmelweis.hu\/balassagyarmat\/files\/2020\/01\/let\u00f6lt\u00e9s-1.png 1632w\" sizes=\"auto, (max-width: 400px) 100vw, 400px\" \/><strong>A Balassagyarmati Eg\u00e9szs\u00e9gnevel\u0151 Program 2022.02.28-\u00e1n lez\u00e1rult. Az oldalon tal\u00e1lhat\u00f3 adatok arch\u00edvak.<\/strong><\/em><\/p>\n<p><em>Dr. Herczeg Vivien vagyok, 2019. j\u00fanius\u00e1ban v\u00e9geztem a Semmelweis Egyetemen, 2019. szeptembert\u0151l pedig rezidensk\u00e9nt dolgozom a SE I. sz. Gyermekgy\u00f3gy\u00e1szati Klinik\u00e1n. A projektbe hatod\u00e9ves orvostanhallgat\u00f3k\u00e9nt csatlakoztam, mert nagyon megfogott a program szellemis\u00e9ge, \u00fajszer\u0171s\u00e9ge, illetve, hogy (haz\u00e1nkban viszonylag egyed\u00fcl\u00e1ll\u00f3 m\u00f3don) hat\u00e9konys\u00e1gi felm\u00e9r\u00e9s is kapcsol\u00f3dik hozz\u00e1. Eleinte f\u0151k\u00e9nt a kutat\u00e1sban vettem r\u00e9szt, id\u0151 k\u00f6zben azonban bekapcsol\u00f3dtam a BEP szakmai anyagainak fejleszt\u00e9s\u00e9be \u00e9s \u00fajragondol\u00e1s\u00e1ba is, valamint az online tananyagok \u00f6ssze\u00e1ll\u00edt\u00e1sa, v\u00e9gleges\u00edt\u00e9se is az \u00e9n feladatom lett. A BEP egy folyamatosan bontakoz\u00f3 \u00e9s b\u0151v\u00fcl\u0151 projekt, ami a mai napig is \u00fajabb \u00e9s \u00fajabb elemekkel gazdagodik; rem\u00e9lem, hogy egyszer ak\u00e1r orsz\u00e1gos programm\u00e1 n\u0151heti ki mag\u00e1t, hiszen az eg\u00e9szs\u00e9gnevel\u00e9s alapvet\u0151 fontoss\u00e1g\u00fa (lenne) minden fiatal sz\u00e1m\u00e1ra. Nagyon b\u00fcszke vagyok arra, hogy a csapat tagja lehetek, a munk\u00e1m sor\u00e1n rengeteget fejl\u0151d\u00f6k \u00e9s sz\u00e1mos \u00faj dolgot tanulok, amit egyr\u00e9szt a saj\u00e1t \u00e9letemben, m\u00e1sr\u00e9szt leend\u0151 gyermekgy\u00f3gy\u00e1szk\u00e9nt is sokszor hasznos\u00edthatok majd. \ud83d\ude42<\/em><\/p>\n","protected":false},"excerpt":{"rendered":"<p>A Balassagyarmati Eg\u00e9szs\u00e9gnevel\u0151 Program 2022.02.28-\u00e1n lez\u00e1rult. Az oldalon tal\u00e1lhat\u00f3 adatok arch\u00edvak. Dr. Herczeg Vivien vagyok, 2019. j\u00fanius\u00e1ban v\u00e9geztem a Semmelweis Egyetemen, 2019. szeptembert\u0151l pedig rezidensk\u00e9nt dolgozom a SE I. sz. Gyermekgy\u00f3gy\u00e1szati Klinik\u00e1n. A projektbe hatod\u00e9ves orvostanhallgat\u00f3k\u00e9nt csatlakoztam, mert nagyon megfogott a program szellemis\u00e9ge, \u00fajszer\u0171s\u00e9ge, illetve, hogy (haz\u00e1nkban viszonylag egyed\u00fcl\u00e1ll\u00f3 m\u00f3don) hat\u00e9konys\u00e1gi felm\u00e9r\u00e9s is kapcsol\u00f3dik hozz\u00e1. &hellip;<\/p>\n","protected":false},"author":101611,"featured_media":0,"parent":0,"menu_order":0,"comment_status":"closed","ping_status":"closed","template":"template-fullwidth.php","meta":{"_acf_changed":false,"footnotes":""},"categories":[],"tags":[],"class_list":["post-366","page","type-page","status-publish","hentry"],"acf":[],"_links":{"self":[{"href":"https:\/\/semmelweis.hu\/balassagyarmat\/wp-json\/wp\/v2\/pages\/366","targetHints":{"allow":["GET"]}}],"collection":[{"href":"https:\/\/semmelweis.hu\/balassagyarmat\/wp-json\/wp\/v2\/pages"}],"about":[{"href":"https:\/\/semmelweis.hu\/balassagyarmat\/wp-json\/wp\/v2\/types\/page"}],"author":[{"embeddable":true,"href":"https:\/\/semmelweis.hu\/balassagyarmat\/wp-json\/wp\/v2\/users\/101611"}],"replies":[{"embeddable":true,"href":"https:\/\/semmelweis.hu\/balassagyarmat\/wp-json\/wp\/v2\/comments?post=366"}],"version-history":[{"count":4,"href":"https:\/\/semmelweis.hu\/balassagyarmat\/wp-json\/wp\/v2\/pages\/366\/revisions"}],"predecessor-version":[{"id":836,"href":"https:\/\/semmelweis.hu\/balassagyarmat\/wp-json\/wp\/v2\/pages\/366\/revisions\/836"}],"wp:attachment":[{"href":"https:\/\/semmelweis.hu\/balassagyarmat\/wp-json\/wp\/v2\/media?parent=366"}],"wp:term":[{"taxonomy":"category","embeddable":true,"href":"https:\/\/semmelweis.hu\/balassagyarmat\/wp-json\/wp\/v2\/categories?post=366"},{"taxonomy":"post_tag","embeddable":true,"href":"https:\/\/semmelweis.hu\/balassagyarmat\/wp-json\/wp\/v2\/tags?post=366"}],"curies":[{"name":"wp","href":"https:\/\/api.w.org\/{rel}","templated":true}]}}