{"id":360,"date":"2020-01-10T15:12:43","date_gmt":"2020-01-10T14:12:43","guid":{"rendered":"http:\/\/semmelweis.hu\/balassagyarmat\/?page_id=360"},"modified":"2025-02-13T15:38:08","modified_gmt":"2025-02-13T14:38:08","slug":"batri-zsuzsanna","status":"publish","type":"page","link":"https:\/\/semmelweis.hu\/balassagyarmat\/batri-zsuzsanna\/","title":{"rendered":"B\u00e1tri Zsuzsanna"},"content":{"rendered":"<p><em><img loading=\"lazy\" decoding=\"async\" class=\"size-medium wp-image-441 alignright\" src=\"https:\/\/semmelweis.hu\/balassagyarmat\/files\/2020\/01\/circle-cropped-1-1-400x400.png\" alt=\"\" width=\"400\" height=\"400\" srcset=\"https:\/\/semmelweis.hu\/balassagyarmat\/files\/2020\/01\/circle-cropped-1-1-400x400.png 400w, https:\/\/semmelweis.hu\/balassagyarmat\/files\/2020\/01\/circle-cropped-1-1-150x150.png 150w, https:\/\/semmelweis.hu\/balassagyarmat\/files\/2020\/01\/circle-cropped-1-1-768x768.png 768w, https:\/\/semmelweis.hu\/balassagyarmat\/files\/2020\/01\/circle-cropped-1-1-753x753.png 753w, https:\/\/semmelweis.hu\/balassagyarmat\/files\/2020\/01\/circle-cropped-1-1.png 935w\" sizes=\"auto, (max-width: 400px) 100vw, 400px\" \/><\/em><\/p>\n<p><em><strong>A Balassagyarmati Eg\u00e9szs\u00e9gnevel\u0151 Program 2022.02.28-\u00e1n lez\u00e1rult. Az oldalon tal\u00e1lhat\u00f3 adatok arch\u00edvak.<\/strong><\/em><\/p>\n<p><em>B\u00e1tri Zsuzsa vagyok, 2018 j\u00fanius\u00e1ban csatlakoztam a program projektcsapat\u00e1hoz. Kor\u00e1bban legink\u00e1bb csal\u00e1di \u00e9s gyerekprogramok, fesztiv\u00e1lok k\u00f6zel\u00e9ben dolgoztam, \u00e9s tettem egy kisebb kit\u00e9r\u0151t a zeneiparban is. Ez id\u0151 alatt h\u00e9tv\u00e9gente \u00f6nismereti pszichodr\u00e1ma csoportokat vezettem, ami a sz\u00edvem egyik k\u00f6zepe. Az elm\u00falt m\u00e1sf\u00e9l \u00e9vben pedig ez a program lett a m\u00e1sik. Rendk\u00edv\u00fcl szerencs\u00e9snek \u00e9rzem magam, hogy ebben a programban, ezen a helyen, ebben a csapatban dolgozhatok. Feladataim legink\u00e1bb a h\u00e1tt\u00e9rben vannak, onnan t\u00e1mogatom programunk \u201efrontembereit\u201d. Szeretn\u00e9m, ha a j\u00f6v\u0151ben a lehet\u0151 legt\u00f6bb k\u00f6z\u00e9piskol\u00e1ba eljuttathatn\u00e1nk mindazon fontos eg\u00e9szs\u00e9gnevel\u0151 \u00fczenetet, amit szakmai csapatunk kikrist\u00e1lyos\u00edtott az elm\u00falt id\u0151ben.<\/em> <em>Kedvenc id\u00e9zetem:<\/em> <em>Amit tesz\u00fcnk csak egy csepp a tengerben. A n\u00e9lk\u00fcl a csepp n\u00e9lk\u00fcl azonban sek\u00e9lyebb volna a tenger.<\/em> <em>Ter\u00e9z anya<\/em><\/p>\n","protected":false},"excerpt":{"rendered":"<p>A Balassagyarmati Eg\u00e9szs\u00e9gnevel\u0151 Program 2022.02.28-\u00e1n lez\u00e1rult. Az oldalon tal\u00e1lhat\u00f3 adatok arch\u00edvak. B\u00e1tri Zsuzsa vagyok, 2018 j\u00fanius\u00e1ban csatlakoztam a program projektcsapat\u00e1hoz. Kor\u00e1bban legink\u00e1bb csal\u00e1di \u00e9s gyerekprogramok, fesztiv\u00e1lok k\u00f6zel\u00e9ben dolgoztam, \u00e9s tettem egy kisebb kit\u00e9r\u0151t a zeneiparban is. Ez id\u0151 alatt h\u00e9tv\u00e9gente \u00f6nismereti pszichodr\u00e1ma csoportokat vezettem, ami a sz\u00edvem egyik k\u00f6zepe. Az elm\u00falt m\u00e1sf\u00e9l \u00e9vben pedig ez &hellip;<\/p>\n","protected":false},"author":101611,"featured_media":0,"parent":0,"menu_order":0,"comment_status":"closed","ping_status":"closed","template":"template-fullwidth.php","meta":{"_acf_changed":false,"footnotes":""},"categories":[],"tags":[],"class_list":["post-360","page","type-page","status-publish","hentry"],"acf":[],"_links":{"self":[{"href":"https:\/\/semmelweis.hu\/balassagyarmat\/wp-json\/wp\/v2\/pages\/360","targetHints":{"allow":["GET"]}}],"collection":[{"href":"https:\/\/semmelweis.hu\/balassagyarmat\/wp-json\/wp\/v2\/pages"}],"about":[{"href":"https:\/\/semmelweis.hu\/balassagyarmat\/wp-json\/wp\/v2\/types\/page"}],"author":[{"embeddable":true,"href":"https:\/\/semmelweis.hu\/balassagyarmat\/wp-json\/wp\/v2\/users\/101611"}],"replies":[{"embeddable":true,"href":"https:\/\/semmelweis.hu\/balassagyarmat\/wp-json\/wp\/v2\/comments?post=360"}],"version-history":[{"count":5,"href":"https:\/\/semmelweis.hu\/balassagyarmat\/wp-json\/wp\/v2\/pages\/360\/revisions"}],"predecessor-version":[{"id":828,"href":"https:\/\/semmelweis.hu\/balassagyarmat\/wp-json\/wp\/v2\/pages\/360\/revisions\/828"}],"wp:attachment":[{"href":"https:\/\/semmelweis.hu\/balassagyarmat\/wp-json\/wp\/v2\/media?parent=360"}],"wp:term":[{"taxonomy":"category","embeddable":true,"href":"https:\/\/semmelweis.hu\/balassagyarmat\/wp-json\/wp\/v2\/categories?post=360"},{"taxonomy":"post_tag","embeddable":true,"href":"https:\/\/semmelweis.hu\/balassagyarmat\/wp-json\/wp\/v2\/tags?post=360"}],"curies":[{"name":"wp","href":"https:\/\/api.w.org\/{rel}","templated":true}]}}