{"id":357,"date":"2020-01-10T15:12:35","date_gmt":"2020-01-10T14:12:35","guid":{"rendered":"http:\/\/semmelweis.hu\/balassagyarmat\/?page_id=357"},"modified":"2020-11-29T14:52:07","modified_gmt":"2020-11-29T13:52:07","slug":"vaczi-andras","status":"publish","type":"page","link":"https:\/\/semmelweis.hu\/balassagyarmat\/vaczi-andras\/","title":{"rendered":"V\u00e1czi Andr\u00e1s"},"content":{"rendered":"<p><em><img loading=\"lazy\" decoding=\"async\" class=\"size-medium wp-image-522 alignright\" src=\"https:\/\/semmelweis.hu\/balassagyarmat\/files\/2020\/01\/let\u00f6lt\u00e9s-2-2-400x400.png\" alt=\"\" width=\"400\" height=\"400\" srcset=\"https:\/\/semmelweis.hu\/balassagyarmat\/files\/2020\/01\/let\u00f6lt\u00e9s-2-2-400x400.png 400w, https:\/\/semmelweis.hu\/balassagyarmat\/files\/2020\/01\/let\u00f6lt\u00e9s-2-2-150x150.png 150w, https:\/\/semmelweis.hu\/balassagyarmat\/files\/2020\/01\/let\u00f6lt\u00e9s-2-2-768x768.png 768w, https:\/\/semmelweis.hu\/balassagyarmat\/files\/2020\/01\/let\u00f6lt\u00e9s-2-2-1024x1024.png 1024w, https:\/\/semmelweis.hu\/balassagyarmat\/files\/2020\/01\/let\u00f6lt\u00e9s-2-2-753x753.png 753w, https:\/\/semmelweis.hu\/balassagyarmat\/files\/2020\/01\/let\u00f6lt\u00e9s-2-2.png 1614w\" sizes=\"auto, (max-width: 400px) 100vw, 400px\" \/>Meghat\u00e1roz\u00f3 szerepet j\u00e1tszott programunk l\u00e9trej\u00f6tt\u00e9ben \u00e9s gazdas\u00e1gi\/projekt \u00fcgyeiben V\u00e1czi Andr\u00e1s, a Semmelweis Egyetem Elm\u00e9leti Orvostudom\u00e1nyi K\u00f6zpont volt Igazgat\u00f3helyettese. \u00datmutat\u00e1sa, hat\u00e1rozotts\u00e1ga \u00e9s a program ir\u00e1ny\u00edt\u00e1s\u00e1ban bet\u00f6lt\u00f6tt szerepe folyamatosan \u00e9p\u00edtette \u00e9s seg\u00edtette a fejl\u0151d\u00e9st \u00e9s a halad\u00e1st. Az eg\u00e9szs\u00e9gfejleszt\u00e9st \u00e9s eg\u00e9szs\u00e9gtudatosabb j\u00f6v\u0151 nemzed\u00e9k \u00e9p\u00edt\u00e9s\u00e9t sz\u00edv\u00fcgy\u00e9nek tekintette. Ir\u00e1ny\u00edt\u00e1sa alatt j\u00f6tt l\u00e9tre a Balassagyarmati Eg\u00e9szs\u00e9gnevel\u0151 Program mellett a Beker\u00fcl\u00e9st\u00e1mogat\u00e1si Program illetve a Kort\u00e1rsseg\u00edt\u0151i Program is, melyek mind azt a c\u00e9lt szolg\u00e1lj\u00e1k, hogy a Semmelweis Egyetem a magyar fels\u0151oktat\u00e1si int\u00e9zm\u00e9nyek k\u00f6z\u00fcl els\u0151k\u00e9nt seg\u00edtse a prevenci\u00f3t \u00e9s az eg\u00e9szs\u00e9gtudatosabb magatart\u00e1st, nem csup\u00e1n elm\u00e9letben, hanem a mindennapi gyakorlatban is.<\/em><\/p>\n","protected":false},"excerpt":{"rendered":"<p>Meghat\u00e1roz\u00f3 szerepet j\u00e1tszott programunk l\u00e9trej\u00f6tt\u00e9ben \u00e9s gazdas\u00e1gi\/projekt \u00fcgyeiben V\u00e1czi Andr\u00e1s, a Semmelweis Egyetem Elm\u00e9leti Orvostudom\u00e1nyi K\u00f6zpont volt Igazgat\u00f3helyettese. \u00datmutat\u00e1sa, hat\u00e1rozotts\u00e1ga \u00e9s a program ir\u00e1ny\u00edt\u00e1s\u00e1ban bet\u00f6lt\u00f6tt szerepe folyamatosan \u00e9p\u00edtette \u00e9s seg\u00edtette a fejl\u0151d\u00e9st \u00e9s a halad\u00e1st. Az eg\u00e9szs\u00e9gfejleszt\u00e9st \u00e9s eg\u00e9szs\u00e9gtudatosabb j\u00f6v\u0151 nemzed\u00e9k \u00e9p\u00edt\u00e9s\u00e9t sz\u00edv\u00fcgy\u00e9nek tekintette. Ir\u00e1ny\u00edt\u00e1sa alatt j\u00f6tt l\u00e9tre a Balassagyarmati Eg\u00e9szs\u00e9gnevel\u0151 Program mellett a Beker\u00fcl\u00e9st\u00e1mogat\u00e1si &hellip;<\/p>\n","protected":false},"author":101611,"featured_media":0,"parent":0,"menu_order":0,"comment_status":"closed","ping_status":"closed","template":"template-fullwidth.php","meta":{"_acf_changed":false,"footnotes":""},"categories":[],"tags":[],"class_list":["post-357","page","type-page","status-publish","hentry"],"acf":[],"_links":{"self":[{"href":"https:\/\/semmelweis.hu\/balassagyarmat\/wp-json\/wp\/v2\/pages\/357","targetHints":{"allow":["GET"]}}],"collection":[{"href":"https:\/\/semmelweis.hu\/balassagyarmat\/wp-json\/wp\/v2\/pages"}],"about":[{"href":"https:\/\/semmelweis.hu\/balassagyarmat\/wp-json\/wp\/v2\/types\/page"}],"author":[{"embeddable":true,"href":"https:\/\/semmelweis.hu\/balassagyarmat\/wp-json\/wp\/v2\/users\/101611"}],"replies":[{"embeddable":true,"href":"https:\/\/semmelweis.hu\/balassagyarmat\/wp-json\/wp\/v2\/comments?post=357"}],"version-history":[{"count":3,"href":"https:\/\/semmelweis.hu\/balassagyarmat\/wp-json\/wp\/v2\/pages\/357\/revisions"}],"predecessor-version":[{"id":720,"href":"https:\/\/semmelweis.hu\/balassagyarmat\/wp-json\/wp\/v2\/pages\/357\/revisions\/720"}],"wp:attachment":[{"href":"https:\/\/semmelweis.hu\/balassagyarmat\/wp-json\/wp\/v2\/media?parent=357"}],"wp:term":[{"taxonomy":"category","embeddable":true,"href":"https:\/\/semmelweis.hu\/balassagyarmat\/wp-json\/wp\/v2\/categories?post=357"},{"taxonomy":"post_tag","embeddable":true,"href":"https:\/\/semmelweis.hu\/balassagyarmat\/wp-json\/wp\/v2\/tags?post=357"}],"curies":[{"name":"wp","href":"https:\/\/api.w.org\/{rel}","templated":true}]}}