{"id":354,"date":"2020-01-10T15:12:25","date_gmt":"2020-01-10T14:12:25","guid":{"rendered":"http:\/\/semmelweis.hu\/balassagyarmat\/?page_id=354"},"modified":"2025-02-13T15:50:46","modified_gmt":"2025-02-13T14:50:46","slug":"fiam-szucs-katalin","status":"publish","type":"page","link":"https:\/\/semmelweis.hu\/balassagyarmat\/fiam-szucs-katalin\/","title":{"rendered":"Fiam-Sz\u0171cs Katalin"},"content":{"rendered":"<p><em><img loading=\"lazy\" decoding=\"async\" class=\"size-medium wp-image-446 alignright\" src=\"https:\/\/semmelweis.hu\/balassagyarmat\/files\/2020\/01\/let\u00f6lt\u00e9s-4-400x400.png\" alt=\"\" width=\"400\" height=\"400\" srcset=\"https:\/\/semmelweis.hu\/balassagyarmat\/files\/2020\/01\/let\u00f6lt\u00e9s-4-400x400.png 400w, https:\/\/semmelweis.hu\/balassagyarmat\/files\/2020\/01\/let\u00f6lt\u00e9s-4-150x150.png 150w, https:\/\/semmelweis.hu\/balassagyarmat\/files\/2020\/01\/let\u00f6lt\u00e9s-4-768x768.png 768w, https:\/\/semmelweis.hu\/balassagyarmat\/files\/2020\/01\/let\u00f6lt\u00e9s-4-1024x1024.png 1024w, https:\/\/semmelweis.hu\/balassagyarmat\/files\/2020\/01\/let\u00f6lt\u00e9s-4-753x753.png 753w\" sizes=\"auto, (max-width: 400px) 100vw, 400px\" \/><\/em> <em><em style=\"font-size: 1rem\"><strong>A Balassagyarmati Eg\u00e9szs\u00e9gnevel\u0151 Program 2022.02.28-\u00e1n lez\u00e1rult. Az oldalon tal\u00e1lhat\u00f3 adatok arch\u00edvak.<\/strong><\/em><\/em><\/p>\n<p><em>Fiam- Sz\u0171cs Kata vagyok tan\u00edt\u00f3k\u00e9nt v\u00e9gzetem a Szarvasi Tan\u00edt\u00f3k\u00e9pz\u0151 F\u0151iskol\u00e1n. eddigi <\/em><em>\u00e9letem sor\u00e1n voltam \u00f6nk\u00e9ntes, anim\u00e1tor, feleltem dekor\u00e1ci\u00f3\u00e9rt, \u00f6nk\u00e9ntesek\u00e9rt, rendezv\u00e9ny\u00e9rt, <\/em><em>voltam k\u00e9pz\u0151, fell\u00e9p\u0151, \u00e9nekes, jelmezben szaladg\u00e1l\u00f3 mindenes. \u00c9lm\u00e9nypedag\u00f3gus, <\/em><em>koordin\u00e1tor, outdoor programok felel\u0151se. Az \u00e9lm\u00e9nypedag\u00f3gia m\u00f3dszer\u00e9vel 2006 \u0151sz\u00e9n <\/em><em>ismerkedtem meg \u00e9s az\u00f3ta dolgozom vele, gyerekekkel , feln\u0151ttekkel, \u00f6nk\u00e9ntesekkel. Majd <\/em><em>j\u00f6tt B\u00e1tri Zsuzsi telefonja a Projekt Irod\u00e1b\u00f3l, az\u00f3ta a Balassagyarmati eg\u00e9szs\u00e9g nevel\u0151 <\/em><em>programban dolgozom. Kutat\u00e1st szervezek, szendvics csomagot, buszt, tartom a kapcsolatot a<\/em><em>z 5 Balassagyarmati iskol\u00e1val, szervezem a csapat\u00e9p\u00edt\u0151 programokat, sz\u00fclinapokat az irodai <\/em><em>\u00e9letet, dokument\u00e1lok\u2026 A BEK (Beker\u00fcl\u00e9st\u00e1mogat\u00f3 program) pedig az a projekt, amire <\/em><em>felk\u00e9r\u00e9st kaptam, hogy dolgozzam ki, gondoljam v\u00e9gig, alkossam meg \u00e9s h\u00e1t nagyon <\/em><em>\u00e9lvezem!<\/em> <em>Kedvenc id\u00e9zet:<\/em> <em>A lehetetlen csup\u00e1n egy nagy sz\u00f3, amellyel a kis emberek dob\u00e1l\u00f3znak, mert sz\u00e1mukra <\/em><em>k\u00f6nnyebb egy k\u00e9szen kapott vil\u00e1gban \u00e9lni, mint felfedezni magukban az er\u0151t a v\u00e1ltoztat\u00e1sra. <\/em><em>A lehetetlen nem t\u00e9ny. Hanem v\u00e9lem\u00e9ny. A lehetetlen nem kinyilv\u00e1n\u00edt\u00e1s. Hanem kih\u00edv\u00e1s. A <\/em><em>lehetetlen lehet\u0151s\u00e9g. A lehetetlen m\u00fal\u00f3 pillanat. A lehetetlen nem l\u00e9tezik.<\/em><\/p>\n","protected":false},"excerpt":{"rendered":"<p>A Balassagyarmati Eg\u00e9szs\u00e9gnevel\u0151 Program 2022.02.28-\u00e1n lez\u00e1rult. Az oldalon tal\u00e1lhat\u00f3 adatok arch\u00edvak. Fiam- Sz\u0171cs Kata vagyok tan\u00edt\u00f3k\u00e9nt v\u00e9gzetem a Szarvasi Tan\u00edt\u00f3k\u00e9pz\u0151 F\u0151iskol\u00e1n. eddigi \u00e9letem sor\u00e1n voltam \u00f6nk\u00e9ntes, anim\u00e1tor, feleltem dekor\u00e1ci\u00f3\u00e9rt, \u00f6nk\u00e9ntesek\u00e9rt, rendezv\u00e9ny\u00e9rt, voltam k\u00e9pz\u0151, fell\u00e9p\u0151, \u00e9nekes, jelmezben szaladg\u00e1l\u00f3 mindenes. \u00c9lm\u00e9nypedag\u00f3gus, koordin\u00e1tor, outdoor programok felel\u0151se. Az \u00e9lm\u00e9nypedag\u00f3gia m\u00f3dszer\u00e9vel 2006 \u0151sz\u00e9n ismerkedtem meg \u00e9s az\u00f3ta dolgozom vele, gyerekekkel &hellip;<\/p>\n","protected":false},"author":101611,"featured_media":0,"parent":0,"menu_order":0,"comment_status":"closed","ping_status":"closed","template":"template-fullwidth.php","meta":{"_acf_changed":false,"footnotes":""},"categories":[],"tags":[],"class_list":["post-354","page","type-page","status-publish","hentry"],"acf":[],"_links":{"self":[{"href":"https:\/\/semmelweis.hu\/balassagyarmat\/wp-json\/wp\/v2\/pages\/354","targetHints":{"allow":["GET"]}}],"collection":[{"href":"https:\/\/semmelweis.hu\/balassagyarmat\/wp-json\/wp\/v2\/pages"}],"about":[{"href":"https:\/\/semmelweis.hu\/balassagyarmat\/wp-json\/wp\/v2\/types\/page"}],"author":[{"embeddable":true,"href":"https:\/\/semmelweis.hu\/balassagyarmat\/wp-json\/wp\/v2\/users\/101611"}],"replies":[{"embeddable":true,"href":"https:\/\/semmelweis.hu\/balassagyarmat\/wp-json\/wp\/v2\/comments?post=354"}],"version-history":[{"count":9,"href":"https:\/\/semmelweis.hu\/balassagyarmat\/wp-json\/wp\/v2\/pages\/354\/revisions"}],"predecessor-version":[{"id":843,"href":"https:\/\/semmelweis.hu\/balassagyarmat\/wp-json\/wp\/v2\/pages\/354\/revisions\/843"}],"wp:attachment":[{"href":"https:\/\/semmelweis.hu\/balassagyarmat\/wp-json\/wp\/v2\/media?parent=354"}],"wp:term":[{"taxonomy":"category","embeddable":true,"href":"https:\/\/semmelweis.hu\/balassagyarmat\/wp-json\/wp\/v2\/categories?post=354"},{"taxonomy":"post_tag","embeddable":true,"href":"https:\/\/semmelweis.hu\/balassagyarmat\/wp-json\/wp\/v2\/tags?post=354"}],"curies":[{"name":"wp","href":"https:\/\/api.w.org\/{rel}","templated":true}]}}