{"id":351,"date":"2020-01-10T15:12:16","date_gmt":"2020-01-10T14:12:16","guid":{"rendered":"http:\/\/semmelweis.hu\/balassagyarmat\/?page_id=351"},"modified":"2025-02-13T15:49:28","modified_gmt":"2025-02-13T14:49:28","slug":"dr-terebessy-andras-phd","status":"publish","type":"page","link":"https:\/\/semmelweis.hu\/balassagyarmat\/dr-terebessy-andras-phd\/","title":{"rendered":"Dr. Terebessy Andr\u00e1s PhD"},"content":{"rendered":"<p style=\"text-align: justify\"><em> <em style=\"font-size: 1rem\"><strong>A Balassagyarmati Eg\u00e9szs\u00e9gnevel\u0151 Program 2022.02.28-\u00e1n lez\u00e1rult. Az oldalon tal\u00e1lhat\u00f3 adatok arch\u00edvak.<\/strong><\/em><\/em><\/p>\n<p><em style=\"text-align: justify\"><img loading=\"lazy\" decoding=\"async\" class=\"size-medium wp-image-479 alignright\" src=\"https:\/\/semmelweis.hu\/balassagyarmat\/files\/2020\/01\/circle-cropped-2-400x400.png\" alt=\"\" width=\"400\" height=\"400\" srcset=\"https:\/\/semmelweis.hu\/balassagyarmat\/files\/2020\/01\/circle-cropped-2-400x400.png 400w, https:\/\/semmelweis.hu\/balassagyarmat\/files\/2020\/01\/circle-cropped-2-150x150.png 150w, https:\/\/semmelweis.hu\/balassagyarmat\/files\/2020\/01\/circle-cropped-2.png 484w\" sizes=\"auto, (max-width: 400px) 100vw, 400px\" \/>E<\/em><em>gyetemi tanulm\u00e1nyaim v\u00e9ge fel\u00e9 fogalmaz\u00f3dott meg bennem, hogy rendszerszint\u0171 probl\u00e9m\u00e1kkal \u00e9s megel\u0151z\u00e9ssel szeretn\u00e9k foglalkozni, \u00edgy v\u00e1lasztottam munkahelyemnek a N\u00e9peg\u00e9szs\u00e9gtani Int\u00e9zetet, ahol az\u00f3ta is dolgozom. Orvosk\u00e9nt tal\u00e1n rendhagy\u00f3 v\u00e1laszt\u00e1s, de az itt elt\u00f6lt\u00f6tt \u00e9vek sor\u00e1n r\u00e9szletekbe men\u0151en meg\u00e9rtettem, hogy az eg\u00e9szs\u00e9gfejleszt\u00e9s\/ betegs\u00e9gmegel\u0151z\u00e9s a leghat\u00e9konyabb fegyver\u00fcnk, a legjobb betegs\u00e9g az, amelyik nincs is. A szakmai ismeretek megszerz\u00e9se, az egyetemi oktat\u00f3-\u00e9s kutat\u00f3munka mellett az ut\u00f3bbi n\u00e9h\u00e1ny \u00e9vben szakmai \u00e9rdekl\u0151d\u00e9sem egyre ink\u00e1bb a prevenci\u00f3s ismeretek gyakorlati alkalmaz\u00e1si lehet\u0151s\u00e9gei fel\u00e9 fordult. \u00d6r\u00f6mmel fogadtam el az egyetem Balassagyarmati Eg\u00e9szs\u00e9gnevel\u0151 Programj\u00e1nak felk\u00e9r\u00e9s\u00e9t a programhoz kapcsol\u00f3d\u00f3 kutat\u00e1sok vezet\u00e9s\u00e9re, az idei tan\u00e9vt\u0151l pedig szakmai vezet\u0151i feladatokat is v\u00e1llalhattam. Igazi kih\u00edv\u00e1sk\u00e9nt tekintek a jelenlegi j\u00e1rv\u00e1ny\u00fcgyi helyzetben a program f\u0151 feladat\u00e1ra: n\u00f6velni a fiatalok tud\u00e1s\u00e1t, fejleszteni k\u00e9pess\u00e9geiket \u00e9s er\u0151s\u00edteni motiv\u00e1ci\u00f3jukat az eg\u00e9szs\u00e9g\u00fcketmeg\u0151rz\u0151 mindennapi d\u00f6nt\u00e9sek meghoz\u00e1s\u00e1ra.<\/em><\/p>\n","protected":false},"excerpt":{"rendered":"<p>A Balassagyarmati Eg\u00e9szs\u00e9gnevel\u0151 Program 2022.02.28-\u00e1n lez\u00e1rult. Az oldalon tal\u00e1lhat\u00f3 adatok arch\u00edvak. Egyetemi tanulm\u00e1nyaim v\u00e9ge fel\u00e9 fogalmaz\u00f3dott meg bennem, hogy rendszerszint\u0171 probl\u00e9m\u00e1kkal \u00e9s megel\u0151z\u00e9ssel szeretn\u00e9k foglalkozni, \u00edgy v\u00e1lasztottam munkahelyemnek a N\u00e9peg\u00e9szs\u00e9gtani Int\u00e9zetet, ahol az\u00f3ta is dolgozom. Orvosk\u00e9nt tal\u00e1n rendhagy\u00f3 v\u00e1laszt\u00e1s, de az itt elt\u00f6lt\u00f6tt \u00e9vek sor\u00e1n r\u00e9szletekbe men\u0151en meg\u00e9rtettem, hogy az eg\u00e9szs\u00e9gfejleszt\u00e9s\/ betegs\u00e9gmegel\u0151z\u00e9s a leghat\u00e9konyabb fegyver\u00fcnk, &hellip;<\/p>\n","protected":false},"author":101611,"featured_media":0,"parent":0,"menu_order":0,"comment_status":"closed","ping_status":"closed","template":"","meta":{"_acf_changed":false,"footnotes":""},"categories":[],"tags":[],"class_list":["post-351","page","type-page","status-publish","hentry"],"acf":[],"_links":{"self":[{"href":"https:\/\/semmelweis.hu\/balassagyarmat\/wp-json\/wp\/v2\/pages\/351","targetHints":{"allow":["GET"]}}],"collection":[{"href":"https:\/\/semmelweis.hu\/balassagyarmat\/wp-json\/wp\/v2\/pages"}],"about":[{"href":"https:\/\/semmelweis.hu\/balassagyarmat\/wp-json\/wp\/v2\/types\/page"}],"author":[{"embeddable":true,"href":"https:\/\/semmelweis.hu\/balassagyarmat\/wp-json\/wp\/v2\/users\/101611"}],"replies":[{"embeddable":true,"href":"https:\/\/semmelweis.hu\/balassagyarmat\/wp-json\/wp\/v2\/comments?post=351"}],"version-history":[{"count":4,"href":"https:\/\/semmelweis.hu\/balassagyarmat\/wp-json\/wp\/v2\/pages\/351\/revisions"}],"predecessor-version":[{"id":840,"href":"https:\/\/semmelweis.hu\/balassagyarmat\/wp-json\/wp\/v2\/pages\/351\/revisions\/840"}],"wp:attachment":[{"href":"https:\/\/semmelweis.hu\/balassagyarmat\/wp-json\/wp\/v2\/media?parent=351"}],"wp:term":[{"taxonomy":"category","embeddable":true,"href":"https:\/\/semmelweis.hu\/balassagyarmat\/wp-json\/wp\/v2\/categories?post=351"},{"taxonomy":"post_tag","embeddable":true,"href":"https:\/\/semmelweis.hu\/balassagyarmat\/wp-json\/wp\/v2\/tags?post=351"}],"curies":[{"name":"wp","href":"https:\/\/api.w.org\/{rel}","templated":true}]}}