{"id":348,"date":"2020-01-10T15:12:04","date_gmt":"2020-01-10T14:12:04","guid":{"rendered":"http:\/\/semmelweis.hu\/balassagyarmat\/?page_id=348"},"modified":"2025-02-13T15:41:25","modified_gmt":"2025-02-13T14:41:25","slug":"dr-eorsi-daniel","status":"publish","type":"page","link":"https:\/\/semmelweis.hu\/balassagyarmat\/dr-eorsi-daniel\/","title":{"rendered":"Dr. E\u00f6rsi D\u00e1niel"},"content":{"rendered":"<p><em><span style=\"font-size: 1rem\"><img loading=\"lazy\" decoding=\"async\" class=\"size-medium wp-image-444 alignright\" src=\"https:\/\/semmelweis.hu\/balassagyarmat\/files\/2020\/01\/let\u00f6lt\u00e9s-3-400x400.png\" alt=\"\" width=\"400\" height=\"400\" srcset=\"https:\/\/semmelweis.hu\/balassagyarmat\/files\/2020\/01\/let\u00f6lt\u00e9s-3-400x400.png 400w, https:\/\/semmelweis.hu\/balassagyarmat\/files\/2020\/01\/let\u00f6lt\u00e9s-3-150x150.png 150w, https:\/\/semmelweis.hu\/balassagyarmat\/files\/2020\/01\/let\u00f6lt\u00e9s-3-768x768.png 768w, https:\/\/semmelweis.hu\/balassagyarmat\/files\/2020\/01\/let\u00f6lt\u00e9s-3-1024x1024.png 1024w, https:\/\/semmelweis.hu\/balassagyarmat\/files\/2020\/01\/let\u00f6lt\u00e9s-3-753x753.png 753w, https:\/\/semmelweis.hu\/balassagyarmat\/files\/2020\/01\/let\u00f6lt\u00e9s-3.png 1587w\" sizes=\"auto, (max-width: 400px) 100vw, 400px\" \/><\/span><\/em> <em><strong>A Balassagyarmati Eg\u00e9szs\u00e9gnevel\u0151 Program 2022.02.28-\u00e1n lez\u00e1rult. Az oldalon tal\u00e1lhat\u00f3 adatok arch\u00edvak.<\/strong><\/em><\/p>\n<p><em><span style=\"font-size: 1rem\">Medikus koromban \u00e9veken \u00e1t voltam kort\u00e1rs oktat\u00f3 a HUMSIRC \u00e1ltal szervezett iskolai\u00a0<\/span><\/em><em><span style=\"font-size: 1rem\">eg\u00e9szs\u00e9gnevel\u00e9si programban. Akkor \u00e9rtettem meg, hogy a prevenci\u00f3ba fektetett energia sokszorosan megt\u00e9r\u00fcl. R\u00e9szben ez\u00e9rt v\u00e1lasztottam a h\u00e1ziorvosi p\u00e1ly\u00e1t, \u00fagy l\u00e1ttam, az alapell\u00e1t\u00e1sban van a legnagyobb lehet\u0151s\u00e9g a megel\u0151z\u00e9sre. M\u00e9g jobban meg szerettem volna \u00e9rteni, hogy az embereknek mi\u00e9rt font<\/span><\/em><em><span style=\"font-size: 1rem\">os (vagy \u00e9ppen nem fontos) az eg\u00e9szs\u00e9g\u00fck, ez\u00e9rt pszichoter\u00e1pi\u00e1s k\u00e9pzetts\u00e9get is szereztem. \u00dagy l\u00e1tom, a Balassagyarmati Eg\u00e9szs\u00e9gnevel\u0151 Program t\u00f6k\u00e9letes\u00edt\u00e9s\u00e9hez \u00f6tv\u00f6zni kell a hagyom\u00e1nyos medicina, a l\u00e9lektan \u00e9s a pedag\u00f3gia szempontjait, \u00e9s mindehhez szisztematikus kutat\u00e1si szeml\u00e9let kell, hogy p\u00e1rosuljon. B\u00fcszke vagyok erre a progamra, \u00e9s a benne dolgoz\u00f3 kiv\u00e1l\u00f3 oktat\u00f3kra, munkat\u00e1rsakra. \u00d6r\u00f6m a feln\u00f6vekv\u0151 gener\u00e1ci\u00f3knak \u00e1tadni mindazon ismereteket, amelyek eg\u00e9szs\u00e9g\u00fck meg\u0151rz\u00e9s\u00e9hez, fenntart\u00e1s\u00e1hoz sz\u00fcks\u00e9gesek.<\/span><\/em><\/p>\n","protected":false},"excerpt":{"rendered":"<p>A Balassagyarmati Eg\u00e9szs\u00e9gnevel\u0151 Program 2022.02.28-\u00e1n lez\u00e1rult. Az oldalon tal\u00e1lhat\u00f3 adatok arch\u00edvak. Medikus koromban \u00e9veken \u00e1t voltam kort\u00e1rs oktat\u00f3 a HUMSIRC \u00e1ltal szervezett iskolai\u00a0eg\u00e9szs\u00e9gnevel\u00e9si programban. Akkor \u00e9rtettem meg, hogy a prevenci\u00f3ba fektetett energia sokszorosan megt\u00e9r\u00fcl. R\u00e9szben ez\u00e9rt v\u00e1lasztottam a h\u00e1ziorvosi p\u00e1ly\u00e1t, \u00fagy l\u00e1ttam, az alapell\u00e1t\u00e1sban van a legnagyobb lehet\u0151s\u00e9g a megel\u0151z\u00e9sre. M\u00e9g jobban meg szerettem volna &hellip;<\/p>\n","protected":false},"author":101611,"featured_media":0,"parent":0,"menu_order":0,"comment_status":"closed","ping_status":"closed","template":"template-fullwidth.php","meta":{"_acf_changed":false,"footnotes":""},"categories":[],"tags":[],"class_list":["post-348","page","type-page","status-publish","hentry"],"acf":[],"_links":{"self":[{"href":"https:\/\/semmelweis.hu\/balassagyarmat\/wp-json\/wp\/v2\/pages\/348","targetHints":{"allow":["GET"]}}],"collection":[{"href":"https:\/\/semmelweis.hu\/balassagyarmat\/wp-json\/wp\/v2\/pages"}],"about":[{"href":"https:\/\/semmelweis.hu\/balassagyarmat\/wp-json\/wp\/v2\/types\/page"}],"author":[{"embeddable":true,"href":"https:\/\/semmelweis.hu\/balassagyarmat\/wp-json\/wp\/v2\/users\/101611"}],"replies":[{"embeddable":true,"href":"https:\/\/semmelweis.hu\/balassagyarmat\/wp-json\/wp\/v2\/comments?post=348"}],"version-history":[{"count":6,"href":"https:\/\/semmelweis.hu\/balassagyarmat\/wp-json\/wp\/v2\/pages\/348\/revisions"}],"predecessor-version":[{"id":834,"href":"https:\/\/semmelweis.hu\/balassagyarmat\/wp-json\/wp\/v2\/pages\/348\/revisions\/834"}],"wp:attachment":[{"href":"https:\/\/semmelweis.hu\/balassagyarmat\/wp-json\/wp\/v2\/media?parent=348"}],"wp:term":[{"taxonomy":"category","embeddable":true,"href":"https:\/\/semmelweis.hu\/balassagyarmat\/wp-json\/wp\/v2\/categories?post=348"},{"taxonomy":"post_tag","embeddable":true,"href":"https:\/\/semmelweis.hu\/balassagyarmat\/wp-json\/wp\/v2\/tags?post=348"}],"curies":[{"name":"wp","href":"https:\/\/api.w.org\/{rel}","templated":true}]}}