{"id":345,"date":"2020-01-10T15:11:14","date_gmt":"2020-01-10T14:11:14","guid":{"rendered":"http:\/\/semmelweis.hu\/balassagyarmat\/?page_id=345"},"modified":"2025-02-13T15:41:05","modified_gmt":"2025-02-13T14:41:05","slug":"dr-arva-dorottya","status":"publish","type":"page","link":"https:\/\/semmelweis.hu\/balassagyarmat\/dr-arva-dorottya\/","title":{"rendered":"Dr. \u00c1rva Dorottya"},"content":{"rendered":"<p><img loading=\"lazy\" decoding=\"async\" class=\"wp-image-521 alignleft\" src=\"https:\/\/semmelweis.hu\/balassagyarmat\/files\/2020\/01\/let\u00f6lt\u00e9s-1-1-400x400.png\" alt=\"\" width=\"374\" height=\"374\" srcset=\"https:\/\/semmelweis.hu\/balassagyarmat\/files\/2020\/01\/let\u00f6lt\u00e9s-1-1-400x400.png 400w, https:\/\/semmelweis.hu\/balassagyarmat\/files\/2020\/01\/let\u00f6lt\u00e9s-1-1-150x150.png 150w, https:\/\/semmelweis.hu\/balassagyarmat\/files\/2020\/01\/let\u00f6lt\u00e9s-1-1-768x768.png 768w, https:\/\/semmelweis.hu\/balassagyarmat\/files\/2020\/01\/let\u00f6lt\u00e9s-1-1-1024x1024.png 1024w, https:\/\/semmelweis.hu\/balassagyarmat\/files\/2020\/01\/let\u00f6lt\u00e9s-1-1-753x753.png 753w\" sizes=\"auto, (max-width: 374px) 100vw, 374px\" \/><\/p>\n<p>&nbsp;<\/p>\n<p><em><strong>A Balassagyarmati Eg\u00e9szs\u00e9gnevel\u0151 Program 2022.02.28-\u00e1n lez\u00e1rult. Az oldalon tal\u00e1lhat\u00f3 adatok arch\u00edvak.<\/strong><\/em><\/p>\n<p><em style=\"font-size: 1rem\">M\u00e1r egyetemista koromban elkezdett foglalkoztatni az eg\u00e9szs\u00e9gfejleszt\u00e9s \u00e9s a megel\u0151z\u00e9s<\/em> <em style=\"font-size: 1rem\">t\u00e9mak\u00f6re. Orvosi \u00e9s pszichol\u00f3gia alapszakos diplom\u00e1im megszerz\u00e9se ut\u00e1n a Semmelweis<\/em> <em style=\"font-size: 1rem\">Egyetem N\u00e9peg\u00e9szs\u00e9gtani Int\u00e9zet\u00e9ben kezdtem el dolgozni, ahol jelenleg rezidens vagyok.<\/em> <em style=\"font-size: 1rem\">\u00d6r\u00f6mmel csatlakoztam a BEP-es kutat\u00e1shoz, egyr\u00e9szt mert a prevenci\u00f3 szempontj\u00e1b\u00f3l egy<\/em> <em style=\"font-size: 1rem\">fontos programnak tartom, m\u00e1sr\u00e9szt mert itt egy j\u00f3 \u00fcgy\u00e9rt dolgoz\u00f3 csapatban, mint minden<\/em> <em style=\"font-size: 1rem\">r\u00e9sztvev\u0151, \u00e9n is sokat tanulhatok.<\/em><\/p>\n<p>&nbsp;<\/p>\n","protected":false},"excerpt":{"rendered":"<p>&nbsp; A Balassagyarmati Eg\u00e9szs\u00e9gnevel\u0151 Program 2022.02.28-\u00e1n lez\u00e1rult. Az oldalon tal\u00e1lhat\u00f3 adatok arch\u00edvak. M\u00e1r egyetemista koromban elkezdett foglalkoztatni az eg\u00e9szs\u00e9gfejleszt\u00e9s \u00e9s a megel\u0151z\u00e9s t\u00e9mak\u00f6re. Orvosi \u00e9s pszichol\u00f3gia alapszakos diplom\u00e1im megszerz\u00e9se ut\u00e1n a Semmelweis Egyetem N\u00e9peg\u00e9szs\u00e9gtani Int\u00e9zet\u00e9ben kezdtem el dolgozni, ahol jelenleg rezidens vagyok. \u00d6r\u00f6mmel csatlakoztam a BEP-es kutat\u00e1shoz, egyr\u00e9szt mert a prevenci\u00f3 szempontj\u00e1b\u00f3l egy fontos programnak &hellip;<\/p>\n","protected":false},"author":101611,"featured_media":0,"parent":0,"menu_order":0,"comment_status":"closed","ping_status":"closed","template":"template-fullwidth.php","meta":{"_acf_changed":false,"footnotes":""},"categories":[],"tags":[],"class_list":["post-345","page","type-page","status-publish","hentry"],"acf":[],"_links":{"self":[{"href":"https:\/\/semmelweis.hu\/balassagyarmat\/wp-json\/wp\/v2\/pages\/345","targetHints":{"allow":["GET"]}}],"collection":[{"href":"https:\/\/semmelweis.hu\/balassagyarmat\/wp-json\/wp\/v2\/pages"}],"about":[{"href":"https:\/\/semmelweis.hu\/balassagyarmat\/wp-json\/wp\/v2\/types\/page"}],"author":[{"embeddable":true,"href":"https:\/\/semmelweis.hu\/balassagyarmat\/wp-json\/wp\/v2\/users\/101611"}],"replies":[{"embeddable":true,"href":"https:\/\/semmelweis.hu\/balassagyarmat\/wp-json\/wp\/v2\/comments?post=345"}],"version-history":[{"count":10,"href":"https:\/\/semmelweis.hu\/balassagyarmat\/wp-json\/wp\/v2\/pages\/345\/revisions"}],"predecessor-version":[{"id":833,"href":"https:\/\/semmelweis.hu\/balassagyarmat\/wp-json\/wp\/v2\/pages\/345\/revisions\/833"}],"wp:attachment":[{"href":"https:\/\/semmelweis.hu\/balassagyarmat\/wp-json\/wp\/v2\/media?parent=345"}],"wp:term":[{"taxonomy":"category","embeddable":true,"href":"https:\/\/semmelweis.hu\/balassagyarmat\/wp-json\/wp\/v2\/categories?post=345"},{"taxonomy":"post_tag","embeddable":true,"href":"https:\/\/semmelweis.hu\/balassagyarmat\/wp-json\/wp\/v2\/tags?post=345"}],"curies":[{"name":"wp","href":"https:\/\/api.w.org\/{rel}","templated":true}]}}