{"id":104,"date":"2019-08-06T23:33:46","date_gmt":"2019-08-06T21:33:46","guid":{"rendered":"http:\/\/semmelweis.hu\/balassagyarmat\/?page_id=104"},"modified":"2025-02-13T15:38:51","modified_gmt":"2025-02-13T14:38:51","slug":"bek","status":"publish","type":"page","link":"https:\/\/semmelweis.hu\/balassagyarmat\/bek\/","title":{"rendered":"BEK"},"content":{"rendered":"<p><img decoding=\"async\" class=\"alignright\" src=\"https:\/\/semmelweis.hu\/balassagyarmat\/files\/2024\/02\/infoblokk_kedv_final_felso_cmyk_ESZA-400x276.jpg\" \/><\/p>\n<p><em><strong>A Balassagyarmati Eg\u00e9szs\u00e9gnevel\u0151 Program 2022.02.28-\u00e1n lez\u00e1rult. Az oldalon tal\u00e1lhat\u00f3 adatok arch\u00edvak.<\/strong><\/em><\/p>\n<p>&nbsp;<\/p>\n<p>&nbsp;<\/p>\n<p>&nbsp;<\/p>\n<p>&nbsp;<\/p>\n<p>&nbsp;<\/p>\n<p style=\"text-align: center\"><strong>\u00d6NK\u00c9NTES TOBORZ\u00c1S<\/strong><\/p>\n<p><strong>Kedves \u00d6nk\u00e9ntes\u00fcnk!<\/strong><\/p>\n<p>Balassagyarmati Eg\u00e9szs\u00e9gnevel\u0151 Programunk r\u00e9szek\u00e9nt \u00faj elemmel szeretn\u00e9nk hozz\u00e1j\u00e1rulni fiatal balassagyarmati k\u00f6z\u00e9piskol\u00e1sok mindennapjaihoz. A program c\u00e9lja a fiatalok t\u00e1mogat\u00e1sa \u00e9s motiv\u00e1l\u00e1sa abban, hogy elinduljanak az egyetem fel\u00e9 vezet\u0151 \u00faton.<\/p>\n<p>Ennek keret\u00e9ben sz\u00e1mos esem\u00e9nnyel sz\u00ednes\u00edtj\u00fck a 11.-12. \u00e9vfolyamos fiatalok \u00e9let\u00e9t. Els\u0151 k\u00f6rben egy eg\u00e9sz napos tr\u00e9ning napon fognak r\u00e9szt venni az \u00e9vfolyamok.<\/p>\n<p><strong>Erre a napra h\u00edvunk T\u00c9GED is facilit\u00e1tornak!<\/strong><\/p>\n<ul>\n<li>a tr\u00e9ning nap az <strong>\u00e9lm\u00e9nypedag\u00f3gia<\/strong> m\u00f3dszer\u00e9re \u00e9p\u00fcl \u2013 ha megismerkedn\u00e9l ezzel a m\u00f3dszerrel, mindenk\u00e9pp tarts vel\u00fcnk<\/li>\n<li>a feladatod egy <strong>seg\u00edt\u0151, t\u00e1mogat\u00f3 szerep<\/strong> \u2013 ha kipr\u00f3b\u00e1ln\u00e1d, milyen jelen lenni ilyen form\u00e1ban egy csoport \u00e9let\u00e9ben, mindenk\u00e9pp tarts vel\u00fcnk<\/li>\n<li>egy<strong> j\u00f3 p\u00e9lda<\/strong> vagy a fiatalok sz\u00e1m\u00e1ra \u2013 ha k\u00e9szen \u00e1llsz, hogy ezt megoszd vel\u00fck mindenk\u00e9pp tarts vel\u00fcnk<\/li>\n<li>a BEP ut\u00e1n ez egy <strong>szuper tal\u00e1lkoz\u00e1s<\/strong> \u00fajra a fiatalokkal!<\/li>\n<\/ul>\n<p>&nbsp;<\/p>\n<p><strong>Amit t\u0151led k\u00e9r\u00fcnk az \u0151szi f\u00e9l\u00e9vben:<\/strong><\/p>\n<ul>\n<li>R\u00e9szv\u00e9tel a felk\u00e9sz\u00edt\u0151 alkalmon, melynek id\u0151pontja <strong> szeptember 21., szombat<\/strong><\/li>\n<li>Az \u0151sz folyam\u00e1n legal\u00e1bb <strong>2 tr\u00e9ning napon facilit\u00e1tork\u00e9nt jelen lenni<\/strong><\/li>\n<li>Kapcsol\u00f3dj be az<strong> okt\u00f3ber v\u00e9gi t\u00e1bor <\/strong>szervez\u00e9s\u00e9be, lebonyol\u00edt\u00e1s\u00e1ba<\/li>\n<\/ul>\n<p>&nbsp;<\/p>\n<p><strong>Ha felkeltett\u00fck az \u00e9rdekl\u0151d\u00e9sed k\u00fcldd el az \u00f6n\u00e9letrajzodat \u00e9s motiv\u00e1ci\u00f3s leveledet, a fenti felt\u00e9telek figyelembev\u00e9tel\u00e9vel, a fiam-szucs.kata@semmelweis-univ.hu c\u00edm-re 2019. szeptember 14. 24:00-ig<u>.<\/u><\/strong><\/p>\n<p>Az \u00f6n\u00e9letrajz tartalmi elemei:<\/p>\n<ul>\n<li>\u00c9vfolyam<\/li>\n<li>Kar<\/li>\n<li>Kor\u00e1bbi tapasztalatok csoportos foglalkoz\u00e1s helyzetekben (nem k\u00f6telez\u0151!)<\/li>\n<li>Egy\u00e9b \u00f6nk\u00e9ntes munka vagy fizetett \u201cterepmunka\u201d (pl. V\u00f6r\u00f6skereszt, OVSZ)<\/li>\n<\/ul>\n<p>Bemutatkoz\u00f3 leveledben a k\u00f6vetkez\u0151 k\u00e9rd\u00e9sekre v\u00e1rjuk a v\u00e1laszt:<\/p>\n<ul>\n<li>Sz\u00e1modra mi\u00e9rt fontos a fiatalok j\u00f6v\u0151j\u00e9nek seg\u00edt\u00e9se?<\/li>\n<li>Szerinted egyetemistak\u00e9nt hogyan tudn\u00e1l jobban hozz\u00e1j\u00e1rulni a fiatalok p\u00e1lyav\u00e1laszt\u00e1si motiv\u00e1ci\u00f3j\u00e1hoz?<\/li>\n<li>Szerinted mi\u00e9rt fontos a k\u00f6z\u00e9piskol\u00e1s, konkr\u00e9tan a 11-12. \u00e9vfolyamos koroszt\u00e1llyal kiemelten foglalkozni?<\/li>\n<\/ul>\n<p>&nbsp;<\/p>\n<p>&nbsp;<\/p>\n","protected":false},"excerpt":{"rendered":"<p>A Balassagyarmati Eg\u00e9szs\u00e9gnevel\u0151 Program 2022.02.28-\u00e1n lez\u00e1rult. Az oldalon tal\u00e1lhat\u00f3 adatok arch\u00edvak. &nbsp; &nbsp; &nbsp; &nbsp; &nbsp; \u00d6NK\u00c9NTES TOBORZ\u00c1S Kedves \u00d6nk\u00e9ntes\u00fcnk! Balassagyarmati Eg\u00e9szs\u00e9gnevel\u0151 Programunk r\u00e9szek\u00e9nt \u00faj elemmel szeretn\u00e9nk hozz\u00e1j\u00e1rulni fiatal balassagyarmati k\u00f6z\u00e9piskol\u00e1sok mindennapjaihoz. A program c\u00e9lja a fiatalok t\u00e1mogat\u00e1sa \u00e9s motiv\u00e1l\u00e1sa abban, hogy elinduljanak az egyetem fel\u00e9 vezet\u0151 \u00faton. Ennek keret\u00e9ben sz\u00e1mos esem\u00e9nnyel sz\u00ednes\u00edtj\u00fck a 11.-12. &hellip;<\/p>\n","protected":false},"author":101611,"featured_media":0,"parent":0,"menu_order":0,"comment_status":"closed","ping_status":"closed","template":"","meta":{"_acf_changed":false,"footnotes":""},"categories":[],"tags":[],"class_list":["post-104","page","type-page","status-publish","hentry"],"acf":[],"_links":{"self":[{"href":"https:\/\/semmelweis.hu\/balassagyarmat\/wp-json\/wp\/v2\/pages\/104","targetHints":{"allow":["GET"]}}],"collection":[{"href":"https:\/\/semmelweis.hu\/balassagyarmat\/wp-json\/wp\/v2\/pages"}],"about":[{"href":"https:\/\/semmelweis.hu\/balassagyarmat\/wp-json\/wp\/v2\/types\/page"}],"author":[{"embeddable":true,"href":"https:\/\/semmelweis.hu\/balassagyarmat\/wp-json\/wp\/v2\/users\/101611"}],"replies":[{"embeddable":true,"href":"https:\/\/semmelweis.hu\/balassagyarmat\/wp-json\/wp\/v2\/comments?post=104"}],"version-history":[{"count":5,"href":"https:\/\/semmelweis.hu\/balassagyarmat\/wp-json\/wp\/v2\/pages\/104\/revisions"}],"predecessor-version":[{"id":830,"href":"https:\/\/semmelweis.hu\/balassagyarmat\/wp-json\/wp\/v2\/pages\/104\/revisions\/830"}],"wp:attachment":[{"href":"https:\/\/semmelweis.hu\/balassagyarmat\/wp-json\/wp\/v2\/media?parent=104"}],"wp:term":[{"taxonomy":"category","embeddable":true,"href":"https:\/\/semmelweis.hu\/balassagyarmat\/wp-json\/wp\/v2\/categories?post=104"},{"taxonomy":"post_tag","embeddable":true,"href":"https:\/\/semmelweis.hu\/balassagyarmat\/wp-json\/wp\/v2\/tags?post=104"}],"curies":[{"name":"wp","href":"https:\/\/api.w.org\/{rel}","templated":true}]}}