{"id":101,"date":"2019-08-06T23:33:29","date_gmt":"2019-08-06T21:33:29","guid":{"rendered":"http:\/\/semmelweis.hu\/balassagyarmat\/?page_id=101"},"modified":"2025-02-13T16:02:54","modified_gmt":"2025-02-13T15:02:54","slug":"tdk-temak-es-lehetosegek","status":"publish","type":"page","link":"https:\/\/semmelweis.hu\/balassagyarmat\/tdk-temak-es-lehetosegek\/","title":{"rendered":"TDK t\u00e9m\u00e1k \u00e9s lehet\u0151s\u00e9gek"},"content":{"rendered":"<p style=\"font-weight: 400\"><strong><em><span style=\"font-family: 'arial black', sans-serif\"><span style=\"font-size: 18pt\">A Balassagyarmati Eg\u00e9szs\u00e9gnevel\u0151 Program 2022.02.28-\u00e1n lez\u00e1rult. Az oldalon tal\u00e1lhat\u00f3 adatok arch\u00edvak.<\/span><\/span><\/em><\/strong><\/p>\n<p style=\"font-weight: 400\"><strong>Az eg\u00e9szs\u00e9gnevel\u00e9si programhoz egy kutat\u00e1s is kapcsol\u00f3dik, melynek c\u00e9lja annak tiszt\u00e1z\u00e1sa, hogy eg\u00e9szs\u00e9gnevel\u0151 programunk hat\u00e9kony-e, m\u00e9rhet\u0151 v\u00e1ltoz\u00e1st id\u00e9z-e el\u0151 a serd\u00fcl\u0151k tud\u00e1s\u00e1ban, motiv\u00e1ci\u00f3iban, attit\u0171dj\u00e9ben \u00e9s viselked\u00e9s\u00e9ben.<\/strong><\/p>\n<p style=\"font-weight: 400\"><strong>Mindezt egy kvalitat\u00edv \u00e9s kvantitat\u00edv elemeket is tartalmaz\u00f3, keresztmetszeti \u00e9s longitudin\u00e1lis kutat\u00e1ssal igyeksz\u00fcnk felbecs\u00fclni, melynek eredm\u00e9nyeit folyamatosan publik\u00e1ljuk.<\/strong><\/p>\n<p style=\"font-weight: 400\">Kutat\u00e1si programunk nem val\u00f3sulhatna meg a Semmelweis Egyetem Eg\u00e9szs\u00e9gfejleszt\u00e9si Projekt Irod\u00e1j\u00e1nak munkat\u00e1rsai, valamint \u00f6nk\u00e9ntes hallgat\u00f3k, a balassagyarmati tan\u00e1rok \u00e9s term\u00e9szetesen a r\u00e9sztvev\u0151 di\u00e1kok \u00e1ldozatv\u00e1llal\u00e1sa n\u00e9lk\u00fcl.<\/p>\n<p style=\"font-weight: 400\">Ezen a ponton szeretn\u00e9nk kiemelni a balassagyarmati kapcsolattart\u00f3 tan\u00e1rok rendk\u00edv\u00fcli szerep\u00e9t, akik n\u00e9lk\u00fcl\u00f6zhetetlen seg\u00edts\u00e9get ny\u00fajtanak sz\u00e1munkra a program megval\u00f3s\u00edt\u00e1s\u00e1ban. A f\u00e1radhatatlan munka, szinte folyamatos szervez\u00e9s, elk\u00f6telezetts\u00e9g, lelkiismeretess\u00e9g \u00e9s bizalom, amit a program ir\u00e1ny\u00e1ba tan\u00fas\u00edtanak, p\u00e9lda\u00e9rt\u00e9k\u0171 \u00e9s nagyon h\u00e1l\u00e1sak vagyunk \u00e9rte.<\/p>\n<p style=\"font-weight: 400\">Illetve k\u00f6sz\u00f6nj\u00fck a di\u00e1koknak, akik k\u00f6r\u00fclbel\u00fcl 75%-ban kit\u00f6lt\u00f6tt\u00e9k a k\u00e9rd\u0151\u00edv\u00fcnket, ez nemzetk\u00f6zi \u00f6sszehasonl\u00edt\u00e1sban is nagyon magas kit\u00f6lt\u00e9si ar\u00e1nynak sz\u00e1m\u00edt, \u00e9s ez\u00e1ltal kiemelten javult a kutat\u00e1s hiteless\u00e9ge! K\u00fcl\u00f6n k\u00f6sz\u00f6nettel tartozunk a sz\u00fcl\u0151knek is, hogy a kutat\u00e1sban val\u00f3 r\u00e9szv\u00e9telhez hozz\u00e1j\u00e1rultak.<\/p>\n<p style=\"font-weight: 400\">TDK hallgat\u00f3ink:<\/p>\n<p style=\"font-weight: 400\">Harasztos Luca<\/p>\n<p>Tak\u00e1cs Luca<\/p>\n<p>Cseh Annam\u00e1ria<\/p>\n<p style=\"font-weight: 400\">Vajna Julianna<\/p>\n<p>Volt TDK hallgat\u00f3ink:<\/p>\n<p>dr. Bik\u00e1s Luca<\/p>\n<p>dr. Rakonczai Marcell<\/p>\n<p>dr. Van der Meer Borb\u00e1la<\/p>\n","protected":false},"excerpt":{"rendered":"<p>A Balassagyarmati Eg\u00e9szs\u00e9gnevel\u0151 Program 2022.02.28-\u00e1n lez\u00e1rult. Az oldalon tal\u00e1lhat\u00f3 adatok arch\u00edvak. Az eg\u00e9szs\u00e9gnevel\u00e9si programhoz egy kutat\u00e1s is kapcsol\u00f3dik, melynek c\u00e9lja annak tiszt\u00e1z\u00e1sa, hogy eg\u00e9szs\u00e9gnevel\u0151 programunk hat\u00e9kony-e, m\u00e9rhet\u0151 v\u00e1ltoz\u00e1st id\u00e9z-e el\u0151 a serd\u00fcl\u0151k tud\u00e1s\u00e1ban, motiv\u00e1ci\u00f3iban, attit\u0171dj\u00e9ben \u00e9s viselked\u00e9s\u00e9ben. Mindezt egy kvalitat\u00edv \u00e9s kvantitat\u00edv elemeket is tartalmaz\u00f3, keresztmetszeti \u00e9s longitudin\u00e1lis kutat\u00e1ssal igyeksz\u00fcnk felbecs\u00fclni, melynek eredm\u00e9nyeit folyamatosan publik\u00e1ljuk. &hellip;<\/p>\n","protected":false},"author":101611,"featured_media":0,"parent":0,"menu_order":0,"comment_status":"closed","ping_status":"closed","template":"template-fullwidth.php","meta":{"_acf_changed":false,"footnotes":""},"categories":[],"tags":[],"class_list":["post-101","page","type-page","status-publish","hentry"],"acf":[],"_links":{"self":[{"href":"https:\/\/semmelweis.hu\/balassagyarmat\/wp-json\/wp\/v2\/pages\/101","targetHints":{"allow":["GET"]}}],"collection":[{"href":"https:\/\/semmelweis.hu\/balassagyarmat\/wp-json\/wp\/v2\/pages"}],"about":[{"href":"https:\/\/semmelweis.hu\/balassagyarmat\/wp-json\/wp\/v2\/types\/page"}],"author":[{"embeddable":true,"href":"https:\/\/semmelweis.hu\/balassagyarmat\/wp-json\/wp\/v2\/users\/101611"}],"replies":[{"embeddable":true,"href":"https:\/\/semmelweis.hu\/balassagyarmat\/wp-json\/wp\/v2\/comments?post=101"}],"version-history":[{"count":10,"href":"https:\/\/semmelweis.hu\/balassagyarmat\/wp-json\/wp\/v2\/pages\/101\/revisions"}],"predecessor-version":[{"id":848,"href":"https:\/\/semmelweis.hu\/balassagyarmat\/wp-json\/wp\/v2\/pages\/101\/revisions\/848"}],"wp:attachment":[{"href":"https:\/\/semmelweis.hu\/balassagyarmat\/wp-json\/wp\/v2\/media?parent=101"}],"wp:term":[{"taxonomy":"category","embeddable":true,"href":"https:\/\/semmelweis.hu\/balassagyarmat\/wp-json\/wp\/v2\/categories?post=101"},{"taxonomy":"post_tag","embeddable":true,"href":"https:\/\/semmelweis.hu\/balassagyarmat\/wp-json\/wp\/v2\/tags?post=101"}],"curies":[{"name":"wp","href":"https:\/\/api.w.org\/{rel}","templated":true}]}}