{"id":896,"date":"2020-03-26T19:32:32","date_gmt":"2020-03-26T18:32:32","guid":{"rendered":"http:\/\/semmelweis.hu\/asszisztaltreprodukcio\/?page_id=896"},"modified":"2020-04-16T11:38:22","modified_gmt":"2020-04-16T09:38:22","slug":"20-eves-jubileum","status":"publish","type":"page","link":"https:\/\/semmelweis.hu\/asszisztaltreprodukcio\/osztaly\/20-eves-jubileum\/","title":{"rendered":"20 \u00e9ves jubileum"},"content":{"rendered":"<p>Oszt\u00e1lyunk 20 \u00e9ves fenn\u00e1ll\u00e1s\u00e1t \u00fcnnepelt\u00fck 2014 P\u00fcnk\u00f6sdj\u00e9n, melyr\u0151l sz\u00e1mos m\u00e9dium besz\u00e1molt.\u00a0<\/p>\n\r\n        [slb_exclude]\r\n        <div class=\"row galeria-wrapper mx-0 h-auto\">\r\n            <div class=\"col-9 pl-0 pr-2\">\r\n            <span class=\"gallery-item frame\">\r\n\t\t\t\t<div class=\"galeria-left-img\"><a href=\"https:\/\/semmelweis.hu\/asszisztaltreprodukcio\/files\/2020\/04\/ARO-20-1.jpg\"><img src=https:\/\/semmelweis.hu\/asszisztaltreprodukcio\/files\/2020\/04\/ARO-20-1.jpg  \r\n                            alt=\"\" \r\n                            class=\"attachment-sote-gallery-big size-sote-gallery-big\" \r\n                            srcset=\"https:\/\/semmelweis.hu\/asszisztaltreprodukcio\/files\/2020\/04\/ARO-20-1-400x265.jpg 400w, https:\/\/semmelweis.hu\/asszisztaltreprodukcio\/files\/2020\/04\/ARO-20-1-1024x678.jpg 1024w, https:\/\/semmelweis.hu\/asszisztaltreprodukcio\/files\/2020\/04\/ARO-20-1-768x509.jpg 768w, https:\/\/semmelweis.hu\/asszisztaltreprodukcio\/files\/2020\/04\/ARO-20-1-453x300.jpg 453w, https:\/\/semmelweis.hu\/asszisztaltreprodukcio\/files\/2020\/04\/ARO-20-1-1536x1017.jpg 1536w, https:\/\/semmelweis.hu\/asszisztaltreprodukcio\/files\/2020\/04\/ARO-20-1-2048x1356.jpg 2048w, https:\/\/semmelweis.hu\/asszisztaltreprodukcio\/files\/2020\/04\/ARO-20-1-753x499.jpg 753w, https:\/\/semmelweis.hu\/asszisztaltreprodukcio\/files\/2020\/04\/ARO-20-1-203x135.jpg 203w\" ><\/a><\/div>\r\n            <\/span>\r\n\r\n            <\/div>\r\n\r\n\t\t\t<div class=\"col-3 pl-0 pr-0\">\r\n\t\t\t\t<div class=\"galeria-right-img d-flex justify-content-between flex-column h-100 w-100 px-0 mx-0 \">\r\n                <div class=\"galeria-box\">\r\n\t\t\t\t\t<h3 class=\"galeria-title\">Gal\u00e9ria<\/h3>\r\n\t\t\t\t\t<div class=\"galeria-subtitle\">\r\n\r\n\t\t\t\t\t\t<div class=\"galeria-page-counter\"><span>18<\/span>k\u00e9p<\/div>\r\n                    <\/div> <\/div>\r\n                    <span class=\"gallery-item frame d-none d-md-flex\">\r\n\t\t\t\t\t<div class=\"galeria-small-img mt-0\"><a href=\"https:\/\/semmelweis.hu\/asszisztaltreprodukcio\/files\/2020\/04\/ARO-20-2.jpg\"><img src=https:\/\/semmelweis.hu\/asszisztaltreprodukcio\/files\/2020\/04\/ARO-20-2.jpg \r\n                                alt=\"\"  \r\n                                class=\"attachment-sote-gallery-small size-sote-gallery-small\" \r\n                                srcset=\"https:\/\/semmelweis.hu\/asszisztaltreprodukcio\/files\/2020\/04\/ARO-20-2-400x265.jpg 400w, https:\/\/semmelweis.hu\/asszisztaltreprodukcio\/files\/2020\/04\/ARO-20-2-1024x678.jpg 1024w, https:\/\/semmelweis.hu\/asszisztaltreprodukcio\/files\/2020\/04\/ARO-20-2-768x509.jpg 768w, https:\/\/semmelweis.hu\/asszisztaltreprodukcio\/files\/2020\/04\/ARO-20-2-453x300.jpg 453w, https:\/\/semmelweis.hu\/asszisztaltreprodukcio\/files\/2020\/04\/ARO-20-2-1536x1017.jpg 1536w, https:\/\/semmelweis.hu\/asszisztaltreprodukcio\/files\/2020\/04\/ARO-20-2-2048x1356.jpg 2048w, https:\/\/semmelweis.hu\/asszisztaltreprodukcio\/files\/2020\/04\/ARO-20-2-753x499.jpg 753w, https:\/\/semmelweis.hu\/asszisztaltreprodukcio\/files\/2020\/04\/ARO-20-2-203x135.jpg 203w\" ><\/a><\/div>\r\n                    <\/span>\r\n                    <span class=\"gallery-item frame d-none d-md-flex\">\r\n\t\t\t\t\t<div class=\"galeria-small-img mt-0\"><a href=\"https:\/\/semmelweis.hu\/asszisztaltreprodukcio\/files\/2020\/04\/ARO-20-3.jpg\"><img src=https:\/\/semmelweis.hu\/asszisztaltreprodukcio\/files\/2020\/04\/ARO-20-3.jpg \r\n                                alt=\"\" \r\n                                class=\"attachment-sote-gallery-small size-sote-gallery-small\" \r\n                                srcset=\"https:\/\/semmelweis.hu\/asszisztaltreprodukcio\/files\/2020\/04\/ARO-20-3-400x265.jpg 400w, https:\/\/semmelweis.hu\/asszisztaltreprodukcio\/files\/2020\/04\/ARO-20-3-1024x678.jpg 1024w, https:\/\/semmelweis.hu\/asszisztaltreprodukcio\/files\/2020\/04\/ARO-20-3-768x509.jpg 768w, https:\/\/semmelweis.hu\/asszisztaltreprodukcio\/files\/2020\/04\/ARO-20-3-453x300.jpg 453w, https:\/\/semmelweis.hu\/asszisztaltreprodukcio\/files\/2020\/04\/ARO-20-3-1536x1017.jpg 1536w, https:\/\/semmelweis.hu\/asszisztaltreprodukcio\/files\/2020\/04\/ARO-20-3-2048x1356.jpg 2048w, https:\/\/semmelweis.hu\/asszisztaltreprodukcio\/files\/2020\/04\/ARO-20-3-753x499.jpg 753w, https:\/\/semmelweis.hu\/asszisztaltreprodukcio\/files\/2020\/04\/ARO-20-3-203x135.jpg 203w\" ><\/a><\/div>\r\n                    <\/span>\r\n\r\n                <\/div>\r\n\r\n            <\/div>\r\n\r\n            <span class=\"gallery-item\"><div class=\"hidden\"><a href=\"https:\/\/semmelweis.hu\/asszisztaltreprodukcio\/files\/2020\/04\/ARO-20-4.jpg\">\r\n        <img src=https:\/\/semmelweis.hu\/asszisztaltreprodukcio\/files\/2020\/04\/ARO-20-4.jpg alt=\"\" class=\"attachment-sote-gallery-big size-sote-gallery-big\" srcset=\"https:\/\/semmelweis.hu\/asszisztaltreprodukcio\/files\/2020\/04\/ARO-20-4-400x265.jpg 400w, https:\/\/semmelweis.hu\/asszisztaltreprodukcio\/files\/2020\/04\/ARO-20-4-1024x678.jpg 1024w, https:\/\/semmelweis.hu\/asszisztaltreprodukcio\/files\/2020\/04\/ARO-20-4-768x509.jpg 768w, https:\/\/semmelweis.hu\/asszisztaltreprodukcio\/files\/2020\/04\/ARO-20-4-453x300.jpg 453w, https:\/\/semmelweis.hu\/asszisztaltreprodukcio\/files\/2020\/04\/ARO-20-4-1536x1017.jpg 1536w, https:\/\/semmelweis.hu\/asszisztaltreprodukcio\/files\/2020\/04\/ARO-20-4-2048x1356.jpg 2048w, https:\/\/semmelweis.hu\/asszisztaltreprodukcio\/files\/2020\/04\/ARO-20-4-753x499.jpg 753w, https:\/\/semmelweis.hu\/asszisztaltreprodukcio\/files\/2020\/04\/ARO-20-4-203x135.jpg 203w\" >\r\n        <\/a><\/div><\/span><span class=\"gallery-item\"><div class=\"hidden\"><a href=\"https:\/\/semmelweis.hu\/asszisztaltreprodukcio\/files\/2020\/04\/ARO-20-5.jpg\">\r\n        <img src=https:\/\/semmelweis.hu\/asszisztaltreprodukcio\/files\/2020\/04\/ARO-20-5.jpg alt=\"\" class=\"attachment-sote-gallery-big size-sote-gallery-big\" srcset=\"https:\/\/semmelweis.hu\/asszisztaltreprodukcio\/files\/2020\/04\/ARO-20-5-400x265.jpg 400w, https:\/\/semmelweis.hu\/asszisztaltreprodukcio\/files\/2020\/04\/ARO-20-5-1024x678.jpg 1024w, https:\/\/semmelweis.hu\/asszisztaltreprodukcio\/files\/2020\/04\/ARO-20-5-768x509.jpg 768w, https:\/\/semmelweis.hu\/asszisztaltreprodukcio\/files\/2020\/04\/ARO-20-5-453x300.jpg 453w, https:\/\/semmelweis.hu\/asszisztaltreprodukcio\/files\/2020\/04\/ARO-20-5-1536x1017.jpg 1536w, https:\/\/semmelweis.hu\/asszisztaltreprodukcio\/files\/2020\/04\/ARO-20-5-2048x1356.jpg 2048w, https:\/\/semmelweis.hu\/asszisztaltreprodukcio\/files\/2020\/04\/ARO-20-5-753x499.jpg 753w, https:\/\/semmelweis.hu\/asszisztaltreprodukcio\/files\/2020\/04\/ARO-20-5-203x135.jpg 203w\" >\r\n        <\/a><\/div><\/span><span class=\"gallery-item\"><div class=\"hidden\"><a href=\"https:\/\/semmelweis.hu\/asszisztaltreprodukcio\/files\/2020\/04\/ARO-20-6.jpg\">\r\n        <img src=https:\/\/semmelweis.hu\/asszisztaltreprodukcio\/files\/2020\/04\/ARO-20-6.jpg alt=\"\" class=\"attachment-sote-gallery-big size-sote-gallery-big\" srcset=\"https:\/\/semmelweis.hu\/asszisztaltreprodukcio\/files\/2020\/04\/ARO-20-6-400x265.jpg 400w, https:\/\/semmelweis.hu\/asszisztaltreprodukcio\/files\/2020\/04\/ARO-20-6-1024x678.jpg 1024w, https:\/\/semmelweis.hu\/asszisztaltreprodukcio\/files\/2020\/04\/ARO-20-6-768x509.jpg 768w, https:\/\/semmelweis.hu\/asszisztaltreprodukcio\/files\/2020\/04\/ARO-20-6-453x300.jpg 453w, https:\/\/semmelweis.hu\/asszisztaltreprodukcio\/files\/2020\/04\/ARO-20-6-1536x1017.jpg 1536w, https:\/\/semmelweis.hu\/asszisztaltreprodukcio\/files\/2020\/04\/ARO-20-6-2048x1356.jpg 2048w, https:\/\/semmelweis.hu\/asszisztaltreprodukcio\/files\/2020\/04\/ARO-20-6-753x499.jpg 753w, https:\/\/semmelweis.hu\/asszisztaltreprodukcio\/files\/2020\/04\/ARO-20-6-203x135.jpg 203w\" >\r\n        <\/a><\/div><\/span><span class=\"gallery-item\"><div class=\"hidden\"><a href=\"https:\/\/semmelweis.hu\/asszisztaltreprodukcio\/files\/2020\/04\/ARO-20-8.jpg\">\r\n        <img src=https:\/\/semmelweis.hu\/asszisztaltreprodukcio\/files\/2020\/04\/ARO-20-8.jpg alt=\"\" class=\"attachment-sote-gallery-big size-sote-gallery-big\" srcset=\"https:\/\/semmelweis.hu\/asszisztaltreprodukcio\/files\/2020\/04\/ARO-20-8-400x265.jpg 400w, https:\/\/semmelweis.hu\/asszisztaltreprodukcio\/files\/2020\/04\/ARO-20-8-1024x678.jpg 1024w, https:\/\/semmelweis.hu\/asszisztaltreprodukcio\/files\/2020\/04\/ARO-20-8-768x509.jpg 768w, https:\/\/semmelweis.hu\/asszisztaltreprodukcio\/files\/2020\/04\/ARO-20-8-453x300.jpg 453w, https:\/\/semmelweis.hu\/asszisztaltreprodukcio\/files\/2020\/04\/ARO-20-8-1536x1017.jpg 1536w, https:\/\/semmelweis.hu\/asszisztaltreprodukcio\/files\/2020\/04\/ARO-20-8-2048x1356.jpg 2048w, https:\/\/semmelweis.hu\/asszisztaltreprodukcio\/files\/2020\/04\/ARO-20-8-753x499.jpg 753w, https:\/\/semmelweis.hu\/asszisztaltreprodukcio\/files\/2020\/04\/ARO-20-8-203x135.jpg 203w\" >\r\n        <\/a><\/div><\/span><span class=\"gallery-item\"><div class=\"hidden\"><a href=\"https:\/\/semmelweis.hu\/asszisztaltreprodukcio\/files\/2020\/04\/ARO-20-9.jpg\">\r\n        <img src=https:\/\/semmelweis.hu\/asszisztaltreprodukcio\/files\/2020\/04\/ARO-20-9.jpg alt=\"\" class=\"attachment-sote-gallery-big size-sote-gallery-big\" srcset=\"https:\/\/semmelweis.hu\/asszisztaltreprodukcio\/files\/2020\/04\/ARO-20-9-400x265.jpg 400w, https:\/\/semmelweis.hu\/asszisztaltreprodukcio\/files\/2020\/04\/ARO-20-9-1024x678.jpg 1024w, https:\/\/semmelweis.hu\/asszisztaltreprodukcio\/files\/2020\/04\/ARO-20-9-768x509.jpg 768w, https:\/\/semmelweis.hu\/asszisztaltreprodukcio\/files\/2020\/04\/ARO-20-9-453x300.jpg 453w, https:\/\/semmelweis.hu\/asszisztaltreprodukcio\/files\/2020\/04\/ARO-20-9-1536x1017.jpg 1536w, https:\/\/semmelweis.hu\/asszisztaltreprodukcio\/files\/2020\/04\/ARO-20-9-2048x1356.jpg 2048w, https:\/\/semmelweis.hu\/asszisztaltreprodukcio\/files\/2020\/04\/ARO-20-9-753x499.jpg 753w, https:\/\/semmelweis.hu\/asszisztaltreprodukcio\/files\/2020\/04\/ARO-20-9-203x135.jpg 203w\" >\r\n        <\/a><\/div><\/span><span class=\"gallery-item\"><div class=\"hidden\"><a href=\"https:\/\/semmelweis.hu\/asszisztaltreprodukcio\/files\/2020\/04\/ARO-20-10.jpg\">\r\n        <img src=https:\/\/semmelweis.hu\/asszisztaltreprodukcio\/files\/2020\/04\/ARO-20-10.jpg alt=\"\" class=\"attachment-sote-gallery-big size-sote-gallery-big\" srcset=\"https:\/\/semmelweis.hu\/asszisztaltreprodukcio\/files\/2020\/04\/ARO-20-10-400x265.jpg 400w, https:\/\/semmelweis.hu\/asszisztaltreprodukcio\/files\/2020\/04\/ARO-20-10-1024x678.jpg 1024w, https:\/\/semmelweis.hu\/asszisztaltreprodukcio\/files\/2020\/04\/ARO-20-10-768x509.jpg 768w, https:\/\/semmelweis.hu\/asszisztaltreprodukcio\/files\/2020\/04\/ARO-20-10-453x300.jpg 453w, https:\/\/semmelweis.hu\/asszisztaltreprodukcio\/files\/2020\/04\/ARO-20-10-1536x1017.jpg 1536w, https:\/\/semmelweis.hu\/asszisztaltreprodukcio\/files\/2020\/04\/ARO-20-10-2048x1356.jpg 2048w, https:\/\/semmelweis.hu\/asszisztaltreprodukcio\/files\/2020\/04\/ARO-20-10-753x499.jpg 753w, https:\/\/semmelweis.hu\/asszisztaltreprodukcio\/files\/2020\/04\/ARO-20-10-203x135.jpg 203w\" >\r\n        <\/a><\/div><\/span><span class=\"gallery-item\"><div class=\"hidden\"><a href=\"https:\/\/semmelweis.hu\/asszisztaltreprodukcio\/files\/2020\/04\/DSC_0104.jpg\">\r\n        <img src=https:\/\/semmelweis.hu\/asszisztaltreprodukcio\/files\/2020\/04\/DSC_0104.jpg alt=\"\" class=\"attachment-sote-gallery-big size-sote-gallery-big\" srcset=\"https:\/\/semmelweis.hu\/asszisztaltreprodukcio\/files\/2020\/04\/DSC_0104-400x265.jpg 400w, https:\/\/semmelweis.hu\/asszisztaltreprodukcio\/files\/2020\/04\/DSC_0104-1024x678.jpg 1024w, https:\/\/semmelweis.hu\/asszisztaltreprodukcio\/files\/2020\/04\/DSC_0104-768x509.jpg 768w, https:\/\/semmelweis.hu\/asszisztaltreprodukcio\/files\/2020\/04\/DSC_0104-453x300.jpg 453w, https:\/\/semmelweis.hu\/asszisztaltreprodukcio\/files\/2020\/04\/DSC_0104-1536x1017.jpg 1536w, https:\/\/semmelweis.hu\/asszisztaltreprodukcio\/files\/2020\/04\/DSC_0104-2048x1356.jpg 2048w, https:\/\/semmelweis.hu\/asszisztaltreprodukcio\/files\/2020\/04\/DSC_0104-753x499.jpg 753w, https:\/\/semmelweis.hu\/asszisztaltreprodukcio\/files\/2020\/04\/DSC_0104-203x135.jpg 203w\" >\r\n        <\/a><\/div><\/span><span class=\"gallery-item\"><div class=\"hidden\"><a href=\"https:\/\/semmelweis.hu\/asszisztaltreprodukcio\/files\/2020\/04\/DSC_0131.jpg\">\r\n        <img src=https:\/\/semmelweis.hu\/asszisztaltreprodukcio\/files\/2020\/04\/DSC_0131.jpg alt=\"\" class=\"attachment-sote-gallery-big size-sote-gallery-big\" srcset=\"https:\/\/semmelweis.hu\/asszisztaltreprodukcio\/files\/2020\/04\/DSC_0131-400x265.jpg 400w, https:\/\/semmelweis.hu\/asszisztaltreprodukcio\/files\/2020\/04\/DSC_0131-1024x678.jpg 1024w, https:\/\/semmelweis.hu\/asszisztaltreprodukcio\/files\/2020\/04\/DSC_0131-768x509.jpg 768w, https:\/\/semmelweis.hu\/asszisztaltreprodukcio\/files\/2020\/04\/DSC_0131-453x300.jpg 453w, https:\/\/semmelweis.hu\/asszisztaltreprodukcio\/files\/2020\/04\/DSC_0131-1536x1017.jpg 1536w, https:\/\/semmelweis.hu\/asszisztaltreprodukcio\/files\/2020\/04\/DSC_0131-2048x1356.jpg 2048w, https:\/\/semmelweis.hu\/asszisztaltreprodukcio\/files\/2020\/04\/DSC_0131-753x499.jpg 753w, https:\/\/semmelweis.hu\/asszisztaltreprodukcio\/files\/2020\/04\/DSC_0131-203x135.jpg 203w\" >\r\n        <\/a><\/div><\/span><span class=\"gallery-item\"><div class=\"hidden\"><a href=\"https:\/\/semmelweis.hu\/asszisztaltreprodukcio\/files\/2020\/04\/DSC_0158.jpg\">\r\n        <img src=https:\/\/semmelweis.hu\/asszisztaltreprodukcio\/files\/2020\/04\/DSC_0158.jpg alt=\"\" class=\"attachment-sote-gallery-big size-sote-gallery-big\" srcset=\"https:\/\/semmelweis.hu\/asszisztaltreprodukcio\/files\/2020\/04\/DSC_0158-400x265.jpg 400w, https:\/\/semmelweis.hu\/asszisztaltreprodukcio\/files\/2020\/04\/DSC_0158-1024x678.jpg 1024w, https:\/\/semmelweis.hu\/asszisztaltreprodukcio\/files\/2020\/04\/DSC_0158-768x509.jpg 768w, https:\/\/semmelweis.hu\/asszisztaltreprodukcio\/files\/2020\/04\/DSC_0158-453x300.jpg 453w, https:\/\/semmelweis.hu\/asszisztaltreprodukcio\/files\/2020\/04\/DSC_0158-1536x1017.jpg 1536w, https:\/\/semmelweis.hu\/asszisztaltreprodukcio\/files\/2020\/04\/DSC_0158-2048x1356.jpg 2048w, https:\/\/semmelweis.hu\/asszisztaltreprodukcio\/files\/2020\/04\/DSC_0158-753x499.jpg 753w, https:\/\/semmelweis.hu\/asszisztaltreprodukcio\/files\/2020\/04\/DSC_0158-203x135.jpg 203w\" >\r\n        <\/a><\/div><\/span><span class=\"gallery-item\"><div class=\"hidden\"><a href=\"https:\/\/semmelweis.hu\/asszisztaltreprodukcio\/files\/2020\/04\/DSC_0161.jpg\">\r\n        <img src=https:\/\/semmelweis.hu\/asszisztaltreprodukcio\/files\/2020\/04\/DSC_0161.jpg alt=\"\" class=\"attachment-sote-gallery-big size-sote-gallery-big\" srcset=\"https:\/\/semmelweis.hu\/asszisztaltreprodukcio\/files\/2020\/04\/DSC_0161-400x265.jpg 400w, https:\/\/semmelweis.hu\/asszisztaltreprodukcio\/files\/2020\/04\/DSC_0161-1024x678.jpg 1024w, https:\/\/semmelweis.hu\/asszisztaltreprodukcio\/files\/2020\/04\/DSC_0161-768x509.jpg 768w, https:\/\/semmelweis.hu\/asszisztaltreprodukcio\/files\/2020\/04\/DSC_0161-453x300.jpg 453w, https:\/\/semmelweis.hu\/asszisztaltreprodukcio\/files\/2020\/04\/DSC_0161-1536x1017.jpg 1536w, https:\/\/semmelweis.hu\/asszisztaltreprodukcio\/files\/2020\/04\/DSC_0161-2048x1356.jpg 2048w, https:\/\/semmelweis.hu\/asszisztaltreprodukcio\/files\/2020\/04\/DSC_0161-753x499.jpg 753w, https:\/\/semmelweis.hu\/asszisztaltreprodukcio\/files\/2020\/04\/DSC_0161-203x135.jpg 203w\" >\r\n        <\/a><\/div><\/span><span class=\"gallery-item\"><div class=\"hidden\"><a href=\"https:\/\/semmelweis.hu\/asszisztaltreprodukcio\/files\/2020\/04\/DSC_0228.jpg\">\r\n        <img src=https:\/\/semmelweis.hu\/asszisztaltreprodukcio\/files\/2020\/04\/DSC_0228.jpg alt=\"\" class=\"attachment-sote-gallery-big size-sote-gallery-big\" srcset=\"https:\/\/semmelweis.hu\/asszisztaltreprodukcio\/files\/2020\/04\/DSC_0228-400x265.jpg 400w, https:\/\/semmelweis.hu\/asszisztaltreprodukcio\/files\/2020\/04\/DSC_0228-1024x678.jpg 1024w, https:\/\/semmelweis.hu\/asszisztaltreprodukcio\/files\/2020\/04\/DSC_0228-768x509.jpg 768w, https:\/\/semmelweis.hu\/asszisztaltreprodukcio\/files\/2020\/04\/DSC_0228-453x300.jpg 453w, https:\/\/semmelweis.hu\/asszisztaltreprodukcio\/files\/2020\/04\/DSC_0228-1536x1017.jpg 1536w, https:\/\/semmelweis.hu\/asszisztaltreprodukcio\/files\/2020\/04\/DSC_0228-2048x1356.jpg 2048w, https:\/\/semmelweis.hu\/asszisztaltreprodukcio\/files\/2020\/04\/DSC_0228-753x499.jpg 753w, https:\/\/semmelweis.hu\/asszisztaltreprodukcio\/files\/2020\/04\/DSC_0228-203x135.jpg 203w\" >\r\n        <\/a><\/div><\/span><span class=\"gallery-item\"><div class=\"hidden\"><a href=\"https:\/\/semmelweis.hu\/asszisztaltreprodukcio\/files\/2020\/04\/DSC_0252.jpg\">\r\n        <img src=https:\/\/semmelweis.hu\/asszisztaltreprodukcio\/files\/2020\/04\/DSC_0252.jpg alt=\"\" class=\"attachment-sote-gallery-big size-sote-gallery-big\" srcset=\"https:\/\/semmelweis.hu\/asszisztaltreprodukcio\/files\/2020\/04\/DSC_0252-400x265.jpg 400w, https:\/\/semmelweis.hu\/asszisztaltreprodukcio\/files\/2020\/04\/DSC_0252-1024x678.jpg 1024w, https:\/\/semmelweis.hu\/asszisztaltreprodukcio\/files\/2020\/04\/DSC_0252-768x509.jpg 768w, https:\/\/semmelweis.hu\/asszisztaltreprodukcio\/files\/2020\/04\/DSC_0252-453x300.jpg 453w, https:\/\/semmelweis.hu\/asszisztaltreprodukcio\/files\/2020\/04\/DSC_0252-1536x1017.jpg 1536w, https:\/\/semmelweis.hu\/asszisztaltreprodukcio\/files\/2020\/04\/DSC_0252-2048x1356.jpg 2048w, https:\/\/semmelweis.hu\/asszisztaltreprodukcio\/files\/2020\/04\/DSC_0252-753x499.jpg 753w, https:\/\/semmelweis.hu\/asszisztaltreprodukcio\/files\/2020\/04\/DSC_0252-203x135.jpg 203w\" >\r\n        <\/a><\/div><\/span><span class=\"gallery-item\"><div class=\"hidden\"><a href=\"https:\/\/semmelweis.hu\/asszisztaltreprodukcio\/files\/2020\/04\/DSC_0279.jpg\">\r\n        <img src=https:\/\/semmelweis.hu\/asszisztaltreprodukcio\/files\/2020\/04\/DSC_0279.jpg alt=\"\" class=\"attachment-sote-gallery-big size-sote-gallery-big\" srcset=\"https:\/\/semmelweis.hu\/asszisztaltreprodukcio\/files\/2020\/04\/DSC_0279-400x265.jpg 400w, https:\/\/semmelweis.hu\/asszisztaltreprodukcio\/files\/2020\/04\/DSC_0279-1024x678.jpg 1024w, https:\/\/semmelweis.hu\/asszisztaltreprodukcio\/files\/2020\/04\/DSC_0279-768x509.jpg 768w, https:\/\/semmelweis.hu\/asszisztaltreprodukcio\/files\/2020\/04\/DSC_0279-453x300.jpg 453w, https:\/\/semmelweis.hu\/asszisztaltreprodukcio\/files\/2020\/04\/DSC_0279-1536x1017.jpg 1536w, https:\/\/semmelweis.hu\/asszisztaltreprodukcio\/files\/2020\/04\/DSC_0279-2048x1356.jpg 2048w, https:\/\/semmelweis.hu\/asszisztaltreprodukcio\/files\/2020\/04\/DSC_0279-753x499.jpg 753w, https:\/\/semmelweis.hu\/asszisztaltreprodukcio\/files\/2020\/04\/DSC_0279-203x135.jpg 203w\" >\r\n        <\/a><\/div><\/span><span class=\"gallery-item\"><div class=\"hidden\"><a href=\"https:\/\/semmelweis.hu\/asszisztaltreprodukcio\/files\/2020\/04\/DSC_0287.jpg\">\r\n        <img src=https:\/\/semmelweis.hu\/asszisztaltreprodukcio\/files\/2020\/04\/DSC_0287.jpg alt=\"\" class=\"attachment-sote-gallery-big size-sote-gallery-big\" srcset=\"https:\/\/semmelweis.hu\/asszisztaltreprodukcio\/files\/2020\/04\/DSC_0287-400x265.jpg 400w, https:\/\/semmelweis.hu\/asszisztaltreprodukcio\/files\/2020\/04\/DSC_0287-1024x678.jpg 1024w, https:\/\/semmelweis.hu\/asszisztaltreprodukcio\/files\/2020\/04\/DSC_0287-768x509.jpg 768w, https:\/\/semmelweis.hu\/asszisztaltreprodukcio\/files\/2020\/04\/DSC_0287-453x300.jpg 453w, https:\/\/semmelweis.hu\/asszisztaltreprodukcio\/files\/2020\/04\/DSC_0287-1536x1017.jpg 1536w, https:\/\/semmelweis.hu\/asszisztaltreprodukcio\/files\/2020\/04\/DSC_0287-2048x1356.jpg 2048w, https:\/\/semmelweis.hu\/asszisztaltreprodukcio\/files\/2020\/04\/DSC_0287-753x499.jpg 753w, https:\/\/semmelweis.hu\/asszisztaltreprodukcio\/files\/2020\/04\/DSC_0287-203x135.jpg 203w\" >\r\n        <\/a><\/div><\/span><span class=\"gallery-item\"><div class=\"hidden\"><a href=\"https:\/\/semmelweis.hu\/asszisztaltreprodukcio\/files\/2020\/04\/DSC_0305.jpg\">\r\n        <img src=https:\/\/semmelweis.hu\/asszisztaltreprodukcio\/files\/2020\/04\/DSC_0305.jpg alt=\"\" class=\"attachment-sote-gallery-big size-sote-gallery-big\" srcset=\"https:\/\/semmelweis.hu\/asszisztaltreprodukcio\/files\/2020\/04\/DSC_0305-400x265.jpg 400w, https:\/\/semmelweis.hu\/asszisztaltreprodukcio\/files\/2020\/04\/DSC_0305-1024x678.jpg 1024w, https:\/\/semmelweis.hu\/asszisztaltreprodukcio\/files\/2020\/04\/DSC_0305-768x509.jpg 768w, https:\/\/semmelweis.hu\/asszisztaltreprodukcio\/files\/2020\/04\/DSC_0305-453x300.jpg 453w, https:\/\/semmelweis.hu\/asszisztaltreprodukcio\/files\/2020\/04\/DSC_0305-1536x1017.jpg 1536w, https:\/\/semmelweis.hu\/asszisztaltreprodukcio\/files\/2020\/04\/DSC_0305-2048x1356.jpg 2048w, https:\/\/semmelweis.hu\/asszisztaltreprodukcio\/files\/2020\/04\/DSC_0305-753x499.jpg 753w, https:\/\/semmelweis.hu\/asszisztaltreprodukcio\/files\/2020\/04\/DSC_0305-203x135.jpg 203w\" >\r\n        <\/a><\/div><\/span>\r\n            <\/div>\r\n\r\n            [\/slb_exclude]\r\n\t\n<p>A vide\u00f3riportokat itt tekinthetik meg:<\/p>\n\n<!-- iframe plugin v.4.9 wordpress.org\/plugins\/iframe\/ -->\n<iframe loading=\"lazy\" src=\"\/\/www.youtube.com\/embed\/Jkn9TFSCVKU\" width=\"560\" height=\"315\" scrolling=\"yes\" class=\"iframe-class\" frameborder=\"0\"><\/iframe>\n\n<p>Az MTV1 H\u00edrad\u00f3j\u00e1ban:<\/p>\n\n<!-- iframe plugin v.4.9 wordpress.org\/plugins\/iframe\/ -->\n<iframe loading=\"lazy\" src=\"\/\/www.youtube.com\/embed\/ZaC1Eh9_A0c\" width=\"560\" height=\"315\" scrolling=\"yes\" class=\"iframe-class\" frameborder=\"0\"><\/iframe>\n\n<p>Besz\u00e9lget\u00e9s az els\u0151 lombikb\u00e9bivel, Tokl\u00e1sz Edin\u00e1val, \u00e9s Prof. Urbancsek J\u00e1nossal<\/p>\n\n<!-- iframe plugin v.4.9 wordpress.org\/plugins\/iframe\/ -->\n<iframe loading=\"lazy\" src=\"\/\/www.youtube.com\/embed\/px8GGmyX6tM\" width=\"560\" height=\"315\" scrolling=\"yes\" class=\"iframe-class\" frameborder=\"0\"><\/iframe>\n\n<p>&nbsp;<\/p>\n","protected":false},"excerpt":{"rendered":"<p>Oszt\u00e1lyunk 20 \u00e9ves fenn\u00e1ll\u00e1s\u00e1t \u00fcnnepelt\u00fck 2014 P\u00fcnk\u00f6sdj\u00e9n, melyr\u0151l sz\u00e1mos m\u00e9dium besz\u00e1molt.\u00a0<\/p>\n<p>A vide\u00f3riportokat itt tekinthetik meg:<\/p>\n<p>Az MTV1 H\u00edrad\u00f3j\u00e1ban:<\/p>\n<p>Besz\u00e9lget\u00e9s az els\u0151 lombikb\u00e9bivel, Tokl\u00e1sz Edin\u00e1val, \u00e9s Prof. Urbancsek J\u00e1nossal<\/p>\n<p>&nbsp;<\/p>\n","protected":false},"author":101727,"featured_media":0,"parent":12,"menu_order":3,"comment_status":"closed","ping_status":"closed","template":"","meta":{"_acf_changed":false,"footnotes":""},"categories":[],"tags":[],"class_list":["post-896","page","type-page","status-publish","hentry"],"acf":[],"_links":{"self":[{"href":"https:\/\/semmelweis.hu\/asszisztaltreprodukcio\/wp-json\/wp\/v2\/pages\/896","targetHints":{"allow":["GET"]}}],"collection":[{"href":"https:\/\/semmelweis.hu\/asszisztaltreprodukcio\/wp-json\/wp\/v2\/pages"}],"about":[{"href":"https:\/\/semmelweis.hu\/asszisztaltreprodukcio\/wp-json\/wp\/v2\/types\/page"}],"author":[{"embeddable":true,"href":"https:\/\/semmelweis.hu\/asszisztaltreprodukcio\/wp-json\/wp\/v2\/users\/101727"}],"replies":[{"embeddable":true,"href":"https:\/\/semmelweis.hu\/asszisztaltreprodukcio\/wp-json\/wp\/v2\/comments?post=896"}],"version-history":[{"count":5,"href":"https:\/\/semmelweis.hu\/asszisztaltreprodukcio\/wp-json\/wp\/v2\/pages\/896\/revisions"}],"predecessor-version":[{"id":1538,"href":"https:\/\/semmelweis.hu\/asszisztaltreprodukcio\/wp-json\/wp\/v2\/pages\/896\/revisions\/1538"}],"up":[{"embeddable":true,"href":"https:\/\/semmelweis.hu\/asszisztaltreprodukcio\/wp-json\/wp\/v2\/pages\/12"}],"wp:attachment":[{"href":"https:\/\/semmelweis.hu\/asszisztaltreprodukcio\/wp-json\/wp\/v2\/media?parent=896"}],"wp:term":[{"taxonomy":"category","embeddable":true,"href":"https:\/\/semmelweis.hu\/asszisztaltreprodukcio\/wp-json\/wp\/v2\/categories?post=896"},{"taxonomy":"post_tag","embeddable":true,"href":"https:\/\/semmelweis.hu\/asszisztaltreprodukcio\/wp-json\/wp\/v2\/tags?post=896"}],"curies":[{"name":"wp","href":"https:\/\/api.w.org\/{rel}","templated":true}]}}