{"id":894,"date":"2020-03-26T19:18:53","date_gmt":"2020-03-26T18:18:53","guid":{"rendered":"http:\/\/semmelweis.hu\/asszisztaltreprodukcio\/?page_id=894"},"modified":"2022-02-11T17:48:25","modified_gmt":"2022-02-11T16:48:25","slug":"korabbi-tdk-eredmenyek","status":"publish","type":"page","link":"https:\/\/semmelweis.hu\/asszisztaltreprodukcio\/oktatas\/tdk-lehetoseg\/korabbi-tdk-eredmenyek\/","title":{"rendered":"Kor\u00e1bbi TDK hallgat\u00f3ink eredm\u00e9nyei"},"content":{"rendered":"<h5><strong>2022<\/strong><\/h5>\n<p><span style=\"font-size: 14pt\"><strong>Jo\u00f3 Kata<\/strong> (ELTE TTK II.): A filopodia jelent\u00f5s\u00e9ge az in vitro fertiliz\u00e1ci\u00f3s kezel\u00e9sek sor\u00e1n l\u00e9trej\u00f6tt hum\u00e1n embri\u00f3kban<\/span><br \/>\nT\u00e9mavezet\u0151: Dr. Fancsovits P\u00e9ter<br \/>\n<strong>D\u00edj: Operat\u00edv B szekci\u00f3 (Sz\u00fcl\u00e9szet, N\u0151gy\u00f3gy\u00e1szat) &#8211; I. hely, OTDK jel\u00f6l\u00e9s<\/strong><\/p>\n<p><span style=\"font-size: 14pt\"><strong>Toldi Teod\u00f3ra<\/strong> (ELTE TTK II.): Endometri\u00f3zisos betegek korai embri\u00f3fejl\u0151d\u00e9s\u00e9nek vizsg\u00e1lata time-lapse technol\u00f3gia alkalmaz\u00e1s\u00e1val<\/span><br \/>\nT\u00e9mavezet\u0151k: Dr. Fancsovits P\u00e9ter, Kasz\u00e1s Zita<br \/>\n<strong>D\u00edj: Magyar \u00c9lettani T\u00e1rsas\u00e1g k\u00fcl\u00f6nd\u00edja, OTDK jel\u00f6l\u00e9s<\/strong><\/p>\n<h5>\u00a0<\/h5>\n<h5><strong>2019<\/strong><\/h5>\n<p><strong>Tom\u00f3zer Bianka<\/strong> (ELTE TTK III.): Az in vitro fertiliz\u00e1ci\u00f3s kezel\u00e9sek sor\u00e1n haszn\u00e1lt inkub\u00e1torok \u00f6sszehasonl\u00edt\u00e1sa az embri\u00f3fejl\u0151d\u00e9s szempontj\u00e1b\u00f3l<br \/>\nT\u00e9mavezet\u0151: Dr. Fancsovits P\u00e9ter<\/p>\n<p><strong>Szedl\u00e1k Kata<\/strong> (SE \u00c1OK V.): Intracitoplazmatikus spermium injekt\u00e1l\u00e1s eredm\u00e9nyess\u00e9ge magas anyai \u00e9letkor \u00e9s alacsony petesejtsz\u00e1m eset\u00e9n<br \/>\nT\u00e9mavezet\u0151k: Dr. Fancsovits P\u00e9ter, Prof. Dr. Urbancsek J\u00e1nos<br \/>\n<strong>D\u00edj: Sz\u00fcl\u00e9szet, N\u0151gy\u00f3gy\u00e1szat, Urol\u00f3gia &#8211; 3. hely<\/strong><\/p>\n<p>&nbsp;<\/p>\n<h5><strong>2017<\/strong><\/h5>\n<p><strong>Bogn\u00e1r Vikt\u00f3ria<\/strong> (SE \u00c1OK V.): Ikerterhess\u00e9gek gyakoris\u00e1ga in vitro fertiliz\u00e1ci\u00f3s kezel\u00e9sek sor\u00e1n a be\u00fcltetett embri\u00f3k sz\u00e1m\u00e1nak \u00e9s min\u0151s\u00e9g\u00e9nek f\u00fcggv\u00e9ny\u00e9ben<br \/>\nT\u00e9mavezet\u0151k: Dr. Fancsovits P\u00e9ter, Prof. Dr. Urbancsek J\u00e1nos<\/p>\n<h5>\u00a0<\/h5>\n<h5><strong>2014<\/strong><\/h5>\n<p><strong>Kasz\u00e1s Zita<\/strong> (ELTE TTK IV.): A korai kompakt\u00e1l\u00f3d\u00e1s szerepe a hum\u00e1n in vitro fertiliz\u00e1ci\u00f3s kezel\u00e9sek sor\u00e1n<br \/>\nT\u00e9mavezet\u0151k: Dr. Fancsovits P\u00e9ter, Prof. Dr. Urbancsek J\u00e1nos<br \/>\n<strong>D\u00edj: Sz\u00fcl\u00e9szet, N\u0151gy\u00f3gy\u00e1szat, Urol\u00f3gia &#8211; 2. hely<\/strong><\/p>\n<p>&nbsp;<\/p>\n<h5><strong>2013<\/strong><\/h5>\n<p><strong>Somogyi Katalin <\/strong>(SE \u00c1OK V.) \u00e9s<strong> Horv\u00e1th Magdolna<\/strong> (SE \u00c1OK V.): A NADPH-oxid\u00e1z 5 \u00e9s a Hv1 protoncsatorna kifejez\u00f5d\u00e9s\u00e9nek \u00e9s a cs\u00f6kkent f\u00e9rfi fertilit\u00e1s \u00f6sszef\u00fcgg\u00e9seinek vizsg\u00e1lata emberi spermiumokban<br \/>\nT\u00e9mavezet\u0151k: \u00a0Dr. Pethe\u0151 G\u00e1bor egyetemi adjunktus, \u00c9lettani Int\u00e9zet, Dr. Fancsovits P\u00e9ter tudom\u00e1nyos munkat\u00e1rs, I. Sz. Sz\u00fcl\u00e9szeti \u00e9s N\u00f5gy\u00f3gy\u00e1szati Klinika<\/p>\n<h5>\u00a0<\/h5>\n<h5><strong>2011<\/strong><\/h5>\n<p><strong>Szak\u00e1cs Mikl\u00f3s<\/strong> (SE \u00c1OK VI.): Az IVF-kezel\u00e9sek kimenetele az alkalmazott gonadotropin k\u00e9sz\u00edtm\u00e9ny f\u00fcggv\u00e9ny\u00e9ben<br \/>\nT\u00e9mavezet\u0151k: Dr. Urbancsek J\u00e1nos, Dr. Murber \u00c1kos<br \/>\n<strong>D\u00edj: Sz\u00fcl\u00e9szet, N\u0151gy\u00f3gy\u00e1szat, Urol\u00f3gia &#8211; 3. hely<\/strong><\/p>\n<p>&nbsp;<\/p>\n<h5><strong>2010<\/strong><\/h5>\n<p><strong>Led\u00f3 N\u00f3ra<\/strong> (SE \u00c1OK VI.)<strong>:<\/strong> Rekombin\u00e1ns \u00e9s vizeletb\u00f5l tiszt\u00edtott folliculus stimul\u00e1l\u00f3 hormon k\u00e9sz\u00edtm\u00e9nyek petesejt- \u00e9s embri\u00f3min\u00f5s\u00e9gre kifejtett hat\u00e1sainak \u00f6sszehasonl\u00edt\u00e1sa szervezeten k\u00edv\u00fcli megterm\u00e9keny\u00edt\u00e9s kezel\u00e9sek sor\u00e1n<br \/>\nT\u00e9mavezet\u0151k: Dr. Urbancsek J\u00e1nos, Dr. Murber \u00c1kos<br \/>\n<strong>D\u00edj: Sz\u00fcl\u00e9szet, N\u0151gy\u00f3gy\u00e1szat, Urol\u00f3gia &#8211; 2. hely<\/strong><\/p>\n<p><strong>Szak\u00e1cs Mikl\u00f3s <\/strong>(SE \u00c1OK V.): IVF-kezel\u00e9sek eredm\u00e9nyess\u00e9ge az alkalmazott petef\u00e9szek-stimul\u00e1ci\u00f3s protokollok f\u00fcggv\u00e9ny\u00e9ben<br \/>\nT\u00e9mavezet\u0151k: Dr. Urbancsek J\u00e1nos, Dr. Murber \u00c1kos<\/p>\n<p>&nbsp;<\/p>\n<p>&nbsp;<\/p>\n<p>&nbsp;<\/p>\n<p>&nbsp;<\/p>\n<p>&nbsp;<\/p>\n<p>&nbsp;<\/p>\n<p>&nbsp;<\/p>\n<p>&nbsp;<\/p>\n<p>&nbsp;<\/p>\n<p>&nbsp;<\/p>\n","protected":false},"excerpt":{"rendered":"<p>2022 Jo\u00f3 Kata (ELTE TTK II.): A filopodia jelent\u00f5s\u00e9ge az in vitro fertiliz\u00e1ci\u00f3s kezel\u00e9sek sor\u00e1n l\u00e9trej\u00f6tt hum\u00e1n embri\u00f3kban T\u00e9mavezet\u0151: Dr. Fancsovits P\u00e9ter D\u00edj: Operat\u00edv B szekci\u00f3 (Sz\u00fcl\u00e9szet, N\u0151gy\u00f3gy\u00e1szat) &#8211; I. hely, OTDK jel\u00f6l\u00e9s Toldi Teod\u00f3ra (ELTE TTK II.): Endometri\u00f3zisos betegek korai embri\u00f3fejl\u0151d\u00e9s\u00e9nek vizsg\u00e1lata time-lapse technol\u00f3gia alkalmaz\u00e1s\u00e1val T\u00e9mavezet\u0151k: Dr. Fancsovits P\u00e9ter, Kasz\u00e1s Zita D\u00edj: Magyar \u00c9lettani &hellip;<\/p>\n","protected":false},"author":101727,"featured_media":0,"parent":847,"menu_order":0,"comment_status":"closed","ping_status":"closed","template":"","meta":{"_acf_changed":false,"footnotes":""},"categories":[],"tags":[],"class_list":["post-894","page","type-page","status-publish","hentry"],"acf":[],"_links":{"self":[{"href":"https:\/\/semmelweis.hu\/asszisztaltreprodukcio\/wp-json\/wp\/v2\/pages\/894","targetHints":{"allow":["GET"]}}],"collection":[{"href":"https:\/\/semmelweis.hu\/asszisztaltreprodukcio\/wp-json\/wp\/v2\/pages"}],"about":[{"href":"https:\/\/semmelweis.hu\/asszisztaltreprodukcio\/wp-json\/wp\/v2\/types\/page"}],"author":[{"embeddable":true,"href":"https:\/\/semmelweis.hu\/asszisztaltreprodukcio\/wp-json\/wp\/v2\/users\/101727"}],"replies":[{"embeddable":true,"href":"https:\/\/semmelweis.hu\/asszisztaltreprodukcio\/wp-json\/wp\/v2\/comments?post=894"}],"version-history":[{"count":8,"href":"https:\/\/semmelweis.hu\/asszisztaltreprodukcio\/wp-json\/wp\/v2\/pages\/894\/revisions"}],"predecessor-version":[{"id":2280,"href":"https:\/\/semmelweis.hu\/asszisztaltreprodukcio\/wp-json\/wp\/v2\/pages\/894\/revisions\/2280"}],"up":[{"embeddable":true,"href":"https:\/\/semmelweis.hu\/asszisztaltreprodukcio\/wp-json\/wp\/v2\/pages\/847"}],"wp:attachment":[{"href":"https:\/\/semmelweis.hu\/asszisztaltreprodukcio\/wp-json\/wp\/v2\/media?parent=894"}],"wp:term":[{"taxonomy":"category","embeddable":true,"href":"https:\/\/semmelweis.hu\/asszisztaltreprodukcio\/wp-json\/wp\/v2\/categories?post=894"},{"taxonomy":"post_tag","embeddable":true,"href":"https:\/\/semmelweis.hu\/asszisztaltreprodukcio\/wp-json\/wp\/v2\/tags?post=894"}],"curies":[{"name":"wp","href":"https:\/\/api.w.org\/{rel}","templated":true}]}}