{"id":888,"date":"2020-03-26T18:42:15","date_gmt":"2020-03-26T17:42:15","guid":{"rendered":"http:\/\/semmelweis.hu\/asszisztaltreprodukcio\/?page_id=888"},"modified":"2020-04-02T13:53:01","modified_gmt":"2020-04-02T11:53:01","slug":"betegjogi-kepviselo","status":"publish","type":"page","link":"https:\/\/semmelweis.hu\/asszisztaltreprodukcio\/pacienseknek\/betegjogi-kepviselo\/","title":{"rendered":"Betegjogi k\u00e9pvisel\u0151"},"content":{"rendered":"<p style=\"text-align: justify\"><strong>A Semmelweis Egyetem klinik\u00e1in dolgoz\u00f3 betegjogi k\u00e9pvisel\u0151k<br \/>\nel\u0151zetes telefonos egyeztet\u00e9s ut\u00e1n fogadj\u00e1k a betegeket.<\/strong><\/p>\n<p>Illet\u00e9kes betegjogi k\u00e9pvisel\u0151:<\/p>\n<p><strong>Lengyel Ingrid<\/strong>\u00a0<br \/>\nbetegjogi k\u00e9pvisel\u0151<br \/>\nTelefon:\u00a0+36\/20\/4899-609<br \/>\ne-mail c\u00edm:\u00a0ingrid.lengyel@ijb.emmi.gov.hu<\/p>\n<p>&nbsp;<\/p>\n<p><strong><a href=\"http:\/\/ijsz.hu\/\" target=\"_blank\" rel=\"noopener noreferrer\">Integr\u00e1lt Jogv\u00e9delmi Szolg\u00e1lat<\/a>:<\/strong><br \/>\nC\u00edm: H-1134 Budapest, T\u00fcz\u00e9r u. 33. II. em.<br \/>\nPostac\u00edm: 1365 Bp., Pf.: 646.<br \/>\nweboldal:\u00a0<a href=\"http:\/\/ijsz.hu\/\" target=\"_blank\" rel=\"noopener noreferrer\">http:\/\/ijsz.hu\/<\/a><br \/>\nTelefon: +36-1\/8969-000<br \/>\nZ\u00f6ld sz\u00e1m: 06-80-620-055<br \/>\n(k\u00fclf\u00f6ldr\u0151l): +36-20-489-96-14<\/p>\n<p>&nbsp;<\/p>\n","protected":false},"excerpt":{"rendered":"<p>A Semmelweis Egyetem klinik\u00e1in dolgoz\u00f3 betegjogi k\u00e9pvisel\u0151k<br \/>\nel\u0151zetes telefonos egyeztet\u00e9s ut\u00e1n fogadj\u00e1k a betegeket.<br \/>\nIllet\u00e9kes betegjogi k\u00e9pvisel\u0151:<br \/>\nLengyel Ingrid\u00a0<br \/>\nbetegjogi k\u00e9pvisel\u0151<br \/>\nTelefon:\u00a0+36\/20\/4899-609<br \/>\ne-mail c\u00edm:\u00a0ingrid.lengyel@ijb.emmi.gov.hu<br \/>\n&nbsp;<br \/>\n<a href=\"http:\/\/ijsz.hu\/\" target=\"_blank\" rel=\"noopener noreferrer\">Integr\u00e1lt Jogv\u00e9delmi Szolg\u00e1lat<\/a>:<br \/>\nC\u00edm: H-1134 Budapest, T\u00fcz\u00e9r u. 33. II. em.<br \/>\nPostac\u00edm: 1365 Bp., Pf.: 646.<br \/>\nweboldal:\u00a0<a href=\"http:\/\/ijsz.hu\/\" target=\"_blank\" rel=\"noopener noreferrer\">http:\/\/ijsz.hu\/<\/a><br \/>\nTelefon: +36-1\/8969-000<br \/>\nZ\u00f6ld sz\u00e1m: 06-80-620-055<br \/>\n(k\u00fclf\u00f6ldr\u0151l): +36-20-489-96-14<br \/>\n&nbsp;<\/p>\n","protected":false},"author":101727,"featured_media":0,"parent":600,"menu_order":4,"comment_status":"closed","ping_status":"closed","template":"","meta":{"_acf_changed":false,"footnotes":""},"categories":[],"tags":[],"class_list":["post-888","page","type-page","status-publish","hentry"],"acf":[],"_links":{"self":[{"href":"https:\/\/semmelweis.hu\/asszisztaltreprodukcio\/wp-json\/wp\/v2\/pages\/888","targetHints":{"allow":["GET"]}}],"collection":[{"href":"https:\/\/semmelweis.hu\/asszisztaltreprodukcio\/wp-json\/wp\/v2\/pages"}],"about":[{"href":"https:\/\/semmelweis.hu\/asszisztaltreprodukcio\/wp-json\/wp\/v2\/types\/page"}],"author":[{"embeddable":true,"href":"https:\/\/semmelweis.hu\/asszisztaltreprodukcio\/wp-json\/wp\/v2\/users\/101727"}],"replies":[{"embeddable":true,"href":"https:\/\/semmelweis.hu\/asszisztaltreprodukcio\/wp-json\/wp\/v2\/comments?post=888"}],"version-history":[{"count":3,"href":"https:\/\/semmelweis.hu\/asszisztaltreprodukcio\/wp-json\/wp\/v2\/pages\/888\/revisions"}],"predecessor-version":[{"id":891,"href":"https:\/\/semmelweis.hu\/asszisztaltreprodukcio\/wp-json\/wp\/v2\/pages\/888\/revisions\/891"}],"up":[{"embeddable":true,"href":"https:\/\/semmelweis.hu\/asszisztaltreprodukcio\/wp-json\/wp\/v2\/pages\/600"}],"wp:attachment":[{"href":"https:\/\/semmelweis.hu\/asszisztaltreprodukcio\/wp-json\/wp\/v2\/media?parent=888"}],"wp:term":[{"taxonomy":"category","embeddable":true,"href":"https:\/\/semmelweis.hu\/asszisztaltreprodukcio\/wp-json\/wp\/v2\/categories?post=888"},{"taxonomy":"post_tag","embeddable":true,"href":"https:\/\/semmelweis.hu\/asszisztaltreprodukcio\/wp-json\/wp\/v2\/tags?post=888"}],"curies":[{"name":"wp","href":"https:\/\/api.w.org\/{rel}","templated":true}]}}