{"id":847,"date":"2020-03-26T15:26:37","date_gmt":"2020-03-26T14:26:37","guid":{"rendered":"http:\/\/semmelweis.hu\/asszisztaltreprodukcio\/?page_id=847"},"modified":"2020-03-26T16:09:06","modified_gmt":"2020-03-26T15:09:06","slug":"tdk-lehetoseg","status":"publish","type":"page","link":"https:\/\/semmelweis.hu\/asszisztaltreprodukcio\/oktatas\/tdk-lehetoseg\/","title":{"rendered":"TDK lehet\u0151s\u00e9g"},"content":{"rendered":"<p style=\"text-align: center\">A Semmelweis Egyetem \u00c1ltal\u00e1nos Orvostudom\u00e1nyi Kar, \u00a0Sz\u00fcl\u00e9szeti \u00e9s N\u0151gy\u00f3gy\u00e1szati Klinika, Assziszt\u00e1lt Reprodukci\u00f3s Oszt\u00e1lya<\/p>\n<p style=\"text-align: center\">\u00a0TDK \u00e9s Diplomamunka t\u00e9m\u00e1kat hirdet meg<\/p>\n<p style=\"text-align: center\">orvostanhallgat\u00f3k,<\/p>\n<p style=\"text-align: center\">biol\u00f3gus BSc. II-III. \u00e9ves, biol\u00f3gus MSc. \u00e9s<\/p>\n<p style=\"text-align: center\">orvosi biotechnol\u00f3gus MSc. hallgat\u00f3k sz\u00e1m\u00e1ra<\/p>\n<p>A munk\u00e1ban t\u00f6rt\u00e9n\u0151 r\u00e9szv\u00e9tel felt\u00e9tele az Assziszt\u00e1lt Reprodukci\u00f3 \u00e9s N\u0151gy\u00f3gy\u00e1szati Endokrinol\u00f3gia I. fakultat\u00edv tant\u00e1rgy k\u00f6vetelm\u00e9nyeinek sikeres teljes\u00edt\u00e9se.<\/p>\n<p>Jelentkezni Prof. Dr. Urbancsek J\u00e1nosn\u00e1l vagy Dr. Fancsovits P\u00e9tern\u00e9l lehet e-mailen.<\/p>\n<p>&nbsp;<\/p>\n","protected":false},"excerpt":{"rendered":"<p>A Semmelweis Egyetem \u00c1ltal\u00e1nos Orvostudom\u00e1nyi Kar, \u00a0Sz\u00fcl\u00e9szeti \u00e9s N\u0151gy\u00f3gy\u00e1szati Klinika, Assziszt\u00e1lt Reprodukci\u00f3s Oszt\u00e1lya \u00a0TDK \u00e9s Diplomamunka t\u00e9m\u00e1kat hirdet meg orvostanhallgat\u00f3k, biol\u00f3gus BSc. II-III. \u00e9ves, biol\u00f3gus MSc. \u00e9s orvosi biotechnol\u00f3gus MSc. hallgat\u00f3k sz\u00e1m\u00e1ra A munk\u00e1ban t\u00f6rt\u00e9n\u0151 r\u00e9szv\u00e9tel felt\u00e9tele az Assziszt\u00e1lt Reprodukci\u00f3 \u00e9s N\u0151gy\u00f3gy\u00e1szati Endokrinol\u00f3gia I. fakultat\u00edv tant\u00e1rgy k\u00f6vetelm\u00e9nyeinek sikeres teljes\u00edt\u00e9se. Jelentkezni Prof. Dr. Urbancsek J\u00e1nosn\u00e1l vagy &hellip;<\/p>\n","protected":false},"author":101727,"featured_media":0,"parent":275,"menu_order":2,"comment_status":"closed","ping_status":"closed","template":"","meta":{"_acf_changed":false,"footnotes":""},"categories":[],"tags":[],"class_list":["post-847","page","type-page","status-publish","hentry"],"acf":[],"_links":{"self":[{"href":"https:\/\/semmelweis.hu\/asszisztaltreprodukcio\/wp-json\/wp\/v2\/pages\/847","targetHints":{"allow":["GET"]}}],"collection":[{"href":"https:\/\/semmelweis.hu\/asszisztaltreprodukcio\/wp-json\/wp\/v2\/pages"}],"about":[{"href":"https:\/\/semmelweis.hu\/asszisztaltreprodukcio\/wp-json\/wp\/v2\/types\/page"}],"author":[{"embeddable":true,"href":"https:\/\/semmelweis.hu\/asszisztaltreprodukcio\/wp-json\/wp\/v2\/users\/101727"}],"replies":[{"embeddable":true,"href":"https:\/\/semmelweis.hu\/asszisztaltreprodukcio\/wp-json\/wp\/v2\/comments?post=847"}],"version-history":[{"count":5,"href":"https:\/\/semmelweis.hu\/asszisztaltreprodukcio\/wp-json\/wp\/v2\/pages\/847\/revisions"}],"predecessor-version":[{"id":857,"href":"https:\/\/semmelweis.hu\/asszisztaltreprodukcio\/wp-json\/wp\/v2\/pages\/847\/revisions\/857"}],"up":[{"embeddable":true,"href":"https:\/\/semmelweis.hu\/asszisztaltreprodukcio\/wp-json\/wp\/v2\/pages\/275"}],"wp:attachment":[{"href":"https:\/\/semmelweis.hu\/asszisztaltreprodukcio\/wp-json\/wp\/v2\/media?parent=847"}],"wp:term":[{"taxonomy":"category","embeddable":true,"href":"https:\/\/semmelweis.hu\/asszisztaltreprodukcio\/wp-json\/wp\/v2\/categories?post=847"},{"taxonomy":"post_tag","embeddable":true,"href":"https:\/\/semmelweis.hu\/asszisztaltreprodukcio\/wp-json\/wp\/v2\/tags?post=847"}],"curies":[{"name":"wp","href":"https:\/\/api.w.org\/{rel}","templated":true}]}}