{"id":809,"date":"2020-03-26T12:42:58","date_gmt":"2020-03-26T11:42:58","guid":{"rendered":"http:\/\/semmelweis.hu\/asszisztaltreprodukcio\/?page_id=809"},"modified":"2020-04-27T15:48:51","modified_gmt":"2020-04-27T13:48:51","slug":"logonk-tortenete","status":"publish","type":"page","link":"https:\/\/semmelweis.hu\/asszisztaltreprodukcio\/osztaly\/logonk-tortenete\/","title":{"rendered":"Jelk\u00e9p\u00fcnk t\u00f6rt\u00e9nete"},"content":{"rendered":"<p><img loading=\"lazy\" decoding=\"async\" class=\"wp-image-1465 alignleft\" src=\"https:\/\/semmelweis.hu\/asszisztaltreprodukcio\/files\/2020\/04\/11-300x400.jpg\" alt=\"\" width=\"137\" height=\"183\" srcset=\"https:\/\/semmelweis.hu\/asszisztaltreprodukcio\/files\/2020\/04\/11-300x400.jpg 300w, https:\/\/semmelweis.hu\/asszisztaltreprodukcio\/files\/2020\/04\/11-768x1024.jpg 768w, https:\/\/semmelweis.hu\/asszisztaltreprodukcio\/files\/2020\/04\/11-225x300.jpg 225w, https:\/\/semmelweis.hu\/asszisztaltreprodukcio\/files\/2020\/04\/11-1152x1536.jpg 1152w, https:\/\/semmelweis.hu\/asszisztaltreprodukcio\/files\/2020\/04\/11-1536x2048.jpg 1536w, https:\/\/semmelweis.hu\/asszisztaltreprodukcio\/files\/2020\/04\/11-753x1004.jpg 753w, https:\/\/semmelweis.hu\/asszisztaltreprodukcio\/files\/2020\/04\/11.jpg 1920w\" sizes=\"auto, (max-width: 137px) 100vw, 137px\" \/><img loading=\"lazy\" decoding=\"async\" class=\"wp-image-1493 alignright\" src=\"https:\/\/semmelweis.hu\/asszisztaltreprodukcio\/files\/2020\/04\/N\u00e9vtelen-400x396.jpg\" alt=\"\" width=\"182\" height=\"180\" srcset=\"https:\/\/semmelweis.hu\/asszisztaltreprodukcio\/files\/2020\/04\/N\u00e9vtelen-400x396.jpg 400w, https:\/\/semmelweis.hu\/asszisztaltreprodukcio\/files\/2020\/04\/N\u00e9vtelen-303x300.jpg 303w, https:\/\/semmelweis.hu\/asszisztaltreprodukcio\/files\/2020\/04\/N\u00e9vtelen.jpg 562w\" sizes=\"auto, (max-width: 182px) 100vw, 182px\" \/><\/p>\n<p style=\"text-align: justify\">Oszt\u00e1lyunk embl\u00e9m\u00e1j\u00e1nak ihlet\u0151je a Kr. e. 1500 korb\u00f3l sz\u00e1rmaz\u00f3 g\u00f6r\u00f6g monolit, mely rendk\u00edv\u00fcl egyszer\u0171 m\u00f3don \u00e1br\u00e1zolja f\u00e9rfi \u00e9s n\u0151 kapcsolat\u00e1t illetve annak gy\u00fcm\u00f6lcs\u00e9t a gyermek\u00e1ld\u00e1st. Ezt a m\u0171alkot\u00e1st \u00e9s az ivarsejtek tal\u00e1lkoz\u00e1s\u00e1t bemutat\u00f3 sematikus rajzot haszn\u00e1lta fel <a href=\"http:\/\/www.veszelilajos.hu\/html\/index.php?lang=0&amp;tartalom=0\">Veszeli Lajos<\/a> fest\u0151m\u0171v\u00e9sz, grafikus amikor oszt\u00e1lyunk indul\u00e1sakor elk\u00e9sz\u00edtette sz\u00e1munkra azt a grafik\u00e1t mely az\u00f3ta\u00a0 \u00f6sszet\u00e9veszthetetlen m\u00e1rkajel\u00fcnkk\u00e9 v\u00e1lt.<\/p>\n<p><img loading=\"lazy\" decoding=\"async\" class=\"wp-image-1494 aligncenter\" src=\"https:\/\/semmelweis.hu\/asszisztaltreprodukcio\/files\/2020\/04\/hossz\u00fak\u00e9p-400x111.jpg\" alt=\"\" width=\"817\" height=\"227\" srcset=\"https:\/\/semmelweis.hu\/asszisztaltreprodukcio\/files\/2020\/04\/hossz\u00fak\u00e9p-400x111.jpg 400w, https:\/\/semmelweis.hu\/asszisztaltreprodukcio\/files\/2020\/04\/hossz\u00fak\u00e9p-1024x283.jpg 1024w, https:\/\/semmelweis.hu\/asszisztaltreprodukcio\/files\/2020\/04\/hossz\u00fak\u00e9p-768x212.jpg 768w, https:\/\/semmelweis.hu\/asszisztaltreprodukcio\/files\/2020\/04\/hossz\u00fak\u00e9p-580x160.jpg 580w, https:\/\/semmelweis.hu\/asszisztaltreprodukcio\/files\/2020\/04\/hossz\u00fak\u00e9p-1536x425.jpg 1536w, https:\/\/semmelweis.hu\/asszisztaltreprodukcio\/files\/2020\/04\/hossz\u00fak\u00e9p-2048x566.jpg 2048w, https:\/\/semmelweis.hu\/asszisztaltreprodukcio\/files\/2020\/04\/hossz\u00fak\u00e9p-753x208.jpg 753w\" sizes=\"auto, (max-width: 817px) 100vw, 817px\" \/><\/p>\n<p style=\"text-align: justify\">Az elm\u00falt negyed \u00e9vsz\u00e1zad alatt sz\u00e1mos helyen, form\u00e1ban t\u0171nt fel b\u00fcszk\u00e9n viselt jelk\u00e9p\u00fcnk, a munkat\u00e1rsunk gyermeke \u00e1ltal k\u00e9sz\u00edtett m\u00e9zeskal\u00e1cst\u00f3l eg\u00e9szen a nyugd\u00edjba vonult egykori f\u0151n\u0151v\u00e9r\u00fcnk gobelin alkot\u00e1s\u00e1ig.<\/p>\n\r\n        [slb_exclude]\r\n        <div class=\"row galeria-wrapper mx-0 h-auto\">\r\n            <div class=\"col-9 pl-0 pr-2\">\r\n            <span class=\"gallery-item frame\">\r\n\t\t\t\t<div class=\"galeria-left-img\"><a href=\"https:\/\/semmelweis.hu\/asszisztaltreprodukcio\/files\/2020\/04\/1.jpg\"><img src=https:\/\/semmelweis.hu\/asszisztaltreprodukcio\/files\/2020\/04\/1.jpg  \r\n                            alt=\"\" \r\n                            class=\"attachment-sote-gallery-big size-sote-gallery-big\" \r\n                            srcset=\"https:\/\/semmelweis.hu\/asszisztaltreprodukcio\/files\/2020\/04\/1-300x400.jpg 300w, https:\/\/semmelweis.hu\/asszisztaltreprodukcio\/files\/2020\/04\/1-768x1024.jpg 768w, https:\/\/semmelweis.hu\/asszisztaltreprodukcio\/files\/2020\/04\/1-225x300.jpg 225w, https:\/\/semmelweis.hu\/asszisztaltreprodukcio\/files\/2020\/04\/1-1152x1536.jpg 1152w, https:\/\/semmelweis.hu\/asszisztaltreprodukcio\/files\/2020\/04\/1-1536x2048.jpg 1536w, https:\/\/semmelweis.hu\/asszisztaltreprodukcio\/files\/2020\/04\/1-753x1004.jpg 753w, https:\/\/semmelweis.hu\/asszisztaltreprodukcio\/files\/2020\/04\/1.jpg 1920w\" ><\/a><\/div>\r\n            <\/span>\r\n\r\n            <\/div>\r\n\r\n\t\t\t<div class=\"col-3 pl-0 pr-0\">\r\n\t\t\t\t<div class=\"galeria-right-img d-flex justify-content-between flex-column h-100 w-100 px-0 mx-0 \">\r\n                <div class=\"galeria-box\">\r\n\t\t\t\t\t<h3 class=\"galeria-title\">Gal\u00e9ria<\/h3>\r\n\t\t\t\t\t<div class=\"galeria-subtitle\">\r\n\r\n\t\t\t\t\t\t<div class=\"galeria-page-counter\"><span>9<\/span>k\u00e9p<\/div>\r\n                    <\/div> <\/div>\r\n                    <span class=\"gallery-item frame d-none d-md-flex\">\r\n\t\t\t\t\t<div class=\"galeria-small-img mt-0\"><a href=\"https:\/\/semmelweis.hu\/asszisztaltreprodukcio\/files\/2020\/04\/7.jpg\"><img src=https:\/\/semmelweis.hu\/asszisztaltreprodukcio\/files\/2020\/04\/7.jpg \r\n                                alt=\"Goblein\"  \r\n                                class=\"attachment-sote-gallery-small size-sote-gallery-small\" \r\n                                srcset=\"https:\/\/semmelweis.hu\/asszisztaltreprodukcio\/files\/2020\/04\/7-400x300.jpg 400w, https:\/\/semmelweis.hu\/asszisztaltreprodukcio\/files\/2020\/04\/7-1024x768.jpg 1024w, https:\/\/semmelweis.hu\/asszisztaltreprodukcio\/files\/2020\/04\/7-768x576.jpg 768w, https:\/\/semmelweis.hu\/asszisztaltreprodukcio\/files\/2020\/04\/7-1536x1152.jpg 1536w, https:\/\/semmelweis.hu\/asszisztaltreprodukcio\/files\/2020\/04\/7-2048x1536.jpg 2048w, https:\/\/semmelweis.hu\/asszisztaltreprodukcio\/files\/2020\/04\/7-753x565.jpg 753w\" ><\/a><\/div>\r\n                    <\/span>\r\n                    <span class=\"gallery-item frame d-none d-md-flex\">\r\n\t\t\t\t\t<div class=\"galeria-small-img mt-0\"><a href=\"https:\/\/semmelweis.hu\/asszisztaltreprodukcio\/files\/2020\/04\/6..jpg\"><img src=https:\/\/semmelweis.hu\/asszisztaltreprodukcio\/files\/2020\/04\/6..jpg \r\n                                alt=\"M\u00e9zeskal\u00e1cs\" \r\n                                class=\"attachment-sote-gallery-small size-sote-gallery-small\" \r\n                                srcset=\"https:\/\/semmelweis.hu\/asszisztaltreprodukcio\/files\/2020\/04\/6.-400x300.jpg 400w, https:\/\/semmelweis.hu\/asszisztaltreprodukcio\/files\/2020\/04\/6.-1024x768.jpg 1024w, https:\/\/semmelweis.hu\/asszisztaltreprodukcio\/files\/2020\/04\/6.-768x576.jpg 768w, https:\/\/semmelweis.hu\/asszisztaltreprodukcio\/files\/2020\/04\/6.-1536x1152.jpg 1536w, https:\/\/semmelweis.hu\/asszisztaltreprodukcio\/files\/2020\/04\/6.-2048x1536.jpg 2048w, https:\/\/semmelweis.hu\/asszisztaltreprodukcio\/files\/2020\/04\/6.-753x565.jpg 753w\" ><\/a><\/div>\r\n                    <\/span>\r\n\r\n                <\/div>\r\n\r\n            <\/div>\r\n\r\n            <span class=\"gallery-item\"><div class=\"hidden\"><a href=\"https:\/\/semmelweis.hu\/asszisztaltreprodukcio\/files\/2020\/04\/3.jpg\">\r\n        <img src=https:\/\/semmelweis.hu\/asszisztaltreprodukcio\/files\/2020\/04\/3.jpg alt=\"Bronz plakett\" class=\"attachment-sote-gallery-big size-sote-gallery-big\" srcset=\"https:\/\/semmelweis.hu\/asszisztaltreprodukcio\/files\/2020\/04\/3-400x300.jpg 400w, https:\/\/semmelweis.hu\/asszisztaltreprodukcio\/files\/2020\/04\/3-1024x768.jpg 1024w, https:\/\/semmelweis.hu\/asszisztaltreprodukcio\/files\/2020\/04\/3-768x576.jpg 768w, https:\/\/semmelweis.hu\/asszisztaltreprodukcio\/files\/2020\/04\/3-1536x1152.jpg 1536w, https:\/\/semmelweis.hu\/asszisztaltreprodukcio\/files\/2020\/04\/3-2048x1536.jpg 2048w, https:\/\/semmelweis.hu\/asszisztaltreprodukcio\/files\/2020\/04\/3-753x565.jpg 753w\" >\r\n        <\/a><\/div><\/span><span class=\"gallery-item\"><div class=\"hidden\"><a href=\"https:\/\/semmelweis.hu\/asszisztaltreprodukcio\/files\/2020\/04\/4.jpg\">\r\n        <img src=https:\/\/semmelweis.hu\/asszisztaltreprodukcio\/files\/2020\/04\/4.jpg alt=\"\" class=\"attachment-sote-gallery-big size-sote-gallery-big\" srcset=\"https:\/\/semmelweis.hu\/asszisztaltreprodukcio\/files\/2020\/04\/4-300x400.jpg 300w, https:\/\/semmelweis.hu\/asszisztaltreprodukcio\/files\/2020\/04\/4-768x1024.jpg 768w, https:\/\/semmelweis.hu\/asszisztaltreprodukcio\/files\/2020\/04\/4-225x300.jpg 225w, https:\/\/semmelweis.hu\/asszisztaltreprodukcio\/files\/2020\/04\/4-1152x1536.jpg 1152w, https:\/\/semmelweis.hu\/asszisztaltreprodukcio\/files\/2020\/04\/4-1536x2048.jpg 1536w, https:\/\/semmelweis.hu\/asszisztaltreprodukcio\/files\/2020\/04\/4-753x1004.jpg 753w, https:\/\/semmelweis.hu\/asszisztaltreprodukcio\/files\/2020\/04\/4.jpg 1920w\" >\r\n        <\/a><\/div><\/span><span class=\"gallery-item\"><div class=\"hidden\"><a href=\"https:\/\/semmelweis.hu\/asszisztaltreprodukcio\/files\/2020\/04\/5.jpg\">\r\n        <img src=https:\/\/semmelweis.hu\/asszisztaltreprodukcio\/files\/2020\/04\/5.jpg alt=\"Kit\u0171z\u0151k\u00e9nt\" class=\"attachment-sote-gallery-big size-sote-gallery-big\" srcset=\"https:\/\/semmelweis.hu\/asszisztaltreprodukcio\/files\/2020\/04\/5-400x300.jpg 400w, https:\/\/semmelweis.hu\/asszisztaltreprodukcio\/files\/2020\/04\/5-1024x768.jpg 1024w, https:\/\/semmelweis.hu\/asszisztaltreprodukcio\/files\/2020\/04\/5-768x576.jpg 768w, https:\/\/semmelweis.hu\/asszisztaltreprodukcio\/files\/2020\/04\/5-1536x1152.jpg 1536w, https:\/\/semmelweis.hu\/asszisztaltreprodukcio\/files\/2020\/04\/5-2048x1536.jpg 2048w, https:\/\/semmelweis.hu\/asszisztaltreprodukcio\/files\/2020\/04\/5-753x565.jpg 753w\" >\r\n        <\/a><\/div><\/span><span class=\"gallery-item\"><div class=\"hidden\"><a href=\"https:\/\/semmelweis.hu\/asszisztaltreprodukcio\/files\/2020\/04\/8.jpg\">\r\n        <img src=https:\/\/semmelweis.hu\/asszisztaltreprodukcio\/files\/2020\/04\/8.jpg alt=\"\" class=\"attachment-sote-gallery-big size-sote-gallery-big\" srcset=\"https:\/\/semmelweis.hu\/asszisztaltreprodukcio\/files\/2020\/04\/8-400x300.jpg 400w, https:\/\/semmelweis.hu\/asszisztaltreprodukcio\/files\/2020\/04\/8-1024x768.jpg 1024w, https:\/\/semmelweis.hu\/asszisztaltreprodukcio\/files\/2020\/04\/8-768x576.jpg 768w, https:\/\/semmelweis.hu\/asszisztaltreprodukcio\/files\/2020\/04\/8-1536x1152.jpg 1536w, https:\/\/semmelweis.hu\/asszisztaltreprodukcio\/files\/2020\/04\/8-2048x1536.jpg 2048w, https:\/\/semmelweis.hu\/asszisztaltreprodukcio\/files\/2020\/04\/8-753x565.jpg 753w\" >\r\n        <\/a><\/div><\/span><span class=\"gallery-item\"><div class=\"hidden\"><a href=\"https:\/\/semmelweis.hu\/asszisztaltreprodukcio\/files\/2020\/04\/9.jpg\">\r\n        <img src=https:\/\/semmelweis.hu\/asszisztaltreprodukcio\/files\/2020\/04\/9.jpg alt=\"\" class=\"attachment-sote-gallery-big size-sote-gallery-big\" srcset=\"https:\/\/semmelweis.hu\/asszisztaltreprodukcio\/files\/2020\/04\/9-400x300.jpg 400w, https:\/\/semmelweis.hu\/asszisztaltreprodukcio\/files\/2020\/04\/9-1024x768.jpg 1024w, https:\/\/semmelweis.hu\/asszisztaltreprodukcio\/files\/2020\/04\/9-768x576.jpg 768w, https:\/\/semmelweis.hu\/asszisztaltreprodukcio\/files\/2020\/04\/9-1536x1152.jpg 1536w, https:\/\/semmelweis.hu\/asszisztaltreprodukcio\/files\/2020\/04\/9-2048x1536.jpg 2048w, https:\/\/semmelweis.hu\/asszisztaltreprodukcio\/files\/2020\/04\/9-753x565.jpg 753w\" >\r\n        <\/a><\/div><\/span><span class=\"gallery-item\"><div class=\"hidden\"><a href=\"https:\/\/semmelweis.hu\/asszisztaltreprodukcio\/files\/2020\/04\/10.jpg\">\r\n        <img src=https:\/\/semmelweis.hu\/asszisztaltreprodukcio\/files\/2020\/04\/10.jpg alt=\"\" class=\"attachment-sote-gallery-big size-sote-gallery-big\" srcset=\"https:\/\/semmelweis.hu\/asszisztaltreprodukcio\/files\/2020\/04\/10-400x300.jpg 400w, https:\/\/semmelweis.hu\/asszisztaltreprodukcio\/files\/2020\/04\/10-1024x768.jpg 1024w, https:\/\/semmelweis.hu\/asszisztaltreprodukcio\/files\/2020\/04\/10-768x576.jpg 768w, https:\/\/semmelweis.hu\/asszisztaltreprodukcio\/files\/2020\/04\/10-1536x1152.jpg 1536w, https:\/\/semmelweis.hu\/asszisztaltreprodukcio\/files\/2020\/04\/10-2048x1536.jpg 2048w, https:\/\/semmelweis.hu\/asszisztaltreprodukcio\/files\/2020\/04\/10-753x565.jpg 753w\" >\r\n        <\/a><\/div><\/span>\r\n            <\/div>\r\n\r\n            [\/slb_exclude]\r\n\t\n","protected":false},"excerpt":{"rendered":"<p>Oszt\u00e1lyunk embl\u00e9m\u00e1j\u00e1nak ihlet\u0151je a Kr. e. 1500 korb\u00f3l sz\u00e1rmaz\u00f3 g\u00f6r\u00f6g monolit, mely rendk\u00edv\u00fcl egyszer\u0171 m\u00f3don \u00e1br\u00e1zolja f\u00e9rfi \u00e9s n\u0151 kapcsolat\u00e1t illetve annak gy\u00fcm\u00f6lcs\u00e9t a gyermek\u00e1ld\u00e1st. Ezt a m\u0171alkot\u00e1st \u00e9s az ivarsejtek tal\u00e1lkoz\u00e1s\u00e1t bemutat\u00f3 sematikus rajzot haszn\u00e1lta fel <a href=\"http:\/\/www.veszelilajos.hu\/html\/index.php?lang=0&amp;tartalom=0\">Veszeli Lajos<\/a> fest\u0151m\u0171v\u00e9sz, grafikus amikor oszt\u00e1lyunk indul\u00e1sakor elk\u00e9sz\u00edtette sz\u00e1munkra azt a grafik\u00e1t mely az\u00f3ta\u00a0 \u00f6sszet\u00e9veszthetetlen m\u00e1rkajel\u00fcnkk\u00e9 v\u00e1lt. Az elm\u00falt negyed &hellip;<\/p>\n","protected":false},"author":101727,"featured_media":0,"parent":12,"menu_order":5,"comment_status":"closed","ping_status":"closed","template":"","meta":{"_acf_changed":false,"footnotes":""},"categories":[],"tags":[],"class_list":["post-809","page","type-page","status-publish","hentry"],"acf":[],"_links":{"self":[{"href":"https:\/\/semmelweis.hu\/asszisztaltreprodukcio\/wp-json\/wp\/v2\/pages\/809","targetHints":{"allow":["GET"]}}],"collection":[{"href":"https:\/\/semmelweis.hu\/asszisztaltreprodukcio\/wp-json\/wp\/v2\/pages"}],"about":[{"href":"https:\/\/semmelweis.hu\/asszisztaltreprodukcio\/wp-json\/wp\/v2\/types\/page"}],"author":[{"embeddable":true,"href":"https:\/\/semmelweis.hu\/asszisztaltreprodukcio\/wp-json\/wp\/v2\/users\/101727"}],"replies":[{"embeddable":true,"href":"https:\/\/semmelweis.hu\/asszisztaltreprodukcio\/wp-json\/wp\/v2\/comments?post=809"}],"version-history":[{"count":8,"href":"https:\/\/semmelweis.hu\/asszisztaltreprodukcio\/wp-json\/wp\/v2\/pages\/809\/revisions"}],"predecessor-version":[{"id":1677,"href":"https:\/\/semmelweis.hu\/asszisztaltreprodukcio\/wp-json\/wp\/v2\/pages\/809\/revisions\/1677"}],"up":[{"embeddable":true,"href":"https:\/\/semmelweis.hu\/asszisztaltreprodukcio\/wp-json\/wp\/v2\/pages\/12"}],"wp:attachment":[{"href":"https:\/\/semmelweis.hu\/asszisztaltreprodukcio\/wp-json\/wp\/v2\/media?parent=809"}],"wp:term":[{"taxonomy":"category","embeddable":true,"href":"https:\/\/semmelweis.hu\/asszisztaltreprodukcio\/wp-json\/wp\/v2\/categories?post=809"},{"taxonomy":"post_tag","embeddable":true,"href":"https:\/\/semmelweis.hu\/asszisztaltreprodukcio\/wp-json\/wp\/v2\/tags?post=809"}],"curies":[{"name":"wp","href":"https:\/\/api.w.org\/{rel}","templated":true}]}}