{"id":793,"date":"2020-03-25T21:35:30","date_gmt":"2020-03-25T20:35:30","guid":{"rendered":"http:\/\/semmelweis.hu\/asszisztaltreprodukcio\/?page_id=793"},"modified":"2025-02-07T11:12:47","modified_gmt":"2025-02-07T10:12:47","slug":"online-elojegyzes","status":"publish","type":"page","link":"https:\/\/semmelweis.hu\/asszisztaltreprodukcio\/pacienseknek\/online-elojegyzes\/","title":{"rendered":"Online el\u0151jegyz\u00e9s"},"content":{"rendered":"<h5>Kedves Beteg\u00fcnk!<\/h5>\n<p>Online id\u0151pont foglal\u00f3 rendszer\u00fcnk egyel\u0151re nem m\u0171k\u00f6dik.\u00a0<\/p>\n<p><a href=\"https:\/\/semmelweis.hu\/asszisztaltreprodukcio\/2020\/05\/05\/tajekoztato-ujraindulasrol\/\">K\u00e9rj\u00fck olvassa t\u00e1j\u00e9koztat\u00f3nkat a jelentkez\u00e9s menet\u00e9r\u0151l.\u00a0<\/a><\/p>\n<p><a href=\"https:\/\/semmelweis.hu\/asszisztaltreprodukcio\/2020\/06\/10\/tajekoztato-telefonos-idopont-egyeztetesrol\/\">Telefonos el\u0151jegyz\u00e9s\u00a0<\/a><\/p>\n<p>&nbsp;<\/p>\n","protected":false},"excerpt":{"rendered":"<p>Kedves Beteg\u00fcnk!<br \/>\nOnline id\u0151pont foglal\u00f3 rendszer\u00fcnk egyel\u0151re nem m\u0171k\u00f6dik.\u00a0<br \/>\n<a href=\"https:\/\/semmelweis.hu\/asszisztaltreprodukcio\/2020\/05\/05\/tajekoztato-ujraindulasrol\/\">K\u00e9rj\u00fck olvassa t\u00e1j\u00e9koztat\u00f3nkat a jelentkez\u00e9s menet\u00e9r\u0151l.\u00a0<\/a><br \/>\n<a href=\"https:\/\/semmelweis.hu\/asszisztaltreprodukcio\/2020\/06\/10\/tajekoztato-telefonos-idopont-egyeztetesrol\/\">Telefonos el\u0151jegyz\u00e9s\u00a0<\/a><br \/>\n&nbsp;<\/p>\n","protected":false},"author":101727,"featured_media":0,"parent":600,"menu_order":3,"comment_status":"closed","ping_status":"closed","template":"","meta":{"_acf_changed":false,"footnotes":""},"categories":[],"tags":[],"class_list":["post-793","page","type-page","status-publish","hentry"],"acf":[],"_links":{"self":[{"href":"https:\/\/semmelweis.hu\/asszisztaltreprodukcio\/wp-json\/wp\/v2\/pages\/793","targetHints":{"allow":["GET"]}}],"collection":[{"href":"https:\/\/semmelweis.hu\/asszisztaltreprodukcio\/wp-json\/wp\/v2\/pages"}],"about":[{"href":"https:\/\/semmelweis.hu\/asszisztaltreprodukcio\/wp-json\/wp\/v2\/types\/page"}],"author":[{"embeddable":true,"href":"https:\/\/semmelweis.hu\/asszisztaltreprodukcio\/wp-json\/wp\/v2\/users\/101727"}],"replies":[{"embeddable":true,"href":"https:\/\/semmelweis.hu\/asszisztaltreprodukcio\/wp-json\/wp\/v2\/comments?post=793"}],"version-history":[{"count":10,"href":"https:\/\/semmelweis.hu\/asszisztaltreprodukcio\/wp-json\/wp\/v2\/pages\/793\/revisions"}],"predecessor-version":[{"id":2530,"href":"https:\/\/semmelweis.hu\/asszisztaltreprodukcio\/wp-json\/wp\/v2\/pages\/793\/revisions\/2530"}],"up":[{"embeddable":true,"href":"https:\/\/semmelweis.hu\/asszisztaltreprodukcio\/wp-json\/wp\/v2\/pages\/600"}],"wp:attachment":[{"href":"https:\/\/semmelweis.hu\/asszisztaltreprodukcio\/wp-json\/wp\/v2\/media?parent=793"}],"wp:term":[{"taxonomy":"category","embeddable":true,"href":"https:\/\/semmelweis.hu\/asszisztaltreprodukcio\/wp-json\/wp\/v2\/categories?post=793"},{"taxonomy":"post_tag","embeddable":true,"href":"https:\/\/semmelweis.hu\/asszisztaltreprodukcio\/wp-json\/wp\/v2\/tags?post=793"}],"curies":[{"name":"wp","href":"https:\/\/api.w.org\/{rel}","templated":true}]}}