{"id":727,"date":"2020-03-22T17:59:35","date_gmt":"2020-03-22T16:59:35","guid":{"rendered":"http:\/\/semmelweis.hu\/asszisztaltreprodukcio\/?page_id=727"},"modified":"2024-06-11T13:40:56","modified_gmt":"2024-06-11T11:40:56","slug":"koszonto","status":"publish","type":"page","link":"https:\/\/semmelweis.hu\/asszisztaltreprodukcio\/koszonto\/","title":{"rendered":"K\u00f6sz\u00f6nt\u0151"},"content":{"rendered":"<p>Kedves Beteg\u00fcnk! Tisztelt L\u00e1togat\u00f3!<\/p>\n<p style=\"text-align: center\"><span style=\"font-size: 18pt\">K\u00f6sz\u00f6ntj\u00fck <a href=\"https:\/\/semmelweis.hu\/250\/\" target=\"_blank\" rel=\"noopener noreferrer\">a 255 \u00e9ves Semmelweis Egyetem<\/a> (SE) <\/span><br \/>\n<span style=\"font-size: 18pt\">30 \u00e9ves <strong>Assziszt\u00e1lt Reprodukci\u00f3s Oszt\u00e1ly\u00e1nak<\/strong> (ARO) honlapj\u00e1n.<\/span><\/p>\n<p style=\"text-align: justify\">Oszt\u00e1lyunk t\u00f6bb mint h\u00e1rom \u00e9vtizedes, k\u00f6z\u00f6s munk\u00e1val megszerzett szakmai gyakorlattal \u00e9s hasonl\u00f3an megalapozott oktat\u00e1si \u00e9s tudom\u00e1nyos kutat\u00f3i tapasztalattal valamint az assziszt\u00e1lt reprodukci\u00f3 XXI. sz\u00e1zadi kih\u00edv\u00e1sainak mindenben megfelel\u0151, fel\u00faj\u00edtott m\u0171szerparkkal v\u00e1rja nemcsak a gyermekre v\u00e1r\u00f3 medd\u0151 p\u00e1rokat, hanem a t\u00e9ma ir\u00e1nt \u00e9rdekl\u0151d\u0151 \u00a0egyetemi hallgat\u00f3kat, eg\u00e9szs\u00e9g\u00fcgyi szakdolgoz\u00f3kat, orvosokat, biol\u00f3gusokat \u00e9s embriol\u00f3gusokat egyar\u00e1nt.<\/p>\n<p style=\"text-align: justify\">Munk\u00e1nk eredm\u00e9nyess\u00e9g\u00e9t f\u00e9mjelzi nemcsak az eddig hozz\u00e1nk fordult t\u00f6bb mint t\u00edzezer medd\u0151 p\u00e1r \u00e9s a t\u00f6bb ezer assziszt\u00e1lt reprodukci\u00f3s kezel\u00e9s \u00fatj\u00e1n fogant gyermek\u00fck, hanem t\u00f6bb sz\u00e1z tudom\u00e1nyos \u00e9s ismeretterjeszt\u0151 k\u00f6zlem\u00e9ny, el\u0151ad\u00e1s, m\u00e9diaszerepl\u00e9s valamint -nem utols\u00f3 sorban- az az egy-k\u00e9t ezer orvostanhallgat\u00f3 illetve orvoskoll\u00e9ga akik az orvosl\u00e1s ezen ter\u00fclet\u00e9t n\u00e1lunk ismerhett\u00e9k meg. Munkat\u00e1rsaink k\u00f6z\u00f6tt tudhatjuk a t\u00e9ma nemzetk\u00f6zileg elismert szaktekint\u00e9lyeit is. \u00a0\u00a0<\/p>\n<p>&nbsp;<\/p>\n<p style=\"text-align: center\">Prof . Dr. Urbancsek J\u00e1nos<br \/>\noszt\u00e1lyvezet\u0151<\/p>\n","protected":false},"excerpt":{"rendered":"<p>Kedves Beteg\u00fcnk! Tisztelt L\u00e1togat\u00f3! K\u00f6sz\u00f6ntj\u00fck <a href=\"https:\/\/semmelweis.hu\/250\/\" target=\"_blank\" rel=\"noopener noreferrer\">a 255 \u00e9ves Semmelweis Egyetem<\/a> (SE) 30 \u00e9ves Assziszt\u00e1lt Reprodukci\u00f3s Oszt\u00e1ly\u00e1nak (ARO) honlapj\u00e1n. Oszt\u00e1lyunk t\u00f6bb mint h\u00e1rom \u00e9vtizedes, k\u00f6z\u00f6s munk\u00e1val megszerzett szakmai gyakorlattal \u00e9s hasonl\u00f3an megalapozott oktat\u00e1si \u00e9s tudom\u00e1nyos kutat\u00f3i tapasztalattal valamint az assziszt\u00e1lt reprodukci\u00f3 XXI. sz\u00e1zadi kih\u00edv\u00e1sainak mindenben megfelel\u0151, fel\u00faj\u00edtott m\u0171szerparkkal v\u00e1rja nemcsak a gyermekre v\u00e1r\u00f3 medd\u0151 p\u00e1rokat, hanem a t\u00e9ma ir\u00e1nt \u00e9rdekl\u0151d\u0151 \u00a0egyetemi &hellip;<\/p>\n","protected":false},"author":101727,"featured_media":818,"parent":0,"menu_order":0,"comment_status":"closed","ping_status":"closed","template":"","meta":{"_acf_changed":false,"footnotes":""},"categories":[],"tags":[],"class_list":["post-727","page","type-page","status-publish","has-post-thumbnail","hentry"],"acf":[],"_links":{"self":[{"href":"https:\/\/semmelweis.hu\/asszisztaltreprodukcio\/wp-json\/wp\/v2\/pages\/727","targetHints":{"allow":["GET"]}}],"collection":[{"href":"https:\/\/semmelweis.hu\/asszisztaltreprodukcio\/wp-json\/wp\/v2\/pages"}],"about":[{"href":"https:\/\/semmelweis.hu\/asszisztaltreprodukcio\/wp-json\/wp\/v2\/types\/page"}],"author":[{"embeddable":true,"href":"https:\/\/semmelweis.hu\/asszisztaltreprodukcio\/wp-json\/wp\/v2\/users\/101727"}],"replies":[{"embeddable":true,"href":"https:\/\/semmelweis.hu\/asszisztaltreprodukcio\/wp-json\/wp\/v2\/comments?post=727"}],"version-history":[{"count":10,"href":"https:\/\/semmelweis.hu\/asszisztaltreprodukcio\/wp-json\/wp\/v2\/pages\/727\/revisions"}],"predecessor-version":[{"id":2475,"href":"https:\/\/semmelweis.hu\/asszisztaltreprodukcio\/wp-json\/wp\/v2\/pages\/727\/revisions\/2475"}],"wp:featuredmedia":[{"embeddable":true,"href":"https:\/\/semmelweis.hu\/asszisztaltreprodukcio\/wp-json\/wp\/v2\/media\/818"}],"wp:attachment":[{"href":"https:\/\/semmelweis.hu\/asszisztaltreprodukcio\/wp-json\/wp\/v2\/media?parent=727"}],"wp:term":[{"taxonomy":"category","embeddable":true,"href":"https:\/\/semmelweis.hu\/asszisztaltreprodukcio\/wp-json\/wp\/v2\/categories?post=727"},{"taxonomy":"post_tag","embeddable":true,"href":"https:\/\/semmelweis.hu\/asszisztaltreprodukcio\/wp-json\/wp\/v2\/tags?post=727"}],"curies":[{"name":"wp","href":"https:\/\/api.w.org\/{rel}","templated":true}]}}