{"id":725,"date":"2020-03-22T16:26:56","date_gmt":"2020-03-22T15:26:56","guid":{"rendered":"http:\/\/semmelweis.hu\/asszisztaltreprodukcio\/?page_id=725"},"modified":"2020-09-10T09:13:06","modified_gmt":"2020-09-10T07:13:06","slug":"in-vitro-fertilizacio-ivf","status":"publish","type":"page","link":"https:\/\/semmelweis.hu\/asszisztaltreprodukcio\/pacienseknek\/asszisztalt-reprodukcios-eljarasok-2\/in-vitro-fertilizacio-ivf\/","title":{"rendered":"In vitro fertiliz\u00e1ci\u00f3 (IVF)"},"content":{"rendered":"<h3 style=\"text-align: justify\">Szervezeten k\u00edv\u00fcli megterm\u00e9keny\u00edt\u00e9s (in vitro fertiliz\u00e1ci\u00f3: IVF)<\/h3>\n<p style=\"text-align: justify\">A szervezeten k\u00edv\u00fcli megterm\u00e9keny\u00edt\u00e9s v\u00e9gz\u00e9se els\u0151sorban mindk\u00e9t oldali lez\u00e1rt vagy hi\u00e1nyz\u00f3 petevezet\u00e9k, s\u00falyos f\u00e9rfi eredet\u0171 medd\u0151s\u00e9g \u00a0vagy III-IV. st\u00e1dium\u00fa endometri\u00f3zis eset\u00e9n indokolt, de t\u00f6bbsz\u00f6ri eredm\u00e9nytelen inszemin\u00e1ci\u00f3s kezel\u00e9s ut\u00e1n is m\u00e9rlegelend\u0151 lehet.<\/p>\n<p style=\"text-align: justify\">Az IVF kezel\u00e9s megkezd\u00e9se el\u0151tt a termin\u00e1lt egy\u00fcttl\u00e9tet vagy inszemin\u00e1ci\u00f3t is megel\u0151z\u0151, szok\u00e1sos r\u00e9szletes medd\u0151s\u00e9gi (hormon, ultrahang, m\u00e9h\u00fcregi\/petevezet\u00e9k \u00e1tj\u00e1rhat\u00f3s\u00e1gi) vizsg\u00e1latok mellett, v\u00edrus-szerol\u00f3giai \u00e9s altat\u00f3 orvosi vizsg\u00e1latot is elrendel\u00fcnk.<\/p>\n<h5 style=\"padding-left: 40px\">Az IVF kezel\u00e9sek l\u00e9p\u00e9sei:<img loading=\"lazy\" decoding=\"async\" class=\"wp-image-273 alignright\" src=\"https:\/\/semmelweis.hu\/asszisztaltreprodukcio\/files\/2012\/12\/ivf-300x222.jpg\" alt=\"\" width=\"326\" height=\"241\" srcset=\"https:\/\/semmelweis.hu\/asszisztaltreprodukcio\/files\/2012\/12\/ivf-300x222.jpg 300w, https:\/\/semmelweis.hu\/asszisztaltreprodukcio\/files\/2012\/12\/ivf-768x568.jpg 768w, https:\/\/semmelweis.hu\/asszisztaltreprodukcio\/files\/2012\/12\/ivf-406x300.jpg 406w, https:\/\/semmelweis.hu\/asszisztaltreprodukcio\/files\/2012\/12\/ivf.jpg 817w\" sizes=\"auto, (max-width: 326px) 100vw, 326px\" \/><\/h5>\n<ul>\n<li style=\"list-style-type: none\">\n<ul>\n<li style=\"list-style-type: none\">\n<ul>\n<li style=\"list-style-type: none\">\n<ul>\n<li style=\"list-style-type: none\">\n<ul>\n<li><a href=\"https:\/\/semmelweis.hu\/asszisztaltreprodukcio\/pacienseknek\/asszisztalt-reprodukcios-eljarasok-2\/in-vitro-fertilizacio-ivf\/stimulacio\/\">Petef\u00e9szek stimul\u00e1ci\u00f3<\/a><\/li>\n<li><a href=\"https:\/\/semmelweis.hu\/asszisztaltreprodukcio\/pacienseknek\/asszisztalt-reprodukcios-eljarasok-2\/in-vitro-fertilizacio-ivf\/petesejtnyeres\/\">Petesejtnyer\u00e9s<\/a><\/li>\n<li><a href=\"https:\/\/semmelweis.hu\/asszisztaltreprodukcio\/embriologia\/embriotenyesztes\/\">Embri\u00f3 teny\u00e9szt\u00e9s<\/a><\/li>\n<li><a href=\"https:\/\/semmelweis.hu\/asszisztaltreprodukcio\/pacienseknek\/asszisztalt-reprodukcios-eljarasok-2\/in-vitro-fertilizacio-ivf\/embrio-beultetes\/\">Embri\u00f3transzfer<\/a><\/li>\n<\/ul>\n<\/li>\n<\/ul>\n<\/li>\n<\/ul>\n<\/li>\n<\/ul>\n<\/li>\n<\/ul>\n<p>&nbsp;<\/p>\n<p>&nbsp;<\/p>\n<p style=\"text-align: justify\">Az <strong>IVF eredm\u00e9nyess\u00e9g\u00e9r\u0151l<\/strong> a <strong>vil\u00e1gon<\/strong> az al\u00e1bbi grafikonon t\u00e1j\u00e9koz\u00f3dhatnak. A vil\u00e1gtendencia azt mutatja, hogy 100 in vitro fertiliz\u00e1ci\u00f3 (IVF) c\u00e9lj\u00e1b\u00f3l elind\u00edtott petef\u00e9szek stimul\u00e1ci\u00f3ra nagys\u00e1grendileg 25 sz\u00fclet\u00e9s jut:\u00a0<\/p>\n\n<!-- iframe plugin v.4.9 wordpress.org\/plugins\/iframe\/ -->\n<iframe loading=\"lazy\" src=\"https:\/\/e.infogram.com\/a1ec0952-3dd6-4c82-ba43-3bdde156f86e?src=embed\" width=\"700\" height=\"519\" scrolling=\"yes\" class=\"iframe-class\" frameborder=\"0\"><\/iframe>\n\n<p>Az <strong>Assziszt\u00e1lt Reprodukci\u00f3s Osz\u00e1lyon (ARO)<\/strong> v\u00e9gzett IVF kezel\u00e9sek egyes szakaszaira vet\u00edthet\u0151 terhess\u00e9gi ill. sz\u00fcl\u00e9si ar\u00e1nyok. Tov\u00e1bbi eredm\u00e9nyeinkr\u0151l, a <a href=\"https:\/\/semmelweis.hu\/asszisztaltreprodukcio\/pacienseknek\/statisztikaink\/\">Statisztik\u00e1ink<\/a> men\u00fcpont alatt t\u00e1j\u00e9koz\u00f3dhatnak.<\/p>\n\n<!-- iframe plugin v.4.9 wordpress.org\/plugins\/iframe\/ -->\n<iframe loading=\"lazy\" src=\"https:\/\/e.infogram.com\/e47f80cf-fddf-4756-8afa-c7bbddc760ad?src=embed\" width=\"700\" height=\"660\" scrolling=\"yes\" class=\"iframe-class\" frameborder=\"0\"><\/iframe>\n\n<p style=\"text-align: justify\"><span style=\"font-size: 14pt\">Az \u201c<em>\u00f6sszterhess\u00e9gi<\/em><em>\u201d<\/em>\u00a0ar\u00e1ny mag\u00e1ban foglalja a \u201c<em>biok\u00e9miai\u201d<\/em>\u00a0\u00e9s a\u00a0<em>\u201cklinikai\u201d<\/em>\u00a0terhess\u00e9gi ar\u00e1nyt.<\/span><\/p>\n<p style=\"text-align: justify\"><span style=\"font-size: 14pt\"><em>Biok\u00e9miai terhess\u00e9gr\u0151l<\/em>\u00a0akkor besz\u00e9l\u00fcnk ha a be\u00fcltetett embri\u00f3 megtapadt, megindult a terhess\u00e9gi hormon termel\u00e9se, azonban a terhess\u00e9g annak nagyon korai f\u00e1zis\u00e1ban fejl\u0151d\u00e9s\u00e9ben meg\u00e1llt m\u00e9g azt megel\u0151z\u0151en, hogy a petezs\u00e1k ultrahang vizsg\u00e1lattal l\u00e1that\u00f3v\u00e1 v\u00e1lt volna.<\/span><\/p>\n<p style=\"text-align: justify\"><span style=\"font-size: 14pt\"><em>Klinikai terhess\u00e9g<\/em>r\u0151l akkor besz\u00e9l\u00fcnk, ha a terhess\u00e9g ultrahang vizsg\u00e1lattal is egy\u00e9rtelm\u0171en igazolhat\u00f3 a petezs\u00e1k l\u00e1that\u00f3v\u00e1 v\u00e1l\u00e1sa r\u00e9v\u00e9n.<\/span><\/p>\n<p style=\"text-align: justify\">\u00a0<\/p>\n","protected":false},"excerpt":{"rendered":"<p>Szervezeten k\u00edv\u00fcli megterm\u00e9keny\u00edt\u00e9s (in vitro fertiliz\u00e1ci\u00f3: IVF) A szervezeten k\u00edv\u00fcli megterm\u00e9keny\u00edt\u00e9s v\u00e9gz\u00e9se els\u0151sorban mindk\u00e9t oldali lez\u00e1rt vagy hi\u00e1nyz\u00f3 petevezet\u00e9k, s\u00falyos f\u00e9rfi eredet\u0171 medd\u0151s\u00e9g \u00a0vagy III-IV. st\u00e1dium\u00fa endometri\u00f3zis eset\u00e9n indokolt, de t\u00f6bbsz\u00f6ri eredm\u00e9nytelen inszemin\u00e1ci\u00f3s kezel\u00e9s ut\u00e1n is m\u00e9rlegelend\u0151 lehet. Az IVF kezel\u00e9s megkezd\u00e9se el\u0151tt a termin\u00e1lt egy\u00fcttl\u00e9tet vagy inszemin\u00e1ci\u00f3t is megel\u0151z\u0151, szok\u00e1sos r\u00e9szletes medd\u0151s\u00e9gi (hormon, ultrahang, &hellip;<\/p>\n","protected":false},"author":101727,"featured_media":0,"parent":593,"menu_order":3,"comment_status":"closed","ping_status":"closed","template":"","meta":{"_acf_changed":false,"footnotes":""},"categories":[],"tags":[],"class_list":["post-725","page","type-page","status-publish","hentry"],"acf":[],"_links":{"self":[{"href":"https:\/\/semmelweis.hu\/asszisztaltreprodukcio\/wp-json\/wp\/v2\/pages\/725","targetHints":{"allow":["GET"]}}],"collection":[{"href":"https:\/\/semmelweis.hu\/asszisztaltreprodukcio\/wp-json\/wp\/v2\/pages"}],"about":[{"href":"https:\/\/semmelweis.hu\/asszisztaltreprodukcio\/wp-json\/wp\/v2\/types\/page"}],"author":[{"embeddable":true,"href":"https:\/\/semmelweis.hu\/asszisztaltreprodukcio\/wp-json\/wp\/v2\/users\/101727"}],"replies":[{"embeddable":true,"href":"https:\/\/semmelweis.hu\/asszisztaltreprodukcio\/wp-json\/wp\/v2\/comments?post=725"}],"version-history":[{"count":10,"href":"https:\/\/semmelweis.hu\/asszisztaltreprodukcio\/wp-json\/wp\/v2\/pages\/725\/revisions"}],"predecessor-version":[{"id":2089,"href":"https:\/\/semmelweis.hu\/asszisztaltreprodukcio\/wp-json\/wp\/v2\/pages\/725\/revisions\/2089"}],"up":[{"embeddable":true,"href":"https:\/\/semmelweis.hu\/asszisztaltreprodukcio\/wp-json\/wp\/v2\/pages\/593"}],"wp:attachment":[{"href":"https:\/\/semmelweis.hu\/asszisztaltreprodukcio\/wp-json\/wp\/v2\/media?parent=725"}],"wp:term":[{"taxonomy":"category","embeddable":true,"href":"https:\/\/semmelweis.hu\/asszisztaltreprodukcio\/wp-json\/wp\/v2\/categories?post=725"},{"taxonomy":"post_tag","embeddable":true,"href":"https:\/\/semmelweis.hu\/asszisztaltreprodukcio\/wp-json\/wp\/v2\/tags?post=725"}],"curies":[{"name":"wp","href":"https:\/\/api.w.org\/{rel}","templated":true}]}}