{"id":712,"date":"2020-03-22T14:37:49","date_gmt":"2020-03-22T13:37:49","guid":{"rendered":"http:\/\/semmelweis.hu\/asszisztaltreprodukcio\/?page_id=712"},"modified":"2020-04-22T13:41:13","modified_gmt":"2020-04-22T11:41:13","slug":"intrauterin-inszeminacio","status":"publish","type":"page","link":"https:\/\/semmelweis.hu\/asszisztaltreprodukcio\/pacienseknek\/asszisztalt-reprodukcios-eljarasok-2\/intrauterin-inszeminacio\/","title":{"rendered":"Intrauterin inszemin\u00e1ci\u00f3 (IUI)"},"content":{"rendered":"<h3 style=\"text-align: justify\">Ond\u00f3felhelyez\u00e9s (inszemin\u00e1ci\u00f3):<\/h3>\n<p style=\"text-align: justify\">A kezel\u00e9si lehet\u0151s\u00e9gek m\u00e1sodik l\u00e9pcs\u0151foka a m\u00e9h \u00fcreg\u00e9be t\u00f6rt\u00e9n\u0151 ond\u00f3felhelyez\u00e9s, mely seg\u00edts\u00e9g\u00e9vel orvosolhatjuk \u00a0az enyhe fok\u00fa androl\u00f3giai eredet\u0171, a m\u00e9hsz\u00e1j eredet\u0171 medd\u0151s\u00e9get, de alkalmazhatjuk enyhe \u00e9s k\u00f6z\u00e9p-s\u00falyos endometri\u00f3zis eset\u00e9n is.<\/p>\n<p style=\"text-align: justify\">Ennek a kezel\u00e9snek az els\u0151 l\u00e9p\u00e9sei megegyeznek a termin\u00e1lt egy\u00fcttl\u00e9t kezel\u00e9s kapcs\u00e1n fent le\u00edrtakkal. A petef\u00e9szkek ciklus elejei ellen\u0151rz\u00e9s\u00e9t k\u00f6vet\u0151en gy\u00f3gyszeres \u00e9s\/vagy injekci\u00f3s petef\u00e9szek stimul\u00e1ci\u00f3t v\u00e9gz\u00fcnk. Ebben az esetben is a hormonszint emelked\u00e9s \u00e9s a t\u00fcsz\u0151n\u00f6veked\u00e9s \u00fcteme hat\u00e1rozza meg az t\u00fcsz\u0151(k) megreped\u00e9s\u00e9t kiv\u00e1lt\u00f3 injekci\u00f3 ad\u00e1s\u00e1nak id\u0151pontj\u00e1t, mely egy\u00fattal \u00a0az ond\u00f3 felhelyez\u00e9s\u00e9nek id\u0151pontj\u00e1t is eld\u00f6nti.<\/p>\n<p style=\"text-align: justify\">Az inszemin\u00e1ci\u00f3 napj\u00e1nak reggel\u00e9n a p\u00e1r f\u00e9rfi tagja oszt\u00e1lyunk k\u00fcl\u00f6n helyis\u00e9g\u00e9ben \u00f6nkiel\u00e9g\u00edt\u00e9s \u00fatj\u00e1n ond\u00f3mint\u00e1t ad, melynek vizsg\u00e1lata \u00e9s feldolgoz\u00e1sa az embriol\u00f3giai laborban t\u00f6rt\u00e9nik.<\/p>\n<p style=\"text-align: justify\">A beavatkoz\u00e1s egy rutin n\u0151gy\u00f3gy\u00e1szati vizsg\u00e1latnak megfelel\u0151en, ambul\u00e1ns keretek k\u00f6z\u00f6tt zajlik. A h\u00fcvely felt\u00e1r\u00e1s\u00e1t k\u00f6vet\u0151en a feldolgozott ond\u00f3mint\u00e1t a m\u00e9hsz\u00e1jon kereszt\u00fcl, l\u00e1gy kat\u00e9ter seg\u00edts\u00e9g\u00e9vel juttatjuk k\u00f6zvetlen\u00fcl a m\u00e9h \u00fcreg\u00e9be. A folyamat f\u00e1jdalommentes, r\u00f6vid, oszt\u00e1lyunkon t\u00f6lt\u00f6tt pihen\u0151 ut\u00e1n t\u00e1vozhat a beteg \u00e9s k\u00fcl\u00f6n\u00f6sebb \u00e9letm\u00f3dbeli korl\u00e1toz\u00e1sok n\u00e9lk\u00fcl folytathatja mindennapi \u00e9let\u00e9t.<\/p>\n<figure id=\"attachment_1637\" aria-describedby=\"caption-attachment-1637\" style=\"width: 893px\" class=\"wp-caption aligncenter\"><img loading=\"lazy\" decoding=\"async\" class=\"wp-image-1637\" src=\"https:\/\/semmelweis.hu\/asszisztaltreprodukcio\/files\/2020\/04\/5.-stim-eliui-400x270.jpg\" alt=\"\" width=\"893\" height=\"603\" srcset=\"https:\/\/semmelweis.hu\/asszisztaltreprodukcio\/files\/2020\/04\/5.-stim-eliui-400x270.jpg 400w, https:\/\/semmelweis.hu\/asszisztaltreprodukcio\/files\/2020\/04\/5.-stim-eliui-1024x690.jpg 1024w, https:\/\/semmelweis.hu\/asszisztaltreprodukcio\/files\/2020\/04\/5.-stim-eliui-768x518.jpg 768w, https:\/\/semmelweis.hu\/asszisztaltreprodukcio\/files\/2020\/04\/5.-stim-eliui-445x300.jpg 445w, https:\/\/semmelweis.hu\/asszisztaltreprodukcio\/files\/2020\/04\/5.-stim-eliui-753x508.jpg 753w, https:\/\/semmelweis.hu\/asszisztaltreprodukcio\/files\/2020\/04\/5.-stim-eliui.jpg 1320w\" sizes=\"auto, (max-width: 893px) 100vw, 893px\" \/><figcaption id=\"caption-attachment-1637\" class=\"wp-caption-text\">Intrauterin inszemin\u00e1ci\u00f3s kezel\u00e9s protokollja <span style=\"font-size: 8pt\">Prof J. Herrero (Barcelona, Spanyolorsz\u00e1g) enged\u00e9ly\u00e9vel<\/span><\/figcaption><\/figure>\n","protected":false},"excerpt":{"rendered":"<p>Ond\u00f3felhelyez\u00e9s (inszemin\u00e1ci\u00f3): A kezel\u00e9si lehet\u0151s\u00e9gek m\u00e1sodik l\u00e9pcs\u0151foka a m\u00e9h \u00fcreg\u00e9be t\u00f6rt\u00e9n\u0151 ond\u00f3felhelyez\u00e9s, mely seg\u00edts\u00e9g\u00e9vel orvosolhatjuk \u00a0az enyhe fok\u00fa androl\u00f3giai eredet\u0171, a m\u00e9hsz\u00e1j eredet\u0171 medd\u0151s\u00e9get, de alkalmazhatjuk enyhe \u00e9s k\u00f6z\u00e9p-s\u00falyos endometri\u00f3zis eset\u00e9n is. Ennek a kezel\u00e9snek az els\u0151 l\u00e9p\u00e9sei megegyeznek a termin\u00e1lt egy\u00fcttl\u00e9t kezel\u00e9s kapcs\u00e1n fent le\u00edrtakkal. A petef\u00e9szkek ciklus elejei ellen\u0151rz\u00e9s\u00e9t k\u00f6vet\u0151en gy\u00f3gyszeres \u00e9s\/vagy injekci\u00f3s &hellip;<\/p>\n","protected":false},"author":101727,"featured_media":0,"parent":593,"menu_order":2,"comment_status":"closed","ping_status":"closed","template":"","meta":{"_acf_changed":false,"footnotes":""},"categories":[],"tags":[],"class_list":["post-712","page","type-page","status-publish","hentry"],"acf":[],"_links":{"self":[{"href":"https:\/\/semmelweis.hu\/asszisztaltreprodukcio\/wp-json\/wp\/v2\/pages\/712","targetHints":{"allow":["GET"]}}],"collection":[{"href":"https:\/\/semmelweis.hu\/asszisztaltreprodukcio\/wp-json\/wp\/v2\/pages"}],"about":[{"href":"https:\/\/semmelweis.hu\/asszisztaltreprodukcio\/wp-json\/wp\/v2\/types\/page"}],"author":[{"embeddable":true,"href":"https:\/\/semmelweis.hu\/asszisztaltreprodukcio\/wp-json\/wp\/v2\/users\/101727"}],"replies":[{"embeddable":true,"href":"https:\/\/semmelweis.hu\/asszisztaltreprodukcio\/wp-json\/wp\/v2\/comments?post=712"}],"version-history":[{"count":9,"href":"https:\/\/semmelweis.hu\/asszisztaltreprodukcio\/wp-json\/wp\/v2\/pages\/712\/revisions"}],"predecessor-version":[{"id":1641,"href":"https:\/\/semmelweis.hu\/asszisztaltreprodukcio\/wp-json\/wp\/v2\/pages\/712\/revisions\/1641"}],"up":[{"embeddable":true,"href":"https:\/\/semmelweis.hu\/asszisztaltreprodukcio\/wp-json\/wp\/v2\/pages\/593"}],"wp:attachment":[{"href":"https:\/\/semmelweis.hu\/asszisztaltreprodukcio\/wp-json\/wp\/v2\/media?parent=712"}],"wp:term":[{"taxonomy":"category","embeddable":true,"href":"https:\/\/semmelweis.hu\/asszisztaltreprodukcio\/wp-json\/wp\/v2\/categories?post=712"},{"taxonomy":"post_tag","embeddable":true,"href":"https:\/\/semmelweis.hu\/asszisztaltreprodukcio\/wp-json\/wp\/v2\/tags?post=712"}],"curies":[{"name":"wp","href":"https:\/\/api.w.org\/{rel}","templated":true}]}}