{"id":250,"date":"2015-02-18T13:02:52","date_gmt":"2015-02-18T12:02:52","guid":{"rendered":"http:\/\/semmelweis.hu\/asszisztaltreprodukcio\/?page_id=250"},"modified":"2020-05-25T19:46:25","modified_gmt":"2020-05-25T17:46:25","slug":"tortenet","status":"publish","type":"page","link":"https:\/\/semmelweis.hu\/asszisztaltreprodukcio\/osztaly\/tortenet\/","title":{"rendered":"T\u00f6rt\u00e9net\u00fcnk"},"content":{"rendered":"<p style=\"text-align: justify\">1992-ben Dr. Urbancsek J\u00e1nos a Heidelbergi Ruprecht-Karls\u201d Egyetem N\u0151i Klinika, N\u0151gy\u00f3gy\u00e1szati Endokrinol\u00f3giai Oszt\u00e1ly\u00e1n elt\u00f6lt\u00f6tt \u00f6t \u00e9ves \u00f6szt\u00f6nd\u00edjas tart\u00f3zkod\u00e1s\u00e1r\u00f3l visszat\u00e9rve a Semmelweis Egyetem I. sz. Sz\u00fcl\u00e9szeti \u00e9s N\u0151gy\u00f3gy\u00e1szati Klinik\u00e1n egy \u00faj oszt\u00e1lynak, az Assziszt\u00e1lt Reprodukci\u00f3s Oszt\u00e1lynak kialak\u00edt\u00e1s\u00e1t kezdte el a klinika akkori igazgat\u00f3j\u00e1nak, Dr. Papp Zolt\u00e1n professzornak a t\u00e1mogat\u00e1sa \u00e9s ir\u00e1ny\u00edt\u00e1sa mellett.<\/p>\n<p style=\"text-align: justify\">Az oszt\u00e1ly l\u00e9trehoz\u00e1s\u00e1hoz \u00e9s m\u0171k\u00f6dtet\u00e9s\u00e9hez sz\u00fcks\u00e9ges szakmai ismereteket a heidelbergi tart\u00f3zkod\u00e1s tette lehet\u0151v\u00e9, \u00e9s a sz\u00fcks\u00e9ges anyagi forr\u00e1sokat is d\u00f6nt\u0151en a heildelbergi illetve egy\u00e9b nemzetk\u00f6zi kapcsolatain \u00e9s p\u00e1ly\u00e1zatokon kereszt\u00fcl teremtette meg a klinika<span style=\"color: #000000\">.<\/span><\/p>\n<p style=\"text-align: justify\"><img loading=\"lazy\" decoding=\"async\" class=\"wp-image-2066 alignright\" src=\"https:\/\/semmelweis.hu\/asszisztaltreprodukcio\/files\/2020\/05\/tabl\u00f32020-278x400.jpg\" alt=\"\" width=\"361\" height=\"519\" srcset=\"https:\/\/semmelweis.hu\/asszisztaltreprodukcio\/files\/2020\/05\/tabl\u00f32020-278x400.jpg 278w, https:\/\/semmelweis.hu\/asszisztaltreprodukcio\/files\/2020\/05\/tabl\u00f32020-711x1024.jpg 711w, https:\/\/semmelweis.hu\/asszisztaltreprodukcio\/files\/2020\/05\/tabl\u00f32020-208x300.jpg 208w, https:\/\/semmelweis.hu\/asszisztaltreprodukcio\/files\/2020\/05\/tabl\u00f32020.jpg 746w\" sizes=\"auto, (max-width: 361px) 100vw, 361px\" \/>Oszt\u00e1lyunk, &#8211; mely m\u0171k\u00f6d\u00e9se 1994 elej\u00e9n indult &#8211; f\u0151 profilja az Egyetemen azel\u0151tt m\u00e9g nem v\u00e9gzett szervezeten k\u00edv\u00fcli megterm\u00e9keny\u00edt\u00e9s bevezet\u00e9se majd rutinszer\u0171 alkalmaz\u00e1sa, \u00e1ltal\u00e1nos medd\u0151s\u00e9gi diagnosztikus \u00e9s ter\u00e1pi\u00e1s m\u00f3dszerek alkalmaz\u00e1sa, valamint a t\u00e9ma (hum\u00e1n assziszt\u00e1lt reprodukci\u00f3) tudom\u00e1nyos kutat\u00e1sa \u00e9s oktat\u00e1sa. 1995-ben Assziszt\u00e1lt Reprodukci\u00f3 \u00e9s N\u0151gy\u00f3gy\u00e1szati Endokrinol\u00f3gia c\u00edmmel tant\u00e1rgyat ind\u00edtottunk az Egyetemen, mely kezdetben szabadon v\u00e1laszthat\u00f3, majd k\u00e9s\u0151bb \u00e9s jelenleg is k\u00f6telez\u0151en v\u00e1laszthat\u00f3 kreditpontos t\u00e1rgyk\u00e9nt ker\u00fcl meghirdet\u00e9sre.<\/p>\n<p style=\"text-align: justify\">Az oszt\u00e1ly sikeres indul\u00e1s\u00e1nak eredm\u00e9nyek\u00e9nt 1995 febru\u00e1rj\u00e1ban sz\u00fcletett meg az Egyetem els\u0151 lombikb\u00e9bije.<\/p>\n<p style=\"text-align: justify\">Az az\u00f3ta eltelt <a href=\"https:\/\/semmelweis.hu\/asszisztaltreprodukcio\/category\/25-ev\/\">25 \u00e9v<\/a> sor\u00e1n t\u00f6bb, mint 10.000 medd\u0151 p\u00e1r kereste fel oszt\u00e1lyunkat \u00e9s az elv\u00e9gzett IVF kezel\u00e9sek eredm\u00e9nyek\u00e9nt k\u00f6zel k\u00e9tezer gyermek sz\u00fcletett, a kezel\u00e9sek eredm\u00e9nyess\u00e9ge pedig nemzetk\u00f6zi viszonylatban is kiemelked\u0151nek tekinthet\u0151.<\/p>\n<p>K\u00f6z\u00f6ss\u00e9g\u00fcnk a kezdetekt\u0151l &#8230;\u00a0<\/p>\n\r\n        [slb_exclude]\r\n        <div class=\"row galeria-wrapper mx-0 h-auto\">\r\n            <div class=\"col-9 pl-0 pr-2\">\r\n            <span class=\"gallery-item frame\">\r\n\t\t\t\t<div class=\"galeria-left-img\"><a href=\"https:\/\/semmelweis.hu\/asszisztaltreprodukcio\/files\/2020\/05\/tabl\u00f32020.jpg\"><img src=https:\/\/semmelweis.hu\/asszisztaltreprodukcio\/files\/2020\/05\/tabl\u00f32020.jpg  \r\n                            alt=\"\" \r\n                            class=\"attachment-sote-gallery-big size-sote-gallery-big\" \r\n                            srcset=\"https:\/\/semmelweis.hu\/asszisztaltreprodukcio\/files\/2020\/05\/tabl\u00f32020-278x400.jpg 278w, https:\/\/semmelweis.hu\/asszisztaltreprodukcio\/files\/2020\/05\/tabl\u00f32020-711x1024.jpg 711w, https:\/\/semmelweis.hu\/asszisztaltreprodukcio\/files\/2020\/05\/tabl\u00f32020-208x300.jpg 208w, https:\/\/semmelweis.hu\/asszisztaltreprodukcio\/files\/2020\/05\/tabl\u00f32020.jpg 746w\" ><\/a><\/div>\r\n            <\/span>\r\n\r\n            <\/div>\r\n\r\n\t\t\t<div class=\"col-3 pl-0 pr-0\">\r\n\t\t\t\t<div class=\"galeria-right-img d-flex justify-content-between flex-column h-100 w-100 px-0 mx-0 \">\r\n                <div class=\"galeria-box\">\r\n\t\t\t\t\t<h3 class=\"galeria-title\">Gal\u00e9ria<\/h3>\r\n\t\t\t\t\t<div class=\"galeria-subtitle\">\r\n\r\n\t\t\t\t\t\t<div class=\"galeria-page-counter\"><span>8<\/span>k\u00e9p<\/div>\r\n                    <\/div> <\/div>\r\n                    <span class=\"gallery-item frame d-none d-md-flex\">\r\n\t\t\t\t\t<div class=\"galeria-small-img mt-0\"><a href=\"https:\/\/semmelweis.hu\/asszisztaltreprodukcio\/files\/2020\/03\/tabl\u00f301.jpg\"><img src=https:\/\/semmelweis.hu\/asszisztaltreprodukcio\/files\/2020\/03\/tabl\u00f301.jpg \r\n                                alt=\"\"  \r\n                                class=\"attachment-sote-gallery-small size-sote-gallery-small\" \r\n                                srcset=\"https:\/\/semmelweis.hu\/asszisztaltreprodukcio\/files\/2020\/03\/tabl\u00f301-300x241.jpg 300w, https:\/\/semmelweis.hu\/asszisztaltreprodukcio\/files\/2020\/03\/tabl\u00f301-1024x824.jpg 1024w, https:\/\/semmelweis.hu\/asszisztaltreprodukcio\/files\/2020\/03\/tabl\u00f301-768x618.jpg 768w, https:\/\/semmelweis.hu\/asszisztaltreprodukcio\/files\/2020\/03\/tabl\u00f301-373x300.jpg 373w, https:\/\/semmelweis.hu\/asszisztaltreprodukcio\/files\/2020\/03\/tabl\u00f301.jpg 1307w\" ><\/a><\/div>\r\n                    <\/span>\r\n                    <span class=\"gallery-item frame d-none d-md-flex\">\r\n\t\t\t\t\t<div class=\"galeria-small-img mt-0\"><a href=\"https:\/\/semmelweis.hu\/asszisztaltreprodukcio\/files\/2020\/03\/tabl\u00f302.jpg\"><img src=https:\/\/semmelweis.hu\/asszisztaltreprodukcio\/files\/2020\/03\/tabl\u00f302.jpg \r\n                                alt=\"\" \r\n                                class=\"attachment-sote-gallery-small size-sote-gallery-small\" \r\n                                srcset=\"https:\/\/semmelweis.hu\/asszisztaltreprodukcio\/files\/2020\/03\/tabl\u00f302-300x255.jpg 300w, https:\/\/semmelweis.hu\/asszisztaltreprodukcio\/files\/2020\/03\/tabl\u00f302-768x654.jpg 768w, https:\/\/semmelweis.hu\/asszisztaltreprodukcio\/files\/2020\/03\/tabl\u00f302-352x300.jpg 352w, https:\/\/semmelweis.hu\/asszisztaltreprodukcio\/files\/2020\/03\/tabl\u00f302.jpg 829w\" ><\/a><\/div>\r\n                    <\/span>\r\n\r\n                <\/div>\r\n\r\n            <\/div>\r\n\r\n            <span class=\"gallery-item\"><div class=\"hidden\"><a href=\"https:\/\/semmelweis.hu\/asszisztaltreprodukcio\/files\/2020\/03\/tabl\u00f303.jpg\">\r\n        <img src=https:\/\/semmelweis.hu\/asszisztaltreprodukcio\/files\/2020\/03\/tabl\u00f303.jpg alt=\"\" class=\"attachment-sote-gallery-big size-sote-gallery-big\" srcset=\"https:\/\/semmelweis.hu\/asszisztaltreprodukcio\/files\/2020\/03\/tabl\u00f303-300x193.jpg 300w, https:\/\/semmelweis.hu\/asszisztaltreprodukcio\/files\/2020\/03\/tabl\u00f303-1024x657.jpg 1024w, https:\/\/semmelweis.hu\/asszisztaltreprodukcio\/files\/2020\/03\/tabl\u00f303-768x493.jpg 768w, https:\/\/semmelweis.hu\/asszisztaltreprodukcio\/files\/2020\/03\/tabl\u00f303-467x300.jpg 467w, https:\/\/semmelweis.hu\/asszisztaltreprodukcio\/files\/2020\/03\/tabl\u00f303-1536x986.jpg 1536w, https:\/\/semmelweis.hu\/asszisztaltreprodukcio\/files\/2020\/03\/tabl\u00f303-2048x1315.jpg 2048w\" >\r\n        <\/a><\/div><\/span><span class=\"gallery-item\"><div class=\"hidden\"><a href=\"https:\/\/semmelweis.hu\/asszisztaltreprodukcio\/files\/2020\/03\/tabl\u00f304.jpg\">\r\n        <img src=https:\/\/semmelweis.hu\/asszisztaltreprodukcio\/files\/2020\/03\/tabl\u00f304.jpg alt=\"\" class=\"attachment-sote-gallery-big size-sote-gallery-big\" srcset=\"https:\/\/semmelweis.hu\/asszisztaltreprodukcio\/files\/2020\/03\/tabl\u00f304-300x158.jpg 300w, https:\/\/semmelweis.hu\/asszisztaltreprodukcio\/files\/2020\/03\/tabl\u00f304-1024x538.jpg 1024w, https:\/\/semmelweis.hu\/asszisztaltreprodukcio\/files\/2020\/03\/tabl\u00f304-768x404.jpg 768w, https:\/\/semmelweis.hu\/asszisztaltreprodukcio\/files\/2020\/03\/tabl\u00f304-571x300.jpg 571w, https:\/\/semmelweis.hu\/asszisztaltreprodukcio\/files\/2020\/03\/tabl\u00f304-1536x808.jpg 1536w, https:\/\/semmelweis.hu\/asszisztaltreprodukcio\/files\/2020\/03\/tabl\u00f304.jpg 1898w\" >\r\n        <\/a><\/div><\/span><span class=\"gallery-item\"><div class=\"hidden\"><a href=\"https:\/\/semmelweis.hu\/asszisztaltreprodukcio\/files\/2020\/03\/tabl\u00f306.jpg\">\r\n        <img src=https:\/\/semmelweis.hu\/asszisztaltreprodukcio\/files\/2020\/03\/tabl\u00f306.jpg alt=\"\" class=\"attachment-sote-gallery-big size-sote-gallery-big\" srcset=\"https:\/\/semmelweis.hu\/asszisztaltreprodukcio\/files\/2020\/03\/tabl\u00f306-300x193.jpg 300w, https:\/\/semmelweis.hu\/asszisztaltreprodukcio\/files\/2020\/03\/tabl\u00f306-1024x659.jpg 1024w, https:\/\/semmelweis.hu\/asszisztaltreprodukcio\/files\/2020\/03\/tabl\u00f306-768x494.jpg 768w, https:\/\/semmelweis.hu\/asszisztaltreprodukcio\/files\/2020\/03\/tabl\u00f306-466x300.jpg 466w, https:\/\/semmelweis.hu\/asszisztaltreprodukcio\/files\/2020\/03\/tabl\u00f306-1536x989.jpg 1536w, https:\/\/semmelweis.hu\/asszisztaltreprodukcio\/files\/2020\/03\/tabl\u00f306.jpg 1886w\" >\r\n        <\/a><\/div><\/span><span class=\"gallery-item\"><div class=\"hidden\"><a href=\"https:\/\/semmelweis.hu\/asszisztaltreprodukcio\/files\/2020\/03\/tabl\u00f307.jpg\">\r\n        <img src=https:\/\/semmelweis.hu\/asszisztaltreprodukcio\/files\/2020\/03\/tabl\u00f307.jpg alt=\"\" class=\"attachment-sote-gallery-big size-sote-gallery-big\" srcset=\"https:\/\/semmelweis.hu\/asszisztaltreprodukcio\/files\/2020\/03\/tabl\u00f307-300x181.jpg 300w, https:\/\/semmelweis.hu\/asszisztaltreprodukcio\/files\/2020\/03\/tabl\u00f307-1024x617.jpg 1024w, https:\/\/semmelweis.hu\/asszisztaltreprodukcio\/files\/2020\/03\/tabl\u00f307-768x463.jpg 768w, https:\/\/semmelweis.hu\/asszisztaltreprodukcio\/files\/2020\/03\/tabl\u00f307-498x300.jpg 498w, https:\/\/semmelweis.hu\/asszisztaltreprodukcio\/files\/2020\/03\/tabl\u00f307-1536x925.jpg 1536w, https:\/\/semmelweis.hu\/asszisztaltreprodukcio\/files\/2020\/03\/tabl\u00f307-2048x1234.jpg 2048w\" >\r\n        <\/a><\/div><\/span><span class=\"gallery-item\"><div class=\"hidden\"><a href=\"https:\/\/semmelweis.hu\/asszisztaltreprodukcio\/files\/2020\/03\/ARO-tabl\u00f3-2013-scaled.jpg\">\r\n        <img src=https:\/\/semmelweis.hu\/asszisztaltreprodukcio\/files\/2020\/03\/ARO-tabl\u00f3-2013-scaled.jpg alt=\"\" class=\"attachment-sote-gallery-big size-sote-gallery-big\" srcset=\"https:\/\/semmelweis.hu\/asszisztaltreprodukcio\/files\/2020\/03\/ARO-tabl\u00f3-2013-300x188.jpg 300w, https:\/\/semmelweis.hu\/asszisztaltreprodukcio\/files\/2020\/03\/ARO-tabl\u00f3-2013-1024x640.jpg 1024w, https:\/\/semmelweis.hu\/asszisztaltreprodukcio\/files\/2020\/03\/ARO-tabl\u00f3-2013-768x480.jpg 768w, https:\/\/semmelweis.hu\/asszisztaltreprodukcio\/files\/2020\/03\/ARO-tabl\u00f3-2013-480x300.jpg 480w, https:\/\/semmelweis.hu\/asszisztaltreprodukcio\/files\/2020\/03\/ARO-tabl\u00f3-2013-1536x960.jpg 1536w, https:\/\/semmelweis.hu\/asszisztaltreprodukcio\/files\/2020\/03\/ARO-tabl\u00f3-2013-2048x1280.jpg 2048w\" >\r\n        <\/a><\/div><\/span>\r\n            <\/div>\r\n\r\n            [\/slb_exclude]\r\n\t\n<p>&nbsp;<\/p>\n<p>&nbsp;<\/p>\n","protected":false},"excerpt":{"rendered":"<p>1992-ben Dr. Urbancsek J\u00e1nos a Heidelbergi Ruprecht-Karls\u201d Egyetem N\u0151i Klinika, N\u0151gy\u00f3gy\u00e1szati Endokrinol\u00f3giai Oszt\u00e1ly\u00e1n elt\u00f6lt\u00f6tt \u00f6t \u00e9ves \u00f6szt\u00f6nd\u00edjas tart\u00f3zkod\u00e1s\u00e1r\u00f3l visszat\u00e9rve a Semmelweis Egyetem I. sz. Sz\u00fcl\u00e9szeti \u00e9s N\u0151gy\u00f3gy\u00e1szati Klinik\u00e1n egy \u00faj oszt\u00e1lynak, az Assziszt\u00e1lt Reprodukci\u00f3s Oszt\u00e1lynak kialak\u00edt\u00e1s\u00e1t kezdte el a klinika akkori igazgat\u00f3j\u00e1nak, Dr. Papp Zolt\u00e1n professzornak a t\u00e1mogat\u00e1sa \u00e9s ir\u00e1ny\u00edt\u00e1sa mellett. Az oszt\u00e1ly l\u00e9trehoz\u00e1s\u00e1hoz \u00e9s &hellip;<\/p>\n","protected":false},"author":148,"featured_media":0,"parent":12,"menu_order":1,"comment_status":"open","ping_status":"open","template":"","meta":{"_acf_changed":false,"footnotes":""},"categories":[],"tags":[],"class_list":["post-250","page","type-page","status-publish","hentry"],"acf":[],"_links":{"self":[{"href":"https:\/\/semmelweis.hu\/asszisztaltreprodukcio\/wp-json\/wp\/v2\/pages\/250","targetHints":{"allow":["GET"]}}],"collection":[{"href":"https:\/\/semmelweis.hu\/asszisztaltreprodukcio\/wp-json\/wp\/v2\/pages"}],"about":[{"href":"https:\/\/semmelweis.hu\/asszisztaltreprodukcio\/wp-json\/wp\/v2\/types\/page"}],"author":[{"embeddable":true,"href":"https:\/\/semmelweis.hu\/asszisztaltreprodukcio\/wp-json\/wp\/v2\/users\/148"}],"replies":[{"embeddable":true,"href":"https:\/\/semmelweis.hu\/asszisztaltreprodukcio\/wp-json\/wp\/v2\/comments?post=250"}],"version-history":[{"count":12,"href":"https:\/\/semmelweis.hu\/asszisztaltreprodukcio\/wp-json\/wp\/v2\/pages\/250\/revisions"}],"predecessor-version":[{"id":2068,"href":"https:\/\/semmelweis.hu\/asszisztaltreprodukcio\/wp-json\/wp\/v2\/pages\/250\/revisions\/2068"}],"up":[{"embeddable":true,"href":"https:\/\/semmelweis.hu\/asszisztaltreprodukcio\/wp-json\/wp\/v2\/pages\/12"}],"wp:attachment":[{"href":"https:\/\/semmelweis.hu\/asszisztaltreprodukcio\/wp-json\/wp\/v2\/media?parent=250"}],"wp:term":[{"taxonomy":"category","embeddable":true,"href":"https:\/\/semmelweis.hu\/asszisztaltreprodukcio\/wp-json\/wp\/v2\/categories?post=250"},{"taxonomy":"post_tag","embeddable":true,"href":"https:\/\/semmelweis.hu\/asszisztaltreprodukcio\/wp-json\/wp\/v2\/tags?post=250"}],"curies":[{"name":"wp","href":"https:\/\/api.w.org\/{rel}","templated":true}]}}