{"id":2039,"date":"2020-05-18T11:20:03","date_gmt":"2020-05-18T09:20:03","guid":{"rendered":"https:\/\/semmelweis.hu\/asszisztaltreprodukcio\/?page_id=2039"},"modified":"2020-05-18T12:15:42","modified_gmt":"2020-05-18T10:15:42","slug":"a-noi-termekenyseg-megorzese","status":"publish","type":"page","link":"https:\/\/semmelweis.hu\/asszisztaltreprodukcio\/pacienseknek\/termekenyseg-megorzes\/a-noi-termekenyseg-megorzese\/","title":{"rendered":"A n\u0151i term\u00e9kenys\u00e9g meg\u0151rz\u00e9se"},"content":{"rendered":"<p style=\"text-align: justify\">Rosszindulat\u00fa daganatos betegs\u00e9gek gy\u00f3gy\u00edt\u00e1sakor alkalmazott kemoter\u00e1pia vagy sug\u00e1rkezel\u00e9s, vagy bizonyos n\u0151gy\u00f3gy\u00e1szati betegs\u00e9gek sor\u00e1n v\u00e9gzett m\u0171t\u00e9tek a petef\u00e9szek m\u0171k\u00f6d\u00e9s\u00e9nek \u00e1tmeneti vagy v\u00e9gleges k\u00e1rosod\u00e1s\u00e1t eredm\u00e9nyezhetik. Ez mind a hormontermel\u00e9s, mind pedig a petesejt \u00e9r\u00e9s teljes le\u00e1ll\u00e1s\u00e1t, korai petef\u00e9szek el\u00e9gtelens\u00e9get eredm\u00e9nyezhet. Azoknak a betegeknek, akik m\u00e9g gyermekv\u00e1llal\u00e1st terveznek \u00e9s szeretn\u00e9k megel\u0151zni ezt az \u00e1llapotot, t\u00f6bbf\u00e9le lehet\u0151s\u00e9g\u00fck is van term\u00e9kenys\u00e9g\u00fck meg\u0151rz\u00e9s\u00e9re. Sor ker\u00fclhet embri\u00f3, petesejt vagy petef\u00e9szeksz\u00f6vet m\u00e9lyfagyaszt\u00e1sra \u00e9s t\u00e1rol\u00e1sra. Valamennyi m\u00f3dszern\u00e9l fontos, hogy a beavatkoz\u00e1sra m\u00e9g a petef\u00e9szek m\u0171k\u00f6d\u00e9s\u00e9t k\u00e1ros\u00edt\u00f3 beavatkoz\u00e1s el\u0151tt sor ker\u00fclj\u00f6n.<\/p>\n<p style=\"text-align: justify\">Az IVF kezel\u00e9s sor\u00e1n l\u00e9trehozott<a href=\"https:\/\/semmelweis.hu\/asszisztaltreprodukcio\/embriologia\/embriofagyasztas-vitrifikacio\/\"> <strong>embri\u00f3k fagyaszt\u00e1sa<\/strong> <\/a>\u00e9vtizedek \u00f3ta rutinszer\u0171en alkalmazott, hat\u00e9kony megold\u00e1s. A term\u00e9kenys\u00e9g meg\u0151rz\u00e9s\u00e9ben azonban csak korl\u00e1tozottan alkalmazhat\u00f3. A rosszindulat\u00fa daganatos betegs\u00e9gek eset\u00e9ben ugyanis sokszor csak nagyon r\u00f6vid id\u0151 \u00e1ll rendelkez\u00e9sre a kezel\u00e9sek megkezd\u00e9se el\u0151tt. Az IVF kezel\u00e9s folyamata viszont t\u00f6bb hetet is ig\u00e9nybe vehet. Csak azokn\u00e1l a betegekn\u00e9l j\u00f6n sz\u00f3ba, akiknek van f\u00e9rfi partner\u00fck (f\u00e9rj, \u00e9lett\u00e1rs). Az IVF kezel\u00e9s sor\u00e1n csak korl\u00e1tozott sz\u00e1mban tudunk l\u00e9trehozni embri\u00f3kat. Ha azok k\u00e9s\u0151bbi be\u00fcltet\u00e9se nem vezet eredm\u00e9nyre, akkor tov\u00e1bbi lehet\u0151s\u00e9g nincs a gyermekv\u00e1llal\u00e1s biztos\u00edt\u00e1s\u00e1ra.<\/p>\n<p style=\"text-align: justify\">A m\u00e1sik lehet\u0151s\u00e9g a <strong>petesejtek fagyaszt\u00e1sa<\/strong>. Ma m\u00e1r ez a m\u00f3dszer az embri\u00f3fagyaszt\u00e1shoz hasonl\u00f3 hat\u00e9konys\u00e1ggal m\u0171k\u00f6dik. H\u00e1tr\u00e1nya, hogy az embri\u00f3 fagyaszt\u00e1shoz hasonl\u00f3an itt is t\u00f6bb hetet vehet ig\u00e9nybe a kezel\u00e9s el\u0151k\u00e9sz\u00edt\u00e9se \u00e9s a petesejtnyer\u00e9s elv\u00e9gz\u00e9se, amire nem biztos, hogy van id\u0151 egy <strong>onkol\u00f3gia betegs\u00e9g kezel\u00e9se el\u0151tt.<\/strong> El\u0151nye az embri\u00f3 fagyaszt\u00e1ssal szemben az, hogy olyan n\u0151kn\u00e9l is alkalmazhat\u00f3, akik m\u00e9g nem rendelkeznek f\u00e9rfi partnerrel.<\/p>\n<p style=\"text-align: justify\">A harmadik lehet\u0151s\u00e9g a <strong>petef\u00e9szeksz\u00f6vet fagyaszt\u00e1s \u00e9s transzplant\u00e1ci\u00f3<\/strong>. A m\u00f3dszer l\u00e9nyege, hogy az <strong>ivarsejteket k\u00e1ros\u00edt\u00f3 beavatkoz\u00e1s el\u0151tt laparaszk\u00f3pos m\u0171t\u00e9t sor\u00e1n<\/strong> kivessz\u00fck a petef\u00e9szek egy r\u00e9sz\u00e9t. A sz\u00f6vetmint\u00e1t az Embriol\u00f3giai Laborat\u00f3riumban feldolgozzuk \u00e9s az \u00e9retlen t\u00fcsz\u0151ket tartalmaz\u00f3 r\u00e9sz\u00e9t kisebb r\u00e9szekre osztva lefagyasztjuk. A fagyasztott sz\u00f6vetmint\u00e1k \u00e9veken kereszt\u00fcl meg\u0151rzik \u00e9letk\u00e9pess\u00e9g\u00fcket. Egy k\u00e9s\u0151bbi id\u0151pontban a fagyasztott-felolvasztott sz\u00f6vetmint\u00e1kat vissza\u00fcltetj\u00fck, \u00e9s vissza\u00e1llhat a petef\u00e9szek norm\u00e1lis hormontermel\u00e9se \u00e9s petesejt termel\u00e9se is, \u00edgy lehet\u0151s\u00e9g ny\u00edlik a gyermekv\u00e1llal\u00e1sra.<\/p>\n<p style=\"text-align: justify\">Az elj\u00e1r\u00e1st oszt\u00e1lyunkon egy kutat\u00e1si program keret\u00e9ben, a megfelel\u0151 szakhat\u00f3s\u00e1gi enged\u00e9lyek birtok\u00e1ban v\u00e9gezz\u00fck. A kutat\u00e1si programban t\u00f6rt\u00e9n\u0151 r\u00e9szv\u00e9tel nem jelent k\u00f6lts\u00e9get a betegek sz\u00e1m\u00e1ra. A beavatkoz\u00e1s ir\u00e1nt \u00e9rdekl\u0151d\u0151k a 06 20\u00a0825 4278-as telefonsz\u00e1mon tudnak id\u0151pontot k\u00e9rni.<\/p>\n","protected":false},"excerpt":{"rendered":"<p>Rosszindulat\u00fa daganatos betegs\u00e9gek gy\u00f3gy\u00edt\u00e1sakor alkalmazott kemoter\u00e1pia vagy sug\u00e1rkezel\u00e9s, vagy bizonyos n\u0151gy\u00f3gy\u00e1szati betegs\u00e9gek sor\u00e1n v\u00e9gzett m\u0171t\u00e9tek a petef\u00e9szek m\u0171k\u00f6d\u00e9s\u00e9nek \u00e1tmeneti vagy v\u00e9gleges k\u00e1rosod\u00e1s\u00e1t eredm\u00e9nyezhetik. Ez mind a hormontermel\u00e9s, mind pedig a petesejt \u00e9r\u00e9s teljes le\u00e1ll\u00e1s\u00e1t, korai petef\u00e9szek el\u00e9gtelens\u00e9get eredm\u00e9nyezhet. Azoknak a betegeknek, akik m\u00e9g gyermekv\u00e1llal\u00e1st terveznek \u00e9s szeretn\u00e9k megel\u0151zni ezt az \u00e1llapotot, t\u00f6bbf\u00e9le lehet\u0151s\u00e9g\u00fck is van &hellip;<\/p>\n","protected":false},"author":101727,"featured_media":0,"parent":2034,"menu_order":2,"comment_status":"closed","ping_status":"closed","template":"","meta":{"_acf_changed":false,"footnotes":""},"categories":[],"tags":[],"class_list":["post-2039","page","type-page","status-publish","hentry"],"acf":[],"_links":{"self":[{"href":"https:\/\/semmelweis.hu\/asszisztaltreprodukcio\/wp-json\/wp\/v2\/pages\/2039","targetHints":{"allow":["GET"]}}],"collection":[{"href":"https:\/\/semmelweis.hu\/asszisztaltreprodukcio\/wp-json\/wp\/v2\/pages"}],"about":[{"href":"https:\/\/semmelweis.hu\/asszisztaltreprodukcio\/wp-json\/wp\/v2\/types\/page"}],"author":[{"embeddable":true,"href":"https:\/\/semmelweis.hu\/asszisztaltreprodukcio\/wp-json\/wp\/v2\/users\/101727"}],"replies":[{"embeddable":true,"href":"https:\/\/semmelweis.hu\/asszisztaltreprodukcio\/wp-json\/wp\/v2\/comments?post=2039"}],"version-history":[{"count":4,"href":"https:\/\/semmelweis.hu\/asszisztaltreprodukcio\/wp-json\/wp\/v2\/pages\/2039\/revisions"}],"predecessor-version":[{"id":2050,"href":"https:\/\/semmelweis.hu\/asszisztaltreprodukcio\/wp-json\/wp\/v2\/pages\/2039\/revisions\/2050"}],"up":[{"embeddable":true,"href":"https:\/\/semmelweis.hu\/asszisztaltreprodukcio\/wp-json\/wp\/v2\/pages\/2034"}],"wp:attachment":[{"href":"https:\/\/semmelweis.hu\/asszisztaltreprodukcio\/wp-json\/wp\/v2\/media?parent=2039"}],"wp:term":[{"taxonomy":"category","embeddable":true,"href":"https:\/\/semmelweis.hu\/asszisztaltreprodukcio\/wp-json\/wp\/v2\/categories?post=2039"},{"taxonomy":"post_tag","embeddable":true,"href":"https:\/\/semmelweis.hu\/asszisztaltreprodukcio\/wp-json\/wp\/v2\/tags?post=2039"}],"curies":[{"name":"wp","href":"https:\/\/api.w.org\/{rel}","templated":true}]}}