{"id":2036,"date":"2020-05-18T11:18:49","date_gmt":"2020-05-18T09:18:49","guid":{"rendered":"https:\/\/semmelweis.hu\/asszisztaltreprodukcio\/?page_id=2036"},"modified":"2020-05-19T10:36:31","modified_gmt":"2020-05-19T08:36:31","slug":"ferfi-termekenyseg-megorzes","status":"publish","type":"page","link":"https:\/\/semmelweis.hu\/asszisztaltreprodukcio\/pacienseknek\/termekenyseg-megorzes\/ferfi-termekenyseg-megorzes\/","title":{"rendered":"F\u00e9rfi term\u00e9kenys\u00e9g meg\u0151rz\u00e9s"},"content":{"rendered":"<p style=\"text-align: justify\">Amennyiben valamilyen beavatkoz\u00e1s sor\u00e1n fenn\u00e1ll a herem\u0171k\u00f6d\u00e9s k\u00e1rosod\u00e1s\u00e1nak es\u00e9lye, \u00fagy m\u00e9g a beavatkoz\u00e1s el\u0151tt meg kell tenni a sz\u00fcks\u00e9ges l\u00e9p\u00e9seket a h\u00edmivarsejtek meg\u0151rz\u00e9s\u00e9re. Erre t\u00f6bbf\u00e9le lehet\u0151s\u00e9g is ny\u00edlik. Reprodukt\u00edv kor\u00fa f\u00e9rfiak eset\u00e9ben az <strong>ond\u00f3minta fagyaszt\u00e1sa<\/strong> a legegyszer\u0171bb megold\u00e1s. Spermaminta fagyaszt\u00e1s\u00e1val oszt\u00e1lyunk nem foglakozik, de rendelkez\u00e9sre \u00e1llnak erre szakosodott int\u00e9zetek. Spermaminta fagyaszt\u00e1s\u00e1ra \u00e9s m\u00e9lyfagyasztott donor sperma forgalmaz\u00e1s\u00e1ra szerz\u0151d\u00f6tt partner\u00fcnk a <a href=\"https:\/\/krio.hu\/\" target=\"_blank\" rel=\"noopener noreferrer\">Krio Int\u00e9zet, <\/a>\u00a0ahol k\u00e9szs\u00e9ggel \u00e1llnak betegeink rendelkez\u00e9s\u00e9re.<\/p>\n<p style=\"text-align: justify\">Ha valamilyen okb\u00f3l ond\u00f3minta nyer\u00e9s\u00e9re nincs m\u00f3d, akkor m\u0171t\u00e9ti \u00faton a heresz\u00f6vetb\u0151l is lehet h\u00edmivarsejteket nyerni (<a href=\"https:\/\/semmelweis.hu\/asszisztaltreprodukcio\/embriologia\/andrologia\/az-ondominta-felhasznalasa-asszisztalt-reprodukcios-kezeleshez\/sebeszeti-spermiumnyeres-tese-mesa\/\">TESE beavatkoz\u00e1s, Testciular Sperm Extraction<\/a>).<\/p>\n<p style=\"text-align: justify\">A beavatkoz\u00e1s elv\u00e9gz\u00e9s\u00e9re Semmelweis Egyetem Urol\u00f3giai Klinik\u00e1j\u00e1val \u00e1llunk egy\u00fcttm\u0171k\u00f6d\u00e9sben, de m\u00e1s int\u00e9zetben elv\u00e9gzett m\u0171t\u00e9t eset\u00e9n is tudjuk fogadni a mint\u00e1kat. A sz\u00f6vetmint\u00e1t el\u0151zetes egyeztet\u00e9st k\u00f6vet\u0151en oszt\u00e1lyunk Embriol\u00f3giai Laborat\u00f3rium\u00e1ba sz\u00e1ll\u00edtjuk. Amennyiben feldolgoz\u00e1st k\u00f6vet\u0151en h\u00edmivarsejtek jelenl\u00e9t\u00e9t igazoltuk, a mint\u00e1kat k\u00e9s\u0151bbi felhaszn\u00e1l\u00e1sig fagyasztva t\u00e1roljuk.<\/p>\n","protected":false},"excerpt":{"rendered":"<p>Amennyiben valamilyen beavatkoz\u00e1s sor\u00e1n fenn\u00e1ll a herem\u0171k\u00f6d\u00e9s k\u00e1rosod\u00e1s\u00e1nak es\u00e9lye, \u00fagy m\u00e9g a beavatkoz\u00e1s el\u0151tt meg kell tenni a sz\u00fcks\u00e9ges l\u00e9p\u00e9seket a h\u00edmivarsejtek meg\u0151rz\u00e9s\u00e9re. Erre t\u00f6bbf\u00e9le lehet\u0151s\u00e9g is ny\u00edlik. Reprodukt\u00edv kor\u00fa f\u00e9rfiak eset\u00e9ben az ond\u00f3minta fagyaszt\u00e1sa a legegyszer\u0171bb megold\u00e1s. Spermaminta fagyaszt\u00e1s\u00e1val oszt\u00e1lyunk nem foglakozik, de rendelkez\u00e9sre \u00e1llnak erre szakosodott int\u00e9zetek. Spermaminta fagyaszt\u00e1s\u00e1ra \u00e9s m\u00e9lyfagyasztott donor sperma &hellip;<\/p>\n","protected":false},"author":101727,"featured_media":0,"parent":2034,"menu_order":1,"comment_status":"closed","ping_status":"closed","template":"","meta":{"_acf_changed":false,"footnotes":""},"categories":[],"tags":[],"class_list":["post-2036","page","type-page","status-publish","hentry"],"acf":[],"_links":{"self":[{"href":"https:\/\/semmelweis.hu\/asszisztaltreprodukcio\/wp-json\/wp\/v2\/pages\/2036","targetHints":{"allow":["GET"]}}],"collection":[{"href":"https:\/\/semmelweis.hu\/asszisztaltreprodukcio\/wp-json\/wp\/v2\/pages"}],"about":[{"href":"https:\/\/semmelweis.hu\/asszisztaltreprodukcio\/wp-json\/wp\/v2\/types\/page"}],"author":[{"embeddable":true,"href":"https:\/\/semmelweis.hu\/asszisztaltreprodukcio\/wp-json\/wp\/v2\/users\/101727"}],"replies":[{"embeddable":true,"href":"https:\/\/semmelweis.hu\/asszisztaltreprodukcio\/wp-json\/wp\/v2\/comments?post=2036"}],"version-history":[{"count":3,"href":"https:\/\/semmelweis.hu\/asszisztaltreprodukcio\/wp-json\/wp\/v2\/pages\/2036\/revisions"}],"predecessor-version":[{"id":2054,"href":"https:\/\/semmelweis.hu\/asszisztaltreprodukcio\/wp-json\/wp\/v2\/pages\/2036\/revisions\/2054"}],"up":[{"embeddable":true,"href":"https:\/\/semmelweis.hu\/asszisztaltreprodukcio\/wp-json\/wp\/v2\/pages\/2034"}],"wp:attachment":[{"href":"https:\/\/semmelweis.hu\/asszisztaltreprodukcio\/wp-json\/wp\/v2\/media?parent=2036"}],"wp:term":[{"taxonomy":"category","embeddable":true,"href":"https:\/\/semmelweis.hu\/asszisztaltreprodukcio\/wp-json\/wp\/v2\/categories?post=2036"},{"taxonomy":"post_tag","embeddable":true,"href":"https:\/\/semmelweis.hu\/asszisztaltreprodukcio\/wp-json\/wp\/v2\/tags?post=2036"}],"curies":[{"name":"wp","href":"https:\/\/api.w.org\/{rel}","templated":true}]}}