{"id":2034,"date":"2020-05-18T11:00:21","date_gmt":"2020-05-18T09:00:21","guid":{"rendered":"https:\/\/semmelweis.hu\/asszisztaltreprodukcio\/?page_id=2034"},"modified":"2020-05-18T12:07:41","modified_gmt":"2020-05-18T10:07:41","slug":"termekenyseg-megorzes","status":"publish","type":"page","link":"https:\/\/semmelweis.hu\/asszisztaltreprodukcio\/pacienseknek\/termekenyseg-megorzes\/","title":{"rendered":"Term\u00e9kenys\u00e9g meg\u0151rz\u00e9s"},"content":{"rendered":"<p style=\"text-align: justify\">Bizonyos (els\u0151sorban onkol\u00f3gia) betegs\u00e9gek, illetve azok gy\u00f3gy\u00edt\u00e1s\u00e1t c\u00e9lz\u00f3 orvosi beavatkoz\u00e1sok k\u00e1ros\u00edthatj\u00e1k az ivarsejtek termel\u00e9s\u00e9t, \u00edgy medd\u0151s\u00e9get okozhatnak. A k\u00e1rosod\u00e1s r\u00e9szint m\u0171t\u00e9ti beavatkoz\u00e1sok k\u00f6vetkezm\u00e9nye lehet, de sokkal gyakrabban a daganatos betegs\u00e9gek sor\u00e1n alkalmazott kemoter\u00e1pia vagy sug\u00e1rkezel\u00e9s teszi t\u00f6nkre az ivarsejtek termel\u00e9s\u00e9t. Ez\u00e9rt a petef\u00e9szek vagy here m\u0171k\u00f6d\u00e9s\u00e9t k\u00e1ros\u00edt\u00f3 beavatkoz\u00e1s el\u0151tt m\u00e9rlegelni kell, hogy van-e lehet\u0151s\u00e9g a term\u00e9kenys\u00e9g meg\u0151rz\u00e9s\u00e9re.<\/p>\n<p><a href=\"https:\/\/semmelweis.hu\/asszisztaltreprodukcio\/pacienseknek\/termekenyseg-megorzes\/ferfi-termekenyseg-megorzes\/\">F\u00e9rfi term\u00e9kenys\u00e9g meg\u0151rz\u00e9se<\/a><\/p>\n<p><a href=\"https:\/\/semmelweis.hu\/asszisztaltreprodukcio\/pacienseknek\/termekenyseg-megorzes\/a-noi-termekenyseg-megorzese\/\">N\u0151i term\u00e9kenys\u00e9g meg\u0151rz\u00e9se<\/a><\/p>\n","protected":false},"excerpt":{"rendered":"<p>Bizonyos (els\u0151sorban onkol\u00f3gia) betegs\u00e9gek, illetve azok gy\u00f3gy\u00edt\u00e1s\u00e1t c\u00e9lz\u00f3 orvosi beavatkoz\u00e1sok k\u00e1ros\u00edthatj\u00e1k az ivarsejtek termel\u00e9s\u00e9t, \u00edgy medd\u0151s\u00e9get okozhatnak. A k\u00e1rosod\u00e1s r\u00e9szint m\u0171t\u00e9ti beavatkoz\u00e1sok k\u00f6vetkezm\u00e9nye lehet, de sokkal gyakrabban a daganatos betegs\u00e9gek sor\u00e1n alkalmazott kemoter\u00e1pia vagy sug\u00e1rkezel\u00e9s teszi t\u00f6nkre az ivarsejtek termel\u00e9s\u00e9t. Ez\u00e9rt a petef\u00e9szek vagy here m\u0171k\u00f6d\u00e9s\u00e9t k\u00e1ros\u00edt\u00f3 beavatkoz\u00e1s el\u0151tt m\u00e9rlegelni kell, hogy van-e lehet\u0151s\u00e9g a &hellip;<\/p>\n","protected":false},"author":101727,"featured_media":0,"parent":600,"menu_order":2,"comment_status":"closed","ping_status":"closed","template":"","meta":{"_acf_changed":false,"footnotes":""},"categories":[],"tags":[],"class_list":["post-2034","page","type-page","status-publish","hentry"],"acf":[],"_links":{"self":[{"href":"https:\/\/semmelweis.hu\/asszisztaltreprodukcio\/wp-json\/wp\/v2\/pages\/2034","targetHints":{"allow":["GET"]}}],"collection":[{"href":"https:\/\/semmelweis.hu\/asszisztaltreprodukcio\/wp-json\/wp\/v2\/pages"}],"about":[{"href":"https:\/\/semmelweis.hu\/asszisztaltreprodukcio\/wp-json\/wp\/v2\/types\/page"}],"author":[{"embeddable":true,"href":"https:\/\/semmelweis.hu\/asszisztaltreprodukcio\/wp-json\/wp\/v2\/users\/101727"}],"replies":[{"embeddable":true,"href":"https:\/\/semmelweis.hu\/asszisztaltreprodukcio\/wp-json\/wp\/v2\/comments?post=2034"}],"version-history":[{"count":5,"href":"https:\/\/semmelweis.hu\/asszisztaltreprodukcio\/wp-json\/wp\/v2\/pages\/2034\/revisions"}],"predecessor-version":[{"id":2047,"href":"https:\/\/semmelweis.hu\/asszisztaltreprodukcio\/wp-json\/wp\/v2\/pages\/2034\/revisions\/2047"}],"up":[{"embeddable":true,"href":"https:\/\/semmelweis.hu\/asszisztaltreprodukcio\/wp-json\/wp\/v2\/pages\/600"}],"wp:attachment":[{"href":"https:\/\/semmelweis.hu\/asszisztaltreprodukcio\/wp-json\/wp\/v2\/media?parent=2034"}],"wp:term":[{"taxonomy":"category","embeddable":true,"href":"https:\/\/semmelweis.hu\/asszisztaltreprodukcio\/wp-json\/wp\/v2\/categories?post=2034"},{"taxonomy":"post_tag","embeddable":true,"href":"https:\/\/semmelweis.hu\/asszisztaltreprodukcio\/wp-json\/wp\/v2\/tags?post=2034"}],"curies":[{"name":"wp","href":"https:\/\/api.w.org\/{rel}","templated":true}]}}