{"id":1829,"date":"2020-04-29T13:41:30","date_gmt":"2020-04-29T11:41:30","guid":{"rendered":"https:\/\/semmelweis.hu\/asszisztaltreprodukcio\/?page_id=1829"},"modified":"2020-11-02T09:56:45","modified_gmt":"2020-11-02T08:56:45","slug":"2019-husz-ev-munkaja-a-szamok-es-eredmenyek-tukreben-tudomanyos-szimpozium","status":"publish","type":"page","link":"https:\/\/semmelweis.hu\/asszisztaltreprodukcio\/osztaly\/kongresszusaink\/2019-husz-ev-munkaja-a-szamok-es-eredmenyek-tukreben-tudomanyos-szimpozium\/","title":{"rendered":"2019 &#8211; 25 \u00e9v munk\u00e1ja a sz\u00e1mok \u00e9s eredm\u00e9nyek t\u00fckr\u00e9ben &#8211; Tudom\u00e1nyos szimp\u00f3zium"},"content":{"rendered":"<h4><a href=\"https:\/\/semmelweis.hu\/hirek\/2019\/05\/31\/25-eves-az-egyetem-asszisztalt-reprodukcios-osztalya\/\">Besz\u00e1mol\u00f3 \u00e9s k\u00e9pek az esem\u00e9nyr\u0151l\u00a0<\/a><\/h4>\n<h4>Program<\/h4>\n<table style=\"border-collapse: collapse;width: 100%;height: 456px\">\n<tbody>\n<tr style=\"height: 30px\">\n<td style=\"width: 50%;height: 30px\">\u00a0<\/td>\n<td style=\"width: 50%;height: 30px\">\n<h5>K\u00f6sz\u00f6nt\u0151k<\/h5>\n<\/td>\n<\/tr>\n<tr style=\"height: 30px\">\n<td style=\"width: 50%;height: 30px\">Prof. Dr. Merkely B\u00e9la<\/td>\n<td style=\"width: 50%;height: 30px\">a Semmelweis Egyetem rektora<\/td>\n<\/tr>\n<tr style=\"height: 57px\">\n<td style=\"width: 50%;height: 57px\">Prof. Dr. Szab\u00f3 Attila<\/td>\n<td style=\"width: 50%;height: 57px\">a Semmelweis Egyetem, Klinikai K\u00f6zpont igazgat\u00f3ja<\/td>\n<\/tr>\n<tr style=\"height: 84px\">\n<td style=\"width: 50%;height: 84px\">Prof. Dr. \u00c1cs N\u00e1ndor<\/td>\n<td style=\"width: 50%;height: 84px\">a Semmelweis Egyetem, Sz\u00fcl\u00e9szeti \u00e9s N\u0151gy\u00f3gy\u00e1szati Klinika igazgat\u00f3ja<\/td>\n<\/tr>\n<tr style=\"height: 111px\">\n<td style=\"width: 50%;height: 111px\">Prof. Dr. Papp Zolt\u00e1n<\/td>\n<td style=\"width: 50%;height: 111px\">a Semmelweis Egyetem I. Sz\u00e1m\u00fa Sz\u00fcl\u00e9szeti \u00e9s N\u0151gy\u00f3gy\u00e1szati Klinika egykori igazgat\u00f3ja, professor emeritus<\/td>\n<\/tr>\n<tr style=\"height: 84px\">\n<td style=\"width: 50%;height: 84px\">Tokl\u00e1sz Edina<\/td>\n<td style=\"width: 50%;height: 84px\">a Semmelweis Egyetem Assziszt\u00e1lt Reprodukci\u00f3s Oszt\u00e1ly\u00e1nak els\u0151 &#8222;lombikb\u00e9bije&#8221;<\/td>\n<\/tr>\n<tr style=\"height: 30px\">\n<td style=\"width: 50%;height: 30px\">\u00a0<\/td>\n<td style=\"width: 50%;height: 30px\">\n<h5>El\u0151ad\u00e1sok<\/h5>\n<\/td>\n<\/tr>\n<tr style=\"height: 30px\">\n<td style=\"width: 50%;height: 30px\">Prof. Dr. Urbancsek J\u00e1nos<\/td>\n<td style=\"width: 50%;height: 30px\">25 \u00e9v munk\u00e1ja a sz\u00e1mok \u00e9s eredm\u00e9nyek t\u00fckr\u00e9ben<\/td>\n<\/tr>\n<tr>\n<td style=\"width: 50%\">Dr. Murber \u00c1kos PhD<\/td>\n<td style=\"width: 50%\">Klinikai kutat\u00e1saink eredm\u00e9nyei<\/td>\n<\/tr>\n<tr>\n<td style=\"width: 50%\">Dr. Fancsovits P\u00e9ter PhD<\/td>\n<td style=\"width: 50%\">Embriol\u00f3giai kutat\u00e1saink eredm\u00e9nyei<\/td>\n<\/tr>\n<tr>\n<td style=\"width: 50%\">\n<p>Dr. Hauzman Erik PhD<\/p>\n<p>Fertility Partnership\/ Boston Place, London, Egyes\u00fclt Kir\u00e1lys\u00e1g<\/p>\n<\/td>\n<td style=\"width: 50%\">Az assziszt\u00e1lt reprodukci\u00f3 \u00faj kih\u00edv\u00e1sai a XXI. sz\u00e1zadban a klinikus szem\u00e9vel<\/td>\n<\/tr>\n<tr>\n<td style=\"width: 50%\">\n<p>Prof. Dr. Fedorcs\u00e1k P\u00e9ter<\/p>\n<p>Osl\u00f3i Egyetem, Orvostudom\u00e1nyi kar, Osl\u00f3i Egyetemi K\u00f3rh\u00e1z, Reprodukci\u00f3s Orvostudom\u00e1nyi Oszt\u00e1ly, Oslo, Norv\u00e9gia<\/p>\n<\/td>\n<td style=\"width: 50%\">Az assziszt\u00e1lt reprodukci\u00f3 \u00faj kih\u00edv\u00e1sai a XXI. sz\u00e1zadban a kutat\u00f3orvos szem\u00e9vel<\/td>\n<\/tr>\n<tr>\n<td style=\"width: 50%\">\n<p>Dr. Lehner \u00c1d\u00e1m PhD<\/p>\n<p>INITION Kft.\u00a0<\/p>\n<\/td>\n<td style=\"width: 50%\">Informatikai megold\u00e1sok az embriol\u00f3giai laborat\u00f3riumban<\/td>\n<\/tr>\n<tr>\n<td style=\"width: 50%\">\n<p>Prof. Dr. Urbancsek J\u00e1nos<\/p>\n<\/td>\n<td style=\"width: 50%\">Z\u00e1rsz\u00f3<\/td>\n<\/tr>\n<\/tbody>\n<\/table>\n<p>&nbsp;<\/p>\n","protected":false},"excerpt":{"rendered":"<p><a href=\"https:\/\/semmelweis.hu\/hirek\/2019\/05\/31\/25-eves-az-egyetem-asszisztalt-reprodukcios-osztalya\/\">Besz\u00e1mol\u00f3 \u00e9s k\u00e9pek az esem\u00e9nyr\u0151l\u00a0<\/a> Program \u00a0 K\u00f6sz\u00f6nt\u0151k Prof. Dr. Merkely B\u00e9la a Semmelweis Egyetem rektora Prof. Dr. Szab\u00f3 Attila a Semmelweis Egyetem, Klinikai K\u00f6zpont igazgat\u00f3ja Prof. Dr. \u00c1cs N\u00e1ndor a Semmelweis Egyetem, Sz\u00fcl\u00e9szeti \u00e9s N\u0151gy\u00f3gy\u00e1szati Klinika igazgat\u00f3ja Prof. Dr. Papp Zolt\u00e1n a Semmelweis Egyetem I. Sz\u00e1m\u00fa Sz\u00fcl\u00e9szeti \u00e9s N\u0151gy\u00f3gy\u00e1szati Klinika egykori igazgat\u00f3ja, professor emeritus Tokl\u00e1sz Edina a Semmelweis Egyetem &hellip;<\/p>\n","protected":false},"author":101727,"featured_media":0,"parent":1694,"menu_order":13,"comment_status":"closed","ping_status":"closed","template":"","meta":{"_acf_changed":false,"footnotes":""},"categories":[],"tags":[],"class_list":["post-1829","page","type-page","status-publish","hentry"],"acf":[],"_links":{"self":[{"href":"https:\/\/semmelweis.hu\/asszisztaltreprodukcio\/wp-json\/wp\/v2\/pages\/1829","targetHints":{"allow":["GET"]}}],"collection":[{"href":"https:\/\/semmelweis.hu\/asszisztaltreprodukcio\/wp-json\/wp\/v2\/pages"}],"about":[{"href":"https:\/\/semmelweis.hu\/asszisztaltreprodukcio\/wp-json\/wp\/v2\/types\/page"}],"author":[{"embeddable":true,"href":"https:\/\/semmelweis.hu\/asszisztaltreprodukcio\/wp-json\/wp\/v2\/users\/101727"}],"replies":[{"embeddable":true,"href":"https:\/\/semmelweis.hu\/asszisztaltreprodukcio\/wp-json\/wp\/v2\/comments?post=1829"}],"version-history":[{"count":4,"href":"https:\/\/semmelweis.hu\/asszisztaltreprodukcio\/wp-json\/wp\/v2\/pages\/1829\/revisions"}],"predecessor-version":[{"id":2122,"href":"https:\/\/semmelweis.hu\/asszisztaltreprodukcio\/wp-json\/wp\/v2\/pages\/1829\/revisions\/2122"}],"up":[{"embeddable":true,"href":"https:\/\/semmelweis.hu\/asszisztaltreprodukcio\/wp-json\/wp\/v2\/pages\/1694"}],"wp:attachment":[{"href":"https:\/\/semmelweis.hu\/asszisztaltreprodukcio\/wp-json\/wp\/v2\/media?parent=1829"}],"wp:term":[{"taxonomy":"category","embeddable":true,"href":"https:\/\/semmelweis.hu\/asszisztaltreprodukcio\/wp-json\/wp\/v2\/categories?post=1829"},{"taxonomy":"post_tag","embeddable":true,"href":"https:\/\/semmelweis.hu\/asszisztaltreprodukcio\/wp-json\/wp\/v2\/tags?post=1829"}],"curies":[{"name":"wp","href":"https:\/\/api.w.org\/{rel}","templated":true}]}}