{"id":1816,"date":"2020-04-29T13:21:20","date_gmt":"2020-04-29T11:21:20","guid":{"rendered":"https:\/\/semmelweis.hu\/asszisztaltreprodukcio\/?page_id=1816"},"modified":"2020-05-08T09:17:43","modified_gmt":"2020-05-08T07:17:43","slug":"2004-tiz-ev-munkaja-a-szamok-es-eredmenyek-tukreben-tudomanyos-szimpozium","status":"publish","type":"page","link":"https:\/\/semmelweis.hu\/asszisztaltreprodukcio\/osztaly\/kongresszusaink\/2004-tiz-ev-munkaja-a-szamok-es-eredmenyek-tukreben-tudomanyos-szimpozium\/","title":{"rendered":"2004\u00a0&#8211; T\u00edz \u00e9v munk\u00e1ja a sz\u00e1mok \u00e9s eredm\u00e9nyek t\u00fckr\u00e9ben &#8211;\u00a0 Tudom\u00e1nyos szimp\u00f3zium"},"content":{"rendered":"<p><img loading=\"lazy\" decoding=\"async\" class=\"wp-image-764 aligncenter\" src=\"https:\/\/semmelweis.hu\/asszisztaltreprodukcio\/files\/2020\/03\/tabl\u00f304-300x158.jpg\" alt=\"\" width=\"564\" height=\"297\" srcset=\"https:\/\/semmelweis.hu\/asszisztaltreprodukcio\/files\/2020\/03\/tabl\u00f304-300x158.jpg 300w, https:\/\/semmelweis.hu\/asszisztaltreprodukcio\/files\/2020\/03\/tabl\u00f304-1024x538.jpg 1024w, https:\/\/semmelweis.hu\/asszisztaltreprodukcio\/files\/2020\/03\/tabl\u00f304-768x404.jpg 768w, https:\/\/semmelweis.hu\/asszisztaltreprodukcio\/files\/2020\/03\/tabl\u00f304-571x300.jpg 571w, https:\/\/semmelweis.hu\/asszisztaltreprodukcio\/files\/2020\/03\/tabl\u00f304-1536x808.jpg 1536w, https:\/\/semmelweis.hu\/asszisztaltreprodukcio\/files\/2020\/03\/tabl\u00f304.jpg 1898w\" sizes=\"auto, (max-width: 564px) 100vw, 564px\" \/><\/p>\n<h4>Program<\/h4>\n<table style=\"border-collapse: collapse;width: 100%\">\n<tbody>\n<tr>\n<td style=\"width: 24.5454%\">\n<p>Prof. Papp Zolt\u00e1n<\/p>\n<p>Prof. Benno Runnebaum<\/p>\n<\/td>\n<td style=\"width: 75.4546%\">K\u00f6sz\u00f6nt\u0151<\/td>\n<\/tr>\n<tr>\n<td style=\"width: 24.5454%\">\n<p>Prof. Thomas Rabe<\/p>\n<\/td>\n<td style=\"width: 75.4546%\">Androgens and human reproduction<\/td>\n<\/tr>\n<tr>\n<td style=\"width: 24.5454%\">\n<p>Dr. Urbancsek J\u00e1nos<\/p>\n<\/td>\n<td style=\"width: 75.4546%\">Az alaphormonkivizsg\u00e1l\u00e1st\u00f3l az in vitro fertilisati\u00f3ig<\/td>\n<\/tr>\n<tr>\n<td style=\"width: 24.5454%\">\n<p>Dr. D\u00e9v\u00e9nyi N\u00f3ra<\/p>\n<\/td>\n<td style=\"width: 75.4546%\">Hormonmeghat\u00e1roz\u00e1sok<\/td>\n<\/tr>\n<tr>\n<td style=\"width: 24.5454%\">\n<p>Dr. Murber \u00c1kos<\/p>\n<\/td>\n<td style=\"width: 75.4546%\">Intrauterin inseminati\u00f3s kezel\u00e9sek<\/td>\n<\/tr>\n<tr>\n<td style=\"width: 24.5454%\">\n<p>T\u00f3th L\u00e1szl\u00f3n\u00e9<\/p>\n<\/td>\n<td style=\"width: 75.4546%\">Spermavizsg\u00e1latok \u00e9s intacytoplasmatikus spermium injekci\u00f3s kezel\u00e9sek<\/td>\n<\/tr>\n<tr>\n<td style=\"width: 24.5454%\">\n<p>Dr. Rusz Andr\u00e1s\u00a0<\/p>\n<\/td>\n<td style=\"width: 75.4546%\">\n<p>Herebiopsi\u00e1k<\/p>\n<\/td>\n<\/tr>\n<tr>\n<td style=\"width: 24.5454%\">\n<p>Fancsovits P\u00e9ter<\/p>\n<\/td>\n<td style=\"width: 75.4546%\">\n<p>Heresz\u00f6vet- \u00e9s embryo cryopreservatio, blastomera-biopsia<\/p>\n<\/td>\n<\/tr>\n<tr>\n<td style=\"width: 24.5454%\">\n<p>Dr. B\u00e1n Zolt\u00e1n<\/p>\n<\/td>\n<td style=\"width: 75.4546%\">\n<p>Molekul\u00e1riusgenetikai vizsg\u00e1latok<\/p>\n<\/td>\n<\/tr>\n<tr>\n<td style=\"width: 24.5454%\">\n<p>Dr. Szendei Gy\u00f6rgy<\/p>\n<\/td>\n<td style=\"width: 75.4546%\">\n<p>Az endometriosis kezel\u00e9se<\/p>\n<\/td>\n<\/tr>\n<tr>\n<td style=\"width: 24.5454%\">\n<p>Dr. Hauzman Erik<\/p>\n<\/td>\n<td style=\"width: 75.4546%\">\n<p>Publik\u00e1ci\u00f3s tev\u00e9kenys\u00e9g\u00fcnk<\/p>\n<\/td>\n<\/tr>\n<tr>\n<td style=\"width: 24.5454%\">\n<p>Dr. Urbancsek J\u00e1nos<\/p>\n<\/td>\n<td style=\"width: 75.4546%\">\n<p>Z\u00e1rsz\u00f3<\/p>\n<\/td>\n<\/tr>\n<\/tbody>\n<\/table>\n","protected":false},"excerpt":{"rendered":"<p>Program Prof. Papp Zolt\u00e1n Prof. Benno Runnebaum K\u00f6sz\u00f6nt\u0151 Prof. Thomas Rabe Androgens and human reproduction Dr. Urbancsek J\u00e1nos Az alaphormonkivizsg\u00e1l\u00e1st\u00f3l az in vitro fertilisati\u00f3ig Dr. D\u00e9v\u00e9nyi N\u00f3ra Hormonmeghat\u00e1roz\u00e1sok Dr. Murber \u00c1kos Intrauterin inseminati\u00f3s kezel\u00e9sek T\u00f3th L\u00e1szl\u00f3n\u00e9 Spermavizsg\u00e1latok \u00e9s intacytoplasmatikus spermium injekci\u00f3s kezel\u00e9sek Dr. Rusz Andr\u00e1s\u00a0 Herebiopsi\u00e1k Fancsovits P\u00e9ter Heresz\u00f6vet- \u00e9s embryo cryopreservatio, blastomera-biopsia Dr. B\u00e1n &hellip;<\/p>\n","protected":false},"author":101727,"featured_media":0,"parent":1694,"menu_order":9,"comment_status":"closed","ping_status":"closed","template":"","meta":{"_acf_changed":false,"footnotes":""},"categories":[],"tags":[],"class_list":["post-1816","page","type-page","status-publish","hentry"],"acf":[],"_links":{"self":[{"href":"https:\/\/semmelweis.hu\/asszisztaltreprodukcio\/wp-json\/wp\/v2\/pages\/1816","targetHints":{"allow":["GET"]}}],"collection":[{"href":"https:\/\/semmelweis.hu\/asszisztaltreprodukcio\/wp-json\/wp\/v2\/pages"}],"about":[{"href":"https:\/\/semmelweis.hu\/asszisztaltreprodukcio\/wp-json\/wp\/v2\/types\/page"}],"author":[{"embeddable":true,"href":"https:\/\/semmelweis.hu\/asszisztaltreprodukcio\/wp-json\/wp\/v2\/users\/101727"}],"replies":[{"embeddable":true,"href":"https:\/\/semmelweis.hu\/asszisztaltreprodukcio\/wp-json\/wp\/v2\/comments?post=1816"}],"version-history":[{"count":3,"href":"https:\/\/semmelweis.hu\/asszisztaltreprodukcio\/wp-json\/wp\/v2\/pages\/1816\/revisions"}],"predecessor-version":[{"id":1852,"href":"https:\/\/semmelweis.hu\/asszisztaltreprodukcio\/wp-json\/wp\/v2\/pages\/1816\/revisions\/1852"}],"up":[{"embeddable":true,"href":"https:\/\/semmelweis.hu\/asszisztaltreprodukcio\/wp-json\/wp\/v2\/pages\/1694"}],"wp:attachment":[{"href":"https:\/\/semmelweis.hu\/asszisztaltreprodukcio\/wp-json\/wp\/v2\/media?parent=1816"}],"wp:term":[{"taxonomy":"category","embeddable":true,"href":"https:\/\/semmelweis.hu\/asszisztaltreprodukcio\/wp-json\/wp\/v2\/categories?post=1816"},{"taxonomy":"post_tag","embeddable":true,"href":"https:\/\/semmelweis.hu\/asszisztaltreprodukcio\/wp-json\/wp\/v2\/tags?post=1816"}],"curies":[{"name":"wp","href":"https:\/\/api.w.org\/{rel}","templated":true}]}}