{"id":1801,"date":"2020-04-29T11:08:59","date_gmt":"2020-04-29T09:08:59","guid":{"rendered":"https:\/\/semmelweis.hu\/asszisztaltreprodukcio\/?page_id=1801"},"modified":"2020-05-08T09:17:16","modified_gmt":"2020-05-08T07:17:16","slug":"1999-ot-ev-munkaja-a-szamok-es-eredmenyek-tukreben-tudomanyos-szimpozium","status":"publish","type":"page","link":"https:\/\/semmelweis.hu\/asszisztaltreprodukcio\/osztaly\/kongresszusaink\/1999-ot-ev-munkaja-a-szamok-es-eredmenyek-tukreben-tudomanyos-szimpozium\/","title":{"rendered":"1999 &#8211; \u00d6t \u00e9v munk\u00e1ja a sz\u00e1mok \u00e9s eredm\u00e9nyek t\u00fckr\u00e9ben &#8211; Tudom\u00e1nyos szimp\u00f3zium"},"content":{"rendered":"<h5><img loading=\"lazy\" decoding=\"async\" class=\" wp-image-762 aligncenter\" src=\"https:\/\/semmelweis.hu\/asszisztaltreprodukcio\/files\/2020\/03\/tabl\u00f302-300x255.jpg\" alt=\"\" width=\"406\" height=\"345\" srcset=\"https:\/\/semmelweis.hu\/asszisztaltreprodukcio\/files\/2020\/03\/tabl\u00f302-300x255.jpg 300w, https:\/\/semmelweis.hu\/asszisztaltreprodukcio\/files\/2020\/03\/tabl\u00f302-768x654.jpg 768w, https:\/\/semmelweis.hu\/asszisztaltreprodukcio\/files\/2020\/03\/tabl\u00f302-352x300.jpg 352w, https:\/\/semmelweis.hu\/asszisztaltreprodukcio\/files\/2020\/03\/tabl\u00f302.jpg 829w\" sizes=\"auto, (max-width: 406px) 100vw, 406px\" \/><\/h5>\n<h5>Program<\/h5>\n<table style=\"border-collapse: collapse;width: 100%;height: 243px\">\n<tbody>\n<tr style=\"height: 48px\">\n<td style=\"width: 50%;height: 48px\">Prof. Papp Zolt\u00e1n<\/td>\n<td style=\"width: 50%;height: 48px\">\n<p>K\u00f6sz\u00f6nt\u0151<\/p>\n<\/td>\n<\/tr>\n<tr style=\"height: 102px\">\n<td style=\"width: 50%;height: 102px\">\n<p>Prof. Thomas Rabe<\/p>\n<p>(Heidelberg)<\/p>\n<\/td>\n<td style=\"width: 50%;height: 102px\">\n<p>Assisted reproduction: historical overview, the state of art and new trends<\/p>\n<\/td>\n<\/tr>\n<tr style=\"height: 93px\">\n<td style=\"width: 50%;height: 93px\">\n<p>Prof. Thomas Stowitzki<\/p>\n<p>(Heidelberg)<\/p>\n<\/td>\n<td style=\"width: 50%;height: 93px\">\n<p>The course of pregnancy after in vitro fertilization<\/p>\n<\/td>\n<\/tr>\n<tr>\n<td style=\"width: 50%\">\n<p>Dr. Urbancsek J\u00e1nos<\/p>\n<\/td>\n<td style=\"width: 50%\">\n<p>Az alaphormon kivizsg\u00e1l\u00e1st\u00f3l az in vitro ferilisati\u00f3ig<\/p>\n<\/td>\n<\/tr>\n<tr>\n<td style=\"width: 50%\">\n<p>Dr. D\u00e9v\u00e9nyi N\u00f3ra<\/p>\n<\/td>\n<td style=\"width: 50%\">\n<p>Hormonmeghat\u00e1roz\u00e1sok<\/p>\n<\/td>\n<\/tr>\n<tr>\n<td style=\"width: 50%\">\n<p>Dr. Sztanyik L\u00e1szl\u00f3<\/p>\n<\/td>\n<td style=\"width: 50%\">\n<p>Ultrahangvizsg\u00e1latok<\/p>\n<\/td>\n<\/tr>\n<tr>\n<td style=\"width: 50%\">\n<p>Fancsovits P\u00e9ter<\/p>\n<\/td>\n<td style=\"width: 50%\">\n<p>Spermavizsg\u00e1latok<\/p>\n<\/td>\n<\/tr>\n<tr>\n<td style=\"width: 50%\">\n<p>Dr. B\u00e1r\u00e1ndi Zsolt<\/p>\n<\/td>\n<td style=\"width: 50%\">\n<p>Intrauterin inseminati\u00f3s kezel\u00e9sek<\/p>\n<\/td>\n<\/tr>\n<tr>\n<td style=\"width: 50%\">\n<p>Dr. Szendei Gy\u00f6rgy<\/p>\n<\/td>\n<td style=\"width: 50%\">\n<p>Az endometriosis kezel\u00e9se<\/p>\n<\/td>\n<\/tr>\n<tr>\n<td style=\"width: 50%\">\n<p>Dr. Inovay J\u00e1nos<\/p>\n<\/td>\n<td style=\"width: 50%\">\n<p>Diagnosticus \u00e9s therapias laparoscopia<\/p>\n<\/td>\n<\/tr>\n<tr>\n<td style=\"width: 50%\">\n<p>Dr. Vass Zolt\u00e1n<\/p>\n<\/td>\n<td style=\"width: 50%\">\n<p>N\u0151i androgenisati\u00f3s rendel\u00e9s<\/p>\n<\/td>\n<\/tr>\n<tr>\n<td style=\"width: 50%\">\n<p>Dr. Nagy B\u00e1lint<\/p>\n<\/td>\n<td style=\"width: 50%\">\n<p>Preimplanati\u00f3s geneticai diagnostica<\/p>\n<\/td>\n<\/tr>\n<tr>\n<td style=\"width: 50%\">\n<p>Dr. Fedorcs\u00e1k P\u00e9ter<\/p>\n<\/td>\n<td style=\"width: 50%\">\n<p>K\u00eds\u00e9rleti kutat\u00e1sok<\/p>\n<\/td>\n<\/tr>\n<tr>\n<td style=\"width: 50%\">\n<p>Dr. Urbancsek J\u00e1nos<\/p>\n<\/td>\n<td style=\"width: 50%\">Z\u00e1rsz\u00f3<\/td>\n<\/tr>\n<\/tbody>\n<\/table>\n<p>&nbsp;<\/p>\n<p>&nbsp;<\/p>\n","protected":false},"excerpt":{"rendered":"<p>Program Prof. Papp Zolt\u00e1n K\u00f6sz\u00f6nt\u0151 Prof. Thomas Rabe (Heidelberg) Assisted reproduction: historical overview, the state of art and new trends Prof. Thomas Stowitzki (Heidelberg) The course of pregnancy after in vitro fertilization Dr. Urbancsek J\u00e1nos Az alaphormon kivizsg\u00e1l\u00e1st\u00f3l az in vitro ferilisati\u00f3ig Dr. D\u00e9v\u00e9nyi N\u00f3ra Hormonmeghat\u00e1roz\u00e1sok Dr. Sztanyik L\u00e1szl\u00f3 Ultrahangvizsg\u00e1latok Fancsovits P\u00e9ter Spermavizsg\u00e1latok Dr. B\u00e1r\u00e1ndi &hellip;<\/p>\n","protected":false},"author":101727,"featured_media":0,"parent":1694,"menu_order":7,"comment_status":"closed","ping_status":"closed","template":"","meta":{"_acf_changed":false,"footnotes":""},"categories":[],"tags":[],"class_list":["post-1801","page","type-page","status-publish","hentry"],"acf":[],"_links":{"self":[{"href":"https:\/\/semmelweis.hu\/asszisztaltreprodukcio\/wp-json\/wp\/v2\/pages\/1801","targetHints":{"allow":["GET"]}}],"collection":[{"href":"https:\/\/semmelweis.hu\/asszisztaltreprodukcio\/wp-json\/wp\/v2\/pages"}],"about":[{"href":"https:\/\/semmelweis.hu\/asszisztaltreprodukcio\/wp-json\/wp\/v2\/types\/page"}],"author":[{"embeddable":true,"href":"https:\/\/semmelweis.hu\/asszisztaltreprodukcio\/wp-json\/wp\/v2\/users\/101727"}],"replies":[{"embeddable":true,"href":"https:\/\/semmelweis.hu\/asszisztaltreprodukcio\/wp-json\/wp\/v2\/comments?post=1801"}],"version-history":[{"count":2,"href":"https:\/\/semmelweis.hu\/asszisztaltreprodukcio\/wp-json\/wp\/v2\/pages\/1801\/revisions"}],"predecessor-version":[{"id":1803,"href":"https:\/\/semmelweis.hu\/asszisztaltreprodukcio\/wp-json\/wp\/v2\/pages\/1801\/revisions\/1803"}],"up":[{"embeddable":true,"href":"https:\/\/semmelweis.hu\/asszisztaltreprodukcio\/wp-json\/wp\/v2\/pages\/1694"}],"wp:attachment":[{"href":"https:\/\/semmelweis.hu\/asszisztaltreprodukcio\/wp-json\/wp\/v2\/media?parent=1801"}],"wp:term":[{"taxonomy":"category","embeddable":true,"href":"https:\/\/semmelweis.hu\/asszisztaltreprodukcio\/wp-json\/wp\/v2\/categories?post=1801"},{"taxonomy":"post_tag","embeddable":true,"href":"https:\/\/semmelweis.hu\/asszisztaltreprodukcio\/wp-json\/wp\/v2\/tags?post=1801"}],"curies":[{"name":"wp","href":"https:\/\/api.w.org\/{rel}","templated":true}]}}