{"id":1796,"date":"2020-04-29T10:47:41","date_gmt":"2020-04-29T08:47:41","guid":{"rendered":"https:\/\/semmelweis.hu\/asszisztaltreprodukcio\/?page_id=1796"},"modified":"2020-05-08T09:17:11","modified_gmt":"2020-05-08T07:17:11","slug":"1997-nogyogyaszati-endokrinologia-konyvbemutato-szimpozium","status":"publish","type":"page","link":"https:\/\/semmelweis.hu\/asszisztaltreprodukcio\/osztaly\/kongresszusaink\/1997-nogyogyaszati-endokrinologia-konyvbemutato-szimpozium\/","title":{"rendered":"1997 &#8211; N\u0151gy\u00f3gy\u00e1szati Endokrinol\u00f3gia &#8211; k\u00f6nyvbemutat\u00f3 szimp\u00f3zium"},"content":{"rendered":"<p><img loading=\"lazy\" decoding=\"async\" class=\"size-medium wp-image-1798 aligncenter\" src=\"https:\/\/semmelweis.hu\/asszisztaltreprodukcio\/files\/2020\/04\/97_fot\u00f3_2-400x142.jpg\" alt=\"\" width=\"400\" height=\"142\" srcset=\"https:\/\/semmelweis.hu\/asszisztaltreprodukcio\/files\/2020\/04\/97_fot\u00f3_2-400x142.jpg 400w, https:\/\/semmelweis.hu\/asszisztaltreprodukcio\/files\/2020\/04\/97_fot\u00f3_2.jpg 413w\" sizes=\"auto, (max-width: 400px) 100vw, 400px\" \/><\/p>\n<h4>Program<\/h4>\n<table style=\"border-collapse: collapse;width: 100%;height: 150px\">\n<tbody>\n<tr style=\"height: 30px\">\n<td style=\"width: 44.9091%;height: 30px\">Prof. Dr. Papp Zolt\u00e1n<\/td>\n<td style=\"width: 55.0909%;height: 30px\">Bevezet\u0151<\/td>\n<\/tr>\n<tr style=\"height: 120px\">\n<td style=\"width: 44.9091%;height: 120px\">\n<p>Prof. Dr. Howard Jones Jr.<\/p>\n<p>The Howard and Georgeanna Jones Institute for Reproductive Medicine,<\/p>\n<p>Norfolk, Virginia, USA<\/p>\n<\/td>\n<td style=\"width: 55.0909%;height: 120px\">\n<p>Past, Present and Future of Gynaecological Endocrinology<\/p>\n<\/td>\n<\/tr>\n<tr>\n<td style=\"width: 44.9091%\">\n<p>Dr. Urbancsek J\u00e1nos<\/p>\n<p>Dr. D\u00e9v\u00e9nyi N\u00f3ra<\/p>\n<\/td>\n<td style=\"width: 55.0909%\">\n<p><em>I. fejezet<\/em><\/p>\n<p>Hormonok, homonmeghat\u00e1roz\u00e1sok \u00e9s homonreceptorok<\/p>\n<\/td>\n<\/tr>\n<tr>\n<td style=\"width: 44.9091%\">\n<p>Dr. Urbancsek J\u00e1nos<\/p>\n<\/td>\n<td style=\"width: 55.0909%\">\n<p><em>II. fejezet<\/em><\/p>\n<p>A menstru\u00e1ci\u00f3s ciklus \u00e9lettana<\/p>\n<\/td>\n<\/tr>\n<tr>\n<td style=\"width: 44.9091%\">\n<p>Dr. Szil\u00e1gyi Andr\u00e1s<\/p>\n<\/td>\n<td style=\"width: 55.0909%\">\n<p><em>III. fejezet<\/em><\/p>\n<p>A menstru\u00e1ci\u00f3s ciklus k\u00f3r\u00e9lettana<\/p>\n<\/td>\n<\/tr>\n<tr>\n<td style=\"width: 44.9091%\">\n<p>Prof. Dr. Papp Zolt\u00e1n<\/p>\n<p>Dr. \u00c1d\u00e1m Zsolt<\/p>\n<\/td>\n<td style=\"width: 55.0909%\">\n<p><em>IV. fejezet<\/em><\/p>\n<p>A nemi differenci\u00e1l\u00f3d\u00e1s \u00e9s zavarai<\/p>\n<\/td>\n<\/tr>\n<tr>\n<td style=\"width: 44.9091%\">\n<p>Prof. Dr. Borsos Antal<\/p>\n<\/td>\n<td style=\"width: 55.0909%\">\n<p><em>V. fejezet<\/em><\/p>\n<p>Gyermek- \u00e9s pubert\u00e1skori n\u0151gy\u00f3gy\u00e1szat<\/p>\n<\/td>\n<\/tr>\n<tr>\n<td style=\"width: 44.9091%\">\n<p>Dr. B\u00e1rthai Gy\u00f6rgy<\/p>\n<p>Dr. Kolosz\u00e1r S\u00e1ndor<\/p>\n<\/td>\n<td style=\"width: 55.0909%\">\n<p><em>VI. fejezet<\/em><\/p>\n<p>Hormon\u00e1lis fogamz\u00e1sg\u00e1tl\u00e1s<\/p>\n<\/td>\n<\/tr>\n<tr>\n<td style=\"width: 44.9091%\">\n<p>Dr. Sz\u00e1nth\u00f3 Andr\u00e1s<\/p>\n<\/td>\n<td style=\"width: 55.0909%\">\n<p><em>VII. fejezet<\/em><\/p>\n<p>A n\u0151i nemi szervek hormontermel\u0151 daganatai<\/p>\n<\/td>\n<\/tr>\n<tr>\n<td style=\"width: 44.9091%\">\n<p>Dr. Urbancsek J\u00e1nos<\/p>\n<\/td>\n<td style=\"width: 55.0909%\">\n<p><em>VIII. fejezet<\/em><\/p>\n<p>Sterilit\u00e1s \u00e9s assziszt\u00e1lt reprodukci\u00f3<\/p>\n<\/td>\n<\/tr>\n<tr>\n<td style=\"width: 44.9091%\">\n<p>Dr. Urbancsek J\u00e1nos<\/p>\n<p>Dr. B\u00e1r\u00e1dni Zsolt<\/p>\n<p>Dr. Sztanyik L\u00e1szl\u00f3<\/p>\n<\/td>\n<td style=\"width: 55.0909%\">\n<p><em>IX. fejezet<\/em><\/p>\n<p>Szervezeten k\u00edv\u00fcli megterm\u00e9keny\u00edt\u00e9s<\/p>\n<\/td>\n<\/tr>\n<tr>\n<td style=\"width: 44.9091%\">\n<p>Prof. Dr. Sikl\u00f3si Gy\u00f6rgy<\/p>\n<\/td>\n<td style=\"width: 55.0909%\">\n<p><em>X. fejezet<\/em><\/p>\n<p>A terhess\u00e9g endokrinol\u00f3gi\u00e1ja<\/p>\n<\/td>\n<\/tr>\n<tr>\n<td style=\"width: 44.9091%\">\n<p>Dr. Grunwald Klaus<\/p>\n<p>Dr. Vass Zolt\u00e1n<\/p>\n<p>Prof. Dr. Rabe Thomas<\/p>\n<p>Prof. Dr. Runnebaum Benno<\/p>\n<\/td>\n<td style=\"width: 55.0909%\">\n<p><em>XI. fejezet<\/em><\/p>\n<p>N\u0151i androgeniz\u00e1ci\u00f3<\/p>\n<\/td>\n<\/tr>\n<tr>\n<td style=\"width: 44.9091%\">\n<p>Dr. Magyar Zolt\u00e1n<\/p>\n<\/td>\n<td style=\"width: 55.0909%\">\n<p><em>XII. fejezet<\/em><\/p>\n<p>A klimakt\u00e9rium endokrinol\u00f3gi\u00e1ja<\/p>\n<\/td>\n<\/tr>\n<tr>\n<td style=\"width: 44.9091%\">\n<p>Dr. Szendei Gy\u00f6rgy<\/p>\n<\/td>\n<td style=\"width: 55.0909%\">\n<p><em>XIII. fejezet<\/em><\/p>\n<p>Endometri\u00f3zis<\/p>\n<\/td>\n<\/tr>\n<tr>\n<td style=\"width: 44.9091%\">\n<p>Dr. Inovay J\u00e1nos<\/p>\n<\/td>\n<td style=\"width: 55.0909%\">\n<p><em>XIV. fejezet<\/em><\/p>\n<p>Endoszk\u00f3pia<\/p>\n<\/td>\n<\/tr>\n<\/tbody>\n<\/table>\n<p><img loading=\"lazy\" decoding=\"async\" class=\"alignnone size-medium wp-image-1797\" src=\"https:\/\/semmelweis.hu\/asszisztaltreprodukcio\/files\/2020\/04\/97_fot\u00f3_1-400x333.jpg\" alt=\"\" width=\"400\" height=\"333\" srcset=\"https:\/\/semmelweis.hu\/asszisztaltreprodukcio\/files\/2020\/04\/97_fot\u00f3_1-400x333.jpg 400w, https:\/\/semmelweis.hu\/asszisztaltreprodukcio\/files\/2020\/04\/97_fot\u00f3_1-360x300.jpg 360w, https:\/\/semmelweis.hu\/asszisztaltreprodukcio\/files\/2020\/04\/97_fot\u00f3_1.jpg 412w\" sizes=\"auto, (max-width: 400px) 100vw, 400px\" \/> \u00a0<img loading=\"lazy\" decoding=\"async\" class=\"alignnone size-medium wp-image-1799\" src=\"https:\/\/semmelweis.hu\/asszisztaltreprodukcio\/files\/2020\/04\/97_fot\u00f3_3-400x277.jpg\" alt=\"\" width=\"400\" height=\"277\" srcset=\"https:\/\/semmelweis.hu\/asszisztaltreprodukcio\/files\/2020\/04\/97_fot\u00f3_3-400x277.jpg 400w, https:\/\/semmelweis.hu\/asszisztaltreprodukcio\/files\/2020\/04\/97_fot\u00f3_3-175x120.jpg 175w, https:\/\/semmelweis.hu\/asszisztaltreprodukcio\/files\/2020\/04\/97_fot\u00f3_3.jpg 412w\" sizes=\"auto, (max-width: 400px) 100vw, 400px\" \/><\/p>\n","protected":false},"excerpt":{"rendered":"<p>Program Prof. Dr. Papp Zolt\u00e1n Bevezet\u0151 Prof. Dr. Howard Jones Jr. The Howard and Georgeanna Jones Institute for Reproductive Medicine, Norfolk, Virginia, USA Past, Present and Future of Gynaecological Endocrinology Dr. Urbancsek J\u00e1nos Dr. D\u00e9v\u00e9nyi N\u00f3ra I. fejezet Hormonok, homonmeghat\u00e1roz\u00e1sok \u00e9s homonreceptorok Dr. Urbancsek J\u00e1nos II. fejezet A menstru\u00e1ci\u00f3s ciklus \u00e9lettana Dr. Szil\u00e1gyi Andr\u00e1s III. &hellip;<\/p>\n","protected":false},"author":101727,"featured_media":0,"parent":1694,"menu_order":6,"comment_status":"closed","ping_status":"closed","template":"","meta":{"_acf_changed":false,"footnotes":""},"categories":[],"tags":[],"class_list":["post-1796","page","type-page","status-publish","hentry"],"acf":[],"_links":{"self":[{"href":"https:\/\/semmelweis.hu\/asszisztaltreprodukcio\/wp-json\/wp\/v2\/pages\/1796","targetHints":{"allow":["GET"]}}],"collection":[{"href":"https:\/\/semmelweis.hu\/asszisztaltreprodukcio\/wp-json\/wp\/v2\/pages"}],"about":[{"href":"https:\/\/semmelweis.hu\/asszisztaltreprodukcio\/wp-json\/wp\/v2\/types\/page"}],"author":[{"embeddable":true,"href":"https:\/\/semmelweis.hu\/asszisztaltreprodukcio\/wp-json\/wp\/v2\/users\/101727"}],"replies":[{"embeddable":true,"href":"https:\/\/semmelweis.hu\/asszisztaltreprodukcio\/wp-json\/wp\/v2\/comments?post=1796"}],"version-history":[{"count":4,"href":"https:\/\/semmelweis.hu\/asszisztaltreprodukcio\/wp-json\/wp\/v2\/pages\/1796\/revisions"}],"predecessor-version":[{"id":1812,"href":"https:\/\/semmelweis.hu\/asszisztaltreprodukcio\/wp-json\/wp\/v2\/pages\/1796\/revisions\/1812"}],"up":[{"embeddable":true,"href":"https:\/\/semmelweis.hu\/asszisztaltreprodukcio\/wp-json\/wp\/v2\/pages\/1694"}],"wp:attachment":[{"href":"https:\/\/semmelweis.hu\/asszisztaltreprodukcio\/wp-json\/wp\/v2\/media?parent=1796"}],"wp:term":[{"taxonomy":"category","embeddable":true,"href":"https:\/\/semmelweis.hu\/asszisztaltreprodukcio\/wp-json\/wp\/v2\/categories?post=1796"},{"taxonomy":"post_tag","embeddable":true,"href":"https:\/\/semmelweis.hu\/asszisztaltreprodukcio\/wp-json\/wp\/v2\/tags?post=1796"}],"curies":[{"name":"wp","href":"https:\/\/api.w.org\/{rel}","templated":true}]}}