{"id":1787,"date":"2020-04-29T10:39:30","date_gmt":"2020-04-29T08:39:30","guid":{"rendered":"https:\/\/semmelweis.hu\/asszisztaltreprodukcio\/?page_id=1787"},"modified":"2020-05-08T09:17:01","modified_gmt":"2020-05-08T07:17:01","slug":"1995-a-magyar-asszisztalt-reprodukcios-tarsasag-elso-kongresszusa","status":"publish","type":"page","link":"https:\/\/semmelweis.hu\/asszisztaltreprodukcio\/osztaly\/kongresszusaink\/1995-a-magyar-asszisztalt-reprodukcios-tarsasag-elso-kongresszusa\/","title":{"rendered":"1995 &#8211; A Magyar Assziszt\u00e1lt Reprodukci\u00f3s T\u00e1rsas\u00e1g els\u0151 kongresszusa"},"content":{"rendered":"<h4>Program<\/h4>\n<table style=\"border-collapse: collapse;width: 100%;height: 910px\">\n<tbody>\n<tr style=\"height: 30px\">\n<td style=\"width: 34.3648%;height: 30px\">Prof. Dr. Papp Zolt\u00e1n<\/td>\n<td style=\"width: 65.6352%;height: 30px\">Megnyit\u00f3<\/td>\n<\/tr>\n<tr style=\"height: 30px\">\n<td style=\"width: 34.3648%;height: 30px\">\n<h5>I. szekci\u00f3<\/h5>\n<\/td>\n<td style=\"width: 65.6352%;height: 30px\">\u00a0<\/td>\n<\/tr>\n<tr style=\"height: 30px\">\n<td style=\"width: 34.3648%;height: 30px\">Dr. Urbancsek J\u00e1nos<\/td>\n<td style=\"width: 65.6352%;height: 30px\">Korai menopauza \u00e9s infertilit\u00e1s<\/td>\n<\/tr>\n<tr style=\"height: 57px\">\n<td style=\"width: 34.3648%;height: 57px\">Dr. Sikl\u00f3si Gy\u00f6rgy<\/td>\n<td style=\"width: 65.6352%;height: 57px\">S\u00e1rgatest el\u00e9gtelens\u00e9g assziszt\u00e1lt reprodukci\u00f3s kezel\u00e9sek sor\u00e1n<\/td>\n<\/tr>\n<tr style=\"height: 57px\">\n<td style=\"width: 34.3648%;height: 57px\">Dr. Szil\u00e1gyi Andr\u00e1s<\/td>\n<td style=\"width: 65.6352%;height: 57px\">A PCO-szindr\u00f3ma modern felfog\u00e1sa \u00e9s kezel\u00e9se assziszt\u00e1lt reprodukci\u00f3 sor\u00e1n<\/td>\n<\/tr>\n<tr style=\"height: 30px\">\n<td style=\"width: 34.3648%;height: 30px\">\n<h5>II. szekci\u00f3<\/h5>\n<\/td>\n<td style=\"width: 65.6352%;height: 30px\">\u00a0<\/td>\n<\/tr>\n<tr style=\"height: 30px\">\n<td style=\"width: 34.3648%;height: 30px\">Dr. B\u00f3dis J\u00f3zsef<\/td>\n<td style=\"width: 65.6352%;height: 30px\">Endometri\u00f3zis \u00e9s assziszt\u00e1lt reprodukci\u00f3<\/td>\n<\/tr>\n<tr style=\"height: 57px\">\n<td style=\"width: 34.3648%;height: 57px\">Dr. K\u0151r\u00f6si Tam\u00e1s<\/td>\n<td style=\"width: 65.6352%;height: 57px\">Modenr ultrahangvizsg\u00e1l\u00f3 elj\u00e1r\u00e1sok az assziszt\u00e1lt reprodukci\u00f3ban<\/td>\n<\/tr>\n<tr style=\"height: 30px\">\n<td style=\"width: 34.3648%;height: 30px\">\n<h5>III. szekci\u00f3<\/h5>\n<\/td>\n<td style=\"width: 65.6352%;height: 30px\">\u00a0<\/td>\n<\/tr>\n<tr style=\"height: 57px\">\n<td style=\"width: 34.3648%;height: 57px\">Dr. Koncz J\u00e1nos\u00a0<\/td>\n<td style=\"width: 65.6352%;height: 57px\">HMG- vagy tiszta FSH-stimul\u00e1ci\u00f3 alkalmaz\u00e1sa IVF kezel\u00e9sekn\u00e9l?<\/td>\n<\/tr>\n<tr style=\"height: 57px\">\n<td style=\"width: 34.3648%;height: 57px\">Dr. D\u00e9vai Istv\u00e1n<\/td>\n<td style=\"width: 65.6352%;height: 57px\">Gonadrotropin kezel\u00e9sek r\u00f6vid \u00e9s hossz\u00fa t\u00e1v\u00fa mell\u00e9khat\u00e1sai<\/td>\n<\/tr>\n<tr style=\"height: 57px\">\n<td style=\"width: 34.3648%;height: 57px\">Dr. B\u00e1rtfai Gy\u00f6rgy<\/td>\n<td style=\"width: 65.6352%;height: 57px\">GnRH-anal\u00f3g k\u00e9sz\u00edtm\u00e9nyek r\u00f6vid \u00e9s hossz\u00fa t\u00e1v\u00fa mell\u00e9khat\u00e1sai<\/td>\n<\/tr>\n<tr style=\"height: 30px\">\n<td style=\"width: 34.3648%;height: 30px\">\n<h5>IV. szekci\u00f3<\/h5>\n<\/td>\n<td style=\"width: 65.6352%;height: 30px\">\u00a0<\/td>\n<\/tr>\n<tr style=\"height: 57px\">\n<td style=\"width: 34.3648%;height: 57px\">Dr. Bazs\u00e1n\u00e9, Dr Kassai Zsuzsa<\/td>\n<td style=\"width: 65.6352%;height: 57px\">Az ivarsejtek \u00e9s az embri\u00f3 m\u00e9lyfagyaszt\u00e1sa<\/td>\n<\/tr>\n<tr style=\"height: 30px\">\n<td style=\"width: 34.3648%;height: 30px\">Dr. B\u00e1r\u00e1ndi Zsolt<\/td>\n<td style=\"width: 65.6352%;height: 30px\">Spermium morfol\u00f3gia \u00e9s fertiliz\u00e1ci\u00f3 &#8211; a Kr\u00fcger-m\u00f3dszer<\/td>\n<\/tr>\n<tr style=\"height: 33px\">\n<td style=\"width: 34.3648%;height: 33px\">Prof. Dr. Papp Gy\u00f6rgy<\/td>\n<td style=\"width: 65.6352%;height: 33px\">SMART (Sperm Microaspiration Retrieval Technics &#8211; seb\u00e9szi spermiumnyer\u00e9s)<\/td>\n<\/tr>\n<tr style=\"height: 33px\">\n<td style=\"width: 34.3648%;height: 33px\">\n<h5>V. szekci\u00f3<\/h5>\n<\/td>\n<td style=\"width: 65.6352%;height: 33px\">\u00a0<\/td>\n<\/tr>\n<tr style=\"height: 33px\">\n<td style=\"width: 34.3648%;height: 33px\">Dr. Forg\u00e1cs Vince\u00a0<\/td>\n<td style=\"width: 65.6352%;height: 33px\">Mikroseb\u00e9szet vagy IVF?<\/td>\n<\/tr>\n<tr style=\"height: 33px\">\n<td style=\"width: 34.3648%;height: 33px\">Dr. Sztanyik L\u00e1szl\u00f3<\/td>\n<td style=\"width: 65.6352%;height: 33px\">Preimplant\u00e1ci\u00f3s genetikai diagn\u00f3zis<\/td>\n<\/tr>\n<tr style=\"height: 33px\">\n<td style=\"width: 34.3648%;height: 33px\">Dr. Bodn\u00e1r B\u00e9la<\/td>\n<td style=\"width: 65.6352%;height: 33px\">Az assziszt\u00e1lt reprodukci\u00f3 etikai, jogi helyzete Magyarosz\u00e1gon<\/td>\n<\/tr>\n<tr style=\"height: 53px\">\n<td style=\"width: 34.3648%;height: 53px\">\u00a0<\/td>\n<td style=\"width: 65.6352%;height: 53px\">\n<p>A Magyar Assziszt\u00e1lt Reprodukci\u00f3s T\u00e1rsas\u00e1g k\u00f6zgy\u0171l\u00e9se<\/p>\n<\/td>\n<\/tr>\n<tr style=\"height: 53px\">\n<td style=\"width: 34.3648%;height: 53px\">\u00a0<\/td>\n<td style=\"width: 65.6352%;height: 53px\">\n<p>&nbsp;<\/p>\n<\/td>\n<\/tr>\n<\/tbody>\n<\/table>\n<p>Koncz Zsuzsa: Unplugged &#8211; Er\u0151s\u00edt\u0151 n\u00e9lk\u00fcl (n\u00e9h\u00e1ny r\u00e9gi \u00e9s mai dal)<\/p>\n<p><img loading=\"lazy\" decoding=\"async\" class=\" wp-image-1788 aligncenter\" src=\"https:\/\/semmelweis.hu\/asszisztaltreprodukcio\/files\/2020\/04\/95-konc-292x400.jpg\" alt=\"\" width=\"357\" height=\"489\" srcset=\"https:\/\/semmelweis.hu\/asszisztaltreprodukcio\/files\/2020\/04\/95-konc-292x400.jpg 292w, https:\/\/semmelweis.hu\/asszisztaltreprodukcio\/files\/2020\/04\/95-konc-219x300.jpg 219w, https:\/\/semmelweis.hu\/asszisztaltreprodukcio\/files\/2020\/04\/95-konc.jpg 526w\" sizes=\"auto, (max-width: 357px) 100vw, 357px\" \/><\/p>\n","protected":false},"excerpt":{"rendered":"<p>Program Prof. Dr. Papp Zolt\u00e1n Megnyit\u00f3 I. szekci\u00f3 \u00a0 Dr. Urbancsek J\u00e1nos Korai menopauza \u00e9s infertilit\u00e1s Dr. Sikl\u00f3si Gy\u00f6rgy S\u00e1rgatest el\u00e9gtelens\u00e9g assziszt\u00e1lt reprodukci\u00f3s kezel\u00e9sek sor\u00e1n Dr. Szil\u00e1gyi Andr\u00e1s A PCO-szindr\u00f3ma modern felfog\u00e1sa \u00e9s kezel\u00e9se assziszt\u00e1lt reprodukci\u00f3 sor\u00e1n II. szekci\u00f3 \u00a0 Dr. B\u00f3dis J\u00f3zsef Endometri\u00f3zis \u00e9s assziszt\u00e1lt reprodukci\u00f3 Dr. K\u0151r\u00f6si Tam\u00e1s Modenr ultrahangvizsg\u00e1l\u00f3 elj\u00e1r\u00e1sok az assziszt\u00e1lt &hellip;<\/p>\n","protected":false},"author":101727,"featured_media":0,"parent":1694,"menu_order":4,"comment_status":"closed","ping_status":"closed","template":"","meta":{"_acf_changed":false,"footnotes":""},"categories":[],"tags":[],"class_list":["post-1787","page","type-page","status-publish","hentry"],"acf":[],"_links":{"self":[{"href":"https:\/\/semmelweis.hu\/asszisztaltreprodukcio\/wp-json\/wp\/v2\/pages\/1787","targetHints":{"allow":["GET"]}}],"collection":[{"href":"https:\/\/semmelweis.hu\/asszisztaltreprodukcio\/wp-json\/wp\/v2\/pages"}],"about":[{"href":"https:\/\/semmelweis.hu\/asszisztaltreprodukcio\/wp-json\/wp\/v2\/types\/page"}],"author":[{"embeddable":true,"href":"https:\/\/semmelweis.hu\/asszisztaltreprodukcio\/wp-json\/wp\/v2\/users\/101727"}],"replies":[{"embeddable":true,"href":"https:\/\/semmelweis.hu\/asszisztaltreprodukcio\/wp-json\/wp\/v2\/comments?post=1787"}],"version-history":[{"count":5,"href":"https:\/\/semmelweis.hu\/asszisztaltreprodukcio\/wp-json\/wp\/v2\/pages\/1787\/revisions"}],"predecessor-version":[{"id":1856,"href":"https:\/\/semmelweis.hu\/asszisztaltreprodukcio\/wp-json\/wp\/v2\/pages\/1787\/revisions\/1856"}],"up":[{"embeddable":true,"href":"https:\/\/semmelweis.hu\/asszisztaltreprodukcio\/wp-json\/wp\/v2\/pages\/1694"}],"wp:attachment":[{"href":"https:\/\/semmelweis.hu\/asszisztaltreprodukcio\/wp-json\/wp\/v2\/media?parent=1787"}],"wp:term":[{"taxonomy":"category","embeddable":true,"href":"https:\/\/semmelweis.hu\/asszisztaltreprodukcio\/wp-json\/wp\/v2\/categories?post=1787"},{"taxonomy":"post_tag","embeddable":true,"href":"https:\/\/semmelweis.hu\/asszisztaltreprodukcio\/wp-json\/wp\/v2\/tags?post=1787"}],"curies":[{"name":"wp","href":"https:\/\/api.w.org\/{rel}","templated":true}]}}