{"id":1738,"date":"2020-04-28T18:58:42","date_gmt":"2020-04-28T16:58:42","guid":{"rendered":"https:\/\/semmelweis.hu\/asszisztaltreprodukcio\/?page_id=1738"},"modified":"2020-04-29T18:45:28","modified_gmt":"2020-04-29T16:45:28","slug":"donor-spermaminta-felhasznalasa","status":"publish","type":"page","link":"https:\/\/semmelweis.hu\/asszisztaltreprodukcio\/embriologia\/donor-spermaminta-felhasznalasa\/","title":{"rendered":"Donor spermaminta felhaszn\u00e1l\u00e1sa"},"content":{"rendered":"<p>Oszt\u00e1lyunkon lehet\u0151s\u00e9g van adom\u00e1nyozott (donor) spermaminta felhaszn\u00e1l\u00e1s\u00e1ra is az assziszt\u00e1lt reprodukci\u00f3s kezel\u00e9sek sor\u00e1n. Erre az al\u00e1bbi esetekben ker\u00fclhet sor:<\/p>\n<ul>\n<li>Az ond\u00f3mint\u00e1ban (\u00e9s\/vagy a heresz\u00f6vet mint\u00e1j\u00e1ban) nem tal\u00e1ltunk megterm\u00e9keny\u00edt\u00e9sre alkalmas h\u00edmivarsejtet<\/li>\n<li>Ha p\u00e1r f\u00e9rfi tagja s\u00falyos genetikai rendelleness\u00e9get hordoz, melyet nem k\u00edv\u00e1n tov\u00e1bb\u00f6r\u00f6k\u00edteni ut\u00f3daiba<\/li>\n<li>Egyed\u00fcl\u00e1ll\u00f3 medd\u0151 n\u0151k eset\u00e9ben<\/li>\n<\/ul>\n<p><strong>Oszt\u00e1lyunkon donor spermaminta gy\u0171jt\u00e9s\u00e9vel nem foglalkozunk. <\/strong><\/p>\n<p>Betegeinknek azonban lehet\u0151s\u00e9g\u00fck van arra, hogy m\u00e1s int\u00e9zetben gy\u0171jt\u00f6tt \u00e9s fagyasztva t\u00e1rolt donor spermamint\u00e1t v\u00e1s\u00e1roljanak. A beteg \u00e1ltal kiv\u00e1lasztott donor minta a kezel\u00e9st megel\u0151z\u0151en, m\u00e9lyfagyasztott \u00e1llapotban ker\u00fcl \u00e1tsz\u00e1ll\u00edt\u00e1sra oszt\u00e1lyunkra, ahol felolvaszt\u00e1st \u00e9s feldolgoz\u00e1st k\u00f6vet\u0151en haszn\u00e1ljuk fel inszemin\u00e1ci\u00f3s vagy IVF kezel\u00e9shez. \u00a0\u00a0<\/p>\n","protected":false},"excerpt":{"rendered":"<p>Oszt\u00e1lyunkon lehet\u0151s\u00e9g van adom\u00e1nyozott (donor) spermaminta felhaszn\u00e1l\u00e1s\u00e1ra is az assziszt\u00e1lt reprodukci\u00f3s kezel\u00e9sek sor\u00e1n. Erre az al\u00e1bbi esetekben ker\u00fclhet sor: Az ond\u00f3mint\u00e1ban (\u00e9s\/vagy a heresz\u00f6vet mint\u00e1j\u00e1ban) nem tal\u00e1ltunk megterm\u00e9keny\u00edt\u00e9sre alkalmas h\u00edmivarsejtet Ha p\u00e1r f\u00e9rfi tagja s\u00falyos genetikai rendelleness\u00e9get hordoz, melyet nem k\u00edv\u00e1n tov\u00e1bb\u00f6r\u00f6k\u00edteni ut\u00f3daiba Egyed\u00fcl\u00e1ll\u00f3 medd\u0151 n\u0151k eset\u00e9ben Oszt\u00e1lyunkon donor spermaminta gy\u0171jt\u00e9s\u00e9vel nem foglalkozunk. Betegeinknek azonban &hellip;<\/p>\n","protected":false},"author":101727,"featured_media":0,"parent":1254,"menu_order":9,"comment_status":"closed","ping_status":"closed","template":"","meta":{"_acf_changed":false,"footnotes":""},"categories":[],"tags":[],"class_list":["post-1738","page","type-page","status-publish","hentry"],"acf":[],"_links":{"self":[{"href":"https:\/\/semmelweis.hu\/asszisztaltreprodukcio\/wp-json\/wp\/v2\/pages\/1738","targetHints":{"allow":["GET"]}}],"collection":[{"href":"https:\/\/semmelweis.hu\/asszisztaltreprodukcio\/wp-json\/wp\/v2\/pages"}],"about":[{"href":"https:\/\/semmelweis.hu\/asszisztaltreprodukcio\/wp-json\/wp\/v2\/types\/page"}],"author":[{"embeddable":true,"href":"https:\/\/semmelweis.hu\/asszisztaltreprodukcio\/wp-json\/wp\/v2\/users\/101727"}],"replies":[{"embeddable":true,"href":"https:\/\/semmelweis.hu\/asszisztaltreprodukcio\/wp-json\/wp\/v2\/comments?post=1738"}],"version-history":[{"count":3,"href":"https:\/\/semmelweis.hu\/asszisztaltreprodukcio\/wp-json\/wp\/v2\/pages\/1738\/revisions"}],"predecessor-version":[{"id":1846,"href":"https:\/\/semmelweis.hu\/asszisztaltreprodukcio\/wp-json\/wp\/v2\/pages\/1738\/revisions\/1846"}],"up":[{"embeddable":true,"href":"https:\/\/semmelweis.hu\/asszisztaltreprodukcio\/wp-json\/wp\/v2\/pages\/1254"}],"wp:attachment":[{"href":"https:\/\/semmelweis.hu\/asszisztaltreprodukcio\/wp-json\/wp\/v2\/media?parent=1738"}],"wp:term":[{"taxonomy":"category","embeddable":true,"href":"https:\/\/semmelweis.hu\/asszisztaltreprodukcio\/wp-json\/wp\/v2\/categories?post=1738"},{"taxonomy":"post_tag","embeddable":true,"href":"https:\/\/semmelweis.hu\/asszisztaltreprodukcio\/wp-json\/wp\/v2\/tags?post=1738"}],"curies":[{"name":"wp","href":"https:\/\/api.w.org\/{rel}","templated":true}]}}