{"id":1736,"date":"2020-04-28T18:56:53","date_gmt":"2020-04-28T16:56:53","guid":{"rendered":"https:\/\/semmelweis.hu\/asszisztaltreprodukcio\/?page_id=1736"},"modified":"2020-05-19T10:35:33","modified_gmt":"2020-05-19T08:35:33","slug":"sebeszeti-spermiumnyeres-tese-mesa","status":"publish","type":"page","link":"https:\/\/semmelweis.hu\/asszisztaltreprodukcio\/embriologia\/andrologia\/az-ondominta-felhasznalasa-asszisztalt-reprodukcios-kezeleshez\/sebeszeti-spermiumnyeres-tese-mesa\/","title":{"rendered":"Seb\u00e9szeti spermiumnyer\u00e9s (TESE, MESA)"},"content":{"rendered":"<p style=\"text-align: justify\">Amennyiben az ond\u00f3mint\u00e1ban nem tal\u00e1lunk h\u00edmivarsejtet (<a href=\"https:\/\/semmelweis.hu\/asszisztaltreprodukcio\/embriologia\/andrologia\/andrologiai-szakvelemeny\/\"><em><u>azoospermia<\/u><\/em><\/a>), \u00fagy a seb\u00e9szeti spermiumnyer\u00e9s jelenti a <strong>beteg egyetlen es\u00e9ly\u00e9t<\/strong> arra, hogy genetikai szempontb\u00f3l<strong> saj\u00e1t gyermeke sz\u00fclethessen.<\/strong> Azoospermi\u00e1s f\u00e9rfiak t\u00f6bb mint fel\u00e9n\u00e9l ugyanis a her\u00e9ben, ha csak minim\u00e1lis m\u00e9rt\u00e9kben is, termel\u0151dnek h\u00edmivarsejtek, de azok azonban valamilyen ok miatt nem jutnak el az ond\u00f3mint\u00e1ba. Ilyen esetekben lehet\u0151s\u00e9g van a seb\u00e9szeti spermiumnyer\u00e9sre, melyet androl\u00f3gus szakorvos v\u00e9gez. Oszt\u00e1lyunk a Semmelweis Egyetem<a href=\"https:\/\/semmelweis.hu\/urologia\/betegellatas\/rendelesek\/\"> Urol\u00f3giai Klinik\u00e1j\u00e1val\u00a0<\/a>\u00e1ll egy\u00fcttm\u0171l\u00fcd\u00e9sben, de m\u00e1s int\u00e9zetben v\u00e9gzett m\u0171t\u00e9t eset\u00e9n is fogadjuk a sz\u00f6vetmint\u00e1kat.\u00a0<\/p>\n<figure id=\"attachment_1752\" aria-describedby=\"caption-attachment-1752\" style=\"width: 565px\" class=\"wp-caption aligncenter\"><img loading=\"lazy\" decoding=\"async\" class=\"wp-image-1752\" src=\"https:\/\/semmelweis.hu\/asszisztaltreprodukcio\/files\/2020\/04\/TESE-400x274.jpg\" alt=\"\" width=\"565\" height=\"387\" srcset=\"https:\/\/semmelweis.hu\/asszisztaltreprodukcio\/files\/2020\/04\/TESE-400x274.jpg 400w, https:\/\/semmelweis.hu\/asszisztaltreprodukcio\/files\/2020\/04\/TESE-1024x703.jpg 1024w, https:\/\/semmelweis.hu\/asszisztaltreprodukcio\/files\/2020\/04\/TESE-768x527.jpg 768w, https:\/\/semmelweis.hu\/asszisztaltreprodukcio\/files\/2020\/04\/TESE-437x300.jpg 437w, https:\/\/semmelweis.hu\/asszisztaltreprodukcio\/files\/2020\/04\/TESE-175x120.jpg 175w, https:\/\/semmelweis.hu\/asszisztaltreprodukcio\/files\/2020\/04\/TESE-753x517.jpg 753w, https:\/\/semmelweis.hu\/asszisztaltreprodukcio\/files\/2020\/04\/TESE.jpg 1325w\" sizes=\"auto, (max-width: 565px) 100vw, 565px\" \/><figcaption id=\"caption-attachment-1752\" class=\"wp-caption-text\">Seb\u00e9szeti spermiumnyer\u00e9s sematikus protokollja [<span style=\"font-size: 8pt\">Prof J. Herrero (Barcelona, Spanyolorsz\u00e1g) enged\u00e9ly\u00e9vel]<\/span><\/figcaption><\/figure>\n<p style=\"text-align: justify\">A m\u0171t\u00e9ti \u00faton nyert heresz\u00f6vet mint\u00e1kat az oszt\u00e1lyunkon kivizsg\u00e1l\u00e1s alatt \u00e1ll\u00f3 betegeink eset\u00e9ben, el\u0151zetes egyeztet\u00e9st k\u00f6vet\u0151en az Embriol\u00f3giai Laborat\u00f3riumba sz\u00e1ll\u00edtjuk, ahol feldolgozzuk \u00e9s megvizsg\u00e1ljuk, hogy tartalmaznak-e h\u00edmivarsejteket.<\/p>\n<p style=\"text-align: justify\">Amennyiben a feldolgozott sz\u00f6vetekben tal\u00e1lunk spermiumot, \u00fagy a feldolgozott,\u00a0 in vitro fertiliz\u00e1ci\u00f3s elj\u00e1r\u00e1shoz el\u0151k\u00e9sz\u00edtett mint\u00e1kat lefagyasztjuk. A m\u00e9lyh\u0171tve t\u00e1rolt sz\u00f6vetmint\u00e1kat a petesejtnyer\u00e9skor olvasztjuk fel \u00e9s <em>mikromanipul\u00e1tor<\/em> seg\u00edts\u00e9g\u00e9vel gy\u0171jtj\u00fck \u00f6ssze a megterm\u00e9keny\u00edt\u00e9shez alkalmas h\u00edmivarsejteket, majd <a href=\"https:\/\/semmelweis.hu\/asszisztaltreprodukcio\/embriologia\/megtermekenyites\/\">IVF-<em>ICSI m\u00f3dszerrel<\/em> <\/a>juttatjuk be azokat a petesejtekbe.<\/p>\n<p style=\"text-align: justify\">Felh\u00edvjuk betegeink figyelm\u00e9t, hogy amennyiben a seb\u00e9szeti \u00faton nyert spermamint\u00e1val oszt\u00e1lyunkon terveznek assziszt\u00e1lt reprodukci\u00f3s kezel\u00e9st v\u00e9gezni, \u00fagy a sz\u00f6vetminta \u00e1tsz\u00e1ll\u00edt\u00e1s\u00e1t, feldolgoz\u00e1s\u00e1t, fagyaszt\u00e1s\u00e1t, t\u00e1rol\u00e1s\u00e1t \u00e9s felolvaszt\u00e1s\u00e1t ingyenesen biztos\u00edtjuk. K\u00e9rj\u00fck, a minta \u00e1tsz\u00e1ll\u00edt\u00e1s\u00e1val kapcsolatban a m\u0171t\u00e9tet v\u00e9gz\u0151 orvossal egyeztessen.<\/p>\n<p><img loading=\"lazy\" decoding=\"async\" class=\"size-medium wp-image-1363 aligncenter\" src=\"https:\/\/semmelweis.hu\/asszisztaltreprodukcio\/files\/2020\/04\/kep-5-of-7-400x267.jpg\" alt=\"\" width=\"400\" height=\"267\" srcset=\"https:\/\/semmelweis.hu\/asszisztaltreprodukcio\/files\/2020\/04\/kep-5-of-7-400x267.jpg 400w, https:\/\/semmelweis.hu\/asszisztaltreprodukcio\/files\/2020\/04\/kep-5-of-7-1024x683.jpg 1024w, https:\/\/semmelweis.hu\/asszisztaltreprodukcio\/files\/2020\/04\/kep-5-of-7-768x512.jpg 768w, https:\/\/semmelweis.hu\/asszisztaltreprodukcio\/files\/2020\/04\/kep-5-of-7-450x300.jpg 450w, https:\/\/semmelweis.hu\/asszisztaltreprodukcio\/files\/2020\/04\/kep-5-of-7-1536x1024.jpg 1536w, https:\/\/semmelweis.hu\/asszisztaltreprodukcio\/files\/2020\/04\/kep-5-of-7-2048x1365.jpg 2048w, https:\/\/semmelweis.hu\/asszisztaltreprodukcio\/files\/2020\/04\/kep-5-of-7-753x502.jpg 753w, https:\/\/semmelweis.hu\/asszisztaltreprodukcio\/files\/2020\/04\/kep-5-of-7-203x135.jpg 203w\" sizes=\"auto, (max-width: 400px) 100vw, 400px\" \/> <img loading=\"lazy\" decoding=\"async\" class=\" wp-image-664 aligncenter\" src=\"https:\/\/semmelweis.hu\/asszisztaltreprodukcio\/files\/2020\/03\/20200318144700_IMG_1821-300x200.jpg\" alt=\"\" width=\"390\" height=\"260\" srcset=\"https:\/\/semmelweis.hu\/asszisztaltreprodukcio\/files\/2020\/03\/20200318144700_IMG_1821-300x200.jpg 300w, https:\/\/semmelweis.hu\/asszisztaltreprodukcio\/files\/2020\/03\/20200318144700_IMG_1821-1024x683.jpg 1024w, https:\/\/semmelweis.hu\/asszisztaltreprodukcio\/files\/2020\/03\/20200318144700_IMG_1821-768x512.jpg 768w, https:\/\/semmelweis.hu\/asszisztaltreprodukcio\/files\/2020\/03\/20200318144700_IMG_1821-450x300.jpg 450w, https:\/\/semmelweis.hu\/asszisztaltreprodukcio\/files\/2020\/03\/20200318144700_IMG_1821-1536x1024.jpg 1536w, https:\/\/semmelweis.hu\/asszisztaltreprodukcio\/files\/2020\/03\/20200318144700_IMG_1821-2048x1366.jpg 2048w\" sizes=\"auto, (max-width: 390px) 100vw, 390px\" \/><\/p>\n","protected":false},"excerpt":{"rendered":"<p>Amennyiben az ond\u00f3mint\u00e1ban nem tal\u00e1lunk h\u00edmivarsejtet ( <a href=\"https:\/\/semmelweis.hu\/asszisztaltreprodukcio\/embriologia\/andrologia\/andrologiai-szakvelemeny\/\">azoospermia<\/a> ), \u00fagy a seb\u00e9szeti spermiumnyer\u00e9s jelenti a beteg egyetlen es\u00e9ly\u00e9t arra, hogy genetikai szempontb\u00f3l saj\u00e1t gyermeke sz\u00fclethessen. Azoospermi\u00e1s f\u00e9rfiak t\u00f6bb mint fel\u00e9n\u00e9l ugyanis a her\u00e9ben, ha csak minim\u00e1lis m\u00e9rt\u00e9kben is, termel\u0151dnek h\u00edmivarsejtek, de azok azonban valamilyen ok miatt nem jutnak el az ond\u00f3mint\u00e1ba. Ilyen esetekben lehet\u0151s\u00e9g van a &hellip;<\/p>\n","protected":false},"author":101727,"featured_media":0,"parent":1734,"menu_order":1,"comment_status":"closed","ping_status":"closed","template":"","meta":{"_acf_changed":false,"footnotes":""},"categories":[],"tags":[],"class_list":["post-1736","page","type-page","status-publish","hentry"],"acf":[],"_links":{"self":[{"href":"https:\/\/semmelweis.hu\/asszisztaltreprodukcio\/wp-json\/wp\/v2\/pages\/1736","targetHints":{"allow":["GET"]}}],"collection":[{"href":"https:\/\/semmelweis.hu\/asszisztaltreprodukcio\/wp-json\/wp\/v2\/pages"}],"about":[{"href":"https:\/\/semmelweis.hu\/asszisztaltreprodukcio\/wp-json\/wp\/v2\/types\/page"}],"author":[{"embeddable":true,"href":"https:\/\/semmelweis.hu\/asszisztaltreprodukcio\/wp-json\/wp\/v2\/users\/101727"}],"replies":[{"embeddable":true,"href":"https:\/\/semmelweis.hu\/asszisztaltreprodukcio\/wp-json\/wp\/v2\/comments?post=1736"}],"version-history":[{"count":9,"href":"https:\/\/semmelweis.hu\/asszisztaltreprodukcio\/wp-json\/wp\/v2\/pages\/1736\/revisions"}],"predecessor-version":[{"id":2053,"href":"https:\/\/semmelweis.hu\/asszisztaltreprodukcio\/wp-json\/wp\/v2\/pages\/1736\/revisions\/2053"}],"up":[{"embeddable":true,"href":"https:\/\/semmelweis.hu\/asszisztaltreprodukcio\/wp-json\/wp\/v2\/pages\/1734"}],"wp:attachment":[{"href":"https:\/\/semmelweis.hu\/asszisztaltreprodukcio\/wp-json\/wp\/v2\/media?parent=1736"}],"wp:term":[{"taxonomy":"category","embeddable":true,"href":"https:\/\/semmelweis.hu\/asszisztaltreprodukcio\/wp-json\/wp\/v2\/categories?post=1736"},{"taxonomy":"post_tag","embeddable":true,"href":"https:\/\/semmelweis.hu\/asszisztaltreprodukcio\/wp-json\/wp\/v2\/tags?post=1736"}],"curies":[{"name":"wp","href":"https:\/\/api.w.org\/{rel}","templated":true}]}}