{"id":1734,"date":"2020-04-28T18:52:56","date_gmt":"2020-04-28T16:52:56","guid":{"rendered":"https:\/\/semmelweis.hu\/asszisztaltreprodukcio\/?page_id=1734"},"modified":"2020-04-29T18:03:02","modified_gmt":"2020-04-29T16:03:02","slug":"az-ondominta-felhasznalasa-asszisztalt-reprodukcios-kezeleshez","status":"publish","type":"page","link":"https:\/\/semmelweis.hu\/asszisztaltreprodukcio\/embriologia\/andrologia\/az-ondominta-felhasznalasa-asszisztalt-reprodukcios-kezeleshez\/","title":{"rendered":"Az ond\u00f3minta felhaszn\u00e1l\u00e1sa assziszt\u00e1lt reprodukci\u00f3s kezel\u00e9shez"},"content":{"rendered":"<p style=\"text-align: justify\">Spermafeldolgoz\u00e1st v\u00e9gz\u00fcnk akkor is, ha a mint\u00e1t ond\u00f3felhelyez\u00e9shez (<a href=\"https:\/\/semmelweis.hu\/asszisztaltreprodukcio\/pacienseknek\/asszisztalt-reprodukcios-eljarasok-2\/intrauterin-inszeminacio\/\"><em>intrauterin inszemin\u00e1ci\u00f3<\/em><\/a>) vagy <a href=\"https:\/\/semmelweis.hu\/asszisztaltreprodukcio\/pacienseknek\/asszisztalt-reprodukcios-eljarasok-2\/in-vitro-fertilizacio-ivf\/\">szervezeteten k\u00edv\u00fcli megterm\u00e9keny\u00edt\u00e9shez<\/a> tervezz\u00fck felhaszn\u00e1lni. A feldolgoz\u00e1s m\u00f3dj\u00e1t k\u00f6r\u00fcltekint\u0151en v\u00e1lasztjuk meg a kor\u00e1bbi eredm\u00e9nyek figyelembev\u00e9tel\u00e9vel \u00e9s a nat\u00edv minta vizsg\u00e1lata alapj\u00e1n.<\/p>\n<p style=\"text-align: justify\">A c\u00e9l az, hogy a folyamat v\u00e9g\u00e9n a tervezett kezel\u00e9shez legmegfelel\u0151bb, nagyr\u00e9szt j\u00f3l mozg\u00f3 h\u00edmivarsejteket tartalmaz\u00f3 feldolgozott mint\u00e1t kapjunk. A minta feldolgoz\u00e1sa 2-3 \u00f3r\u00e1t is ig\u00e9nybe vehet, \u00e9s ezt k\u00f6vet\u0151en a h\u00edmivarsejtek ak\u00e1r 2-3 napig is meg\u0151rzik \u00e9letk\u00e9pess\u00e9g\u00fcket. A tervezett beavatkoz\u00e1sra (IUI vagy IVF megterm\u00e9keny\u00edt\u00e9s) \u00e1ltal\u00e1ban a mintaad\u00e1s napj\u00e1n kora d\u00e9lut\u00e1n ker\u00fcl sor.<\/p>\n<p style=\"text-align: justify\">K\u00fcl\u00f6nleges kih\u00edv\u00e1st jelentenek embriol\u00f3gusaink sz\u00e1m\u00e1ra azok az esetek, amikor a spermamint\u00e1ban m\u00e9g a feldolgoz\u00e1s ut\u00e1n is csak elv\u00e9tve tal\u00e1lhat\u00f3 spermium (<a href=\"https:\/\/semmelweis.hu\/asszisztaltreprodukcio\/embriologia\/andrologia\/andrologiai-szakvelemeny\/\">cryptozoospermia<\/a>). Ilyenkor minden esetben ICSI m\u00f3dszerrel v\u00e9gezz\u00fck a megterm\u00e9keny\u00edt\u00e9st. S\u00falyosabb esetekben ak\u00e1r t\u00f6bb \u00f3r\u00e1t is ig\u00e9nybe vehet, hogy a mikroszk\u00f3p alatt megfelel\u0151 sz\u00e1m\u00fa \u00e9letk\u00e9pes h\u00edmivarsejtet gy\u0171jts\u00fcnk \u00f6ssze az \u00f6sszes rendelkez\u00e9sre \u00e1ll\u00f3 petesejt megterm\u00e9keny\u00edt\u00e9shez.<\/p>\n","protected":false},"excerpt":{"rendered":"<p>Spermafeldolgoz\u00e1st v\u00e9gz\u00fcnk akkor is, ha a mint\u00e1t ond\u00f3felhelyez\u00e9shez ( <a href=\"https:\/\/semmelweis.hu\/asszisztaltreprodukcio\/pacienseknek\/asszisztalt-reprodukcios-eljarasok-2\/intrauterin-inszeminacio\/\">intrauterin inszemin\u00e1ci\u00f3<\/a> ) vagy <a href=\"https:\/\/semmelweis.hu\/asszisztaltreprodukcio\/pacienseknek\/asszisztalt-reprodukcios-eljarasok-2\/in-vitro-fertilizacio-ivf\/\">szervezeteten k\u00edv\u00fcli megterm\u00e9keny\u00edt\u00e9shez<\/a> tervezz\u00fck felhaszn\u00e1lni. A feldolgoz\u00e1s m\u00f3dj\u00e1t k\u00f6r\u00fcltekint\u0151en v\u00e1lasztjuk meg a kor\u00e1bbi eredm\u00e9nyek figyelembev\u00e9tel\u00e9vel \u00e9s a nat\u00edv minta vizsg\u00e1lata alapj\u00e1n. A c\u00e9l az, hogy a folyamat v\u00e9g\u00e9n a tervezett kezel\u00e9shez legmegfelel\u0151bb, nagyr\u00e9szt j\u00f3l mozg\u00f3 h\u00edmivarsejteket tartalmaz\u00f3 feldolgozott mint\u00e1t kapjunk. A minta feldolgoz\u00e1sa 2-3 \u00f3r\u00e1t is ig\u00e9nybe &hellip;<\/p>\n","protected":false},"author":101727,"featured_media":0,"parent":1718,"menu_order":5,"comment_status":"closed","ping_status":"closed","template":"","meta":{"_acf_changed":false,"footnotes":""},"categories":[],"tags":[],"class_list":["post-1734","page","type-page","status-publish","hentry"],"acf":[],"_links":{"self":[{"href":"https:\/\/semmelweis.hu\/asszisztaltreprodukcio\/wp-json\/wp\/v2\/pages\/1734","targetHints":{"allow":["GET"]}}],"collection":[{"href":"https:\/\/semmelweis.hu\/asszisztaltreprodukcio\/wp-json\/wp\/v2\/pages"}],"about":[{"href":"https:\/\/semmelweis.hu\/asszisztaltreprodukcio\/wp-json\/wp\/v2\/types\/page"}],"author":[{"embeddable":true,"href":"https:\/\/semmelweis.hu\/asszisztaltreprodukcio\/wp-json\/wp\/v2\/users\/101727"}],"replies":[{"embeddable":true,"href":"https:\/\/semmelweis.hu\/asszisztaltreprodukcio\/wp-json\/wp\/v2\/comments?post=1734"}],"version-history":[{"count":3,"href":"https:\/\/semmelweis.hu\/asszisztaltreprodukcio\/wp-json\/wp\/v2\/pages\/1734\/revisions"}],"predecessor-version":[{"id":1842,"href":"https:\/\/semmelweis.hu\/asszisztaltreprodukcio\/wp-json\/wp\/v2\/pages\/1734\/revisions\/1842"}],"up":[{"embeddable":true,"href":"https:\/\/semmelweis.hu\/asszisztaltreprodukcio\/wp-json\/wp\/v2\/pages\/1718"}],"wp:attachment":[{"href":"https:\/\/semmelweis.hu\/asszisztaltreprodukcio\/wp-json\/wp\/v2\/media?parent=1734"}],"wp:term":[{"taxonomy":"category","embeddable":true,"href":"https:\/\/semmelweis.hu\/asszisztaltreprodukcio\/wp-json\/wp\/v2\/categories?post=1734"},{"taxonomy":"post_tag","embeddable":true,"href":"https:\/\/semmelweis.hu\/asszisztaltreprodukcio\/wp-json\/wp\/v2\/tags?post=1734"}],"curies":[{"name":"wp","href":"https:\/\/api.w.org\/{rel}","templated":true}]}}