{"id":1726,"date":"2020-04-28T18:36:38","date_gmt":"2020-04-28T16:36:38","guid":{"rendered":"https:\/\/semmelweis.hu\/asszisztaltreprodukcio\/?page_id=1726"},"modified":"2020-04-29T17:20:07","modified_gmt":"2020-04-29T15:20:07","slug":"spermaivzsgalat-az-asszisztalt-reprodukcios-osztalyon","status":"publish","type":"page","link":"https:\/\/semmelweis.hu\/asszisztaltreprodukcio\/embriologia\/andrologia\/spermaivzsgalat-az-asszisztalt-reprodukcios-osztalyon\/","title":{"rendered":"Spermaivzsg\u00e1lat az Assziszt\u00e1lt Reprodukci\u00f3s Oszt\u00e1lyon"},"content":{"rendered":"<p style=\"text-align: justify\">Csak az <em><u>androl\u00f3giai vizsg\u00e1lat<\/u><\/em>ot k\u00f6vet\u0151en ker\u00fclhet sor az oszt\u00e1lyunkon elv\u00e9gzend\u0151 \u201eARO\u201d spermavizsg\u00e1latra.<\/p>\n<p style=\"text-align: justify\"><em>Mi\u00e9rt lehet sz\u00fcks\u00e9g \u201eism\u00e9telt\u201d spermavizsg\u00e1latra?<\/em><\/p>\n<p style=\"text-align: justify\">A spermiumtermel\u00e9s \u00e9s a spermaminta min\u0151s\u00e9ge esetenk\u00e9nt v\u00e1ltozik. A vizsg\u00e1latokra nem csak az\u00e9rt van sz\u00fcks\u00e9g, hogy kiz\u00e1rjunk vagy igazoljunk valamilyen betegs\u00e9get, hanem az\u00e9rt is, hogy meg\u00e1llap\u00edtsuk, hogy az adott f\u00e9rfi spermamint\u00e1ja milyen assziszt\u00e1lt reprodukci\u00f3s beavatkoz\u00e1sra alkalmas. Az androl\u00f3gus \u00e1ltal elv\u00e9gzett spermavizsg\u00e1latot k\u00f6vet\u0151en oszt\u00e1lyunkon egy m\u00e1sodik vizsg\u00e1latra ker\u00fcl sor.<\/p>\n<p style=\"text-align: justify\">Erre az\u00e9rt van sz\u00fcks\u00e9g, hogy saj\u00e1t laborat\u00f3riumi k\u00f6r\u00fclm\u00e9nyeink k\u00f6z\u00f6tt is elv\u00e9gezz\u00fck a vizsg\u00e1latot. Amennyiben sz\u00fcks\u00e9ges, a spermamint\u00e1t a vizsg\u00e1lat sor\u00e1n fel is dolgozzuk, hasonl\u00f3an ahhoz, ahogy a k\u00e9s\u0151bbi kezel\u00e9s sor\u00e1n is tenn\u00e9nk. \u00cdgy nagyobb biztons\u00e1ggal tudjuk meg\u00e1llap\u00edtani, hogy az adott esetben milyen assziszt\u00e1lt reprodukci\u00f3s beavatkoz\u00e1s j\u00f6het sz\u00f3ba.<\/p>\n<p style=\"text-align: justify\">Ha az androl\u00f3gus \u00e1ltal v\u00e9gzett, \u00e9s az oszt\u00e1lyunkon t\u00f6rt\u00e9n\u0151 spermavizsg\u00e1lat eredm\u00e9nye jelent\u0151sen elt\u00e9r, akkor tov\u00e1bbi vizsg\u00e1latokat is k\u00e9rhet\u00fcnk.<\/p>\n<p style=\"text-align: justify\"><strong>Az \u201eARO\u201d spermavizsg\u00e1latra csak azok jelentkezhetnek, akikn\u00e9l ezt oszt\u00e1lyunk valamelyik orvosa javasolta, \u00e9s akik m\u00e1r j\u00e1rtak <em><u>androl\u00f3giai vizsg\u00e1laton<\/u><\/em>. K\u00e9rj\u00fck, hogy a kor\u00e1bbi, egy \u00e9vn\u00e9l nem r\u00e9gebbi androl\u00f3giai lelet m\u00e1solat\u00e1t legyen sz\u00edves mag\u00e1val hozni.<\/strong><\/p>\n<p style=\"text-align: justify\">A spermavizsg\u00e1lat el\u0151tt 5 nap \u00f6nmegtart\u00f3ztat\u00e1sra van sz\u00fcks\u00e9g. A mint\u00e1t az Assziszt\u00e1lt Reprodukci\u00f3s Oszt\u00e1lyon kell adni, egy erre a c\u00e9lra kialak\u00edtott helyis\u00e9gben, az \u00e1ltalunk biztos\u00edtott steril mintav\u00e9teli poh\u00e1rba. Ezzel kapcsolatban minden sz\u00fcks\u00e9ges inform\u00e1ci\u00f3t a mintaad\u00e1s el\u0151tt fog megkapni munkat\u00e1rsunkt\u00f3l.<\/p>\n","protected":false},"excerpt":{"rendered":"<p>Csak az androl\u00f3giai vizsg\u00e1latot k\u00f6vet\u0151en ker\u00fclhet sor az oszt\u00e1lyunkon elv\u00e9gzend\u0151 \u201eARO\u201d spermavizsg\u00e1latra. Mi\u00e9rt lehet sz\u00fcks\u00e9g \u201eism\u00e9telt\u201d spermavizsg\u00e1latra? A spermiumtermel\u00e9s \u00e9s a spermaminta min\u0151s\u00e9ge esetenk\u00e9nt v\u00e1ltozik. A vizsg\u00e1latokra nem csak az\u00e9rt van sz\u00fcks\u00e9g, hogy kiz\u00e1rjunk vagy igazoljunk valamilyen betegs\u00e9get, hanem az\u00e9rt is, hogy meg\u00e1llap\u00edtsuk, hogy az adott f\u00e9rfi spermamint\u00e1ja milyen assziszt\u00e1lt reprodukci\u00f3s beavatkoz\u00e1sra alkalmas. Az androl\u00f3gus &hellip;<\/p>\n","protected":false},"author":101727,"featured_media":0,"parent":1718,"menu_order":2,"comment_status":"closed","ping_status":"closed","template":"","meta":{"_acf_changed":false,"footnotes":""},"categories":[],"tags":[],"class_list":["post-1726","page","type-page","status-publish","hentry"],"acf":[],"_links":{"self":[{"href":"https:\/\/semmelweis.hu\/asszisztaltreprodukcio\/wp-json\/wp\/v2\/pages\/1726","targetHints":{"allow":["GET"]}}],"collection":[{"href":"https:\/\/semmelweis.hu\/asszisztaltreprodukcio\/wp-json\/wp\/v2\/pages"}],"about":[{"href":"https:\/\/semmelweis.hu\/asszisztaltreprodukcio\/wp-json\/wp\/v2\/types\/page"}],"author":[{"embeddable":true,"href":"https:\/\/semmelweis.hu\/asszisztaltreprodukcio\/wp-json\/wp\/v2\/users\/101727"}],"replies":[{"embeddable":true,"href":"https:\/\/semmelweis.hu\/asszisztaltreprodukcio\/wp-json\/wp\/v2\/comments?post=1726"}],"version-history":[{"count":4,"href":"https:\/\/semmelweis.hu\/asszisztaltreprodukcio\/wp-json\/wp\/v2\/pages\/1726\/revisions"}],"predecessor-version":[{"id":1836,"href":"https:\/\/semmelweis.hu\/asszisztaltreprodukcio\/wp-json\/wp\/v2\/pages\/1726\/revisions\/1836"}],"up":[{"embeddable":true,"href":"https:\/\/semmelweis.hu\/asszisztaltreprodukcio\/wp-json\/wp\/v2\/pages\/1718"}],"wp:attachment":[{"href":"https:\/\/semmelweis.hu\/asszisztaltreprodukcio\/wp-json\/wp\/v2\/media?parent=1726"}],"wp:term":[{"taxonomy":"category","embeddable":true,"href":"https:\/\/semmelweis.hu\/asszisztaltreprodukcio\/wp-json\/wp\/v2\/categories?post=1726"},{"taxonomy":"post_tag","embeddable":true,"href":"https:\/\/semmelweis.hu\/asszisztaltreprodukcio\/wp-json\/wp\/v2\/tags?post=1726"}],"curies":[{"name":"wp","href":"https:\/\/api.w.org\/{rel}","templated":true}]}}