{"id":1724,"date":"2020-04-28T18:33:52","date_gmt":"2020-04-28T16:33:52","guid":{"rendered":"https:\/\/semmelweis.hu\/asszisztaltreprodukcio\/?page_id=1724"},"modified":"2020-04-29T17:10:47","modified_gmt":"2020-04-29T15:10:47","slug":"andrologiai-vizsgalat","status":"publish","type":"page","link":"https:\/\/semmelweis.hu\/asszisztaltreprodukcio\/embriologia\/andrologia\/andrologiai-vizsgalat\/","title":{"rendered":"Androl\u00f3giai vizsg\u00e1lat"},"content":{"rendered":"<p><strong>Androl\u00f3giai vizsg\u00e1lat<\/strong><\/p>\n<p style=\"text-align: justify\">A medd\u0151 p\u00e1rok kivizsg\u00e1l\u00e1s\u00e1nak fontos r\u00e9sze a f\u00e9rfiak vizsg\u00e1lata, amely egy <strong>androl\u00f3gus szakorvos<\/strong> \u00e1ltal elv\u00e9gzett <strong>fizik\u00e1lis vizsg\u00e1lat<\/strong>b\u00f3l, valamint spermavizsg\u00e1latb\u00f3l \u00e1ll.<\/p>\n<p style=\"text-align: justify\"><strong>Oszt\u00e1lyunkon nincs androl\u00f3giai szakrendel\u00e9s<\/strong>, \u00edgy ezt a vizsg\u00e1latot betegeinknek m\u00e1s int\u00e9zetben kell elv\u00e9gezni\u00fck. Az androl\u00f3gus szakorvos \u00e1ltal v\u00e9gzett fizik\u00e1lis vizsg\u00e1lat a f\u00e9rfi reprodukt\u00edv szervek vizsg\u00e1lat\u00e1t jelenti.<\/p>\n<figure id=\"attachment_1747\" aria-describedby=\"caption-attachment-1747\" style=\"width: 657px\" class=\"wp-caption aligncenter\"><img loading=\"lazy\" decoding=\"async\" class=\"wp-image-1747\" src=\"https:\/\/semmelweis.hu\/asszisztaltreprodukcio\/files\/2020\/04\/here-ro-400x276.jpg\" alt=\"\" width=\"657\" height=\"453\" srcset=\"https:\/\/semmelweis.hu\/asszisztaltreprodukcio\/files\/2020\/04\/here-ro-400x276.jpg 400w, https:\/\/semmelweis.hu\/asszisztaltreprodukcio\/files\/2020\/04\/here-ro-768x530.jpg 768w, https:\/\/semmelweis.hu\/asszisztaltreprodukcio\/files\/2020\/04\/here-ro-435x300.jpg 435w, https:\/\/semmelweis.hu\/asszisztaltreprodukcio\/files\/2020\/04\/here-ro-175x120.jpg 175w, https:\/\/semmelweis.hu\/asszisztaltreprodukcio\/files\/2020\/04\/here-ro-753x519.jpg 753w, https:\/\/semmelweis.hu\/asszisztaltreprodukcio\/files\/2020\/04\/here-ro.jpg 1012w\" sizes=\"auto, (max-width: 657px) 100vw, 657px\" \/><figcaption id=\"caption-attachment-1747\" class=\"wp-caption-text\">\u00d6sszefoglal\u00f3 \u00e1bra az androl\u00f3giai tudnival\u00f3kr\u00f3l<span style=\"font-size: 8pt\"> [Prof. J. Herrero (Barcelona, Spanyolorsz\u00e1g) enged\u00e9ly\u00e9vel]<\/span><\/figcaption><\/figure>\n<p style=\"text-align: justify\">C\u00e9lja, hogy meg\u00e1llap\u00edtsa, nincs-e valamilyen androl\u00f3giai vagy urol\u00f3giai elv\u00e1ltoz\u00e1s, a medd\u0151s\u00e9g h\u00e1tter\u00e9ben. A spermavizsg\u00e1lat pedig az ond\u00f3minta vizsg\u00e1lat\u00e1t jelenti \u00e9s kiterjed a spermiumok sz\u00e1m\u00e1nak, mozg\u00e9konys\u00e1g\u00e1nak meghat\u00e1roz\u00e1s\u00e1ra, \u00e9letk\u00e9pess\u00e9g\u00fck meg\u00edt\u00e9l\u00e9s\u00e9re, de sz\u00e1mos m\u00e1s param\u00e9terre is, ami esetleg magyar\u00e1zatot adhat a gyermek\u00e1ld\u00e1s elmarad\u00e1s\u00e1ra.<\/p>\n<p style=\"text-align: justify\">A r\u00e9szletes androl\u00f3giai-urol\u00f3giai vizsg\u00e1lat, valamint a spermavizsg\u00e1lat eredm\u00e9nye alapj\u00e1n az androl\u00f3gus szakorvos androl\u00f3giai leletet \u00e1ll\u00edt ki, amennyiben valamilyen rendelleness\u00e9get tal\u00e1l, akkor tov\u00e1bbi vizsg\u00e1latokat, kezel\u00e9seket javasolhat.<\/p>\n<p style=\"text-align: justify\">\u00a0<\/p>\n<div class=\"mceTemp\">\u00a0<\/div>\n<p style=\"text-align: justify\">\u00a0<\/p>\n","protected":false},"excerpt":{"rendered":"<p>Androl\u00f3giai vizsg\u00e1lat A medd\u0151 p\u00e1rok kivizsg\u00e1l\u00e1s\u00e1nak fontos r\u00e9sze a f\u00e9rfiak vizsg\u00e1lata, amely egy androl\u00f3gus szakorvos \u00e1ltal elv\u00e9gzett fizik\u00e1lis vizsg\u00e1latb\u00f3l, valamint spermavizsg\u00e1latb\u00f3l \u00e1ll. Oszt\u00e1lyunkon nincs androl\u00f3giai szakrendel\u00e9s, \u00edgy ezt a vizsg\u00e1latot betegeinknek m\u00e1s int\u00e9zetben kell elv\u00e9gezni\u00fck. Az androl\u00f3gus szakorvos \u00e1ltal v\u00e9gzett fizik\u00e1lis vizsg\u00e1lat a f\u00e9rfi reprodukt\u00edv szervek vizsg\u00e1lat\u00e1t jelenti. C\u00e9lja, hogy meg\u00e1llap\u00edtsa, nincs-e valamilyen androl\u00f3giai vagy &hellip;<\/p>\n","protected":false},"author":101727,"featured_media":0,"parent":1718,"menu_order":1,"comment_status":"closed","ping_status":"closed","template":"","meta":{"_acf_changed":false,"footnotes":""},"categories":[],"tags":[],"class_list":["post-1724","page","type-page","status-publish","hentry"],"acf":[],"_links":{"self":[{"href":"https:\/\/semmelweis.hu\/asszisztaltreprodukcio\/wp-json\/wp\/v2\/pages\/1724","targetHints":{"allow":["GET"]}}],"collection":[{"href":"https:\/\/semmelweis.hu\/asszisztaltreprodukcio\/wp-json\/wp\/v2\/pages"}],"about":[{"href":"https:\/\/semmelweis.hu\/asszisztaltreprodukcio\/wp-json\/wp\/v2\/types\/page"}],"author":[{"embeddable":true,"href":"https:\/\/semmelweis.hu\/asszisztaltreprodukcio\/wp-json\/wp\/v2\/users\/101727"}],"replies":[{"embeddable":true,"href":"https:\/\/semmelweis.hu\/asszisztaltreprodukcio\/wp-json\/wp\/v2\/comments?post=1724"}],"version-history":[{"count":6,"href":"https:\/\/semmelweis.hu\/asszisztaltreprodukcio\/wp-json\/wp\/v2\/pages\/1724\/revisions"}],"predecessor-version":[{"id":1835,"href":"https:\/\/semmelweis.hu\/asszisztaltreprodukcio\/wp-json\/wp\/v2\/pages\/1724\/revisions\/1835"}],"up":[{"embeddable":true,"href":"https:\/\/semmelweis.hu\/asszisztaltreprodukcio\/wp-json\/wp\/v2\/pages\/1718"}],"wp:attachment":[{"href":"https:\/\/semmelweis.hu\/asszisztaltreprodukcio\/wp-json\/wp\/v2\/media?parent=1724"}],"wp:term":[{"taxonomy":"category","embeddable":true,"href":"https:\/\/semmelweis.hu\/asszisztaltreprodukcio\/wp-json\/wp\/v2\/categories?post=1724"},{"taxonomy":"post_tag","embeddable":true,"href":"https:\/\/semmelweis.hu\/asszisztaltreprodukcio\/wp-json\/wp\/v2\/tags?post=1724"}],"curies":[{"name":"wp","href":"https:\/\/api.w.org\/{rel}","templated":true}]}}