{"id":1718,"date":"2020-04-28T18:29:01","date_gmt":"2020-04-28T16:29:01","guid":{"rendered":"https:\/\/semmelweis.hu\/asszisztaltreprodukcio\/?page_id=1718"},"modified":"2020-05-02T18:06:46","modified_gmt":"2020-05-02T16:06:46","slug":"andrologia","status":"publish","type":"page","link":"https:\/\/semmelweis.hu\/asszisztaltreprodukcio\/embriologia\/andrologia\/","title":{"rendered":"Androl\u00f3gia"},"content":{"rendered":"<p style=\"text-align: justify\">Minden <strong>\u00faj emberi \u00e9let<\/strong> l\u00e9trej\u00f6tt\u00e9hez egy eg\u00e9szs\u00e9ges<strong> petesejt<\/strong> \u00e9s <strong>h\u00edmivarsejt tal\u00e1lkoz\u00e1s\u00e1ra<\/strong> van sz\u00fcks\u00e9g. Fontosnak tartjuk hangs\u00falyozni, hogy a gyermek\u00e1ld\u00e1s elmarad\u00e1sa nem lehet csup\u00e1n a n\u0151i oldal probl\u00e9m\u00e1ja. A gyermeket tervez\u0151 p\u00e1r f\u00e9rfi tagj\u00e1nak eg\u00e9szs\u00e9ges reprodukt\u00edv m\u0171k\u00f6d\u00e9se ugyanolyan fontos.<\/p>\n<p style=\"text-align: justify\">Ennek megfelel\u0151en a medd\u0151s\u00e9g kivizsg\u00e1l\u00e1s\u00e1ban \u00e9s kezel\u00e9s\u00e9ben az Embriol\u00f3giai Laborat\u00f3riumban zajl\u00f3 folyamatokhoz hasonl\u00f3an fontos szerep jut az androl\u00f3giai vizsg\u00e1latoknak is.<\/p>\n<p style=\"text-align: justify\"><em>A hozz\u00e1nk fordul\u00f3 p\u00e1rok kivizsg\u00e1l\u00e1sa sor\u00e1n a f\u00e9rfiaknak androl\u00f3giai vizsg\u00e1laton kell r\u00e9szt vennie, <strong>ezt k\u00f6vet\u0151en<\/strong> oszt\u00e1lyunk Androl\u00f3giai Laborat\u00f3rium\u00e1ban ker\u00fcl sor egy ism\u00e9telt spermavizsg\u00e1latra.<\/em><\/p>\n","protected":false},"excerpt":{"rendered":"<p>Minden \u00faj emberi \u00e9let l\u00e9trej\u00f6tt\u00e9hez egy eg\u00e9szs\u00e9ges petesejt \u00e9s h\u00edmivarsejt tal\u00e1lkoz\u00e1s\u00e1ra van sz\u00fcks\u00e9g. Fontosnak tartjuk hangs\u00falyozni, hogy a gyermek\u00e1ld\u00e1s elmarad\u00e1sa nem lehet csup\u00e1n a n\u0151i oldal probl\u00e9m\u00e1ja. A gyermeket tervez\u0151 p\u00e1r f\u00e9rfi tagj\u00e1nak eg\u00e9szs\u00e9ges reprodukt\u00edv m\u0171k\u00f6d\u00e9se ugyanolyan fontos. Ennek megfelel\u0151en a medd\u0151s\u00e9g kivizsg\u00e1l\u00e1s\u00e1ban \u00e9s kezel\u00e9s\u00e9ben az Embriol\u00f3giai Laborat\u00f3riumban zajl\u00f3 folyamatokhoz hasonl\u00f3an fontos szerep jut az &hellip;<\/p>\n","protected":false},"author":101727,"featured_media":0,"parent":1254,"menu_order":9,"comment_status":"closed","ping_status":"closed","template":"","meta":{"_acf_changed":false,"footnotes":""},"categories":[],"tags":[],"class_list":["post-1718","page","type-page","status-publish","hentry"],"acf":[],"_links":{"self":[{"href":"https:\/\/semmelweis.hu\/asszisztaltreprodukcio\/wp-json\/wp\/v2\/pages\/1718","targetHints":{"allow":["GET"]}}],"collection":[{"href":"https:\/\/semmelweis.hu\/asszisztaltreprodukcio\/wp-json\/wp\/v2\/pages"}],"about":[{"href":"https:\/\/semmelweis.hu\/asszisztaltreprodukcio\/wp-json\/wp\/v2\/types\/page"}],"author":[{"embeddable":true,"href":"https:\/\/semmelweis.hu\/asszisztaltreprodukcio\/wp-json\/wp\/v2\/users\/101727"}],"replies":[{"embeddable":true,"href":"https:\/\/semmelweis.hu\/asszisztaltreprodukcio\/wp-json\/wp\/v2\/comments?post=1718"}],"version-history":[{"count":5,"href":"https:\/\/semmelweis.hu\/asszisztaltreprodukcio\/wp-json\/wp\/v2\/pages\/1718\/revisions"}],"predecessor-version":[{"id":1859,"href":"https:\/\/semmelweis.hu\/asszisztaltreprodukcio\/wp-json\/wp\/v2\/pages\/1718\/revisions\/1859"}],"up":[{"embeddable":true,"href":"https:\/\/semmelweis.hu\/asszisztaltreprodukcio\/wp-json\/wp\/v2\/pages\/1254"}],"wp:attachment":[{"href":"https:\/\/semmelweis.hu\/asszisztaltreprodukcio\/wp-json\/wp\/v2\/media?parent=1718"}],"wp:term":[{"taxonomy":"category","embeddable":true,"href":"https:\/\/semmelweis.hu\/asszisztaltreprodukcio\/wp-json\/wp\/v2\/categories?post=1718"},{"taxonomy":"post_tag","embeddable":true,"href":"https:\/\/semmelweis.hu\/asszisztaltreprodukcio\/wp-json\/wp\/v2\/tags?post=1718"}],"curies":[{"name":"wp","href":"https:\/\/api.w.org\/{rel}","templated":true}]}}