{"id":1694,"date":"2020-04-28T17:47:04","date_gmt":"2020-04-28T15:47:04","guid":{"rendered":"https:\/\/semmelweis.hu\/asszisztaltreprodukcio\/?page_id=1694"},"modified":"2020-05-08T09:44:40","modified_gmt":"2020-05-08T07:44:40","slug":"kongresszusaink","status":"publish","type":"page","link":"https:\/\/semmelweis.hu\/asszisztaltreprodukcio\/osztaly\/kongresszusaink\/","title":{"rendered":"Kongresszusaink"},"content":{"rendered":"<p style=\"text-align: justify\">Oszt\u00e1lyunk t\u00f6bb mint negyed \u00e9vsz\u00e1zados m\u0171k\u00f6d\u00e9se sor\u00e1n sz\u00e1mos hazai \u00e9s nemzetk\u00f6zi\u00a0tudom\u00e1nyos rendezv\u00e9nyt szervezett, melyen az assziszt\u00e1lt reprodukci\u00f3s\u00a0szakma kiemelked\u0151\u00a0 k\u00e9pvisel\u0151i osztott\u00e1k meg tud\u00e1sukat,\u00a0 kutat\u00e1si eredm\u00e9nyeiket a hazai \u00e9s r\u00e9szben nemzetk\u00f6zi k\u00f6z\u00f6ns\u00e9g el\u0151tt.<\/p>\n<hr \/>\n<h4 style=\"text-align: left\"><span style=\"font-size: 14pt\"><strong>1992<\/strong>\u00a0 \u00a0<a href=\"https:\/\/semmelweis.hu\/asszisztaltreprodukcio\/osztaly\/kongresszusaink\/1992-budapest-symposium-on-reproductive-medicine\/\">Budapest Symposium on Reproductive Medicine<\/a><img loading=\"lazy\" decoding=\"async\" class=\"wp-image-1698 alignright\" src=\"https:\/\/semmelweis.hu\/asszisztaltreprodukcio\/files\/2020\/04\/92_sympos-251x400.jpg\" alt=\"\" width=\"205\" height=\"327\" srcset=\"https:\/\/semmelweis.hu\/asszisztaltreprodukcio\/files\/2020\/04\/92_sympos-251x400.jpg 251w, https:\/\/semmelweis.hu\/asszisztaltreprodukcio\/files\/2020\/04\/92_sympos-188x300.jpg 188w, https:\/\/semmelweis.hu\/asszisztaltreprodukcio\/files\/2020\/04\/92_sympos.jpg 466w\" sizes=\"auto, (max-width: 205px) 100vw, 205px\" \/><\/span><\/h4>\n<hr \/>\n<h4 style=\"text-align: left\"><span style=\"font-size: 14pt\"><img loading=\"lazy\" decoding=\"async\" class=\"wp-image-1699 alignright\" src=\"https:\/\/semmelweis.hu\/asszisztaltreprodukcio\/files\/2020\/04\/93_sympos-251x400.jpg\" alt=\"\" width=\"205\" height=\"327\" srcset=\"https:\/\/semmelweis.hu\/asszisztaltreprodukcio\/files\/2020\/04\/93_sympos-251x400.jpg 251w, https:\/\/semmelweis.hu\/asszisztaltreprodukcio\/files\/2020\/04\/93_sympos-188x300.jpg 188w, https:\/\/semmelweis.hu\/asszisztaltreprodukcio\/files\/2020\/04\/93_sympos.jpg 466w\" sizes=\"auto, (max-width: 205px) 100vw, 205px\" \/><strong>1993\u00a0 \u00a0<\/strong><a href=\"https:\/\/semmelweis.hu\/asszisztaltreprodukcio\/osztaly\/kongresszusaink\/1993-organon-symposium-on-gonadotrophin-therapy\/\">Organon Symposium on Gonadotrophin Therapy<\/a><\/span><\/h4>\n<hr \/>\n<h4 style=\"text-align: left\"><span style=\"font-size: 14pt\"><strong>1994<\/strong>\u00a0 \u00a0<a href=\"https:\/\/semmelweis.hu\/asszisztaltreprodukcio\/osztaly\/kongresszusaink\/1994-international-federation-of-fertility-societies-workshop\/\">International Federation of Fertility Societies Workshop<\/a><img loading=\"lazy\" decoding=\"async\" class=\"wp-image-1700 alignright\" src=\"https:\/\/semmelweis.hu\/asszisztaltreprodukcio\/files\/2020\/04\/94_sympos-251x400.jpg\" alt=\"\" width=\"205\" height=\"327\" srcset=\"https:\/\/semmelweis.hu\/asszisztaltreprodukcio\/files\/2020\/04\/94_sympos-251x400.jpg 251w, https:\/\/semmelweis.hu\/asszisztaltreprodukcio\/files\/2020\/04\/94_sympos-188x300.jpg 188w, https:\/\/semmelweis.hu\/asszisztaltreprodukcio\/files\/2020\/04\/94_sympos.jpg 466w\" sizes=\"auto, (max-width: 205px) 100vw, 205px\" \/><\/span><\/h4>\n<hr \/>\n<h4 style=\"text-align: left\"><span style=\"font-size: 14pt\"><img loading=\"lazy\" decoding=\"async\" class=\"wp-image-1701 alignright\" src=\"https:\/\/semmelweis.hu\/asszisztaltreprodukcio\/files\/2020\/04\/95_kong-251x400.jpg\" alt=\"\" width=\"205\" height=\"327\" srcset=\"https:\/\/semmelweis.hu\/asszisztaltreprodukcio\/files\/2020\/04\/95_kong-251x400.jpg 251w, https:\/\/semmelweis.hu\/asszisztaltreprodukcio\/files\/2020\/04\/95_kong-189x300.jpg 189w, https:\/\/semmelweis.hu\/asszisztaltreprodukcio\/files\/2020\/04\/95_kong.jpg 467w\" sizes=\"auto, (max-width: 205px) 100vw, 205px\" \/><a href=\"https:\/\/semmelweis.hu\/asszisztaltreprodukcio\/osztaly\/kongresszusaink\/1995-a-magyar-asszisztalt-reprodukcios-tarsasag-elso-kongresszusa\/\"><strong>1995<\/strong>\u00a0 \u00a0A Magyar Assziszt\u00e1lt Reprodukci\u00f3s T\u00e1rsas\u00e1g els\u0151 kongresszusa<\/a><\/span><\/h4>\n<hr \/>\n<h4 style=\"text-align: left\"><span style=\"font-size: 14pt\"><strong>1996<\/strong>\u00a0 \u00a0<a href=\"https:\/\/semmelweis.hu\/asszisztaltreprodukcio\/osztaly\/kongresszusaink\/1996-novel-trends-in-reproductive-medicine-eshre-workshop\/\">Novel Trends in Reproductive Medicine &#8211; ESHRE Workshop<\/a><img loading=\"lazy\" decoding=\"async\" class=\"wp-image-1702 alignright\" src=\"https:\/\/semmelweis.hu\/asszisztaltreprodukcio\/files\/2020\/04\/96_eshre-263x400.jpg\" alt=\"\" width=\"205\" height=\"312\" srcset=\"https:\/\/semmelweis.hu\/asszisztaltreprodukcio\/files\/2020\/04\/96_eshre-263x400.jpg 263w, https:\/\/semmelweis.hu\/asszisztaltreprodukcio\/files\/2020\/04\/96_eshre-197x300.jpg 197w, https:\/\/semmelweis.hu\/asszisztaltreprodukcio\/files\/2020\/04\/96_eshre.jpg 489w\" sizes=\"auto, (max-width: 205px) 100vw, 205px\" \/><\/span><\/h4>\n<hr \/>\n<h4 style=\"text-align: center\">\u00a0<\/h4>\n<h4 style=\"text-align: left\"><span style=\"font-size: 14pt\"><img loading=\"lazy\" decoding=\"async\" class=\"wp-image-1707 alignright\" src=\"https:\/\/semmelweis.hu\/asszisztaltreprodukcio\/files\/2020\/04\/n\u0151endo-273x400.jpg\" alt=\"\" width=\"205\" height=\"300\" srcset=\"https:\/\/semmelweis.hu\/asszisztaltreprodukcio\/files\/2020\/04\/n\u0151endo-273x400.jpg 273w, https:\/\/semmelweis.hu\/asszisztaltreprodukcio\/files\/2020\/04\/n\u0151endo-205x300.jpg 205w, https:\/\/semmelweis.hu\/asszisztaltreprodukcio\/files\/2020\/04\/n\u0151endo.jpg 494w\" sizes=\"auto, (max-width: 205px) 100vw, 205px\" \/><strong>1997\u00a0<\/strong> \u00a0<a href=\"https:\/\/semmelweis.hu\/asszisztaltreprodukcio\/osztaly\/kongresszusaink\/1997-nogyogyaszati-endokrinologia-konyvbemutato-szimpozium\/\">N\u0151gy\u00f3gy\u00e1szati Endokrinol\u00f3gia &#8211; k\u00f6nyvbemutat\u00f3 szimp\u00f3zium<\/a><\/span><\/h4>\n<p style=\"text-align: center\">\u00a0<\/p>\n<hr \/>\n<h4 style=\"text-align: left\"><span style=\"font-size: 14pt\"><strong>1999<\/strong>\u00a0 \u00a0<a href=\"https:\/\/semmelweis.hu\/asszisztaltreprodukcio\/osztaly\/kongresszusaink\/1999-ot-ev-munkaja-a-szamok-es-eredmenyek-tukreben-tudomanyos-szimpozium\/\">\u00d6t \u00e9v munk\u00e1ja a sz\u00e1mok \u00e9s eredm\u00e9nyek t\u00fckr\u00e9ben &#8211; Tudom\u00e1nyos szimp\u00f3zium<\/a><img loading=\"lazy\" decoding=\"async\" class=\"wp-image-1706 alignright\" src=\"https:\/\/semmelweis.hu\/asszisztaltreprodukcio\/files\/2020\/04\/99_5\u00e9v-276x400.jpg\" alt=\"\" width=\"205\" height=\"297\" srcset=\"https:\/\/semmelweis.hu\/asszisztaltreprodukcio\/files\/2020\/04\/99_5\u00e9v-276x400.jpg 276w, https:\/\/semmelweis.hu\/asszisztaltreprodukcio\/files\/2020\/04\/99_5\u00e9v-707x1024.jpg 707w, https:\/\/semmelweis.hu\/asszisztaltreprodukcio\/files\/2020\/04\/99_5\u00e9v-768x1112.jpg 768w, https:\/\/semmelweis.hu\/asszisztaltreprodukcio\/files\/2020\/04\/99_5\u00e9v-207x300.jpg 207w, https:\/\/semmelweis.hu\/asszisztaltreprodukcio\/files\/2020\/04\/99_5\u00e9v-1061x1536.jpg 1061w, https:\/\/semmelweis.hu\/asszisztaltreprodukcio\/files\/2020\/04\/99_5\u00e9v-1415x2048.jpg 1415w, https:\/\/semmelweis.hu\/asszisztaltreprodukcio\/files\/2020\/04\/99_5\u00e9v-753x1090.jpg 753w, https:\/\/semmelweis.hu\/asszisztaltreprodukcio\/files\/2020\/04\/99_5\u00e9v.jpg 1680w\" sizes=\"auto, (max-width: 205px) 100vw, 205px\" \/><\/span><\/h4>\n<hr \/>\n<h4 style=\"text-align: left\"><span style=\"font-size: 14pt\"><strong><img loading=\"lazy\" decoding=\"async\" class=\"wp-image-1709 alignright\" src=\"https:\/\/semmelweis.hu\/asszisztaltreprodukcio\/files\/2020\/04\/03_sympos-290x400.jpg\" alt=\"\" width=\"205\" height=\"283\" srcset=\"https:\/\/semmelweis.hu\/asszisztaltreprodukcio\/files\/2020\/04\/03_sympos-290x400.jpg 290w, https:\/\/semmelweis.hu\/asszisztaltreprodukcio\/files\/2020\/04\/03_sympos-743x1024.jpg 743w, https:\/\/semmelweis.hu\/asszisztaltreprodukcio\/files\/2020\/04\/03_sympos-768x1058.jpg 768w, https:\/\/semmelweis.hu\/asszisztaltreprodukcio\/files\/2020\/04\/03_sympos-218x300.jpg 218w, https:\/\/semmelweis.hu\/asszisztaltreprodukcio\/files\/2020\/04\/03_sympos-1115x1536.jpg 1115w, https:\/\/semmelweis.hu\/asszisztaltreprodukcio\/files\/2020\/04\/03_sympos-1487x2048.jpg 1487w, https:\/\/semmelweis.hu\/asszisztaltreprodukcio\/files\/2020\/04\/03_sympos-753x1037.jpg 753w, https:\/\/semmelweis.hu\/asszisztaltreprodukcio\/files\/2020\/04\/03_sympos.jpg 1685w\" sizes=\"auto, (max-width: 205px) 100vw, 205px\" \/>2003\u00a0\u00a0<\/strong> <a href=\"https:\/\/semmelweis.hu\/asszisztaltreprodukcio\/osztaly\/kongresszusaink\/2003-budapest-symposium-on-endocrinology-of-ovarian-stimulation-iffs-workshop\/\">Budapest Symposium on Endocrinology of Ovarian Stimulation &#8211; IFFS Workshop<\/a><\/span><\/h4>\n<hr \/>\n<h4 style=\"text-align: left\"><span style=\"font-size: 14pt\"><strong>2004\u00a0\u00a0<\/strong> <a href=\"https:\/\/semmelweis.hu\/asszisztaltreprodukcio\/osztaly\/kongresszusaink\/2004-tiz-ev-munkaja-a-szamok-es-eredmenyek-tukreben-tudomanyos-szimpozium\/\">T\u00edz \u00e9v munk\u00e1ja a sz\u00e1mok \u00e9s eredm\u00e9nyek t\u00fckr\u00e9ben &#8211;\u00a0 Tudom\u00e1nyos szimp\u00f3zium<\/a><img loading=\"lazy\" decoding=\"async\" class=\"wp-image-1710 alignright\" src=\"https:\/\/semmelweis.hu\/asszisztaltreprodukcio\/files\/2020\/04\/04_10\u00e9vc\u00edm-280x400.jpeg\" alt=\"\" width=\"205\" height=\"293\" srcset=\"https:\/\/semmelweis.hu\/asszisztaltreprodukcio\/files\/2020\/04\/04_10\u00e9vc\u00edm-280x400.jpeg 280w, https:\/\/semmelweis.hu\/asszisztaltreprodukcio\/files\/2020\/04\/04_10\u00e9vc\u00edm-717x1024.jpeg 717w, https:\/\/semmelweis.hu\/asszisztaltreprodukcio\/files\/2020\/04\/04_10\u00e9vc\u00edm-768x1097.jpeg 768w, https:\/\/semmelweis.hu\/asszisztaltreprodukcio\/files\/2020\/04\/04_10\u00e9vc\u00edm-210x300.jpeg 210w, https:\/\/semmelweis.hu\/asszisztaltreprodukcio\/files\/2020\/04\/04_10\u00e9vc\u00edm-1076x1536.jpeg 1076w, https:\/\/semmelweis.hu\/asszisztaltreprodukcio\/files\/2020\/04\/04_10\u00e9vc\u00edm-1434x2048.jpeg 1434w, https:\/\/semmelweis.hu\/asszisztaltreprodukcio\/files\/2020\/04\/04_10\u00e9vc\u00edm-753x1075.jpeg 753w, https:\/\/semmelweis.hu\/asszisztaltreprodukcio\/files\/2020\/04\/04_10\u00e9vc\u00edm.jpeg 1664w\" sizes=\"auto, (max-width: 205px) 100vw, 205px\" \/><\/span><\/h4>\n<hr \/>\n<h4 style=\"text-align: left\"><span style=\"font-size: 14pt\"><strong><img loading=\"lazy\" decoding=\"async\" class=\"wp-image-1711 alignright\" src=\"https:\/\/semmelweis.hu\/asszisztaltreprodukcio\/files\/2020\/04\/05_eshrecampus-283x400.jpg\" alt=\"\" width=\"205\" height=\"290\" srcset=\"https:\/\/semmelweis.hu\/asszisztaltreprodukcio\/files\/2020\/04\/05_eshrecampus-283x400.jpg 283w, https:\/\/semmelweis.hu\/asszisztaltreprodukcio\/files\/2020\/04\/05_eshrecampus-212x300.jpg 212w, https:\/\/semmelweis.hu\/asszisztaltreprodukcio\/files\/2020\/04\/05_eshrecampus.jpg 652w\" sizes=\"auto, (max-width: 205px) 100vw, 205px\" \/>2005<\/strong>\u00a0 <a href=\"https:\/\/semmelweis.hu\/asszisztaltreprodukcio\/osztaly\/kongresszusaink\/2005-evidence-based-medicine-in-reproductive-medicine-eshre-campus-workshop\/\">Evidence Based Medicine in Reproductive Medicine &#8211;\u00a0 ESHRE Campus Workshop<\/a><\/span><\/h4>\n<hr \/>\n<h4 style=\"text-align: left\"><span style=\"font-size: 14pt\"><strong>2009\u00a0\u00a0<\/strong> <a href=\"https:\/\/semmelweis.hu\/asszisztaltreprodukcio\/osztaly\/kongresszusaink\/2009-old-and-new-hormones-eshre-campus-szimpozium\/\">Old and new hormones &#8211;\u00a0 ESHRE Campus szimp\u00f3zium<\/a><img loading=\"lazy\" decoding=\"async\" class=\"wp-image-1712 alignright\" src=\"https:\/\/semmelweis.hu\/asszisztaltreprodukcio\/files\/2020\/04\/06_oldhormones-274x400.jpeg\" alt=\"\" width=\"205\" height=\"299\" srcset=\"https:\/\/semmelweis.hu\/asszisztaltreprodukcio\/files\/2020\/04\/06_oldhormones-274x400.jpeg 274w, https:\/\/semmelweis.hu\/asszisztaltreprodukcio\/files\/2020\/04\/06_oldhormones-700x1024.jpeg 700w, https:\/\/semmelweis.hu\/asszisztaltreprodukcio\/files\/2020\/04\/06_oldhormones-768x1123.jpeg 768w, https:\/\/semmelweis.hu\/asszisztaltreprodukcio\/files\/2020\/04\/06_oldhormones-205x300.jpeg 205w, https:\/\/semmelweis.hu\/asszisztaltreprodukcio\/files\/2020\/04\/06_oldhormones-1051x1536.jpeg 1051w, https:\/\/semmelweis.hu\/asszisztaltreprodukcio\/files\/2020\/04\/06_oldhormones-1401x2048.jpeg 1401w, https:\/\/semmelweis.hu\/asszisztaltreprodukcio\/files\/2020\/04\/06_oldhormones-753x1101.jpeg 753w, https:\/\/semmelweis.hu\/asszisztaltreprodukcio\/files\/2020\/04\/06_oldhormones-scaled.jpeg 1751w\" sizes=\"auto, (max-width: 205px) 100vw, 205px\" \/><\/span><\/h4>\n<hr \/>\n<h4 style=\"text-align: left\"><span style=\"font-size: 14pt\"><strong><img loading=\"lazy\" decoding=\"async\" class=\"wp-image-1713 alignright\" src=\"https:\/\/semmelweis.hu\/asszisztaltreprodukcio\/files\/2020\/04\/10_alpha-314x400.jpg\" alt=\"\" width=\"205\" height=\"261\" srcset=\"https:\/\/semmelweis.hu\/asszisztaltreprodukcio\/files\/2020\/04\/10_alpha-314x400.jpg 314w, https:\/\/semmelweis.hu\/asszisztaltreprodukcio\/files\/2020\/04\/10_alpha-236x300.jpg 236w, https:\/\/semmelweis.hu\/asszisztaltreprodukcio\/files\/2020\/04\/10_alpha.jpg 568w\" sizes=\"auto, (max-width: 205px) 100vw, 205px\" \/>2010\u00a0\u00a0<\/strong> <a href=\"https:\/\/semmelweis.hu\/asszisztaltreprodukcio\/osztaly\/kongresszusaink\/2010-alpha-2010-biennial-conference\/\">ALPHA 2010 &#8211; Biennial Conference<\/a><\/span><\/h4>\n<hr \/>\n<h4 style=\"text-align: left\"><span style=\"font-size: 14pt\"><strong>2019<\/strong> \u00a0\u00a0<a href=\"https:\/\/semmelweis.hu\/asszisztaltreprodukcio\/osztaly\/kongresszusaink\/2019-husz-ev-munkaja-a-szamok-es-eredmenyek-tukreben-tudomanyos-szimpozium\/\">H\u00fasz \u00e9v munk\u00e1ja a sz\u00e1mok \u00e9s eredm\u00e9nyek t\u00fckr\u00e9ben &#8211; Tudom\u00e1nyos szimp\u00f3zium<\/a><img loading=\"lazy\" decoding=\"async\" class=\"wp-image-1714 alignright\" src=\"https:\/\/semmelweis.hu\/asszisztaltreprodukcio\/files\/2020\/04\/25_c\u00edm-275x400.jpg\" alt=\"\" width=\"205\" height=\"298\" srcset=\"https:\/\/semmelweis.hu\/asszisztaltreprodukcio\/files\/2020\/04\/25_c\u00edm-275x400.jpg 275w, https:\/\/semmelweis.hu\/asszisztaltreprodukcio\/files\/2020\/04\/25_c\u00edm-705x1024.jpg 705w, https:\/\/semmelweis.hu\/asszisztaltreprodukcio\/files\/2020\/04\/25_c\u00edm-768x1116.jpg 768w, https:\/\/semmelweis.hu\/asszisztaltreprodukcio\/files\/2020\/04\/25_c\u00edm-207x300.jpg 207w, https:\/\/semmelweis.hu\/asszisztaltreprodukcio\/files\/2020\/04\/25_c\u00edm-1057x1536.jpg 1057w, https:\/\/semmelweis.hu\/asszisztaltreprodukcio\/files\/2020\/04\/25_c\u00edm-1410x2048.jpg 1410w, https:\/\/semmelweis.hu\/asszisztaltreprodukcio\/files\/2020\/04\/25_c\u00edm-753x1094.jpg 753w, https:\/\/semmelweis.hu\/asszisztaltreprodukcio\/files\/2020\/04\/25_c\u00edm.jpg 1652w\" sizes=\"auto, (max-width: 205px) 100vw, 205px\" \/><\/span><\/h4>\n<hr \/>\n<p><span style=\"font-size: 14pt\"><strong>\u00a0<\/strong><\/span><\/p>\n<p>&nbsp;<\/p>\n","protected":false},"excerpt":{"rendered":"<p>Oszt\u00e1lyunk t\u00f6bb mint negyed \u00e9vsz\u00e1zados m\u0171k\u00f6d\u00e9se sor\u00e1n sz\u00e1mos hazai \u00e9s nemzetk\u00f6zi\u00a0tudom\u00e1nyos rendezv\u00e9nyt szervezett, melyen az assziszt\u00e1lt reprodukci\u00f3s\u00a0szakma kiemelked\u0151\u00a0 k\u00e9pvisel\u0151i osztott\u00e1k meg tud\u00e1sukat,\u00a0 kutat\u00e1si eredm\u00e9nyeiket a hazai \u00e9s r\u00e9szben nemzetk\u00f6zi k\u00f6z\u00f6ns\u00e9g el\u0151tt. 1992\u00a0 \u00a0 <a href=\"https:\/\/semmelweis.hu\/asszisztaltreprodukcio\/osztaly\/kongresszusaink\/1992-budapest-symposium-on-reproductive-medicine\/\">Budapest Symposium on Reproductive Medicine<\/a> 1993\u00a0 \u00a0 <a href=\"https:\/\/semmelweis.hu\/asszisztaltreprodukcio\/osztaly\/kongresszusaink\/1993-organon-symposium-on-gonadotrophin-therapy\/\">Organon Symposium on Gonadotrophin Therapy<\/a> 1994\u00a0 \u00a0 <a href=\"https:\/\/semmelweis.hu\/asszisztaltreprodukcio\/osztaly\/kongresszusaink\/1994-international-federation-of-fertility-societies-workshop\/\">International Federation of Fertility Societies Workshop<\/a> <a href=\"https:\/\/semmelweis.hu\/asszisztaltreprodukcio\/osztaly\/kongresszusaink\/1995-a-magyar-asszisztalt-reprodukcios-tarsasag-elso-kongresszusa\/\">1995\u00a0 \u00a0A Magyar Assziszt\u00e1lt Reprodukci\u00f3s T\u00e1rsas\u00e1g els\u0151 kongresszusa<\/a> 1996\u00a0 \u00a0 <a href=\"https:\/\/semmelweis.hu\/asszisztaltreprodukcio\/osztaly\/kongresszusaink\/1996-novel-trends-in-reproductive-medicine-eshre-workshop\/\">Novel Trends in Reproductive Medicine &#8211; ESHRE Workshop<\/a> \u00a0 1997\u00a0 \u00a0 <a href=\"https:\/\/semmelweis.hu\/asszisztaltreprodukcio\/osztaly\/kongresszusaink\/1997-nogyogyaszati-endokrinologia-konyvbemutato-szimpozium\/\">N\u0151gy\u00f3gy\u00e1szati Endokrinol\u00f3gia &#8211; k\u00f6nyvbemutat\u00f3 szimp\u00f3zium<\/a> \u00a0 1999\u00a0 \u00a0 <a href=\"https:\/\/semmelweis.hu\/asszisztaltreprodukcio\/osztaly\/kongresszusaink\/1999-ot-ev-munkaja-a-szamok-es-eredmenyek-tukreben-tudomanyos-szimpozium\/\">\u00d6t \u00e9v munk\u00e1ja a sz\u00e1mok \u00e9s eredm\u00e9nyek t\u00fckr\u00e9ben &#8211; Tudom\u00e1nyos szimp\u00f3zium<\/a> 2003\u00a0\u00a0 <a href=\"https:\/\/semmelweis.hu\/asszisztaltreprodukcio\/osztaly\/kongresszusaink\/2003-budapest-symposium-on-endocrinology-of-ovarian-stimulation-iffs-workshop\/\">Budapest Symposium on Endocrinology of Ovarian Stimulation &#8211; IFFS Workshop<\/a> 2004\u00a0\u00a0 <a href=\"https:\/\/semmelweis.hu\/asszisztaltreprodukcio\/osztaly\/kongresszusaink\/2004-tiz-ev-munkaja-a-szamok-es-eredmenyek-tukreben-tudomanyos-szimpozium\/\">T\u00edz \u00e9v munk\u00e1ja a sz\u00e1mok \u00e9s eredm\u00e9nyek t\u00fckr\u00e9ben &#8211;\u00a0 Tudom\u00e1nyos szimp\u00f3zium<\/a> 2005\u00a0 <a href=\"https:\/\/semmelweis.hu\/asszisztaltreprodukcio\/osztaly\/kongresszusaink\/2005-evidence-based-medicine-in-reproductive-medicine-eshre-campus-workshop\/\">Evidence Based Medicine in Reproductive Medicine &#8211;\u00a0 ESHRE Campus Workshop<\/a> 2009\u00a0\u00a0 <a href=\"https:\/\/semmelweis.hu\/asszisztaltreprodukcio\/osztaly\/kongresszusaink\/2009-old-and-new-hormones-eshre-campus-szimpozium\/\">Old and new hormones &#8211;\u00a0 ESHRE Campus szimp\u00f3zium<\/a> 2010\u00a0\u00a0 <a href=\"https:\/\/semmelweis.hu\/asszisztaltreprodukcio\/osztaly\/kongresszusaink\/2010-alpha-2010-biennial-conference\/\">ALPHA 2010 &#8211; Biennial Conference<\/a> 2019 \u00a0\u00a0 <a href=\"https:\/\/semmelweis.hu\/asszisztaltreprodukcio\/osztaly\/kongresszusaink\/2019-husz-ev-munkaja-a-szamok-es-eredmenyek-tukreben-tudomanyos-szimpozium\/\">H\u00fasz \u00e9v munk\u00e1ja a sz\u00e1mok \u00e9s eredm\u00e9nyek t\u00fckr\u00e9ben &#8211; Tudom\u00e1nyos szimp\u00f3zium<\/a> \u00a0 &hellip;<\/p>\n","protected":false},"author":101727,"featured_media":0,"parent":12,"menu_order":8,"comment_status":"closed","ping_status":"closed","template":"","meta":{"_acf_changed":false,"footnotes":""},"categories":[],"tags":[],"class_list":["post-1694","page","type-page","status-publish","hentry"],"acf":[],"_links":{"self":[{"href":"https:\/\/semmelweis.hu\/asszisztaltreprodukcio\/wp-json\/wp\/v2\/pages\/1694","targetHints":{"allow":["GET"]}}],"collection":[{"href":"https:\/\/semmelweis.hu\/asszisztaltreprodukcio\/wp-json\/wp\/v2\/pages"}],"about":[{"href":"https:\/\/semmelweis.hu\/asszisztaltreprodukcio\/wp-json\/wp\/v2\/types\/page"}],"author":[{"embeddable":true,"href":"https:\/\/semmelweis.hu\/asszisztaltreprodukcio\/wp-json\/wp\/v2\/users\/101727"}],"replies":[{"embeddable":true,"href":"https:\/\/semmelweis.hu\/asszisztaltreprodukcio\/wp-json\/wp\/v2\/comments?post=1694"}],"version-history":[{"count":10,"href":"https:\/\/semmelweis.hu\/asszisztaltreprodukcio\/wp-json\/wp\/v2\/pages\/1694\/revisions"}],"predecessor-version":[{"id":1996,"href":"https:\/\/semmelweis.hu\/asszisztaltreprodukcio\/wp-json\/wp\/v2\/pages\/1694\/revisions\/1996"}],"up":[{"embeddable":true,"href":"https:\/\/semmelweis.hu\/asszisztaltreprodukcio\/wp-json\/wp\/v2\/pages\/12"}],"wp:attachment":[{"href":"https:\/\/semmelweis.hu\/asszisztaltreprodukcio\/wp-json\/wp\/v2\/media?parent=1694"}],"wp:term":[{"taxonomy":"category","embeddable":true,"href":"https:\/\/semmelweis.hu\/asszisztaltreprodukcio\/wp-json\/wp\/v2\/categories?post=1694"},{"taxonomy":"post_tag","embeddable":true,"href":"https:\/\/semmelweis.hu\/asszisztaltreprodukcio\/wp-json\/wp\/v2\/tags?post=1694"}],"curies":[{"name":"wp","href":"https:\/\/api.w.org\/{rel}","templated":true}]}}