{"id":1620,"date":"2020-04-20T10:46:26","date_gmt":"2020-04-20T08:46:26","guid":{"rendered":"http:\/\/semmelweis.hu\/asszisztaltreprodukcio\/?page_id=1620"},"modified":"2020-04-20T11:05:10","modified_gmt":"2020-04-20T09:05:10","slug":"oktato-konyvfejezeteink","status":"publish","type":"page","link":"https:\/\/semmelweis.hu\/asszisztaltreprodukcio\/oktatas\/egyetemi-oktatas\/oktato-konyvfejezeteink\/","title":{"rendered":"Oktat\u00f3 k\u00f6nyvfejezeteink"},"content":{"rendered":"<div><a href=\"https:\/\/semmelweis.hu\/asszisztaltreprodukcio\/files\/2020\/04\/28_fejezet.pdf\" target=\"_blank\" rel=\"noopener noreferrer\"><img loading=\"lazy\" decoding=\"async\" class=\" wp-image-1625 alignright\" src=\"https:\/\/semmelweis.hu\/asszisztaltreprodukcio\/files\/2020\/04\/n\u0151gy\u00f3gyk\u00e9zik\u00f6nyv-285x400.jpg\" alt=\"\" width=\"177\" height=\"248\" srcset=\"https:\/\/semmelweis.hu\/asszisztaltreprodukcio\/files\/2020\/04\/n\u0151gy\u00f3gyk\u00e9zik\u00f6nyv-285x400.jpg 285w, https:\/\/semmelweis.hu\/asszisztaltreprodukcio\/files\/2020\/04\/n\u0151gy\u00f3gyk\u00e9zik\u00f6nyv-731x1024.jpg 731w, https:\/\/semmelweis.hu\/asszisztaltreprodukcio\/files\/2020\/04\/n\u0151gy\u00f3gyk\u00e9zik\u00f6nyv-768x1077.jpg 768w, https:\/\/semmelweis.hu\/asszisztaltreprodukcio\/files\/2020\/04\/n\u0151gy\u00f3gyk\u00e9zik\u00f6nyv-214x300.jpg 214w, https:\/\/semmelweis.hu\/asszisztaltreprodukcio\/files\/2020\/04\/n\u0151gy\u00f3gyk\u00e9zik\u00f6nyv-1096x1536.jpg 1096w, https:\/\/semmelweis.hu\/asszisztaltreprodukcio\/files\/2020\/04\/n\u0151gy\u00f3gyk\u00e9zik\u00f6nyv-1461x2048.jpg 1461w, https:\/\/semmelweis.hu\/asszisztaltreprodukcio\/files\/2020\/04\/n\u0151gy\u00f3gyk\u00e9zik\u00f6nyv-753x1056.jpg 753w, https:\/\/semmelweis.hu\/asszisztaltreprodukcio\/files\/2020\/04\/n\u0151gy\u00f3gyk\u00e9zik\u00f6nyv-scaled.jpg 1826w\" sizes=\"auto, (max-width: 177px) 100vw, 177px\" \/>Urbancsek J\u00e1nos &#8211; Fancsovits P\u00e9ter: &#8222;Szervezeten k\u00edv\u00fcli megterm\u00e9keny\u00edt\u00e9s&#8221; c\u00edm\u0171 fejezet<\/a><\/div>\n<div>\n<p>Papp Zolt\u00e1n (szerk.): &#8222;A N\u0151gy\u00f3gy\u00e1szat k\u00e9zik\u00f6nyve&#8221; c\u00edm\u0171 Medicina kiadv\u00e1nyban<\/p>\n<hr \/>\n<div><a href=\"https:\/\/semmelweis.hu\/asszisztaltreprodukcio\/files\/2020\/04\/05.-fejezet-tank\u00f6nyv.pdf\" target=\"_blank\" rel=\"noopener noreferrer\"><img loading=\"lazy\" decoding=\"async\" class=\" wp-image-1630 alignright\" src=\"https:\/\/semmelweis.hu\/asszisztaltreprodukcio\/files\/2020\/04\/sz\u00fcl\u00e9szet-tank\u00f6nyv-296x400.jpg\" alt=\"\" width=\"174\" height=\"235\" srcset=\"https:\/\/semmelweis.hu\/asszisztaltreprodukcio\/files\/2020\/04\/sz\u00fcl\u00e9szet-tank\u00f6nyv-296x400.jpg 296w, https:\/\/semmelweis.hu\/asszisztaltreprodukcio\/files\/2020\/04\/sz\u00fcl\u00e9szet-tank\u00f6nyv-222x300.jpg 222w, https:\/\/semmelweis.hu\/asszisztaltreprodukcio\/files\/2020\/04\/sz\u00fcl\u00e9szet-tank\u00f6nyv.jpg 370w\" sizes=\"auto, (max-width: 174px) 100vw, 174px\" \/>&#8222;Medd\u0151s\u00e9g \u00e9s fogamz\u00e1sg\u00e1tl\u00e1s&#8221; c\u00edm\u0171 fejezet<\/a><\/div>\n<div>Papp Z.: &#8222;A sz\u00fcl\u00e9szet-n\u0151gy\u00f3gy\u00e1szat tank\u00f6nyve&#8221; c\u00edm\u0171 Semmelweis Kiad\u00f3 kiadv\u00e1ny\u00e1ban<\/p>\n<hr \/>\n<\/div>\n<\/div>\n","protected":false},"excerpt":{"rendered":"<p><a href=\"https:\/\/semmelweis.hu\/asszisztaltreprodukcio\/files\/2020\/04\/28_fejezet.pdf\" target=\"_blank\" rel=\"noopener noreferrer\">Urbancsek J\u00e1nos &#8211; Fancsovits P\u00e9ter: &#8222;Szervezeten k\u00edv\u00fcli megterm\u00e9keny\u00edt\u00e9s&#8221; c\u00edm\u0171 fejezet<\/a><\/p>\n<p>Papp Zolt\u00e1n (szerk.): &#8222;A N\u0151gy\u00f3gy\u00e1szat k\u00e9zik\u00f6nyve&#8221; c\u00edm\u0171 Medicina kiadv\u00e1nyban<\/p>\n<p><a href=\"https:\/\/semmelweis.hu\/asszisztaltreprodukcio\/files\/2020\/04\/05.-fejezet-tank\u00f6nyv.pdf\" target=\"_blank\" rel=\"noopener noreferrer\">&#8222;Medd\u0151s\u00e9g \u00e9s fogamz\u00e1sg\u00e1tl\u00e1s&#8221; c\u00edm\u0171 fejezet<\/a><br \/>\nPapp Z.: &#8222;A sz\u00fcl\u00e9szet-n\u0151gy\u00f3gy\u00e1szat tank\u00f6nyve&#8221; c\u00edm\u0171 Semmelweis Kiad\u00f3 kiadv\u00e1ny\u00e1ban<\/p>\n","protected":false},"author":101727,"featured_media":0,"parent":1068,"menu_order":4,"comment_status":"closed","ping_status":"closed","template":"","meta":{"_acf_changed":false,"footnotes":""},"categories":[],"tags":[],"class_list":["post-1620","page","type-page","status-publish","hentry"],"acf":[],"_links":{"self":[{"href":"https:\/\/semmelweis.hu\/asszisztaltreprodukcio\/wp-json\/wp\/v2\/pages\/1620","targetHints":{"allow":["GET"]}}],"collection":[{"href":"https:\/\/semmelweis.hu\/asszisztaltreprodukcio\/wp-json\/wp\/v2\/pages"}],"about":[{"href":"https:\/\/semmelweis.hu\/asszisztaltreprodukcio\/wp-json\/wp\/v2\/types\/page"}],"author":[{"embeddable":true,"href":"https:\/\/semmelweis.hu\/asszisztaltreprodukcio\/wp-json\/wp\/v2\/users\/101727"}],"replies":[{"embeddable":true,"href":"https:\/\/semmelweis.hu\/asszisztaltreprodukcio\/wp-json\/wp\/v2\/comments?post=1620"}],"version-history":[{"count":6,"href":"https:\/\/semmelweis.hu\/asszisztaltreprodukcio\/wp-json\/wp\/v2\/pages\/1620\/revisions"}],"predecessor-version":[{"id":1632,"href":"https:\/\/semmelweis.hu\/asszisztaltreprodukcio\/wp-json\/wp\/v2\/pages\/1620\/revisions\/1632"}],"up":[{"embeddable":true,"href":"https:\/\/semmelweis.hu\/asszisztaltreprodukcio\/wp-json\/wp\/v2\/pages\/1068"}],"wp:attachment":[{"href":"https:\/\/semmelweis.hu\/asszisztaltreprodukcio\/wp-json\/wp\/v2\/media?parent=1620"}],"wp:term":[{"taxonomy":"category","embeddable":true,"href":"https:\/\/semmelweis.hu\/asszisztaltreprodukcio\/wp-json\/wp\/v2\/categories?post=1620"},{"taxonomy":"post_tag","embeddable":true,"href":"https:\/\/semmelweis.hu\/asszisztaltreprodukcio\/wp-json\/wp\/v2\/tags?post=1620"}],"curies":[{"name":"wp","href":"https:\/\/api.w.org\/{rel}","templated":true}]}}