{"id":1413,"date":"2020-04-07T14:39:58","date_gmt":"2020-04-07T12:39:58","guid":{"rendered":"http:\/\/semmelweis.hu\/asszisztaltreprodukcio\/?page_id=1413"},"modified":"2020-04-07T16:17:03","modified_gmt":"2020-04-07T14:17:03","slug":"a-harmadik-nap","status":"publish","type":"page","link":"https:\/\/semmelweis.hu\/asszisztaltreprodukcio\/embriologia\/embriotenyesztes\/a-harmadik-nap\/","title":{"rendered":"A harmadik nap"},"content":{"rendered":"<p style=\"text-align: justify\">A megterm\u00e9keny\u00fcl\u00e9s ut\u00e1ni 3. napon tov\u00e1bb zajlik a sejtoszt\u00f3d\u00e1s. Jellemz\u0151en 8 sejtes \u00e1llapotban van az embri\u00f3, de az egyes oszt\u00f3d\u00e1sok nem teljesen egyid\u0151ben zajlanak, \u00edgy 6 \u00e9s 12 sejtes \u00e1llapot k\u00f6z\u00f6tt b\u00e1rmilyen sejtsz\u00e1m megfigyelhet\u0151.<\/p>\n<figure id=\"attachment_1290\" aria-describedby=\"caption-attachment-1290\" style=\"width: 400px\" class=\"wp-caption aligncenter\"><img loading=\"lazy\" decoding=\"async\" class=\"wp-image-1290 size-medium\" src=\"https:\/\/semmelweis.hu\/asszisztaltreprodukcio\/files\/2020\/04\/8c-400x320.jpg\" alt=\"\" width=\"400\" height=\"320\" srcset=\"https:\/\/semmelweis.hu\/asszisztaltreprodukcio\/files\/2020\/04\/8c-400x320.jpg 400w, https:\/\/semmelweis.hu\/asszisztaltreprodukcio\/files\/2020\/04\/8c-768x614.jpg 768w, https:\/\/semmelweis.hu\/asszisztaltreprodukcio\/files\/2020\/04\/8c-375x300.jpg 375w, https:\/\/semmelweis.hu\/asszisztaltreprodukcio\/files\/2020\/04\/8c-753x602.jpg 753w, https:\/\/semmelweis.hu\/asszisztaltreprodukcio\/files\/2020\/04\/8c.jpg 900w\" sizes=\"auto, (max-width: 400px) 100vw, 400px\" \/><figcaption id=\"caption-attachment-1290\" class=\"wp-caption-text\">8 sejtes embri\u00f3 &#8211; 3. napon<\/figcaption><\/figure>\n","protected":false},"excerpt":{"rendered":"<p>A megterm\u00e9keny\u00fcl\u00e9s ut\u00e1ni 3. napon tov\u00e1bb zajlik a sejtoszt\u00f3d\u00e1s. Jellemz\u0151en 8 sejtes \u00e1llapotban van az embri\u00f3, de az egyes oszt\u00f3d\u00e1sok nem teljesen egyid\u0151ben zajlanak, \u00edgy 6 \u00e9s 12 sejtes \u00e1llapot k\u00f6z\u00f6tt b\u00e1rmilyen sejtsz\u00e1m megfigyelhet\u0151.<\/p>\n","protected":false},"author":101727,"featured_media":0,"parent":1324,"menu_order":3,"comment_status":"closed","ping_status":"closed","template":"","meta":{"_acf_changed":false,"footnotes":""},"categories":[],"tags":[],"class_list":["post-1413","page","type-page","status-publish","hentry"],"acf":[],"_links":{"self":[{"href":"https:\/\/semmelweis.hu\/asszisztaltreprodukcio\/wp-json\/wp\/v2\/pages\/1413","targetHints":{"allow":["GET"]}}],"collection":[{"href":"https:\/\/semmelweis.hu\/asszisztaltreprodukcio\/wp-json\/wp\/v2\/pages"}],"about":[{"href":"https:\/\/semmelweis.hu\/asszisztaltreprodukcio\/wp-json\/wp\/v2\/types\/page"}],"author":[{"embeddable":true,"href":"https:\/\/semmelweis.hu\/asszisztaltreprodukcio\/wp-json\/wp\/v2\/users\/101727"}],"replies":[{"embeddable":true,"href":"https:\/\/semmelweis.hu\/asszisztaltreprodukcio\/wp-json\/wp\/v2\/comments?post=1413"}],"version-history":[{"count":2,"href":"https:\/\/semmelweis.hu\/asszisztaltreprodukcio\/wp-json\/wp\/v2\/pages\/1413\/revisions"}],"predecessor-version":[{"id":1441,"href":"https:\/\/semmelweis.hu\/asszisztaltreprodukcio\/wp-json\/wp\/v2\/pages\/1413\/revisions\/1441"}],"up":[{"embeddable":true,"href":"https:\/\/semmelweis.hu\/asszisztaltreprodukcio\/wp-json\/wp\/v2\/pages\/1324"}],"wp:attachment":[{"href":"https:\/\/semmelweis.hu\/asszisztaltreprodukcio\/wp-json\/wp\/v2\/media?parent=1413"}],"wp:term":[{"taxonomy":"category","embeddable":true,"href":"https:\/\/semmelweis.hu\/asszisztaltreprodukcio\/wp-json\/wp\/v2\/categories?post=1413"},{"taxonomy":"post_tag","embeddable":true,"href":"https:\/\/semmelweis.hu\/asszisztaltreprodukcio\/wp-json\/wp\/v2\/tags?post=1413"}],"curies":[{"name":"wp","href":"https:\/\/api.w.org\/{rel}","templated":true}]}}