{"id":1332,"date":"2020-04-06T21:21:00","date_gmt":"2020-04-06T19:21:00","guid":{"rendered":"http:\/\/semmelweis.hu\/asszisztaltreprodukcio\/?page_id=1332"},"modified":"2020-04-28T19:28:09","modified_gmt":"2020-04-28T17:28:09","slug":"embriologiai-laboratorium","status":"publish","type":"page","link":"https:\/\/semmelweis.hu\/asszisztaltreprodukcio\/embriologia\/embriologiai-laboratorium\/","title":{"rendered":"Embriol\u00f3giai laborat\u00f3rium"},"content":{"rendered":"<p style=\"text-align: justify\">A <strong>petesejt keres\u00e9st\u0151l<\/strong> az embri\u00f3k <strong>be\u00fcltet\u00e9s\u00e9ig<\/strong> vagy <strong>m\u00e9lyfagyaszt\u00e1s<\/strong>\u00e1ig az ivarsejtek \u00e9s embri\u00f3k az Embriol\u00f3giai Laborat\u00f3riumban vannak. Itt t\u00f6rt\u00e9nik a petesejtek keres\u00e9se, a spermaminta feldolgoz\u00e1sa \u00e9s el\u0151k\u00e9sz\u00edt\u00e9se, a megterm\u00e9keny\u00edt\u00e9s, a l\u00e9trej\u00f6tt embri\u00f3k fejl\u0151d\u00e9s\u00e9nek t\u00e1mogat\u00e1sa \u00e9s nyomon k\u00f6vet\u00e9se, a be\u00fcltet\u00e9sre \u00e9s fagyaszt\u00e1sra ker\u00fcl\u0151 embri\u00f3k kiv\u00e1laszt\u00e1sa. Ezeknek a folyamatoknak rendk\u00edv\u00fcl nagy szerepe van a kezel\u00e9sek eredm\u00e9nyess\u00e9g\u00e9ben.<\/p>\n<p style=\"text-align: justify\">Azt szokt\u00e1k mondani, hogy egy medd\u0151s\u00e9gi k\u00f6zpont eredm\u00e9nyess\u00e9ge feler\u00e9szt a klinikai (orvosi), feler\u00e9szt pedig a laborat\u00f3riumi (embriol\u00f3giai) munk\u00e1n m\u00falik. Embriol\u00f3gus munkat\u00e1rsaink nagy tapasztalattal \u00e9s \u00e1ldozatos munk\u00e1val t\u00f6rekednek arra, hogy a hozz\u00e1nk fordul\u00f3 p\u00e1rok ivarsejtjeib\u0151l fejl\u0151d\u0151 \u00e9letk\u00e9pes embri\u00f3k be\u00fcltet\u00e9s\u00e9vel a lehet\u0151 legnagyobb es\u00e9lyt biztos\u00edts\u00e1k a r\u00e9g\u00f3ta v\u00e1rt gyermek\u00e1ld\u00e1s megval\u00f3sul\u00e1s\u00e1ra.<\/p>\n<p style=\"text-align: justify\"><a href=\"https:\/\/semmelweis.hu\/asszisztaltreprodukcio\/menu-3\/\" target=\"_blank\" rel=\"noopener noreferrer\">Munkat\u00e1rsaink<\/a> szakmai felk\u00e9sz\u00fclts\u00e9ge \u00e9s lelkiismeretes munk\u00e1ja mellett fontos szerepe van az Embriol\u00f3gia Laborat\u00f3rium technikai felszerelts\u00e9g\u00e9nek is. M\u0171szer\u00e1llom\u00e1nyunk minden szempontb\u00f3l megfelel a legkorszer\u0171bb elv\u00e1r\u00e1soknak. Az elm\u00falt 3 \u00e9vben igen jelent\u0151s m\u0171szerfejleszt\u00e9s t\u00f6rt\u00e9nt, melynek eredm\u00e9nyek\u00e9nt t\u00f6bbek k\u00f6z\u00f6tt k\u00e9t \u00faj inkub\u00e1tor \u00e9s k\u00e9t ICSI munka\u00e1llom\u00e1s ker\u00fclt beszerz\u00e9sre, valamint a mikroseb\u00e9szeti l\u00e9zer rendszer\u00fcnket is korszer\u0171s\u00edtett\u00fck.<\/p>\n\r\n        [slb_exclude]\r\n        <div class=\"row galeria-wrapper mx-0 h-auto\">\r\n            <div class=\"col-9 pl-0 pr-2\">\r\n            <span class=\"gallery-item frame\">\r\n\t\t\t\t<div class=\"galeria-left-img\"><a href=\"https:\/\/semmelweis.hu\/asszisztaltreprodukcio\/files\/2020\/03\/20200318144700_IMG_1821.jpg\"><img src=https:\/\/semmelweis.hu\/asszisztaltreprodukcio\/files\/2020\/03\/20200318144700_IMG_1821.jpg  \r\n                            alt=\"\" \r\n                            class=\"attachment-sote-gallery-big size-sote-gallery-big\" \r\n                            srcset=\"https:\/\/semmelweis.hu\/asszisztaltreprodukcio\/files\/2020\/03\/20200318144700_IMG_1821-300x200.jpg 300w, https:\/\/semmelweis.hu\/asszisztaltreprodukcio\/files\/2020\/03\/20200318144700_IMG_1821-1024x683.jpg 1024w, https:\/\/semmelweis.hu\/asszisztaltreprodukcio\/files\/2020\/03\/20200318144700_IMG_1821-768x512.jpg 768w, https:\/\/semmelweis.hu\/asszisztaltreprodukcio\/files\/2020\/03\/20200318144700_IMG_1821-450x300.jpg 450w, https:\/\/semmelweis.hu\/asszisztaltreprodukcio\/files\/2020\/03\/20200318144700_IMG_1821-1536x1024.jpg 1536w, https:\/\/semmelweis.hu\/asszisztaltreprodukcio\/files\/2020\/03\/20200318144700_IMG_1821-2048x1366.jpg 2048w\" ><\/a><\/div>\r\n            <\/span>\r\n\r\n            <\/div>\r\n\r\n\t\t\t<div class=\"col-3 pl-0 pr-0\">\r\n\t\t\t\t<div class=\"galeria-right-img d-flex justify-content-between flex-column h-100 w-100 px-0 mx-0 \">\r\n                <div class=\"galeria-box\">\r\n\t\t\t\t\t<h3 class=\"galeria-title\">Gal\u00e9ria<\/h3>\r\n\t\t\t\t\t<div class=\"galeria-subtitle\">\r\n\r\n\t\t\t\t\t\t<div class=\"galeria-page-counter\"><span>8<\/span>k\u00e9p<\/div>\r\n                    <\/div> <\/div>\r\n                    <span class=\"gallery-item frame d-none d-md-flex\">\r\n\t\t\t\t\t<div class=\"galeria-small-img mt-0\"><a href=\"https:\/\/semmelweis.hu\/asszisztaltreprodukcio\/files\/2020\/04\/kep-1-of-7-scaled.jpg\"><img src=https:\/\/semmelweis.hu\/asszisztaltreprodukcio\/files\/2020\/04\/kep-1-of-7-scaled.jpg \r\n                                alt=\"\"  \r\n                                class=\"attachment-sote-gallery-small size-sote-gallery-small\" \r\n                                srcset=\"https:\/\/semmelweis.hu\/asszisztaltreprodukcio\/files\/2020\/04\/kep-1-of-7-267x400.jpg 267w, https:\/\/semmelweis.hu\/asszisztaltreprodukcio\/files\/2020\/04\/kep-1-of-7-683x1024.jpg 683w, https:\/\/semmelweis.hu\/asszisztaltreprodukcio\/files\/2020\/04\/kep-1-of-7-768x1152.jpg 768w, https:\/\/semmelweis.hu\/asszisztaltreprodukcio\/files\/2020\/04\/kep-1-of-7-200x300.jpg 200w, https:\/\/semmelweis.hu\/asszisztaltreprodukcio\/files\/2020\/04\/kep-1-of-7-1024x1536.jpg 1024w, https:\/\/semmelweis.hu\/asszisztaltreprodukcio\/files\/2020\/04\/kep-1-of-7-1365x2048.jpg 1365w, https:\/\/semmelweis.hu\/asszisztaltreprodukcio\/files\/2020\/04\/kep-1-of-7-753x1130.jpg 753w, https:\/\/semmelweis.hu\/asszisztaltreprodukcio\/files\/2020\/04\/kep-1-of-7-scaled.jpg 1707w\" ><\/a><\/div>\r\n                    <\/span>\r\n                    <span class=\"gallery-item frame d-none d-md-flex\">\r\n\t\t\t\t\t<div class=\"galeria-small-img mt-0\"><a href=\"https:\/\/semmelweis.hu\/asszisztaltreprodukcio\/files\/2020\/04\/kep-5-of-7-scaled.jpg\"><img src=https:\/\/semmelweis.hu\/asszisztaltreprodukcio\/files\/2020\/04\/kep-5-of-7-scaled.jpg \r\n                                alt=\"\" \r\n                                class=\"attachment-sote-gallery-small size-sote-gallery-small\" \r\n                                srcset=\"https:\/\/semmelweis.hu\/asszisztaltreprodukcio\/files\/2020\/04\/kep-5-of-7-400x267.jpg 400w, https:\/\/semmelweis.hu\/asszisztaltreprodukcio\/files\/2020\/04\/kep-5-of-7-1024x683.jpg 1024w, https:\/\/semmelweis.hu\/asszisztaltreprodukcio\/files\/2020\/04\/kep-5-of-7-768x512.jpg 768w, https:\/\/semmelweis.hu\/asszisztaltreprodukcio\/files\/2020\/04\/kep-5-of-7-450x300.jpg 450w, https:\/\/semmelweis.hu\/asszisztaltreprodukcio\/files\/2020\/04\/kep-5-of-7-1536x1024.jpg 1536w, https:\/\/semmelweis.hu\/asszisztaltreprodukcio\/files\/2020\/04\/kep-5-of-7-2048x1365.jpg 2048w, https:\/\/semmelweis.hu\/asszisztaltreprodukcio\/files\/2020\/04\/kep-5-of-7-753x502.jpg 753w, https:\/\/semmelweis.hu\/asszisztaltreprodukcio\/files\/2020\/04\/kep-5-of-7-203x135.jpg 203w\" ><\/a><\/div>\r\n                    <\/span>\r\n\r\n                <\/div>\r\n\r\n            <\/div>\r\n\r\n            <span class=\"gallery-item\"><div class=\"hidden\"><a href=\"https:\/\/semmelweis.hu\/asszisztaltreprodukcio\/files\/2020\/03\/20200318152650_IMG_1874.jpg\">\r\n        <img src=https:\/\/semmelweis.hu\/asszisztaltreprodukcio\/files\/2020\/03\/20200318152650_IMG_1874.jpg alt=\"\" class=\"attachment-sote-gallery-big size-sote-gallery-big\" srcset=\"https:\/\/semmelweis.hu\/asszisztaltreprodukcio\/files\/2020\/03\/20200318152650_IMG_1874-300x200.jpg 300w, https:\/\/semmelweis.hu\/asszisztaltreprodukcio\/files\/2020\/03\/20200318152650_IMG_1874-1024x683.jpg 1024w, https:\/\/semmelweis.hu\/asszisztaltreprodukcio\/files\/2020\/03\/20200318152650_IMG_1874-768x512.jpg 768w, https:\/\/semmelweis.hu\/asszisztaltreprodukcio\/files\/2020\/03\/20200318152650_IMG_1874-450x300.jpg 450w, https:\/\/semmelweis.hu\/asszisztaltreprodukcio\/files\/2020\/03\/20200318152650_IMG_1874-1536x1024.jpg 1536w, https:\/\/semmelweis.hu\/asszisztaltreprodukcio\/files\/2020\/03\/20200318152650_IMG_1874-2048x1365.jpg 2048w\" >\r\n        <\/a><\/div><\/span><span class=\"gallery-item\"><div class=\"hidden\"><a href=\"https:\/\/semmelweis.hu\/asszisztaltreprodukcio\/files\/2020\/04\/kep-4-of-7-scaled.jpg\">\r\n        <img src=https:\/\/semmelweis.hu\/asszisztaltreprodukcio\/files\/2020\/04\/kep-4-of-7-scaled.jpg alt=\"\" class=\"attachment-sote-gallery-big size-sote-gallery-big\" srcset=\"https:\/\/semmelweis.hu\/asszisztaltreprodukcio\/files\/2020\/04\/kep-4-of-7-400x267.jpg 400w, https:\/\/semmelweis.hu\/asszisztaltreprodukcio\/files\/2020\/04\/kep-4-of-7-1024x683.jpg 1024w, https:\/\/semmelweis.hu\/asszisztaltreprodukcio\/files\/2020\/04\/kep-4-of-7-768x512.jpg 768w, https:\/\/semmelweis.hu\/asszisztaltreprodukcio\/files\/2020\/04\/kep-4-of-7-450x300.jpg 450w, https:\/\/semmelweis.hu\/asszisztaltreprodukcio\/files\/2020\/04\/kep-4-of-7-1536x1024.jpg 1536w, https:\/\/semmelweis.hu\/asszisztaltreprodukcio\/files\/2020\/04\/kep-4-of-7-2048x1365.jpg 2048w, https:\/\/semmelweis.hu\/asszisztaltreprodukcio\/files\/2020\/04\/kep-4-of-7-753x502.jpg 753w, https:\/\/semmelweis.hu\/asszisztaltreprodukcio\/files\/2020\/04\/kep-4-of-7-203x135.jpg 203w\" >\r\n        <\/a><\/div><\/span><span class=\"gallery-item\"><div class=\"hidden\"><a href=\"https:\/\/semmelweis.hu\/asszisztaltreprodukcio\/files\/2020\/04\/kep-3-of-7-scaled.jpg\">\r\n        <img src=https:\/\/semmelweis.hu\/asszisztaltreprodukcio\/files\/2020\/04\/kep-3-of-7-scaled.jpg alt=\"\" class=\"attachment-sote-gallery-big size-sote-gallery-big\" srcset=\"https:\/\/semmelweis.hu\/asszisztaltreprodukcio\/files\/2020\/04\/kep-3-of-7-267x400.jpg 267w, https:\/\/semmelweis.hu\/asszisztaltreprodukcio\/files\/2020\/04\/kep-3-of-7-683x1024.jpg 683w, https:\/\/semmelweis.hu\/asszisztaltreprodukcio\/files\/2020\/04\/kep-3-of-7-768x1152.jpg 768w, https:\/\/semmelweis.hu\/asszisztaltreprodukcio\/files\/2020\/04\/kep-3-of-7-200x300.jpg 200w, https:\/\/semmelweis.hu\/asszisztaltreprodukcio\/files\/2020\/04\/kep-3-of-7-1024x1536.jpg 1024w, https:\/\/semmelweis.hu\/asszisztaltreprodukcio\/files\/2020\/04\/kep-3-of-7-1365x2048.jpg 1365w, https:\/\/semmelweis.hu\/asszisztaltreprodukcio\/files\/2020\/04\/kep-3-of-7-753x1130.jpg 753w, https:\/\/semmelweis.hu\/asszisztaltreprodukcio\/files\/2020\/04\/kep-3-of-7-scaled.jpg 1707w\" >\r\n        <\/a><\/div><\/span><span class=\"gallery-item\"><div class=\"hidden\"><a href=\"https:\/\/semmelweis.hu\/asszisztaltreprodukcio\/files\/2020\/04\/kep-2-of-7-scaled.jpg\">\r\n        <img src=https:\/\/semmelweis.hu\/asszisztaltreprodukcio\/files\/2020\/04\/kep-2-of-7-scaled.jpg alt=\"\" class=\"attachment-sote-gallery-big size-sote-gallery-big\" srcset=\"https:\/\/semmelweis.hu\/asszisztaltreprodukcio\/files\/2020\/04\/kep-2-of-7-400x267.jpg 400w, https:\/\/semmelweis.hu\/asszisztaltreprodukcio\/files\/2020\/04\/kep-2-of-7-1024x683.jpg 1024w, https:\/\/semmelweis.hu\/asszisztaltreprodukcio\/files\/2020\/04\/kep-2-of-7-768x512.jpg 768w, https:\/\/semmelweis.hu\/asszisztaltreprodukcio\/files\/2020\/04\/kep-2-of-7-450x300.jpg 450w, https:\/\/semmelweis.hu\/asszisztaltreprodukcio\/files\/2020\/04\/kep-2-of-7-1536x1024.jpg 1536w, https:\/\/semmelweis.hu\/asszisztaltreprodukcio\/files\/2020\/04\/kep-2-of-7-2048x1365.jpg 2048w, https:\/\/semmelweis.hu\/asszisztaltreprodukcio\/files\/2020\/04\/kep-2-of-7-753x502.jpg 753w, https:\/\/semmelweis.hu\/asszisztaltreprodukcio\/files\/2020\/04\/kep-2-of-7-203x135.jpg 203w\" >\r\n        <\/a><\/div><\/span><span class=\"gallery-item\"><div class=\"hidden\"><a href=\"https:\/\/semmelweis.hu\/asszisztaltreprodukcio\/files\/2020\/03\/20200318144622_IMG_1820.jpg\">\r\n        <img src=https:\/\/semmelweis.hu\/asszisztaltreprodukcio\/files\/2020\/03\/20200318144622_IMG_1820.jpg alt=\"\" class=\"attachment-sote-gallery-big size-sote-gallery-big\" srcset=\"https:\/\/semmelweis.hu\/asszisztaltreprodukcio\/files\/2020\/03\/20200318144622_IMG_1820-200x300.jpg 200w, https:\/\/semmelweis.hu\/asszisztaltreprodukcio\/files\/2020\/03\/20200318144622_IMG_1820-683x1024.jpg 683w, https:\/\/semmelweis.hu\/asszisztaltreprodukcio\/files\/2020\/03\/20200318144622_IMG_1820-768x1152.jpg 768w, https:\/\/semmelweis.hu\/asszisztaltreprodukcio\/files\/2020\/03\/20200318144622_IMG_1820-1024x1536.jpg 1024w, https:\/\/semmelweis.hu\/asszisztaltreprodukcio\/files\/2020\/03\/20200318144622_IMG_1820-1365x2048.jpg 1365w, https:\/\/semmelweis.hu\/asszisztaltreprodukcio\/files\/2020\/03\/20200318144622_IMG_1820.jpg 1600w\" >\r\n        <\/a><\/div><\/span>\r\n            <\/div>\r\n\r\n            [\/slb_exclude]\r\n\t\n","protected":false},"excerpt":{"rendered":"<p>A petesejt keres\u00e9st\u0151l az embri\u00f3k be\u00fcltet\u00e9s\u00e9ig vagy m\u00e9lyfagyaszt\u00e1s\u00e1ig az ivarsejtek \u00e9s embri\u00f3k az Embriol\u00f3giai Laborat\u00f3riumban vannak. Itt t\u00f6rt\u00e9nik a petesejtek keres\u00e9se, a spermaminta feldolgoz\u00e1sa \u00e9s el\u0151k\u00e9sz\u00edt\u00e9se, a megterm\u00e9keny\u00edt\u00e9s, a l\u00e9trej\u00f6tt embri\u00f3k fejl\u0151d\u00e9s\u00e9nek t\u00e1mogat\u00e1sa \u00e9s nyomon k\u00f6vet\u00e9se, a be\u00fcltet\u00e9sre \u00e9s fagyaszt\u00e1sra ker\u00fcl\u0151 embri\u00f3k kiv\u00e1laszt\u00e1sa. Ezeknek a folyamatoknak rendk\u00edv\u00fcl nagy szerepe van a kezel\u00e9sek eredm\u00e9nyess\u00e9g\u00e9ben. Azt szokt\u00e1k &hellip;<\/p>\n","protected":false},"author":101727,"featured_media":0,"parent":1254,"menu_order":0,"comment_status":"closed","ping_status":"closed","template":"","meta":{"_acf_changed":false,"footnotes":""},"categories":[],"tags":[],"class_list":["post-1332","page","type-page","status-publish","hentry"],"acf":[],"_links":{"self":[{"href":"https:\/\/semmelweis.hu\/asszisztaltreprodukcio\/wp-json\/wp\/v2\/pages\/1332","targetHints":{"allow":["GET"]}}],"collection":[{"href":"https:\/\/semmelweis.hu\/asszisztaltreprodukcio\/wp-json\/wp\/v2\/pages"}],"about":[{"href":"https:\/\/semmelweis.hu\/asszisztaltreprodukcio\/wp-json\/wp\/v2\/types\/page"}],"author":[{"embeddable":true,"href":"https:\/\/semmelweis.hu\/asszisztaltreprodukcio\/wp-json\/wp\/v2\/users\/101727"}],"replies":[{"embeddable":true,"href":"https:\/\/semmelweis.hu\/asszisztaltreprodukcio\/wp-json\/wp\/v2\/comments?post=1332"}],"version-history":[{"count":10,"href":"https:\/\/semmelweis.hu\/asszisztaltreprodukcio\/wp-json\/wp\/v2\/pages\/1332\/revisions"}],"predecessor-version":[{"id":1341,"href":"https:\/\/semmelweis.hu\/asszisztaltreprodukcio\/wp-json\/wp\/v2\/pages\/1332\/revisions\/1341"}],"up":[{"embeddable":true,"href":"https:\/\/semmelweis.hu\/asszisztaltreprodukcio\/wp-json\/wp\/v2\/pages\/1254"}],"wp:attachment":[{"href":"https:\/\/semmelweis.hu\/asszisztaltreprodukcio\/wp-json\/wp\/v2\/media?parent=1332"}],"wp:term":[{"taxonomy":"category","embeddable":true,"href":"https:\/\/semmelweis.hu\/asszisztaltreprodukcio\/wp-json\/wp\/v2\/categories?post=1332"},{"taxonomy":"post_tag","embeddable":true,"href":"https:\/\/semmelweis.hu\/asszisztaltreprodukcio\/wp-json\/wp\/v2\/tags?post=1332"}],"curies":[{"name":"wp","href":"https:\/\/api.w.org\/{rel}","templated":true}]}}