{"id":1324,"date":"2020-04-06T20:49:19","date_gmt":"2020-04-06T18:49:19","guid":{"rendered":"http:\/\/semmelweis.hu\/asszisztaltreprodukcio\/?page_id=1324"},"modified":"2020-04-06T22:09:17","modified_gmt":"2020-04-06T20:09:17","slug":"embriotenyesztes","status":"publish","type":"page","link":"https:\/\/semmelweis.hu\/asszisztaltreprodukcio\/embriologia\/embriotenyesztes\/","title":{"rendered":"Embri\u00f3teny\u00e9szt\u00e9s"},"content":{"rendered":"<p>A megterm\u00e9keny\u00edtett petesejtek az Embriol\u00f3giai Laborat\u00f3riumban t\u00f6lt\u00f6tt 2-5. nap alatt jelent\u0151s v\u00e1ltoz\u00e1son mennek kereszt\u00fcl:<\/p>\n\n<!-- iframe plugin v.4.9 wordpress.org\/plugins\/iframe\/ -->\n<iframe loading=\"lazy\" src=\"\/\/www.youtube.com\/embed\/xm9VAaC-Il0\" width=\"560\" height=\"315\" scrolling=\"yes\" class=\"iframe-class\" frameborder=\"0\"><\/iframe>\n\n<h6>Publik\u00e1ci\u00f3ink a t\u00e9m\u00e1ban<\/h6>\n<p class=\"entry-title mb-1\"><a href=\"https:\/\/semmelweis.hu\/asszisztaltreprodukcio\/2017\/05\/27\/embryo-density-may-affect-embryo-quality-during-in-vitro-culture-in-a-microwell-group-culture-dish\/\">Embryo density may affect embryo quality during in vitro culture in a microwell group culture dish<\/a><\/p>\n","protected":false},"excerpt":{"rendered":"<p>A megterm\u00e9keny\u00edtett petesejtek az Embriol\u00f3giai Laborat\u00f3riumban t\u00f6lt\u00f6tt 2-5. nap alatt jelent\u0151s v\u00e1ltoz\u00e1son mennek kereszt\u00fcl:<\/p>\n<p>Publik\u00e1ci\u00f3ink a t\u00e9m\u00e1ban<br \/>\n<a href=\"https:\/\/semmelweis.hu\/asszisztaltreprodukcio\/2017\/05\/27\/embryo-density-may-affect-embryo-quality-during-in-vitro-culture-in-a-microwell-group-culture-dish\/\">Embryo density may affect embryo quality during in vitro culture in a microwell group culture dish<\/a><\/p>\n","protected":false},"author":101727,"featured_media":0,"parent":1254,"menu_order":4,"comment_status":"closed","ping_status":"closed","template":"","meta":{"_acf_changed":false,"footnotes":""},"categories":[],"tags":[],"class_list":["post-1324","page","type-page","status-publish","hentry"],"acf":[],"_links":{"self":[{"href":"https:\/\/semmelweis.hu\/asszisztaltreprodukcio\/wp-json\/wp\/v2\/pages\/1324","targetHints":{"allow":["GET"]}}],"collection":[{"href":"https:\/\/semmelweis.hu\/asszisztaltreprodukcio\/wp-json\/wp\/v2\/pages"}],"about":[{"href":"https:\/\/semmelweis.hu\/asszisztaltreprodukcio\/wp-json\/wp\/v2\/types\/page"}],"author":[{"embeddable":true,"href":"https:\/\/semmelweis.hu\/asszisztaltreprodukcio\/wp-json\/wp\/v2\/users\/101727"}],"replies":[{"embeddable":true,"href":"https:\/\/semmelweis.hu\/asszisztaltreprodukcio\/wp-json\/wp\/v2\/comments?post=1324"}],"version-history":[{"count":2,"href":"https:\/\/semmelweis.hu\/asszisztaltreprodukcio\/wp-json\/wp\/v2\/pages\/1324\/revisions"}],"predecessor-version":[{"id":1352,"href":"https:\/\/semmelweis.hu\/asszisztaltreprodukcio\/wp-json\/wp\/v2\/pages\/1324\/revisions\/1352"}],"up":[{"embeddable":true,"href":"https:\/\/semmelweis.hu\/asszisztaltreprodukcio\/wp-json\/wp\/v2\/pages\/1254"}],"wp:attachment":[{"href":"https:\/\/semmelweis.hu\/asszisztaltreprodukcio\/wp-json\/wp\/v2\/media?parent=1324"}],"wp:term":[{"taxonomy":"category","embeddable":true,"href":"https:\/\/semmelweis.hu\/asszisztaltreprodukcio\/wp-json\/wp\/v2\/categories?post=1324"},{"taxonomy":"post_tag","embeddable":true,"href":"https:\/\/semmelweis.hu\/asszisztaltreprodukcio\/wp-json\/wp\/v2\/tags?post=1324"}],"curies":[{"name":"wp","href":"https:\/\/api.w.org\/{rel}","templated":true}]}}