{"id":1304,"date":"2020-04-06T20:37:23","date_gmt":"2020-04-06T18:37:23","guid":{"rendered":"http:\/\/semmelweis.hu\/asszisztaltreprodukcio\/?page_id=1304"},"modified":"2020-04-07T16:31:27","modified_gmt":"2020-04-07T14:31:27","slug":"embriofagyasztas-vitrifikacio","status":"publish","type":"page","link":"https:\/\/semmelweis.hu\/asszisztaltreprodukcio\/embriologia\/embriofagyasztas-vitrifikacio\/","title":{"rendered":"Embri\u00f3fagyaszt\u00e1s &#8211; vitrifik\u00e1ci\u00f3"},"content":{"rendered":"<p style=\"text-align: justify\">A szab\u00e1lyosan fejl\u0151d\u0151, de be\u00fcltet\u00e9sre nem ker\u00fcl\u0151 embri\u00f3kat le lehet fagyasztani. A m\u00e9lyfagyaszt\u00e1s c\u00e9lja, hogy meg\u0151rizz\u00fck ezen embri\u00f3k \u00e9letk\u00e9pess\u00e9g\u00e9t egy k\u00e9s\u0151bbi id\u0151pontig. Az embri\u00f3k felolvaszt\u00e1s\u00e1ra \u00e9s be\u00fcltet\u00e9s\u00e9re a beteg k\u00e9r\u00e9s\u00e9re ker\u00fcl sor akkor, ha a friss embri\u00f3 be\u00fcltet\u00e9sb\u0151l nem j\u00f6tt l\u00e9tre terhess\u00e9g, vagy ha a sz\u00fcl\u0151k egy sikeres kezel\u00e9s ut\u00e1n k\u00f6vetkez\u0151 gyermeket szeretn\u00e9nek.<\/p>\n<p style=\"text-align: justify\">Az embri\u00f3k fagyaszt\u00e1sa az 5. vagy 6. napon, blasztociszta \u00e1llapotban t\u00f6rt\u00e9nik. Ebben az id\u0151szakban az embri\u00f3k \u00e1llapota ak\u00e1r \u00f3r\u00e1r\u00f3l-\u00f3r\u00e1ra v\u00e1ltozhat. A legjobb eredm\u00e9ny el\u00e9r\u00e9se \u00e9rdek\u00e9ben naponta t\u00f6bbsz\u00f6r vizsg\u00e1ljuk az embri\u00f3kat, hogy a legmegfelel\u0151bb \u00e1llapotban ker\u00fclj\u00f6n sor a fagyaszt\u00e1sra. A gyorsabban \u00e9s lassabban fejl\u0151d\u0151 embri\u00f3k k\u00f6z\u00f6tt jelent\u0151s k\u00fcl\u00f6nbs\u00e9g is lehet, \u00edgy el\u0151fordul, hogy csak a megterm\u00e9keny\u00edt\u00e9s ut\u00e1ni 6. napon jut el az embri\u00f3 fagyaszt\u00e1sra alkalmas \u00e1llapotba.<\/p>\n<p><img loading=\"lazy\" decoding=\"async\" class=\" wp-image-663 alignleft\" src=\"https:\/\/semmelweis.hu\/asszisztaltreprodukcio\/files\/2020\/03\/20200318144622_IMG_1820-200x300.jpg\" alt=\"\" width=\"268\" height=\"403\" srcset=\"https:\/\/semmelweis.hu\/asszisztaltreprodukcio\/files\/2020\/03\/20200318144622_IMG_1820-200x300.jpg 200w, https:\/\/semmelweis.hu\/asszisztaltreprodukcio\/files\/2020\/03\/20200318144622_IMG_1820-683x1024.jpg 683w, https:\/\/semmelweis.hu\/asszisztaltreprodukcio\/files\/2020\/03\/20200318144622_IMG_1820-768x1152.jpg 768w, https:\/\/semmelweis.hu\/asszisztaltreprodukcio\/files\/2020\/03\/20200318144622_IMG_1820-1024x1536.jpg 1024w, https:\/\/semmelweis.hu\/asszisztaltreprodukcio\/files\/2020\/03\/20200318144622_IMG_1820-1365x2048.jpg 1365w, https:\/\/semmelweis.hu\/asszisztaltreprodukcio\/files\/2020\/03\/20200318144622_IMG_1820.jpg 1600w\" sizes=\"auto, (max-width: 268px) 100vw, 268px\" \/><\/p>\n<p style=\"text-align: justify\">A m\u00e9lyfagyszt\u00e1st egy k\u00fcl\u00f6nleges elj\u00e1r\u00e1ssal, az \u00fagynevezett <strong>vitrifik\u00e1ci\u00f3val<\/strong> v\u00e9gezz\u00fck. A m\u00f3dszer l\u00e9nyege, hogy az embri\u00f3kat fagyv\u00e9d\u0151 oldatban inkub\u00e1ljuk, majd k\u00f6zvetlen\u00fcl foly\u00e9kony nitrog\u00e9nba mer\u00edtj\u00fck. \u00cdgy a mint\u00e1k annyira gyorsan h\u0171lnek le, hogy a sejtekben l\u00e9v\u0151 v\u00edznek nincs ideje j\u00e9gkrist\u00e1lly\u00e1 alakulni. A j\u00e9gkrist\u00e1lyok ugyanis k\u00e1ros\u00edthatn\u00e1k az embri\u00f3kat.<\/p>\n<p style=\"text-align: justify\">Ezzel a m\u00f3dszerrel biztos\u00edtjuk, hogy a m\u00e9lyh\u0171t\u00e9s, t\u00e1rol\u00e1s majd felolvaszt\u00e1s sor\u00e1n az embri\u00f3k meg\u0151rizz\u00e9k \u00e9letk\u00e9pess\u00e9g\u00fcket \u00edgy a fagyasztott-felolvasztott embri\u00f3kkal a \u201efriss\u201d embri\u00f3be\u00fcltet\u00e9shez hasonl\u00f3 eredm\u00e9nyess\u00e9get tudjunk el\u00e9rni.<\/p>\n<h6>Publik\u00e1ci\u00f3ink a t\u00e9m\u00e1ban<\/h6>\n<p class=\"entry-title mb-1\"><a href=\"https:\/\/semmelweis.hu\/asszisztaltreprodukcio\/2014\/04\/03\/az-embriok-vitrifikacioja-es-hagyomanyos-melyfagyasztasuk-eredmenyessegenek-osszehasonlitasa-in-vitro-fertilizacios-kezelesek-soran\/\">Az embri\u00f3k vitrifik\u00e1ci\u00f3ja \u00e9s hagyom\u00e1nyos m\u00e9lyfagyaszt\u00e1suk eredm\u00e9nyess\u00e9g\u00e9nek \u00f6sszehasonl\u00edt\u00e1sa in vitro fertiliz\u00e1ci\u00f3s \u2026<\/a><\/p>\n","protected":false},"excerpt":{"rendered":"<p>A szab\u00e1lyosan fejl\u0151d\u0151, de be\u00fcltet\u00e9sre nem ker\u00fcl\u0151 embri\u00f3kat le lehet fagyasztani. A m\u00e9lyfagyaszt\u00e1s c\u00e9lja, hogy meg\u0151rizz\u00fck ezen embri\u00f3k \u00e9letk\u00e9pess\u00e9g\u00e9t egy k\u00e9s\u0151bbi id\u0151pontig. Az embri\u00f3k felolvaszt\u00e1s\u00e1ra \u00e9s be\u00fcltet\u00e9s\u00e9re a beteg k\u00e9r\u00e9s\u00e9re ker\u00fcl sor akkor, ha a friss embri\u00f3 be\u00fcltet\u00e9sb\u0151l nem j\u00f6tt l\u00e9tre terhess\u00e9g, vagy ha a sz\u00fcl\u0151k egy sikeres kezel\u00e9s ut\u00e1n k\u00f6vetkez\u0151 gyermeket szeretn\u00e9nek. Az embri\u00f3k &hellip;<\/p>\n","protected":false},"author":101727,"featured_media":0,"parent":1254,"menu_order":8,"comment_status":"closed","ping_status":"closed","template":"","meta":{"_acf_changed":false,"footnotes":""},"categories":[],"tags":[],"class_list":["post-1304","page","type-page","status-publish","hentry"],"acf":[],"_links":{"self":[{"href":"https:\/\/semmelweis.hu\/asszisztaltreprodukcio\/wp-json\/wp\/v2\/pages\/1304","targetHints":{"allow":["GET"]}}],"collection":[{"href":"https:\/\/semmelweis.hu\/asszisztaltreprodukcio\/wp-json\/wp\/v2\/pages"}],"about":[{"href":"https:\/\/semmelweis.hu\/asszisztaltreprodukcio\/wp-json\/wp\/v2\/types\/page"}],"author":[{"embeddable":true,"href":"https:\/\/semmelweis.hu\/asszisztaltreprodukcio\/wp-json\/wp\/v2\/users\/101727"}],"replies":[{"embeddable":true,"href":"https:\/\/semmelweis.hu\/asszisztaltreprodukcio\/wp-json\/wp\/v2\/comments?post=1304"}],"version-history":[{"count":6,"href":"https:\/\/semmelweis.hu\/asszisztaltreprodukcio\/wp-json\/wp\/v2\/pages\/1304\/revisions"}],"predecessor-version":[{"id":1447,"href":"https:\/\/semmelweis.hu\/asszisztaltreprodukcio\/wp-json\/wp\/v2\/pages\/1304\/revisions\/1447"}],"up":[{"embeddable":true,"href":"https:\/\/semmelweis.hu\/asszisztaltreprodukcio\/wp-json\/wp\/v2\/pages\/1254"}],"wp:attachment":[{"href":"https:\/\/semmelweis.hu\/asszisztaltreprodukcio\/wp-json\/wp\/v2\/media?parent=1304"}],"wp:term":[{"taxonomy":"category","embeddable":true,"href":"https:\/\/semmelweis.hu\/asszisztaltreprodukcio\/wp-json\/wp\/v2\/categories?post=1304"},{"taxonomy":"post_tag","embeddable":true,"href":"https:\/\/semmelweis.hu\/asszisztaltreprodukcio\/wp-json\/wp\/v2\/tags?post=1304"}],"curies":[{"name":"wp","href":"https:\/\/api.w.org\/{rel}","templated":true}]}}