{"id":1301,"date":"2020-04-06T20:32:59","date_gmt":"2020-04-06T18:32:59","guid":{"rendered":"http:\/\/semmelweis.hu\/asszisztaltreprodukcio\/?page_id=1301"},"modified":"2020-04-14T11:05:08","modified_gmt":"2020-04-14T09:05:08","slug":"embrio-beultetes-embriologus-szemmel","status":"publish","type":"page","link":"https:\/\/semmelweis.hu\/asszisztaltreprodukcio\/embriologia\/embrio-beultetes-embriologus-szemmel\/","title":{"rendered":"Embri\u00f3 be\u00fcltet\u00e9s  &#8211; embriol\u00f3giai szempontok"},"content":{"rendered":"<p style=\"text-align: justify\"><strong>Mikor t\u00f6rt\u00e9nik az ET?<\/strong><\/p>\n<p style=\"text-align: justify\">Az embri\u00f3k be\u00fcltet\u00e9s\u00e9re a megterm\u00e9keny\u00edt\u00e9s ut\u00e1ni 2. \u00e9s 5. nap k\u00f6z\u00f6tt ker\u00fcl sor. A transzfer id\u0151pontj\u00e1nak kiv\u00e1laszt\u00e1sakor sok t\u00e9nyez\u0151t vesz\u00fcnk figyelembe. T\u00f6bbek k\u00f6z\u00f6tt a megterm\u00e9keny\u00fclt petesejtek sz\u00e1m\u00e1t, azt, hogy h\u00e1ny embri\u00f3t tervez\u00fcnk egyszerre be\u00fcltetni, a kor\u00e1bbi sikeres vagy sikertelen kezel\u00e9sek sz\u00e1m\u00e1t, az embri\u00f3k min\u0151s\u00e9g\u00e9t \u00e9s a beteg \u00e9letkor\u00e1t.<\/p>\n<p style=\"text-align: justify\"><strong>Egyszerre h\u00e1ny embri\u00f3 ker\u00fcl be\u00fcltet\u00e9sre?<\/strong><\/p>\n<p style=\"text-align: justify\">Az IVF kezel\u00e9s els\u0151dleges c\u00e9lja eg\u00e9szs\u00e9ges gyermek megsz\u00fclet\u00e9se. Ahhoz, hogy n\u00f6velj\u00fck a terhess\u00e9g l\u00e9trej\u00f6tt\u00e9nek es\u00e9ly\u00e9t, t\u00f6bb embri\u00f3t is be lehet \u00fcltetni, ez azonban a t\u00f6bbes terhess\u00e9gek sz\u00e1m\u00e1nak n\u00f6veked\u00e9s\u00e9hez vezethet. A t\u00f6bbes terhess\u00e9g viszont sz\u00e1mos kock\u00e1zatot jelent mind az any\u00e1ra, mind pedig a magzatra n\u00e9zve. Ez\u00e9rt az ET el\u0151tt a be\u00fcltet\u00e9sre ker\u00fcl\u0151 embri\u00f3k sz\u00e1m\u00e1ra vonatkoz\u00f3an igyeksz\u00fcnk olyan javaslatot tenni, amivel \u00fagy biztos\u00edtunk re\u00e1lis es\u00e9lyt a terhess\u00e9g l\u00e9trej\u00f6tt\u00e9re, hogy nem n\u00f6velj\u00fck meg jelent\u0151sen a t\u00f6bbes terhess\u00e9g l\u00e9trej\u00f6tt\u00e9nek val\u00f3sz\u00edn\u0171s\u00e9g\u00e9t.<\/p>\n<p>Minden embri\u00f3 be\u00fcltet\u00e9s alkalm\u00e1val EmbryoGluet haszn\u00e1lunk.<\/p>\n<p style=\"text-align: justify\"><strong>A be\u00fcltet\u00e9sre ker\u00fcl\u0151 embri\u00f3k kiv\u00e1laszt\u00e1sa<\/strong><\/p>\n<p style=\"text-align: justify\">A kezel\u00e9sek jelent\u0151s r\u00e9sz\u00e9ben t\u00f6bb embri\u00f3t is l\u00e9tre tudunk hozni. Hossz\u00fa \u00e9vek tapasztalata alapj\u00e1n, rendszeres id\u0151k\u00f6z\u00f6kben elv\u00e9gzett mikroszk\u00f3pos vizsg\u00e1latokkal igyeksz\u00fcnk azokat az embri\u00f3kat kiv\u00e1lasztani, amelyek a legnagyobb \u00e9letk\u00e9pess\u00e9get mutatj\u00e1k. Ezek az ide\u00e1lisan fejl\u0151d\u0151 embri\u00f3k ker\u00fclnek be\u00fcltet\u00e9sre.<\/p>\n<p style=\"text-align: justify\">A magyarorsz\u00e1gi jogszab\u00e1lyok bizonyos esetekben 3 vagy ak\u00e1r 4 embri\u00f3 be\u00fcltet\u00e9s\u00e9t is lehet\u0151v\u00e9 teszik. Ugyanakkor a nemzetk\u00f6zi aj\u00e1nl\u00e1sok egyre ink\u00e1bb 1-2 embri\u00f3 be\u00fcltet\u00e9s\u00e9t javasolj\u00e1k.<\/p>\n<p style=\"text-align: justify\">Oszt\u00e1lyunkon a korszer\u0171 nyugat-eur\u00f3pai ir\u00e1nyelveknek megfelel\u0151en kevesebb, de nagyobb vitalit\u00e1s\u00fa embri\u00f3 be\u00fcltet\u00e9s\u00e9vel igyeksz\u00fcnk el\u00e9rni azt, hogy kezel\u00e9seink eredm\u00e9nyek\u00e9nt min\u00e9l magasabb terhess\u00e9gi ar\u00e1ny mellett alacsony ikerterhess\u00e9gi ar\u00e1nyt \u00e9rj\u00fcnk el.<\/p>\n<p>&nbsp;<\/p>\n<h6>Publik\u00e1ci\u00f3ink a t\u00e9m\u00e1ban<\/h6>\n<ul>\n<li><a href=\"https:\/\/semmelweis.hu\/asszisztaltreprodukcio\/2015\/05\/29\/effect-of-hyaluronan-enriched-embryo-transfer-medium-on-ivf-outcome-a-prospective-randomized-clinical-trial\/\">Effect of hyaluronan-enriched embryo transfer medium on IVF outcome: a prospective randomized clinical trial<\/a><\/li>\n<li class=\"entry-title mb-1\"><a href=\"https:\/\/semmelweis.hu\/asszisztaltreprodukcio\/2011\/06\/24\/human-oocyte-containing-large-cytoplasmic-vacuole-can-result-in-pregnancy-and-viable-offspring\/\">Human oocyte containing large cytoplasmic vacuole can result in pregnancy and viable offspring.<\/a><\/li>\n<\/ul>\n<p>&nbsp;<\/p>\n","protected":false},"excerpt":{"rendered":"<p>Mikor t\u00f6rt\u00e9nik az ET? Az embri\u00f3k be\u00fcltet\u00e9s\u00e9re a megterm\u00e9keny\u00edt\u00e9s ut\u00e1ni 2. \u00e9s 5. nap k\u00f6z\u00f6tt ker\u00fcl sor. A transzfer id\u0151pontj\u00e1nak kiv\u00e1laszt\u00e1sakor sok t\u00e9nyez\u0151t vesz\u00fcnk figyelembe. T\u00f6bbek k\u00f6z\u00f6tt a megterm\u00e9keny\u00fclt petesejtek sz\u00e1m\u00e1t, azt, hogy h\u00e1ny embri\u00f3t tervez\u00fcnk egyszerre be\u00fcltetni, a kor\u00e1bbi sikeres vagy sikertelen kezel\u00e9sek sz\u00e1m\u00e1t, az embri\u00f3k min\u0151s\u00e9g\u00e9t \u00e9s a beteg \u00e9letkor\u00e1t. Egyszerre h\u00e1ny embri\u00f3 &hellip;<\/p>\n","protected":false},"author":101727,"featured_media":0,"parent":1254,"menu_order":7,"comment_status":"closed","ping_status":"closed","template":"","meta":{"_acf_changed":false,"footnotes":""},"categories":[],"tags":[],"class_list":["post-1301","page","type-page","status-publish","hentry"],"acf":[],"_links":{"self":[{"href":"https:\/\/semmelweis.hu\/asszisztaltreprodukcio\/wp-json\/wp\/v2\/pages\/1301","targetHints":{"allow":["GET"]}}],"collection":[{"href":"https:\/\/semmelweis.hu\/asszisztaltreprodukcio\/wp-json\/wp\/v2\/pages"}],"about":[{"href":"https:\/\/semmelweis.hu\/asszisztaltreprodukcio\/wp-json\/wp\/v2\/types\/page"}],"author":[{"embeddable":true,"href":"https:\/\/semmelweis.hu\/asszisztaltreprodukcio\/wp-json\/wp\/v2\/users\/101727"}],"replies":[{"embeddable":true,"href":"https:\/\/semmelweis.hu\/asszisztaltreprodukcio\/wp-json\/wp\/v2\/comments?post=1301"}],"version-history":[{"count":9,"href":"https:\/\/semmelweis.hu\/asszisztaltreprodukcio\/wp-json\/wp\/v2\/pages\/1301\/revisions"}],"predecessor-version":[{"id":1488,"href":"https:\/\/semmelweis.hu\/asszisztaltreprodukcio\/wp-json\/wp\/v2\/pages\/1301\/revisions\/1488"}],"up":[{"embeddable":true,"href":"https:\/\/semmelweis.hu\/asszisztaltreprodukcio\/wp-json\/wp\/v2\/pages\/1254"}],"wp:attachment":[{"href":"https:\/\/semmelweis.hu\/asszisztaltreprodukcio\/wp-json\/wp\/v2\/media?parent=1301"}],"wp:term":[{"taxonomy":"category","embeddable":true,"href":"https:\/\/semmelweis.hu\/asszisztaltreprodukcio\/wp-json\/wp\/v2\/categories?post=1301"},{"taxonomy":"post_tag","embeddable":true,"href":"https:\/\/semmelweis.hu\/asszisztaltreprodukcio\/wp-json\/wp\/v2\/tags?post=1301"}],"curies":[{"name":"wp","href":"https:\/\/api.w.org\/{rel}","templated":true}]}}