{"id":13,"date":"2012-12-10T11:07:41","date_gmt":"2012-12-10T10:07:41","guid":{"rendered":"http:\/\/semmelweis-egyetem.hu\/areprodukcio1\/?page_id=13"},"modified":"2025-11-27T13:13:22","modified_gmt":"2025-11-27T12:13:22","slug":"menu-3","status":"publish","type":"page","link":"https:\/\/semmelweis.hu\/asszisztaltreprodukcio\/menu-3\/","title":{"rendered":"Munkat\u00e1rsak"},"content":{"rendered":"<h3>OSZT\u00c1LYVEZET\u0150<\/h3>\n<p><strong><img loading=\"lazy\" decoding=\"async\" class=\" wp-image-1025 alignleft\" src=\"https:\/\/semmelweis.hu\/asszisztaltreprodukcio\/files\/2020\/03\/Urbancsek-Janos1T-289x400.jpg\" alt=\"\" width=\"145\" height=\"201\" srcset=\"https:\/\/semmelweis.hu\/asszisztaltreprodukcio\/files\/2020\/03\/Urbancsek-Janos1T-289x400.jpg 289w, https:\/\/semmelweis.hu\/asszisztaltreprodukcio\/files\/2020\/03\/Urbancsek-Janos1T-741x1024.jpg 741w, https:\/\/semmelweis.hu\/asszisztaltreprodukcio\/files\/2020\/03\/Urbancsek-Janos1T-768x1061.jpg 768w, https:\/\/semmelweis.hu\/asszisztaltreprodukcio\/files\/2020\/03\/Urbancsek-Janos1T-217x300.jpg 217w, https:\/\/semmelweis.hu\/asszisztaltreprodukcio\/files\/2020\/03\/Urbancsek-Janos1T-1112x1536.jpg 1112w, https:\/\/semmelweis.hu\/asszisztaltreprodukcio\/files\/2020\/03\/Urbancsek-Janos1T-753x1041.jpg 753w, https:\/\/semmelweis.hu\/asszisztaltreprodukcio\/files\/2020\/03\/Urbancsek-Janos1T.jpg 1299w\" sizes=\"auto, (max-width: 145px) 100vw, 145px\" \/>Prof. Dr. Urbancsek J\u00e1nos<\/strong><br \/>\negyetemi tan\u00e1r<\/p>\n<p>Telefon: 0620 825 4211<br \/>\nE-mail: <a href=\"mailto:urbancsek.janos@semmelweis.hu\">urbancsek.janos@semmelweis.hu<\/a><\/p>\n<p><a href=\"https:\/\/semmelweis.hu\/asszisztaltreprodukcio\/files\/2020\/05\/URB_friss\u00edtett_v5.pdf\"><em>Prof. Dr. Urbancsek J\u00e1nos szakmai \u00f6n\u00e9letrajza<\/em><\/a><\/p>\n<hr \/>\n<h3>LABORVEZET\u0150 EMBRIOL\u00d3GUS<\/h3>\n<p><strong><img loading=\"lazy\" decoding=\"async\" class=\"wp-image-1027 alignleft\" src=\"https:\/\/semmelweis.hu\/asszisztaltreprodukcio\/files\/2020\/03\/Fancsovits-Peter_nyakkendo_1-289x400.jpg\" alt=\"\" width=\"145\" height=\"201\" srcset=\"https:\/\/semmelweis.hu\/asszisztaltreprodukcio\/files\/2020\/03\/Fancsovits-Peter_nyakkendo_1-289x400.jpg 289w, https:\/\/semmelweis.hu\/asszisztaltreprodukcio\/files\/2020\/03\/Fancsovits-Peter_nyakkendo_1-741x1024.jpg 741w, https:\/\/semmelweis.hu\/asszisztaltreprodukcio\/files\/2020\/03\/Fancsovits-Peter_nyakkendo_1-768x1061.jpg 768w, https:\/\/semmelweis.hu\/asszisztaltreprodukcio\/files\/2020\/03\/Fancsovits-Peter_nyakkendo_1-217x300.jpg 217w, https:\/\/semmelweis.hu\/asszisztaltreprodukcio\/files\/2020\/03\/Fancsovits-Peter_nyakkendo_1-1112x1536.jpg 1112w, https:\/\/semmelweis.hu\/asszisztaltreprodukcio\/files\/2020\/03\/Fancsovits-Peter_nyakkendo_1-753x1041.jpg 753w, https:\/\/semmelweis.hu\/asszisztaltreprodukcio\/files\/2020\/03\/Fancsovits-Peter_nyakkendo_1.jpg 1299w\" sizes=\"auto, (max-width: 145px) 100vw, 145px\" \/>Dr. Fancsovits P\u00e9ter<\/strong><br \/>\ntudom\u00e1nyos f\u0151munkat\u00e1rs<\/p>\n<p>Telefon: 0620 825 0520<br \/>\nE-mail: <a href=\"mailto:fancsovits.peter@semmelweis.hu\">fancsovits.peter@semmelweis.hu<\/a><\/p>\n<p><a href=\"https:\/\/semmelweis.hu\/asszisztaltreprodukcio\/files\/2020\/04\/Fancsovits_v2_if.pdf\" target=\"_blank\" rel=\"noopener noreferrer\"><em>Dr. Fancsovits P\u00e9ter szakmai \u00f6n\u00e9letrajza<\/em><\/a><\/p>\n<hr \/>\n<h3>SZAKORVOSOK<\/h3>\n<p><strong><img loading=\"lazy\" decoding=\"async\" class=\"wp-image-1028 alignleft\" src=\"https:\/\/semmelweis.hu\/asszisztaltreprodukcio\/files\/2020\/03\/Morber-Akos-dr-1-289x400.jpg\" alt=\"\" width=\"145\" height=\"200\" srcset=\"https:\/\/semmelweis.hu\/asszisztaltreprodukcio\/files\/2020\/03\/Morber-Akos-dr-1-289x400.jpg 289w, https:\/\/semmelweis.hu\/asszisztaltreprodukcio\/files\/2020\/03\/Morber-Akos-dr-1-741x1024.jpg 741w, https:\/\/semmelweis.hu\/asszisztaltreprodukcio\/files\/2020\/03\/Morber-Akos-dr-1-768x1061.jpg 768w, https:\/\/semmelweis.hu\/asszisztaltreprodukcio\/files\/2020\/03\/Morber-Akos-dr-1-217x300.jpg 217w, https:\/\/semmelweis.hu\/asszisztaltreprodukcio\/files\/2020\/03\/Morber-Akos-dr-1-1112x1536.jpg 1112w, https:\/\/semmelweis.hu\/asszisztaltreprodukcio\/files\/2020\/03\/Morber-Akos-dr-1-753x1041.jpg 753w, https:\/\/semmelweis.hu\/asszisztaltreprodukcio\/files\/2020\/03\/Morber-Akos-dr-1.jpg 1299w\" sizes=\"auto, (max-width: 145px) 100vw, 145px\" \/>Dr.\u00a0 Murber \u00c1kos<\/strong><br \/>\negyetemi adjunktus<\/p>\n<p>\n<\/p>\n<p><a href=\"https:\/\/semmelweis.hu\/asszisztaltreprodukcio\/files\/2020\/04\/Murber.pdf\" target=\"_blank\" rel=\"noopener noreferrer\"><em>Dr. Murber \u00c1kos szakmai \u00f6n\u00e9letrajza<\/em><\/a><\/p>\n<hr \/>\n<p><strong><img loading=\"lazy\" decoding=\"async\" class=\" wp-image-1029 alignleft\" src=\"https:\/\/semmelweis.hu\/asszisztaltreprodukcio\/files\/2020\/03\/MUT_3532_4_1318_jav-285x400.jpg\" alt=\"\" width=\"144\" height=\"200\" \/>Dr.\u00a0 \u00c1roksz\u00e1ll\u00e1si Anik\u00f3<\/strong><br \/>\nsz\u00fcl\u00e9sz-n\u0151gy\u00f3gy\u00e1sz szakorvos<\/p>\n<p>Telefon: 0620 666 3686<br \/>\nE-mail: <a href=\"mailto:arokszallasi.aniko@semmelweis.hu\">arokszallasi.aniko@semmelweis.hu<\/a><\/p>\n<p><a href=\"https:\/\/semmelweis.hu\/asszisztaltreprodukcio\/files\/2020\/04\/\u00c1roksz\u00e1ll\u00e1si.pdf\" target=\"_blank\" rel=\"noopener noreferrer\"><em>Dr. \u00c1roksz\u00e1ll\u00e1si Anik\u00f3 szakmai \u00f6n\u00e9letrajza<\/em><\/a><\/p>\n<hr \/>\n<p><strong><img loading=\"lazy\" decoding=\"async\" class=\" wp-image-2147 alignleft\" src=\"https:\/\/semmelweis.hu\/asszisztaltreprodukcio\/files\/2020\/12\/RON_3409__2F-267x400.jpg\" alt=\"\" width=\"144\" height=\"215\" srcset=\"https:\/\/semmelweis.hu\/asszisztaltreprodukcio\/files\/2020\/12\/RON_3409__2F-267x400.jpg 267w, https:\/\/semmelweis.hu\/asszisztaltreprodukcio\/files\/2020\/12\/RON_3409__2F-684x1024.jpg 684w, https:\/\/semmelweis.hu\/asszisztaltreprodukcio\/files\/2020\/12\/RON_3409__2F-768x1150.jpg 768w, https:\/\/semmelweis.hu\/asszisztaltreprodukcio\/files\/2020\/12\/RON_3409__2F-1025x1536.jpg 1025w, https:\/\/semmelweis.hu\/asszisztaltreprodukcio\/files\/2020\/12\/RON_3409__2F-1367x2048.jpg 1367w, https:\/\/semmelweis.hu\/asszisztaltreprodukcio\/files\/2020\/12\/RON_3409__2F-753x1128.jpg 753w, https:\/\/semmelweis.hu\/asszisztaltreprodukcio\/files\/2020\/12\/RON_3409__2F-scaled.jpg 1709w\" sizes=\"auto, (max-width: 144px) 100vw, 144px\" \/><\/strong><strong>Dr.\u00a0 P\u00f3csi D\u00f3ra<br \/>\n<\/strong>sz\u00fcl\u00e9sz-n\u0151gy\u00f3gy\u00e1sz szakorvos (tart\u00f3san t\u00e1vol)<\/p>\n<p>Telefon: <span style=\"color: #ffffff\">0620 663 2428<\/span><br \/>\nE-mail: <a href=\"mailto:pocsi.dora@semmelweis.hu\">pocsi.dora@semmelweis.hu<\/a><\/p>\n<p><a href=\"https:\/\/semmelweis.hu\/asszisztaltreprodukcio\/files\/2020\/04\/P\u00f3csi_v2.pdf\" target=\"_blank\" rel=\"noopener noreferrer\"><em>Dr. P\u00f3csi D\u00f3ra szakmai \u00f6n\u00e9letrajza<\/em><\/a><\/p>\n<hr \/>\n<p><strong style=\"font-size: 1rem\">Dr.\u00a0 Fek\u00e9cs Gy\u00f6rgyi<\/strong><strong><img loading=\"lazy\" decoding=\"async\" class=\" wp-image-2146 alignleft\" src=\"https:\/\/semmelweis.hu\/asszisztaltreprodukcio\/files\/2020\/12\/RON_3324__2F-267x400.jpg\" alt=\"\" width=\"145\" height=\"216\" srcset=\"https:\/\/semmelweis.hu\/asszisztaltreprodukcio\/files\/2020\/12\/RON_3324__2F-267x400.jpg 267w, https:\/\/semmelweis.hu\/asszisztaltreprodukcio\/files\/2020\/12\/RON_3324__2F-684x1024.jpg 684w, https:\/\/semmelweis.hu\/asszisztaltreprodukcio\/files\/2020\/12\/RON_3324__2F-768x1150.jpg 768w, https:\/\/semmelweis.hu\/asszisztaltreprodukcio\/files\/2020\/12\/RON_3324__2F-1025x1536.jpg 1025w, https:\/\/semmelweis.hu\/asszisztaltreprodukcio\/files\/2020\/12\/RON_3324__2F-1367x2048.jpg 1367w, https:\/\/semmelweis.hu\/asszisztaltreprodukcio\/files\/2020\/12\/RON_3324__2F-753x1128.jpg 753w, https:\/\/semmelweis.hu\/asszisztaltreprodukcio\/files\/2020\/12\/RON_3324__2F-scaled.jpg 1709w\" sizes=\"auto, (max-width: 145px) 100vw, 145px\" \/><\/strong><br \/>\nsz\u00fcl\u00e9sz-n\u0151gy\u00f3gy\u00e1sz szakorvos (tart\u00f3san t\u00e1vol)<\/p>\n<p style=\"padding-left: 80px\">Telefon: <span style=\"color: #ffffff\">0620 663 2425<\/span><br \/>\nE-mail: <a href=\"mailto:fekecs.gyorgyi@semmelweis.hu\">fekecs.gyorgyi@semmelweis.hu<\/a><\/p>\n<p style=\"padding-left: 80px\"><a href=\"https:\/\/semmelweis.hu\/asszisztaltreprodukcio\/files\/2020\/04\/Fek\u00e9cs.pdf\" target=\"_blank\" rel=\"noopener noreferrer\"><em>Dr. Fek\u00e9cs Gy\u00f6rgyi szakmai \u00f6n\u00e9letrajza<\/em><\/a><\/p>\n<hr \/>\n<p><strong style=\"font-size: 1rem\">Dr. Bara \u00c9va <\/strong><strong><img loading=\"lazy\" decoding=\"async\" class=\"wp-image-2192  alignleft\" src=\"https:\/\/semmelweis.hu\/asszisztaltreprodukcio\/files\/2021\/07\/RON_7675_3_\u00c9vi-267x400.jpg\" alt=\"\" width=\"145\" height=\"218\" srcset=\"https:\/\/semmelweis.hu\/asszisztaltreprodukcio\/files\/2021\/07\/RON_7675_3_\u00c9vi-267x400.jpg 267w, https:\/\/semmelweis.hu\/asszisztaltreprodukcio\/files\/2021\/07\/RON_7675_3_\u00c9vi-684x1024.jpg 684w, https:\/\/semmelweis.hu\/asszisztaltreprodukcio\/files\/2021\/07\/RON_7675_3_\u00c9vi-768x1150.jpg 768w, https:\/\/semmelweis.hu\/asszisztaltreprodukcio\/files\/2021\/07\/RON_7675_3_\u00c9vi-1025x1536.jpg 1025w, https:\/\/semmelweis.hu\/asszisztaltreprodukcio\/files\/2021\/07\/RON_7675_3_\u00c9vi-1367x2048.jpg 1367w, https:\/\/semmelweis.hu\/asszisztaltreprodukcio\/files\/2021\/07\/RON_7675_3_\u00c9vi-753x1128.jpg 753w, https:\/\/semmelweis.hu\/asszisztaltreprodukcio\/files\/2021\/07\/RON_7675_3_\u00c9vi-scaled.jpg 1709w\" sizes=\"auto, (max-width: 145px) 100vw, 145px\" \/><\/strong><br \/>\nsz\u00fcl\u00e9sz-n\u0151gy\u00f3gy\u00e1sz szakorvosjel\u00f6lt (tart\u00f3san t\u00e1vol)<\/p>\n<p style=\"padding-left: 80px\">Telefon: <span style=\"color: #ffffff\">0620 663 2409<\/span><br \/>\nE-mail: <a href=\"mailto:bara.eva@semmelweis.hu\">bara.eva@semmelweis.hu<\/a><\/p>\n<p style=\"padding-left: 80px\"><a href=\"https:\/\/semmelweis.hu\/asszisztaltreprodukcio\/files\/2021\/08\/m\u00f3dos\u00edtott-Dr-Bara-\u00c9va-szakmai-\u00f6n\u00e9letrajz.docx.pdf\">Dr. Bara \u00c9va szakmai \u00f6n\u00e9letrajza<\/a><\/p>\n<hr \/>\n<p><strong><img loading=\"lazy\" decoding=\"async\" class=\"alignleft wp-image-2438\" src=\"https:\/\/semmelweis.hu\/asszisztaltreprodukcio\/files\/2024\/05\/Stubnya-Marton-267x400.jpeg\" alt=\"\" width=\"145\" height=\"217\" srcset=\"https:\/\/semmelweis.hu\/asszisztaltreprodukcio\/files\/2024\/05\/Stubnya-Marton-267x400.jpeg 267w, https:\/\/semmelweis.hu\/asszisztaltreprodukcio\/files\/2024\/05\/Stubnya-Marton-684x1024.jpeg 684w, https:\/\/semmelweis.hu\/asszisztaltreprodukcio\/files\/2024\/05\/Stubnya-Marton-768x1150.jpeg 768w, https:\/\/semmelweis.hu\/asszisztaltreprodukcio\/files\/2024\/05\/Stubnya-Marton-1025x1536.jpeg 1025w, https:\/\/semmelweis.hu\/asszisztaltreprodukcio\/files\/2024\/05\/Stubnya-Marton-1367x2048.jpeg 1367w, https:\/\/semmelweis.hu\/asszisztaltreprodukcio\/files\/2024\/05\/Stubnya-Marton-753x1128.jpeg 753w, https:\/\/semmelweis.hu\/asszisztaltreprodukcio\/files\/2024\/05\/Stubnya-Marton-scaled.jpeg 1709w\" sizes=\"auto, (max-width: 145px) 100vw, 145px\" \/>Dr. Stubnya M\u00e1rton P\u00e9ter<\/strong><br \/>\nsz\u00fcl\u00e9sz-n\u0151gy\u00f3gy\u00e1sz szakorvosjel\u00f6lt<\/p>\n<p style=\"padding-left: 80px\">\u00a0<\/p>\n<p>&nbsp;<\/p>\n<p style=\"padding-left: 80px\"><a href=\"https:\/\/semmelweis.hu\/asszisztaltreprodukcio\/files\/2024\/05\/SMP_CV.pdf\">Dr. Stubnya M\u00e1rton P\u00e9ter szakmai \u00f6n\u00e9letrajza<\/a><\/p>\n<hr \/>\n<h3>\u00a0<\/h3>\n<h3>EMBRIOL\u00d3GUSOK<\/h3>\n<p><strong><img loading=\"lazy\" decoding=\"async\" class=\" wp-image-1030 alignleft\" src=\"https:\/\/semmelweis.hu\/asszisztaltreprodukcio\/files\/2020\/03\/MUT_3555_6k_1318_jav-285x400.jpg\" alt=\"\" width=\"145\" height=\"204\" srcset=\"https:\/\/semmelweis.hu\/asszisztaltreprodukcio\/files\/2020\/03\/MUT_3555_6k_1318_jav-285x400.jpg 285w, https:\/\/semmelweis.hu\/asszisztaltreprodukcio\/files\/2020\/03\/MUT_3555_6k_1318_jav-731x1024.jpg 731w, https:\/\/semmelweis.hu\/asszisztaltreprodukcio\/files\/2020\/03\/MUT_3555_6k_1318_jav-768x1076.jpg 768w, https:\/\/semmelweis.hu\/asszisztaltreprodukcio\/files\/2020\/03\/MUT_3555_6k_1318_jav-214x300.jpg 214w, https:\/\/semmelweis.hu\/asszisztaltreprodukcio\/files\/2020\/03\/MUT_3555_6k_1318_jav-1096x1536.jpg 1096w, https:\/\/semmelweis.hu\/asszisztaltreprodukcio\/files\/2020\/03\/MUT_3555_6k_1318_jav-1461x2048.jpg 1461w, https:\/\/semmelweis.hu\/asszisztaltreprodukcio\/files\/2020\/03\/MUT_3555_6k_1318_jav-753x1055.jpg 753w, https:\/\/semmelweis.hu\/asszisztaltreprodukcio\/files\/2020\/03\/MUT_3555_6k_1318_jav-scaled.jpg 1826w\" sizes=\"auto, (max-width: 145px) 100vw, 145px\" \/>Kasz\u00e1s Zita\u00a0<\/strong><br \/>\n(tart\u00f3san t\u00e1vol)<\/p>\n<p>Telefon:<span style=\"color: #ffffff\"> 0620 663 2369<\/span><br \/>\nE-mail: <a href=\"mailto:kaszas.zita@semmelweis.hu\">kaszas.zita@semmelweis.hu<\/a><\/p>\n<p><a href=\"https:\/\/semmelweis.hu\/asszisztaltreprodukcio\/files\/2021\/07\/Kasz\u00e1s-Zita-szakmai.pdf\" target=\"_blank\" rel=\"noopener noreferrer\"><em>Kasz\u00e1s Zita szakmai \u00f6n\u00e9letrajza<\/em><\/a><\/p>\n<hr \/>\n<p><strong><img loading=\"lazy\" decoding=\"async\" class=\" wp-image-2148 alignleft\" src=\"https:\/\/semmelweis.hu\/asszisztaltreprodukcio\/files\/2020\/12\/RON_3340__2F-267x400.jpg\" alt=\"\" width=\"143\" height=\"214\" srcset=\"https:\/\/semmelweis.hu\/asszisztaltreprodukcio\/files\/2020\/12\/RON_3340__2F-267x400.jpg 267w, https:\/\/semmelweis.hu\/asszisztaltreprodukcio\/files\/2020\/12\/RON_3340__2F-684x1024.jpg 684w, https:\/\/semmelweis.hu\/asszisztaltreprodukcio\/files\/2020\/12\/RON_3340__2F-768x1150.jpg 768w, https:\/\/semmelweis.hu\/asszisztaltreprodukcio\/files\/2020\/12\/RON_3340__2F-1025x1536.jpg 1025w, https:\/\/semmelweis.hu\/asszisztaltreprodukcio\/files\/2020\/12\/RON_3340__2F-1367x2048.jpg 1367w, https:\/\/semmelweis.hu\/asszisztaltreprodukcio\/files\/2020\/12\/RON_3340__2F-753x1128.jpg 753w, https:\/\/semmelweis.hu\/asszisztaltreprodukcio\/files\/2020\/12\/RON_3340__2F-scaled.jpg 1709w\" sizes=\"auto, (max-width: 143px) 100vw, 143px\" \/>Nemes Annam\u00e1ria<\/strong><\/p>\n<p>(tart\u00f3san t\u00e1vol)<\/p>\n<p style=\"padding-left: 160px\">Telefon:<span style=\"color: #ffffff\"> 0620 663 2507<\/span><br \/>\nE-mail: <a href=\"mailto:nemes.annamaria@semmelweis.hu\">nemes.annamaria@semmelweis.hu<\/a><\/p>\n<p style=\"padding-left: 80px\"><a href=\"https:\/\/semmelweis.hu\/asszisztaltreprodukcio\/files\/2020\/04\/Nemes.pdf\" target=\"_blank\" rel=\"noopener noreferrer\"><em>Nemes Annam\u00e1ria szakmai \u00f6n\u00e9letrajza<\/em><\/a><\/p>\n<p>&nbsp;<\/p>\n<hr \/>\n<p><strong><img loading=\"lazy\" decoding=\"async\" class=\"wp-image-2193  alignleft\" src=\"https:\/\/semmelweis.hu\/asszisztaltreprodukcio\/files\/2021\/07\/RON_7631_3_Bea-1-267x400.jpg\" alt=\"\" width=\"145\" height=\"217\" srcset=\"https:\/\/semmelweis.hu\/asszisztaltreprodukcio\/files\/2021\/07\/RON_7631_3_Bea-1-267x400.jpg 267w, https:\/\/semmelweis.hu\/asszisztaltreprodukcio\/files\/2021\/07\/RON_7631_3_Bea-1-684x1024.jpg 684w, https:\/\/semmelweis.hu\/asszisztaltreprodukcio\/files\/2021\/07\/RON_7631_3_Bea-1-768x1150.jpg 768w, https:\/\/semmelweis.hu\/asszisztaltreprodukcio\/files\/2021\/07\/RON_7631_3_Bea-1-1025x1536.jpg 1025w, https:\/\/semmelweis.hu\/asszisztaltreprodukcio\/files\/2021\/07\/RON_7631_3_Bea-1-1367x2048.jpg 1367w, https:\/\/semmelweis.hu\/asszisztaltreprodukcio\/files\/2021\/07\/RON_7631_3_Bea-1-753x1128.jpg 753w, https:\/\/semmelweis.hu\/asszisztaltreprodukcio\/files\/2021\/07\/RON_7631_3_Bea-1-scaled.jpg 1709w\" sizes=\"auto, (max-width: 145px) 100vw, 145px\" \/>Dud\u00e1s Be\u00e1ta<\/strong><\/p>\n<p>\nE-mail: <a href=\"mailto:dudas.beata@semmelweis.hu\">dudas.beata@semmelweis.hu<\/a><\/p>\n<p><a href=\"https:\/\/semmelweis.hu\/asszisztaltreprodukcio\/files\/2021\/07\/Dud\u00e1s-Be\u00e1ta-szakmai-\u00f6n\u00e9letrajza-1.pdf\">Dud\u00e1s Be\u00e1ta szakmai \u00f6n\u00e9letrajza<\/a><\/p>\n<p>&nbsp;<\/p>\n<hr \/>\n<p><strong><img loading=\"lazy\" decoding=\"async\" class=\"wp-image-2194  alignleft\" src=\"https:\/\/semmelweis.hu\/asszisztaltreprodukcio\/files\/2021\/07\/RON_7723_2_Kata-267x400.jpg\" alt=\"\" width=\"145\" height=\"217\" srcset=\"https:\/\/semmelweis.hu\/asszisztaltreprodukcio\/files\/2021\/07\/RON_7723_2_Kata-267x400.jpg 267w, https:\/\/semmelweis.hu\/asszisztaltreprodukcio\/files\/2021\/07\/RON_7723_2_Kata-684x1024.jpg 684w, https:\/\/semmelweis.hu\/asszisztaltreprodukcio\/files\/2021\/07\/RON_7723_2_Kata-768x1150.jpg 768w, https:\/\/semmelweis.hu\/asszisztaltreprodukcio\/files\/2021\/07\/RON_7723_2_Kata-1025x1536.jpg 1025w, https:\/\/semmelweis.hu\/asszisztaltreprodukcio\/files\/2021\/07\/RON_7723_2_Kata-1367x2048.jpg 1367w, https:\/\/semmelweis.hu\/asszisztaltreprodukcio\/files\/2021\/07\/RON_7723_2_Kata-753x1128.jpg 753w, https:\/\/semmelweis.hu\/asszisztaltreprodukcio\/files\/2021\/07\/RON_7723_2_Kata-scaled.jpg 1709w\" sizes=\"auto, (max-width: 145px) 100vw, 145px\" \/>Jo\u00f3 Kata<\/strong><\/p>\n<p>\n<\/p>\n<p>E-mail: <a href=\"mailto:joo.kata@semmelweis.hu\">joo.kata@semmelweis.hu<\/a><\/p>\n<p><a href=\"https:\/\/semmelweis.hu\/asszisztaltreprodukcio\/files\/2021\/08\/modositott_CV_Jo\u00f3-Kata-1.pdf\">Jo\u00f3 Kata szakmai \u00f6n\u00e9letrajza<\/a><\/p>\n<hr \/>\n<p><strong><img loading=\"lazy\" decoding=\"async\" class=\"wp-image-2437  alignleft\" src=\"https:\/\/semmelweis.hu\/asszisztaltreprodukcio\/files\/2024\/05\/Zakar-Adrienn-267x400.jpeg\" alt=\"\" width=\"146\" height=\"219\" srcset=\"https:\/\/semmelweis.hu\/asszisztaltreprodukcio\/files\/2024\/05\/Zakar-Adrienn-267x400.jpeg 267w, https:\/\/semmelweis.hu\/asszisztaltreprodukcio\/files\/2024\/05\/Zakar-Adrienn-684x1024.jpeg 684w, https:\/\/semmelweis.hu\/asszisztaltreprodukcio\/files\/2024\/05\/Zakar-Adrienn-768x1150.jpeg 768w, https:\/\/semmelweis.hu\/asszisztaltreprodukcio\/files\/2024\/05\/Zakar-Adrienn-1025x1536.jpeg 1025w, https:\/\/semmelweis.hu\/asszisztaltreprodukcio\/files\/2024\/05\/Zakar-Adrienn-1367x2048.jpeg 1367w, https:\/\/semmelweis.hu\/asszisztaltreprodukcio\/files\/2024\/05\/Zakar-Adrienn-753x1128.jpeg 753w, https:\/\/semmelweis.hu\/asszisztaltreprodukcio\/files\/2024\/05\/Zakar-Adrienn-scaled.jpeg 1709w\" sizes=\"auto, (max-width: 146px) 100vw, 146px\" \/>Zak\u00e1r Adrienn<\/strong><\/p>\n<p>E-mail: <a href=\"mailto:zakar.adrienn@semmelweis.hu\">zakar.adrienn@semmelweis.hu<\/a><\/p>\n<p><a href=\"https:\/\/semmelweis.hu\/asszisztaltreprodukcio\/files\/2024\/05\/Zakar-Adrienn-szakmai-oneletrajza.pdf\">Zak\u00e1r Adrienn szakmai \u00f6n\u00e9letrajza<\/a><\/p>\n<h3>\u00a0<\/h3>\n<p>&nbsp;<\/p>\n<hr \/>\n<h3>\u00a0<\/h3>\n<h3>SZAKDOLGOZ\u00d3K<\/h3>\n<p><strong><img loading=\"lazy\" decoding=\"async\" class=\" wp-image-1032 alignleft\" src=\"https:\/\/semmelweis.hu\/asszisztaltreprodukcio\/files\/2020\/03\/P\u00e1l-Istvanne1-289x400.jpg\" alt=\"\" width=\"141\" height=\"195\" srcset=\"https:\/\/semmelweis.hu\/asszisztaltreprodukcio\/files\/2020\/03\/P\u00e1l-Istvanne1-289x400.jpg 289w, https:\/\/semmelweis.hu\/asszisztaltreprodukcio\/files\/2020\/03\/P\u00e1l-Istvanne1-741x1024.jpg 741w, https:\/\/semmelweis.hu\/asszisztaltreprodukcio\/files\/2020\/03\/P\u00e1l-Istvanne1-768x1061.jpg 768w, https:\/\/semmelweis.hu\/asszisztaltreprodukcio\/files\/2020\/03\/P\u00e1l-Istvanne1-217x300.jpg 217w, https:\/\/semmelweis.hu\/asszisztaltreprodukcio\/files\/2020\/03\/P\u00e1l-Istvanne1-1112x1536.jpg 1112w, https:\/\/semmelweis.hu\/asszisztaltreprodukcio\/files\/2020\/03\/P\u00e1l-Istvanne1-753x1041.jpg 753w, https:\/\/semmelweis.hu\/asszisztaltreprodukcio\/files\/2020\/03\/P\u00e1l-Istvanne1.jpg 1299w\" sizes=\"auto, (max-width: 141px) 100vw, 141px\" \/>Oszt\u00e1lyvezet\u0151 f\u0151n\u0151v\u00e9r<\/strong><\/p>\n<p><strong>P\u00e1l Istv\u00e1nn\u00e9<\/strong><br \/>\nsz\u00fcl\u00e9szn\u0151<\/p>\n<hr \/>\n<p><strong><img loading=\"lazy\" decoding=\"async\" class=\" wp-image-1033 alignleft\" src=\"https:\/\/semmelweis.hu\/asszisztaltreprodukcio\/files\/2020\/03\/Lengyel-Anna2-289x400.jpg\" alt=\"\" width=\"146\" height=\"202\" srcset=\"https:\/\/semmelweis.hu\/asszisztaltreprodukcio\/files\/2020\/03\/Lengyel-Anna2-289x400.jpg 289w, https:\/\/semmelweis.hu\/asszisztaltreprodukcio\/files\/2020\/03\/Lengyel-Anna2-741x1024.jpg 741w, https:\/\/semmelweis.hu\/asszisztaltreprodukcio\/files\/2020\/03\/Lengyel-Anna2-768x1061.jpg 768w, https:\/\/semmelweis.hu\/asszisztaltreprodukcio\/files\/2020\/03\/Lengyel-Anna2-217x300.jpg 217w, https:\/\/semmelweis.hu\/asszisztaltreprodukcio\/files\/2020\/03\/Lengyel-Anna2-1112x1536.jpg 1112w, https:\/\/semmelweis.hu\/asszisztaltreprodukcio\/files\/2020\/03\/Lengyel-Anna2-753x1041.jpg 753w, https:\/\/semmelweis.hu\/asszisztaltreprodukcio\/files\/2020\/03\/Lengyel-Anna2.jpg 1299w\" sizes=\"auto, (max-width: 146px) 100vw, 146px\" \/>Lengyel Anna<\/strong><br \/>\nsz\u00fcl\u00e9szn\u0151, diplom\u00e1s \u00e1pol\u00f3<\/p>\n<hr \/>\n<p><strong><img loading=\"lazy\" decoding=\"async\" class=\"alignleft wp-image-2717\" src=\"https:\/\/semmelweis.hu\/asszisztaltreprodukcio\/files\/2025\/11\/Schmidt-Petra-vagott-285x400.jpg\" alt=\"\" width=\"145\" height=\"203\" srcset=\"https:\/\/semmelweis.hu\/asszisztaltreprodukcio\/files\/2025\/11\/Schmidt-Petra-vagott-285x400.jpg 285w, https:\/\/semmelweis.hu\/asszisztaltreprodukcio\/files\/2025\/11\/Schmidt-Petra-vagott-730x1024.jpg 730w, https:\/\/semmelweis.hu\/asszisztaltreprodukcio\/files\/2025\/11\/Schmidt-Petra-vagott-768x1077.jpg 768w, https:\/\/semmelweis.hu\/asszisztaltreprodukcio\/files\/2025\/11\/Schmidt-Petra-vagott-1095x1536.jpg 1095w, https:\/\/semmelweis.hu\/asszisztaltreprodukcio\/files\/2025\/11\/Schmidt-Petra-vagott-1460x2048.jpg 1460w, https:\/\/semmelweis.hu\/asszisztaltreprodukcio\/files\/2025\/11\/Schmidt-Petra-vagott-753x1056.jpg 753w, https:\/\/semmelweis.hu\/asszisztaltreprodukcio\/files\/2025\/11\/Schmidt-Petra-vagott-scaled.jpg 1825w\" sizes=\"auto, (max-width: 145px) 100vw, 145px\" \/>Schmidt Petra <\/strong><br \/>\ndiplom\u00e1s sz\u00fcl\u00e9szn\u0151<\/p>\n<p><a href=\"https:\/\/semmelweis.hu\/asszisztaltreprodukcio\/files\/2025\/11\/Schmidt-Petra-szakmai-oneletrajza.pdf\">Schmidt Petra szakmai \u00e9letrajza<\/a><\/p>\n<hr \/>\n<p><strong><img loading=\"lazy\" decoding=\"async\" class=\" wp-image-1034 alignleft\" src=\"https:\/\/semmelweis.hu\/asszisztaltreprodukcio\/files\/2020\/03\/Pappne-Rideg-Judit2-289x400.jpg\" alt=\"\" width=\"145\" height=\"201\" srcset=\"https:\/\/semmelweis.hu\/asszisztaltreprodukcio\/files\/2020\/03\/Pappne-Rideg-Judit2-289x400.jpg 289w, https:\/\/semmelweis.hu\/asszisztaltreprodukcio\/files\/2020\/03\/Pappne-Rideg-Judit2-741x1024.jpg 741w, https:\/\/semmelweis.hu\/asszisztaltreprodukcio\/files\/2020\/03\/Pappne-Rideg-Judit2-768x1061.jpg 768w, https:\/\/semmelweis.hu\/asszisztaltreprodukcio\/files\/2020\/03\/Pappne-Rideg-Judit2-217x300.jpg 217w, https:\/\/semmelweis.hu\/asszisztaltreprodukcio\/files\/2020\/03\/Pappne-Rideg-Judit2-1112x1536.jpg 1112w, https:\/\/semmelweis.hu\/asszisztaltreprodukcio\/files\/2020\/03\/Pappne-Rideg-Judit2-753x1041.jpg 753w, https:\/\/semmelweis.hu\/asszisztaltreprodukcio\/files\/2020\/03\/Pappne-Rideg-Judit2.jpg 1299w\" sizes=\"auto, (max-width: 145px) 100vw, 145px\" \/>Pappn\u00e9 Rideg Judit<\/strong><br \/>\nvezet\u0151 endokrinol\u00f3giai szakasszisztens<\/p>\n<p>&nbsp;<\/p>\n<p>&nbsp;<\/p>\n<p>&nbsp;<\/p>\n<p>&nbsp;<\/p>\n<p style=\"float: left;margin-top: -73px;margin-left: 110px;font-size: 13px\">\u00a0<\/p>\n","protected":false},"excerpt":{"rendered":"<p>OSZT\u00c1LYVEZET\u0150 Prof. Dr. Urbancsek J\u00e1nos egyetemi tan\u00e1r Telefon: 0620 825 4211 E-mail: <a href=\"mailto:urbancsek.janos@semmelweis.hu\">urbancsek.janos@semmelweis.hu<\/a> <a href=\"https:\/\/semmelweis.hu\/asszisztaltreprodukcio\/files\/2020\/05\/URB_friss\u00edtett_v5.pdf\">Prof. Dr. Urbancsek J\u00e1nos szakmai \u00f6n\u00e9letrajza<\/a> LABORVEZET\u0150 EMBRIOL\u00d3GUS Dr. Fancsovits P\u00e9ter tudom\u00e1nyos f\u0151munkat\u00e1rs Telefon: 0620 825 0520 E-mail: <a href=\"mailto:fancsovits.peter@semmelweis.hu\">fancsovits.peter@semmelweis.hu<\/a> <a href=\"https:\/\/semmelweis.hu\/asszisztaltreprodukcio\/files\/2020\/04\/Fancsovits_v2_if.pdf\" target=\"_blank\" rel=\"noopener noreferrer\">Dr. Fancsovits P\u00e9ter szakmai \u00f6n\u00e9letrajza<\/a> SZAKORVOSOK Dr.\u00a0 Murber \u00c1kos egyetemi adjunktus <a href=\"https:\/\/semmelweis.hu\/asszisztaltreprodukcio\/files\/2020\/04\/Murber.pdf\" target=\"_blank\" rel=\"noopener noreferrer\">Dr. Murber \u00c1kos szakmai \u00f6n\u00e9letrajza<\/a> Dr.\u00a0 \u00c1roksz\u00e1ll\u00e1si Anik\u00f3 sz\u00fcl\u00e9sz-n\u0151gy\u00f3gy\u00e1sz szakorvos Telefon: 0620 666 3686 E-mail: <a href=\"mailto:arokszallasi.aniko@semmelweis.hu\">arokszallasi.aniko@semmelweis.hu<\/a> <a href=\"https:\/\/semmelweis.hu\/asszisztaltreprodukcio\/files\/2020\/04\/\u00c1roksz\u00e1ll\u00e1si.pdf\" target=\"_blank\" rel=\"noopener noreferrer\">Dr. \u00c1roksz\u00e1ll\u00e1si Anik\u00f3 szakmai \u00f6n\u00e9letrajza<\/a> Dr.\u00a0 P\u00f3csi D\u00f3ra sz\u00fcl\u00e9sz-n\u0151gy\u00f3gy\u00e1sz szakorvos (tart\u00f3san t\u00e1vol) Telefon: 0620 663 2428 E-mail: <a href=\"mailto:pocsi.dora@semmelweis.hu\">pocsi.dora@semmelweis.hu<\/a> <a href=\"https:\/\/semmelweis.hu\/asszisztaltreprodukcio\/files\/2020\/04\/P\u00f3csi_v2.pdf\" target=\"_blank\" rel=\"noopener noreferrer\">Dr. P\u00f3csi D\u00f3ra szakmai \u00f6n\u00e9letrajza<\/a> Dr.\u00a0 Fek\u00e9cs Gy\u00f6rgyi &hellip;<\/p>\n","protected":false},"author":12,"featured_media":0,"parent":0,"menu_order":7,"comment_status":"closed","ping_status":"closed","template":"","meta":{"_acf_changed":false,"footnotes":""},"categories":[],"tags":[],"class_list":["post-13","page","type-page","status-publish","hentry"],"acf":[],"_links":{"self":[{"href":"https:\/\/semmelweis.hu\/asszisztaltreprodukcio\/wp-json\/wp\/v2\/pages\/13","targetHints":{"allow":["GET"]}}],"collection":[{"href":"https:\/\/semmelweis.hu\/asszisztaltreprodukcio\/wp-json\/wp\/v2\/pages"}],"about":[{"href":"https:\/\/semmelweis.hu\/asszisztaltreprodukcio\/wp-json\/wp\/v2\/types\/page"}],"author":[{"embeddable":true,"href":"https:\/\/semmelweis.hu\/asszisztaltreprodukcio\/wp-json\/wp\/v2\/users\/12"}],"replies":[{"embeddable":true,"href":"https:\/\/semmelweis.hu\/asszisztaltreprodukcio\/wp-json\/wp\/v2\/comments?post=13"}],"version-history":[{"count":11,"href":"https:\/\/semmelweis.hu\/asszisztaltreprodukcio\/wp-json\/wp\/v2\/pages\/13\/revisions"}],"predecessor-version":[{"id":2726,"href":"https:\/\/semmelweis.hu\/asszisztaltreprodukcio\/wp-json\/wp\/v2\/pages\/13\/revisions\/2726"}],"wp:attachment":[{"href":"https:\/\/semmelweis.hu\/asszisztaltreprodukcio\/wp-json\/wp\/v2\/media?parent=13"}],"wp:term":[{"taxonomy":"category","embeddable":true,"href":"https:\/\/semmelweis.hu\/asszisztaltreprodukcio\/wp-json\/wp\/v2\/categories?post=13"},{"taxonomy":"post_tag","embeddable":true,"href":"https:\/\/semmelweis.hu\/asszisztaltreprodukcio\/wp-json\/wp\/v2\/tags?post=13"}],"curies":[{"name":"wp","href":"https:\/\/api.w.org\/{rel}","templated":true}]}}