{"id":1298,"date":"2020-04-06T20:29:43","date_gmt":"2020-04-06T18:29:43","guid":{"rendered":"http:\/\/semmelweis.hu\/asszisztaltreprodukcio\/?page_id=1298"},"modified":"2020-04-07T19:31:51","modified_gmt":"2020-04-07T17:31:51","slug":"az-otodik-nap-esemenyei","status":"publish","type":"page","link":"https:\/\/semmelweis.hu\/asszisztaltreprodukcio\/embriologia\/embriotenyesztes\/az-otodik-nap-esemenyei\/","title":{"rendered":"Az \u00f6t\u00f6dik nap"},"content":{"rendered":"<p style=\"text-align: justify\">A megterm\u00e9keny\u00edt\u00e9s ut\u00e1ni 5. napon tov\u00e1bb n\u0151 az embri\u00f3 sejtsz\u00e1ma. A bels\u0151 r\u00e9szben egy folyad\u00e9kkal teli \u00fcreg kezd kialakulni, \u00e9s l\u00e9trej\u00f6n a h\u00f3lyagcs\u00edra vagy blasztociszta. Ebben az \u00e1llapotban m\u00e1r maga az embri\u00f3 is elkezd n\u00f6vekedni. Az azt k\u00f6r\u00fclvev\u0151 burok (zona pellucida) egyre jobban elv\u00e9konyodik.<\/p>\n<figure id=\"attachment_1450\" aria-describedby=\"caption-attachment-1450\" style=\"width: 287px\" class=\"wp-caption aligncenter\"><img loading=\"lazy\" decoding=\"async\" class=\"wp-image-1450\" src=\"https:\/\/semmelweis.hu\/asszisztaltreprodukcio\/files\/2020\/04\/kbl-400x361.jpg\" alt=\"\" width=\"287\" height=\"259\" srcset=\"https:\/\/semmelweis.hu\/asszisztaltreprodukcio\/files\/2020\/04\/kbl-400x361.jpg 400w, https:\/\/semmelweis.hu\/asszisztaltreprodukcio\/files\/2020\/04\/kbl-768x693.jpg 768w, https:\/\/semmelweis.hu\/asszisztaltreprodukcio\/files\/2020\/04\/kbl-333x300.jpg 333w, https:\/\/semmelweis.hu\/asszisztaltreprodukcio\/files\/2020\/04\/kbl-753x679.jpg 753w, https:\/\/semmelweis.hu\/asszisztaltreprodukcio\/files\/2020\/04\/kbl.jpg 970w\" sizes=\"auto, (max-width: 287px) 100vw, 287px\" \/><figcaption id=\"caption-attachment-1450\" class=\"wp-caption-text\">Korai blasztociszta<\/figcaption><\/figure>\n<p style=\"text-align: justify\">Az id\u0151 m\u00fal\u00e1s\u00e1val embri\u00f3n bel\u00fcl l\u00e1that\u00f3v\u00e1 v\u00e1lik egy t\u00f6m\u00f6ttebb sejtcsom\u00f3 (embri\u00f3csom\u00f3), amib\u0151l a k\u00e9s\u0151bbi embri\u00f3 szervezete fog kialakulni, valamint egy v\u00e9kony k\u00fcls\u0151 sejtr\u00e9teg, aminek a be\u00e1gyaz\u00f3d\u00e1sban \u00e9s az embri\u00f3 k\u00e9s\u0151bbi \u00e9let\u00e9ben lesz fontos seg\u00edt\u0151 szerepe.<\/p>\n<figure id=\"attachment_1421\" aria-describedby=\"caption-attachment-1421\" style=\"width: 491px\" class=\"wp-caption aligncenter\"><img loading=\"lazy\" decoding=\"async\" class=\"wp-image-1421\" src=\"https:\/\/semmelweis.hu\/asszisztaltreprodukcio\/files\/2020\/04\/blasto-400x190.jpg\" alt=\"\" width=\"491\" height=\"233\" srcset=\"https:\/\/semmelweis.hu\/asszisztaltreprodukcio\/files\/2020\/04\/blasto-400x190.jpg 400w, https:\/\/semmelweis.hu\/asszisztaltreprodukcio\/files\/2020\/04\/blasto.jpg 468w\" sizes=\"auto, (max-width: 491px) 100vw, 491px\" \/><figcaption id=\"caption-attachment-1421\" class=\"wp-caption-text\">Expand\u00e1lt blasztociszta \u00e9s z\u00f3n\u00e1b\u00f3l kib\u00faj\u00f3 blasztociszta<\/figcaption><\/figure>\n<p>A fokozatosan elv\u00e9konyod\u00f3 k\u00fcls\u0151 burok egyszer csak megreped \u00e9s kib\u00fajik bel\u0151le a blasztociszta \u00e1llapot\u00fa embri\u00f3. Ez a folyamat m\u00e1r a m\u00e9h \u00fcreg\u00e9ben szokott lezajlani.<\/p>\n\n<!-- iframe plugin v.4.9 wordpress.org\/plugins\/iframe\/ -->\n<iframe loading=\"lazy\" src=\"\/\/www.youtube.com\/embed\/0Rbz1QDodqA\" width=\"560\" height=\"315\" scrolling=\"yes\" class=\"iframe-class\" frameborder=\"0\"><\/iframe>\n\n<p>&nbsp;<\/p>\n","protected":false},"excerpt":{"rendered":"<p>A megterm\u00e9keny\u00edt\u00e9s ut\u00e1ni 5. napon tov\u00e1bb n\u0151 az embri\u00f3 sejtsz\u00e1ma. A bels\u0151 r\u00e9szben egy folyad\u00e9kkal teli \u00fcreg kezd kialakulni, \u00e9s l\u00e9trej\u00f6n a h\u00f3lyagcs\u00edra vagy blasztociszta. Ebben az \u00e1llapotban m\u00e1r maga az embri\u00f3 is elkezd n\u00f6vekedni. Az azt k\u00f6r\u00fclvev\u0151 burok (zona pellucida) egyre jobban elv\u00e9konyodik. Az id\u0151 m\u00fal\u00e1s\u00e1val embri\u00f3n bel\u00fcl l\u00e1that\u00f3v\u00e1 v\u00e1lik egy t\u00f6m\u00f6ttebb sejtcsom\u00f3 (embri\u00f3csom\u00f3), &hellip;<\/p>\n","protected":false},"author":101727,"featured_media":0,"parent":1324,"menu_order":6,"comment_status":"closed","ping_status":"closed","template":"","meta":{"_acf_changed":false,"footnotes":""},"categories":[],"tags":[],"class_list":["post-1298","page","type-page","status-publish","hentry"],"acf":[],"_links":{"self":[{"href":"https:\/\/semmelweis.hu\/asszisztaltreprodukcio\/wp-json\/wp\/v2\/pages\/1298","targetHints":{"allow":["GET"]}}],"collection":[{"href":"https:\/\/semmelweis.hu\/asszisztaltreprodukcio\/wp-json\/wp\/v2\/pages"}],"about":[{"href":"https:\/\/semmelweis.hu\/asszisztaltreprodukcio\/wp-json\/wp\/v2\/types\/page"}],"author":[{"embeddable":true,"href":"https:\/\/semmelweis.hu\/asszisztaltreprodukcio\/wp-json\/wp\/v2\/users\/101727"}],"replies":[{"embeddable":true,"href":"https:\/\/semmelweis.hu\/asszisztaltreprodukcio\/wp-json\/wp\/v2\/comments?post=1298"}],"version-history":[{"count":8,"href":"https:\/\/semmelweis.hu\/asszisztaltreprodukcio\/wp-json\/wp\/v2\/pages\/1298\/revisions"}],"predecessor-version":[{"id":1451,"href":"https:\/\/semmelweis.hu\/asszisztaltreprodukcio\/wp-json\/wp\/v2\/pages\/1298\/revisions\/1451"}],"up":[{"embeddable":true,"href":"https:\/\/semmelweis.hu\/asszisztaltreprodukcio\/wp-json\/wp\/v2\/pages\/1324"}],"wp:attachment":[{"href":"https:\/\/semmelweis.hu\/asszisztaltreprodukcio\/wp-json\/wp\/v2\/media?parent=1298"}],"wp:term":[{"taxonomy":"category","embeddable":true,"href":"https:\/\/semmelweis.hu\/asszisztaltreprodukcio\/wp-json\/wp\/v2\/categories?post=1298"},{"taxonomy":"post_tag","embeddable":true,"href":"https:\/\/semmelweis.hu\/asszisztaltreprodukcio\/wp-json\/wp\/v2\/tags?post=1298"}],"curies":[{"name":"wp","href":"https:\/\/api.w.org\/{rel}","templated":true}]}}