{"id":1278,"date":"2020-04-06T19:39:02","date_gmt":"2020-04-06T17:39:02","guid":{"rendered":"http:\/\/semmelweis.hu\/asszisztaltreprodukcio\/?page_id=1278"},"modified":"2020-04-14T10:52:42","modified_gmt":"2020-04-14T08:52:42","slug":"megtermekenyules-ellenorzes","status":"publish","type":"page","link":"https:\/\/semmelweis.hu\/asszisztaltreprodukcio\/embriologia\/embriotenyesztes\/megtermekenyules-ellenorzes\/","title":{"rendered":"Az els\u0151 nap"},"content":{"rendered":"<h5 style=\"text-align: justify\">Els\u0151 nap esem\u00e9nyei<\/h5>\n<p style=\"text-align: justify\"><strong>A megterm\u00e9keny\u00fcl\u00e9s ellen\u0151rz\u00e9se\u00a0<\/strong><\/p>\n<p style=\"text-align: justify\">A megterm\u00e9keny\u00edt\u00e9s ut\u00e1n 16-18 \u00f3r\u00e1val ellen\u0151rizz\u00fck annak eredm\u00e9ny\u00e9t. A megterm\u00e9keny\u00fcl\u00e9s biztos jele a petesejtben megjelen\u0151 k\u00e9t j\u00f3l l\u00e1that\u00f3 el\u0151mag (pronukleusz). Az egyik sejtmag az anyai, a m\u00e1sik pedig az apai \u00f6r\u00f6k\u00edt\u0151 anyagot tartalmazza.<\/p>\n<figure id=\"attachment_1280\" aria-describedby=\"caption-attachment-1280\" style=\"width: 585px\" class=\"wp-caption aligncenter\"><img loading=\"lazy\" decoding=\"async\" class=\"wp-image-1280 \" src=\"https:\/\/semmelweis.hu\/asszisztaltreprodukcio\/files\/2020\/04\/2pn-400x313.jpg\" alt=\"\" width=\"585\" height=\"458\" srcset=\"https:\/\/semmelweis.hu\/asszisztaltreprodukcio\/files\/2020\/04\/2pn-400x313.jpg 400w, https:\/\/semmelweis.hu\/asszisztaltreprodukcio\/files\/2020\/04\/2pn-768x600.jpg 768w, https:\/\/semmelweis.hu\/asszisztaltreprodukcio\/files\/2020\/04\/2pn-384x300.jpg 384w, https:\/\/semmelweis.hu\/asszisztaltreprodukcio\/files\/2020\/04\/2pn-753x588.jpg 753w, https:\/\/semmelweis.hu\/asszisztaltreprodukcio\/files\/2020\/04\/2pn.jpg 970w\" sizes=\"auto, (max-width: 585px) 100vw, 585px\" \/><figcaption id=\"caption-attachment-1280\" class=\"wp-caption-text\">Norm\u00e1lis megterm\u00e9keny\u00fcl\u00e9st mutat\u00f3 petesejt (zig\u00f3ta; 2 PN)<\/figcaption><\/figure>\n<p style=\"text-align: justify\">Ha a petesejtben nem l\u00e1that\u00f3 el\u0151mag, az azt jelenti, hogy nem j\u00f6tt l\u00e9tre a megterm\u00e9keny\u00fcl\u00e9s. Ha 2-n\u00e9l t\u00f6bb, vagy csak 1 el\u0151mag l\u00e1that\u00f3, azt k\u00f3ros megterm\u00e9keny\u00fcl\u00e9sre utal. Az ilyen petesejtek is k\u00e9pesek oszt\u00f3dni, de nagy es\u00e9llyel hordoznak kromosz\u00f3ma rendelleness\u00e9get, \u00edgy csak a szab\u00e1lyosan megterm\u00e9keny\u00fclt, k\u00e9t el\u0151magot tartalmaz\u00f3 petesejteket tudjuk felhaszn\u00e1lni az embri\u00f3be\u00fcltet\u00e9shez.<\/p>\n<p><strong>Az el\u0151magok elt\u0171n\u00e9se<\/strong><\/p>\n<p style=\"text-align: justify\">A megterm\u00e9keny\u00fcl\u00e9s ut\u00e1n kb. 24 \u00f3r\u00e1val a k\u00e9t el\u0151mag egyes\u00fcl \u00e9s l\u00e9trej\u00f6n a mindk\u00e9t sz\u00fcl\u0151 tulajdons\u00e1gait tartalmaz\u00f3, m\u00e9gis teljesen egyedi genetikai \u00e1llom\u00e1nnyal rendelkez\u0151 embri\u00f3.<\/p>\n<figure id=\"attachment_1286\" aria-describedby=\"caption-attachment-1286\" style=\"width: 574px\" class=\"wp-caption aligncenter\"><img loading=\"lazy\" decoding=\"async\" class=\"wp-image-1286 \" src=\"https:\/\/semmelweis.hu\/asszisztaltreprodukcio\/files\/2020\/04\/1c-400x328.jpg\" alt=\"\" width=\"574\" height=\"471\" srcset=\"https:\/\/semmelweis.hu\/asszisztaltreprodukcio\/files\/2020\/04\/1c-400x328.jpg 400w, https:\/\/semmelweis.hu\/asszisztaltreprodukcio\/files\/2020\/04\/1c-366x300.jpg 366w, https:\/\/semmelweis.hu\/asszisztaltreprodukcio\/files\/2020\/04\/1c.jpg 679w\" sizes=\"auto, (max-width: 574px) 100vw, 574px\" \/><figcaption id=\"caption-attachment-1286\" class=\"wp-caption-text\">Egy sejtes embri\u00f3 (2 sarki test, nem l\u00e1that\u00f3 el\u0151magok)<\/figcaption><\/figure>\n<p>&nbsp;<\/p>\n<h6>Publik\u00e1ci\u00f3ink a t\u00e9m\u00e1ban<\/h6>\n<p><a href=\"https:\/\/www.fertstert.org\/article\/S0015-0282(05)01246-X\/fulltext\" target=\"_blank\" rel=\"noopener noreferrer\">Early pronuclear breakdown is a good indicator of embryo quality and viability<\/a><\/p>\n","protected":false},"excerpt":{"rendered":"<p>Els\u0151 nap esem\u00e9nyei A megterm\u00e9keny\u00fcl\u00e9s ellen\u0151rz\u00e9se\u00a0 A megterm\u00e9keny\u00edt\u00e9s ut\u00e1n 16-18 \u00f3r\u00e1val ellen\u0151rizz\u00fck annak eredm\u00e9ny\u00e9t. A megterm\u00e9keny\u00fcl\u00e9s biztos jele a petesejtben megjelen\u0151 k\u00e9t j\u00f3l l\u00e1that\u00f3 el\u0151mag (pronukleusz). Az egyik sejtmag az anyai, a m\u00e1sik pedig az apai \u00f6r\u00f6k\u00edt\u0151 anyagot tartalmazza. Ha a petesejtben nem l\u00e1that\u00f3 el\u0151mag, az azt jelenti, hogy nem j\u00f6tt l\u00e9tre a megterm\u00e9keny\u00fcl\u00e9s. Ha &hellip;<\/p>\n","protected":false},"author":101727,"featured_media":0,"parent":1324,"menu_order":1,"comment_status":"closed","ping_status":"closed","template":"","meta":{"_acf_changed":false,"footnotes":""},"categories":[],"tags":[],"class_list":["post-1278","page","type-page","status-publish","hentry"],"acf":[],"_links":{"self":[{"href":"https:\/\/semmelweis.hu\/asszisztaltreprodukcio\/wp-json\/wp\/v2\/pages\/1278","targetHints":{"allow":["GET"]}}],"collection":[{"href":"https:\/\/semmelweis.hu\/asszisztaltreprodukcio\/wp-json\/wp\/v2\/pages"}],"about":[{"href":"https:\/\/semmelweis.hu\/asszisztaltreprodukcio\/wp-json\/wp\/v2\/types\/page"}],"author":[{"embeddable":true,"href":"https:\/\/semmelweis.hu\/asszisztaltreprodukcio\/wp-json\/wp\/v2\/users\/101727"}],"replies":[{"embeddable":true,"href":"https:\/\/semmelweis.hu\/asszisztaltreprodukcio\/wp-json\/wp\/v2\/comments?post=1278"}],"version-history":[{"count":10,"href":"https:\/\/semmelweis.hu\/asszisztaltreprodukcio\/wp-json\/wp\/v2\/pages\/1278\/revisions"}],"predecessor-version":[{"id":1486,"href":"https:\/\/semmelweis.hu\/asszisztaltreprodukcio\/wp-json\/wp\/v2\/pages\/1278\/revisions\/1486"}],"up":[{"embeddable":true,"href":"https:\/\/semmelweis.hu\/asszisztaltreprodukcio\/wp-json\/wp\/v2\/pages\/1324"}],"wp:attachment":[{"href":"https:\/\/semmelweis.hu\/asszisztaltreprodukcio\/wp-json\/wp\/v2\/media?parent=1278"}],"wp:term":[{"taxonomy":"category","embeddable":true,"href":"https:\/\/semmelweis.hu\/asszisztaltreprodukcio\/wp-json\/wp\/v2\/categories?post=1278"},{"taxonomy":"post_tag","embeddable":true,"href":"https:\/\/semmelweis.hu\/asszisztaltreprodukcio\/wp-json\/wp\/v2\/tags?post=1278"}],"curies":[{"name":"wp","href":"https:\/\/api.w.org\/{rel}","templated":true}]}}