{"id":1258,"date":"2020-04-06T19:16:50","date_gmt":"2020-04-06T17:16:50","guid":{"rendered":"http:\/\/semmelweis.hu\/asszisztaltreprodukcio\/?page_id=1258"},"modified":"2020-04-17T16:27:29","modified_gmt":"2020-04-17T14:27:29","slug":"megtermekenyites","status":"publish","type":"page","link":"https:\/\/semmelweis.hu\/asszisztaltreprodukcio\/embriologia\/megtermekenyites\/","title":{"rendered":"Megterm\u00e9keny\u00edt\u00e9s"},"content":{"rendered":"<p>A <strong>petesejtek megterm\u00e9keny\u00edt\u00e9s\u00e9re<\/strong> 4-6 \u00f3r\u00e1val a petesejtnyer\u00e9s ut\u00e1n ker\u00fcl sor az el\u0151zetesen feldolgozott \u00e9s el\u0151k\u00e9sz\u00edtett saj\u00e1t vagy donor spermamint\u00e1val. Jelenleg k\u00e9t sz\u00e9les k\u00f6rben elterjedt m\u00f3dszer \u00e1ll rendelkez\u00e9s\u00fcnkre: a hagyom\u00e1nyos in vitro fertiliz\u00e1ci\u00f3 (IVF) \u00e9s az intracitoplazmatikus spermium injekt\u00e1l\u00e1s (ICSI).<\/p>\n<h5>Hagyom\u00e1nyos IVF kezel\u00e9s<\/h5>\n<p style=\"text-align: justify\"><img loading=\"lazy\" decoding=\"async\" class=\" wp-image-1435 alignleft\" src=\"https:\/\/semmelweis.hu\/asszisztaltreprodukcio\/files\/2020\/04\/hagy-400x313.jpg\" alt=\"\" width=\"318\" height=\"249\" srcset=\"https:\/\/semmelweis.hu\/asszisztaltreprodukcio\/files\/2020\/04\/hagy-400x313.jpg 400w, https:\/\/semmelweis.hu\/asszisztaltreprodukcio\/files\/2020\/04\/hagy-384x300.jpg 384w, https:\/\/semmelweis.hu\/asszisztaltreprodukcio\/files\/2020\/04\/hagy.jpg 615w\" sizes=\"auto, (max-width: 318px) 100vw, 318px\" \/>Enn\u00e9l a megterm\u00e9keny\u00edt\u00e9si m\u00f3dszern\u00e9l a petesejtekhez hozz\u00e1adjuk az el\u0151k\u00e9sz\u00edtett spermaminta egy r\u00e9sz\u00e9t. Ezt k\u00f6vet\u0151en maga a megterm\u00e9keny\u00fcl\u00e9s az inkub\u00e1torban, mindenf\u00e9le k\u00fcls\u0151 beavatkoz\u00e1s n\u00e9lk\u00fcl, a n\u0151i szervezetben zajl\u00f3 folyamatokhoz hasonl\u00f3an, term\u00e9szetes \u00faton j\u00f6n l\u00e9tre. A folyamatba teh\u00e1t nem avatkozunk be, mind\u00f6ssze biztos\u00edtjuk, hogy a h\u00edmivarsejtek \u00e9s a petesejtek a szervezeten k\u00edv\u00fcl tal\u00e1lkozhassanak. Ezt a m\u00f3dszert akkor alkalmazzuk, ha a spermaminta megfelel\u0151 min\u0151s\u00e9g\u0171, elegend\u0151 j\u00f3l mozg\u00f3 h\u00edmivarsejtet tartalmaz.<\/p>\n<p>&nbsp;<\/p>\n<h5>Intracitoplazmatikus spermium injekt\u00e1l\u00e1s (ICSI)<\/h5>\n<p style=\"text-align: justify\"><img loading=\"lazy\" decoding=\"async\" class=\" wp-image-1266 alignright\" src=\"https:\/\/semmelweis.hu\/asszisztaltreprodukcio\/files\/2020\/04\/icsi-400x313.png\" alt=\"\" width=\"335\" height=\"262\" srcset=\"https:\/\/semmelweis.hu\/asszisztaltreprodukcio\/files\/2020\/04\/icsi-400x313.png 400w, https:\/\/semmelweis.hu\/asszisztaltreprodukcio\/files\/2020\/04\/icsi-384x300.png 384w, https:\/\/semmelweis.hu\/asszisztaltreprodukcio\/files\/2020\/04\/icsi.png 615w\" sizes=\"auto, (max-width: 335px) 100vw, 335px\" \/><\/p>\n<p style=\"text-align: justify\">Az ICSI kezel\u00e9s sor\u00e1n minden egyes petesejtbe mikromanipul\u00e1tor seg\u00edts\u00e9g\u00e9vel egy-egy h\u00edmivarsejtet injekt\u00e1lunk. A m\u00f3dszert els\u0151sorban akkor alkalmazzuk, ha a gyenge min\u0151s\u00e9g\u0171 spermaminta nem alkalmas hagyom\u00e1nyos IVF kezel\u00e9sre. A mikromanipul\u00e1tor egy speci\u00e1lis mikroszk\u00f3pra szerelt k\u00e9sz\u00fcl\u00e9k, amely az emberi k\u00e9z \u00e1ltal elv\u00e9gzett millim\u00e9teres nagys\u00e1grend\u0171 mozdulatokat a petesejt \u00e9s a spermium m\u00e9rettartom\u00e1ny\u00e1ban l\u00e9v\u0151 mikrom\u00e9teres mozdulatokk\u00e1 alak\u00edtja \u00e1t. A beavatkoz\u00e1s el\u0151tt a petesejteket k\u00f6r\u00fclvev\u0151 kumulusz sejteket enzimes kezel\u00e9ssel t\u00e1vol\u00edtjuk el.<\/p>\n<p style=\"text-align: justify\">A mikromanipul\u00e1tor seg\u00edts\u00e9g\u00e9vel egyetlen spermiumot sz\u00edvunk fel egy, a hajsz\u00e1ln\u00e1l is v\u00e9konyabb \u00fcvegt\u0171be, \u00e9s azt fecskendezz\u00fck a petesejt belsej\u00e9be.<\/p>\n<p style=\"text-align: justify\">Csak a megfelel\u0151 \u00e9retts\u00e9gi \u00e1llapot\u00fa petesejtek alkalmasak a megterm\u00e9keny\u00edt\u00e9sre. El\u0151fordulhat, hogy a petesejtek egy r\u00e9sze \u00e9retlen, \u00edgy azokat csak a petesejtnyer\u00e9st k\u00f6vet\u0151 napon tudjuk megterm\u00e9keny\u00edteni, ha el\u00e9rik az \u00e9rett \u00e1llapotot.<\/p>\n<p style=\"text-align: justify\">A megterm\u00e9keny\u00edt\u00e9st k\u00f6vet\u0151en a petesejtek visszaker\u00fclnek az inkub\u00e1torba.<\/p>\n\n<!-- iframe plugin v.4.9 wordpress.org\/plugins\/iframe\/ -->\n<iframe loading=\"lazy\" src=\"\/\/www.youtube.com\/embed\/RA102Q6d454\" width=\"560\" height=\"315\" scrolling=\"yes\" class=\"iframe-class\" frameborder=\"0\"><\/iframe>\n\n<h6>Publik\u00e1ci\u00f3ink a t\u00e9m\u00e1ban<\/h6>\n<ul>\n<li class=\"entry-title mb-1\"><span style=\"font-size: 14pt\"><a href=\"https:\/\/semmelweis.hu\/asszisztaltreprodukcio\/2015\/03\/10\/giant-oocytes-in-human-in-vitro-fertilization-treatments\/\">Giant oocytes in human in vitro fertilization treatments<\/a><\/span><\/li>\n<li class=\"entry-title mb-1\"><span style=\"font-size: 14pt\"><a href=\"https:\/\/semmelweis.hu\/asszisztaltreprodukcio\/2017\/04\/03\/az-intracitoplazmatikus-spermiuminjekcio-icsi-es-hagyomanyos-in-vitro-fertilizacios-ivf-kezelesek-eredmenyeinek-osszehasonlitasa-az-ondominta-minosegenek-fuggvenyeben\/\">Az intracitoplazmatikus spermiuminjekci\u00f3 (ICSI) \u00e9s hagyom\u00e1nyos in vitro fertiliz\u00e1ci\u00f3s (IVF) kezel\u00e9sek eredm\u00e9nyeinek \u2026<\/a><\/span><\/li>\n<\/ul>\n<article class=\"list-format post-1386 post type-post status-publish format-link has-post-thumbnail hentry category-olvashato-publikacioink post_format-post-format-link\">\n<div class=\"row mb-4 mx-0\">\n<div class=\"col-12 mb-2 px-0\">\n<ul>\n<li class=\"entry-title mb-1\"><span style=\"font-size: 14pt\"><a href=\"https:\/\/semmelweis.hu\/asszisztaltreprodukcio\/2020\/04\/07\/importance-of-cytoplasmic-granularity-of-human-oocytes-in-in-vitro-fertilization-treatments\/\">Importance of cytoplasmic granularity of human oocytes in In vitro fertilization treatments<\/a><\/span><\/li>\n<\/ul>\n<\/div>\n<\/div>\n<\/article>\n<p style=\"text-align: justify\">\u00a0<\/p>\n","protected":false},"excerpt":{"rendered":"<p>A petesejtek megterm\u00e9keny\u00edt\u00e9s\u00e9re 4-6 \u00f3r\u00e1val a petesejtnyer\u00e9s ut\u00e1n ker\u00fcl sor az el\u0151zetesen feldolgozott \u00e9s el\u0151k\u00e9sz\u00edtett saj\u00e1t vagy donor spermamint\u00e1val. Jelenleg k\u00e9t sz\u00e9les k\u00f6rben elterjedt m\u00f3dszer \u00e1ll rendelkez\u00e9s\u00fcnkre: a hagyom\u00e1nyos in vitro fertiliz\u00e1ci\u00f3 (IVF) \u00e9s az intracitoplazmatikus spermium injekt\u00e1l\u00e1s (ICSI). Hagyom\u00e1nyos IVF kezel\u00e9s Enn\u00e9l a megterm\u00e9keny\u00edt\u00e9si m\u00f3dszern\u00e9l a petesejtekhez hozz\u00e1adjuk az el\u0151k\u00e9sz\u00edtett spermaminta egy r\u00e9sz\u00e9t. Ezt &hellip;<\/p>\n","protected":false},"author":101727,"featured_media":0,"parent":1254,"menu_order":3,"comment_status":"closed","ping_status":"closed","template":"","meta":{"_acf_changed":false,"footnotes":""},"categories":[],"tags":[],"class_list":["post-1258","page","type-page","status-publish","hentry"],"acf":[],"_links":{"self":[{"href":"https:\/\/semmelweis.hu\/asszisztaltreprodukcio\/wp-json\/wp\/v2\/pages\/1258","targetHints":{"allow":["GET"]}}],"collection":[{"href":"https:\/\/semmelweis.hu\/asszisztaltreprodukcio\/wp-json\/wp\/v2\/pages"}],"about":[{"href":"https:\/\/semmelweis.hu\/asszisztaltreprodukcio\/wp-json\/wp\/v2\/types\/page"}],"author":[{"embeddable":true,"href":"https:\/\/semmelweis.hu\/asszisztaltreprodukcio\/wp-json\/wp\/v2\/users\/101727"}],"replies":[{"embeddable":true,"href":"https:\/\/semmelweis.hu\/asszisztaltreprodukcio\/wp-json\/wp\/v2\/comments?post=1258"}],"version-history":[{"count":10,"href":"https:\/\/semmelweis.hu\/asszisztaltreprodukcio\/wp-json\/wp\/v2\/pages\/1258\/revisions"}],"predecessor-version":[{"id":1609,"href":"https:\/\/semmelweis.hu\/asszisztaltreprodukcio\/wp-json\/wp\/v2\/pages\/1258\/revisions\/1609"}],"up":[{"embeddable":true,"href":"https:\/\/semmelweis.hu\/asszisztaltreprodukcio\/wp-json\/wp\/v2\/pages\/1254"}],"wp:attachment":[{"href":"https:\/\/semmelweis.hu\/asszisztaltreprodukcio\/wp-json\/wp\/v2\/media?parent=1258"}],"wp:term":[{"taxonomy":"category","embeddable":true,"href":"https:\/\/semmelweis.hu\/asszisztaltreprodukcio\/wp-json\/wp\/v2\/categories?post=1258"},{"taxonomy":"post_tag","embeddable":true,"href":"https:\/\/semmelweis.hu\/asszisztaltreprodukcio\/wp-json\/wp\/v2\/tags?post=1258"}],"curies":[{"name":"wp","href":"https:\/\/api.w.org\/{rel}","templated":true}]}}