{"id":1256,"date":"2020-04-06T18:28:25","date_gmt":"2020-04-06T16:28:25","guid":{"rendered":"http:\/\/semmelweis.hu\/asszisztaltreprodukcio\/?page_id=1256"},"modified":"2020-04-14T10:49:46","modified_gmt":"2020-04-14T08:49:46","slug":"petesejtnyeres","status":"publish","type":"page","link":"https:\/\/semmelweis.hu\/asszisztaltreprodukcio\/embriologia\/petesejtnyeres\/","title":{"rendered":"Petesejt keres\u00e9s"},"content":{"rendered":"<h5>0. nap<\/h5>\n<p style=\"text-align: justify\">A petesejtnyer\u00e9s sor\u00e1n a m\u0171t\u0151ben lesz\u00edv\u00e1sra ker\u00fcl\u0151 t\u00fcsz\u0151folyad\u00e9k az Embriol\u00f3gia Laborat\u00f3riumba ker\u00fcl, ahol r\u00f6gt\u00f6n megkezd\u0151dik a <strong>petesejtek keres\u00e9se.<\/strong> A petesejteket ilyenkor un. kumulusz sejtek veszik k\u00f6r\u00fcl, melyeknek fontos szerepe van a petesejtek \u00e9r\u00e9s\u00e9ben \u00e9s a megterm\u00e9keny\u00fcl\u00e9sben. A nyert petesejteket tiszta t\u00e1poldatba helyezz\u00fck \u00e1t, majdbeker\u00fclnek az inkub\u00e1torba.<\/p>\n<figure id=\"attachment_1419\" aria-describedby=\"caption-attachment-1419\" style=\"width: 533px\" class=\"wp-caption aligncenter\"><img loading=\"lazy\" decoding=\"async\" class=\"wp-image-1419 \" src=\"https:\/\/semmelweis.hu\/asszisztaltreprodukcio\/files\/2020\/04\/ps-400x190.jpg\" alt=\"\" width=\"533\" height=\"253\" srcset=\"https:\/\/semmelweis.hu\/asszisztaltreprodukcio\/files\/2020\/04\/ps-400x190.jpg 400w, https:\/\/semmelweis.hu\/asszisztaltreprodukcio\/files\/2020\/04\/ps.jpg 474w\" sizes=\"auto, (max-width: 533px) 100vw, 533px\" \/><figcaption id=\"caption-attachment-1419\" class=\"wp-caption-text\">Els\u0151 k\u00e9p: A petesejt, \u00e9s az azt k\u00f6r\u00fclvev\u0151 granul\u00f3za sejtek halmaza (cumulus oophorus) M\u00e1sodik k\u00e9p: a petesejt \u00e9s kumulusz sejtek \u00f6sszes\u00e9ge k\u00f6zelebbr\u0151l<\/figcaption><\/figure>\n<p>&nbsp;<\/p>\n<p style=\"text-align: justify\">Az inkub\u00e1tor \u00e9s a speci\u00e1lis embri\u00f3 teny\u00e9szt\u0151 t\u00e1poldat egy\u00fcttesen biztos\u00edtja mindazokat a k\u00fcls\u0151 t\u00e9nyez\u0151ket (t\u00e1panyagok, h\u0151m\u00e9rs\u00e9klet, stb), amelyek a n\u0151i szervezeten bel\u00fcl k\u00f6r\u00fclveszik a petesejteket \u00e9s az embri\u00f3kat, \u00e9s amelyekre a megterm\u00e9keny\u00fcl\u00e9shez \u00e9s a norm\u00e1lis fejl\u0151d\u00e9shez sz\u00fcks\u00e9g\u00fck van. Oszt\u00e1lyunkon a petesejtek \u00e9s embri\u00f3k a leg\u00fajabb fejleszt\u00e9s\u0171, egyedi inkub\u00e1ci\u00f3s kamr\u00e1kkal ell\u00e1tott inkub\u00e1torban ker\u00fclnek elhelyez\u00e9sre, mely a lehet\u0151 legstabilabban tudja biztos\u00edtani a sz\u00fcks\u00e9ges k\u00f6r\u00fclm\u00e9nyeket\u00a0<\/p>\n<p style=\"text-align: justify\">A petesejtnyer\u00e9st k\u00f6vet\u0151en a petesejtek kb. 4-6 \u00f3r\u00e1n \u00e1t tart\u00f3 <strong>el\u0151\u00e9rlel\u00e9s<\/strong>e k\u00f6vetkezik. Ez biztos\u00edtja azt, hogy a megterm\u00e9keny\u00edt\u00e9s idej\u00e9re a lehet\u0151 legt\u00f6bb petesejt a megfelel\u0151, \u00e9rett \u00e1llapotba ker\u00fclj\u00f6n.<\/p>\n<figure id=\"attachment_1426\" aria-describedby=\"caption-attachment-1426\" style=\"width: 285px\" class=\"wp-caption aligncenter\"><img loading=\"lazy\" decoding=\"async\" class=\"wp-image-1426\" src=\"https:\/\/semmelweis.hu\/asszisztaltreprodukcio\/files\/2020\/04\/ps-sz\u00e9p.jpg\" alt=\"\" width=\"285\" height=\"284\" srcset=\"https:\/\/semmelweis.hu\/asszisztaltreprodukcio\/files\/2020\/04\/ps-sz\u00e9p.jpg 227w, https:\/\/semmelweis.hu\/asszisztaltreprodukcio\/files\/2020\/04\/ps-sz\u00e9p-150x150.jpg 150w, https:\/\/semmelweis.hu\/asszisztaltreprodukcio\/files\/2020\/04\/ps-sz\u00e9p-144x144.jpg 144w\" sizes=\"auto, (max-width: 285px) 100vw, 285px\" \/><figcaption id=\"caption-attachment-1426\" class=\"wp-caption-text\">\u00c9rett petesejt IVF-ICSI el\u0151tt<\/figcaption><\/figure>\n<p style=\"text-align: justify\">Ez id\u0151 alatt zajlik a <strong>spermaminta vizsg\u00e1lata \u00e9s feldolgoz\u00e1sa<\/strong>. A vizsg\u00e1lat sor\u00e1n meghat\u00e1rozzunk az ond\u00f3mint\u00e1ban l\u00e9v\u0151 spermiumok sz\u00e1m\u00e1t valamint mozg\u00e9konys\u00e1g\u00e1t. A feldolgoz\u00e1s sor\u00e1n \u00f6sszegy\u0171jtj\u00fck a mint\u00e1b\u00f3l a j\u00f3l mozg\u00f3 spermiumokat, amelyeket majd a petesejtek megterm\u00e9keny\u00edt\u00e9s\u00e9hez haszn\u00e1lunk fel.<\/p>\n","protected":false},"excerpt":{"rendered":"<p>0. nap A petesejtnyer\u00e9s sor\u00e1n a m\u0171t\u0151ben lesz\u00edv\u00e1sra ker\u00fcl\u0151 t\u00fcsz\u0151folyad\u00e9k az Embriol\u00f3gia Laborat\u00f3riumba ker\u00fcl, ahol r\u00f6gt\u00f6n megkezd\u0151dik a petesejtek keres\u00e9se. A petesejteket ilyenkor un. kumulusz sejtek veszik k\u00f6r\u00fcl, melyeknek fontos szerepe van a petesejtek \u00e9r\u00e9s\u00e9ben \u00e9s a megterm\u00e9keny\u00fcl\u00e9sben. A nyert petesejteket tiszta t\u00e1poldatba helyezz\u00fck \u00e1t, majdbeker\u00fclnek az inkub\u00e1torba. &nbsp; Az inkub\u00e1tor \u00e9s a speci\u00e1lis embri\u00f3 &hellip;<\/p>\n","protected":false},"author":101727,"featured_media":0,"parent":1254,"menu_order":2,"comment_status":"closed","ping_status":"closed","template":"","meta":{"_acf_changed":false,"footnotes":""},"categories":[],"tags":[],"class_list":["post-1256","page","type-page","status-publish","hentry"],"acf":[],"_links":{"self":[{"href":"https:\/\/semmelweis.hu\/asszisztaltreprodukcio\/wp-json\/wp\/v2\/pages\/1256","targetHints":{"allow":["GET"]}}],"collection":[{"href":"https:\/\/semmelweis.hu\/asszisztaltreprodukcio\/wp-json\/wp\/v2\/pages"}],"about":[{"href":"https:\/\/semmelweis.hu\/asszisztaltreprodukcio\/wp-json\/wp\/v2\/types\/page"}],"author":[{"embeddable":true,"href":"https:\/\/semmelweis.hu\/asszisztaltreprodukcio\/wp-json\/wp\/v2\/users\/101727"}],"replies":[{"embeddable":true,"href":"https:\/\/semmelweis.hu\/asszisztaltreprodukcio\/wp-json\/wp\/v2\/comments?post=1256"}],"version-history":[{"count":9,"href":"https:\/\/semmelweis.hu\/asszisztaltreprodukcio\/wp-json\/wp\/v2\/pages\/1256\/revisions"}],"predecessor-version":[{"id":1485,"href":"https:\/\/semmelweis.hu\/asszisztaltreprodukcio\/wp-json\/wp\/v2\/pages\/1256\/revisions\/1485"}],"up":[{"embeddable":true,"href":"https:\/\/semmelweis.hu\/asszisztaltreprodukcio\/wp-json\/wp\/v2\/pages\/1254"}],"wp:attachment":[{"href":"https:\/\/semmelweis.hu\/asszisztaltreprodukcio\/wp-json\/wp\/v2\/media?parent=1256"}],"wp:term":[{"taxonomy":"category","embeddable":true,"href":"https:\/\/semmelweis.hu\/asszisztaltreprodukcio\/wp-json\/wp\/v2\/categories?post=1256"},{"taxonomy":"post_tag","embeddable":true,"href":"https:\/\/semmelweis.hu\/asszisztaltreprodukcio\/wp-json\/wp\/v2\/tags?post=1256"}],"curies":[{"name":"wp","href":"https:\/\/api.w.org\/{rel}","templated":true}]}}