{"id":1232,"date":"2020-04-06T11:16:03","date_gmt":"2020-04-06T09:16:03","guid":{"rendered":"http:\/\/semmelweis.hu\/asszisztaltreprodukcio\/?page_id=1232"},"modified":"2020-04-07T11:19:37","modified_gmt":"2020-04-07T09:19:37","slug":"klinikai-embriologia","status":"publish","type":"page","link":"https:\/\/semmelweis.hu\/asszisztaltreprodukcio\/oktatas\/egyetemi-oktatas\/tavaszi-felev-oktatasi-anyagai\/klinikai-embriologia\/","title":{"rendered":"Klinikai Embriol\u00f3gia"},"content":{"rendered":"<h5 style=\"text-align: center\">Tematika a Klinikai Embriol\u00f3gia szabadon v\u00e1laszthat\u00f3 t\u00e1rgyhoz<\/h5>\n<p style=\"text-align: justify\"><strong>1.Bevezet\u00e9s a klinikai embriol\u00f3gia t\u00e9mak\u00f6r\u00e9be<\/strong> (<em>Urbancsek J\u00e1nos, Fancsovits P\u00e9ter<\/em>)<br \/>\nGametogenezis, sejtoszt\u00f3d\u00e1s, megterm\u00e9keny\u00fcl\u00e9s folyamata, a sejtbiol\u00f3giai \u00e9s \u00e9lettani alapok \u00e1ttekint\u00e9se (<em style=\"font-size: 1rem\">Nagy N\u00e1ndor;<\/em> <em style=\"font-size: 1rem\">Semmelweis Egyetem,Anat\u00f3miai, Sz\u00f6vet- \u00e9s Fejl\u0151d\u00e9stani Int\u00e9zet<\/em><span style=\"font-size: 1rem\">)<\/span><\/p>\n<p style=\"text-align: justify\"><strong><span style=\"font-size: 1rem\">2. Ivarsejtek<\/span><\/strong><span style=\"font-size: 1rem\"><strong>\u00a0gy\u0171jt\u00e9se \u00e9s kezel\u00e9se<\/strong> (<\/span><em style=\"font-size: 1rem\">Fancsovits P\u00e9ter<\/em><span style=\"font-size: 1rem\">)<\/span><br \/>\nPetesejtnyer\u00e9s, petesejtek azonos\u00edt\u00e1sa \u00e9s \u00e9rlel\u00e9se, petesejtek min\u0151s\u00e9g\u00e9nek vizsg\u00e1lata<br \/>\nA spermaminta vizsg\u00e1lata \u00e9s feldolgoz\u00e1sa<\/p>\n<p style=\"text-align: justify\"><strong>3. A szervezeten k\u00edv\u00fcli megterm\u00e9keny\u00edt\u00e9s laborat\u00f3riumi m\u00f3dszerei<\/strong> (<em style=\"font-size: 1rem\">Fancsovits P\u00e9ter<\/em><span style=\"font-size: 1rem\">)<br \/>\n<\/span>Hagyom\u00e1nyos in vitro fertiliz\u00e1ci\u00f3 (IVF), intracitoplazmatikus spermium injekt\u00e1l\u00e1s (ICSI), heresz\u00f6vetb\u0151l nyert spermiummal v\u00e9gzett megterm\u00e9keny\u00edt\u00e9s (TESE); a mikromanipul\u00e1tor szerepe a klinikai embriol\u00f3giai gyakorlatban<br \/>\nA megterm\u00e9keny\u00fcl\u00e9s elb\u00edr\u00e1l\u00e1sa<\/p>\n<p style=\"text-align: justify\"><strong>4. Embri\u00f3teny\u00e9szt\u00e9s, az oszt\u00f3d\u00f3 embri\u00f3k \u00e9letk\u00e9pess\u00e9g\u00e9nek meg\u00edt\u00e9l\u00e9se, a be\u00fcltet\u00e9sre ker\u00fcl\u0151 embri\u00f3k kiv\u00e1laszt\u00e1sa<\/strong> (<em>Fancsovits P\u00e9ter<\/em>)<br \/>\nMin\u0151s\u00e9gbiztos\u00edt\u00e1s az embriol\u00f3giai laborat\u00f3riumban, a laborat\u00f3riumi munka eredm\u00e9nyess\u00e9g\u00e9nek meg\u00edt\u00e9l\u00e9se<br \/>\nDonor ivarsejtek felhaszn\u00e1l\u00e1sa<\/p>\n<p style=\"text-align: justify\"><strong>5. Ivarsejtek \u00e9s embri\u00f3k krioprezerv\u00e1ci\u00f3ja<\/strong> (<em>Fancsovits P\u00e9ter<\/em>)<br \/>\nH\u00edmivarsejtek, petesejtek fagyaszt\u00e1sa; embri\u00f3fagyaszt\u00e1s<br \/>\nA term\u00e9kenys\u00e9g meg\u0151rz\u00e9s\u00e9nek laborat\u00f3riumi lehet\u0151s\u00e9gei daganatos betegs\u00e9gek kezel\u00e9se sor\u00e1n<br \/>\nPreimplant\u00e1ci\u00f3s genetikai vizsg\u00e1latok<br \/>\nA klinikai embriol\u00f3gia etikai vonatkoz\u00e1sai<\/p>\n","protected":false},"excerpt":{"rendered":"<p>Tematika a Klinikai Embriol\u00f3gia szabadon v\u00e1laszthat\u00f3 t\u00e1rgyhoz 1.Bevezet\u00e9s a klinikai embriol\u00f3gia t\u00e9mak\u00f6r\u00e9be (Urbancsek J\u00e1nos, Fancsovits P\u00e9ter) Gametogenezis, sejtoszt\u00f3d\u00e1s, megterm\u00e9keny\u00fcl\u00e9s folyamata, a sejtbiol\u00f3giai \u00e9s \u00e9lettani alapok \u00e1ttekint\u00e9se (Nagy N\u00e1ndor; Semmelweis Egyetem,Anat\u00f3miai, Sz\u00f6vet- \u00e9s Fejl\u0151d\u00e9stani Int\u00e9zet) 2. Ivarsejtek\u00a0gy\u0171jt\u00e9se \u00e9s kezel\u00e9se (Fancsovits P\u00e9ter) Petesejtnyer\u00e9s, petesejtek azonos\u00edt\u00e1sa \u00e9s \u00e9rlel\u00e9se, petesejtek min\u0151s\u00e9g\u00e9nek vizsg\u00e1lata A spermaminta vizsg\u00e1lata \u00e9s feldolgoz\u00e1sa 3. A &hellip;<\/p>\n","protected":false},"author":101727,"featured_media":0,"parent":1074,"menu_order":2,"comment_status":"closed","ping_status":"closed","template":"","meta":{"_acf_changed":false,"footnotes":""},"categories":[],"tags":[],"class_list":["post-1232","page","type-page","status-publish","hentry"],"acf":[],"_links":{"self":[{"href":"https:\/\/semmelweis.hu\/asszisztaltreprodukcio\/wp-json\/wp\/v2\/pages\/1232","targetHints":{"allow":["GET"]}}],"collection":[{"href":"https:\/\/semmelweis.hu\/asszisztaltreprodukcio\/wp-json\/wp\/v2\/pages"}],"about":[{"href":"https:\/\/semmelweis.hu\/asszisztaltreprodukcio\/wp-json\/wp\/v2\/types\/page"}],"author":[{"embeddable":true,"href":"https:\/\/semmelweis.hu\/asszisztaltreprodukcio\/wp-json\/wp\/v2\/users\/101727"}],"replies":[{"embeddable":true,"href":"https:\/\/semmelweis.hu\/asszisztaltreprodukcio\/wp-json\/wp\/v2\/comments?post=1232"}],"version-history":[{"count":5,"href":"https:\/\/semmelweis.hu\/asszisztaltreprodukcio\/wp-json\/wp\/v2\/pages\/1232\/revisions"}],"predecessor-version":[{"id":1403,"href":"https:\/\/semmelweis.hu\/asszisztaltreprodukcio\/wp-json\/wp\/v2\/pages\/1232\/revisions\/1403"}],"up":[{"embeddable":true,"href":"https:\/\/semmelweis.hu\/asszisztaltreprodukcio\/wp-json\/wp\/v2\/pages\/1074"}],"wp:attachment":[{"href":"https:\/\/semmelweis.hu\/asszisztaltreprodukcio\/wp-json\/wp\/v2\/media?parent=1232"}],"wp:term":[{"taxonomy":"category","embeddable":true,"href":"https:\/\/semmelweis.hu\/asszisztaltreprodukcio\/wp-json\/wp\/v2\/categories?post=1232"},{"taxonomy":"post_tag","embeddable":true,"href":"https:\/\/semmelweis.hu\/asszisztaltreprodukcio\/wp-json\/wp\/v2\/tags?post=1232"}],"curies":[{"name":"wp","href":"https:\/\/api.w.org\/{rel}","templated":true}]}}