{"id":1206,"date":"2020-04-04T10:14:56","date_gmt":"2020-04-04T08:14:56","guid":{"rendered":"http:\/\/semmelweis.hu\/asszisztaltreprodukcio\/?page_id=1206"},"modified":"2022-02-14T09:50:36","modified_gmt":"2022-02-14T08:50:36","slug":"asszisztalt-reprodukcio-es-nogyogyaszati-endokrinologia-ii","status":"publish","type":"page","link":"https:\/\/semmelweis.hu\/asszisztaltreprodukcio\/oktatas\/egyetemi-oktatas\/tavaszi-felev-oktatasi-anyagai\/asszisztalt-reprodukcio-es-nogyogyaszati-endokrinologia-ii\/","title":{"rendered":"Assziszt\u00e1lt reprodukci\u00f3 \u00e9s n\u0151gy\u00f3gy\u00e1szati endokrinol\u00f3gia"},"content":{"rendered":"<h5 style=\"text-align: center\">Az &#8222;Assziszt\u00e1lt reprodukci\u00f3 \u00e9s n\u0151gy\u00f3gy\u00e1szati endokrinol\u00f3gia&#8221; c\u00edm\u00fc k\u00f6telez\u0151en v\u00e1laszthat\u00f3 t\u00e1rgy tematik\u00e1ja a 2020\/2021 tan\u00e9v II. f\u00e9l\u00e9v\u00e9ben<\/h5>\n<h6 style=\"text-align: center\">Tant\u00e1rgyi felel\u0151s: Prof. Dr. Urbancsek J\u00e1nos<\/h6>\n<table class=\" aligncenter\" style=\"border-collapse: collapse;width: 80.4361%;height: 251px\">\n<tbody>\n<tr style=\"height: 53px\">\n<td style=\"width: 19.0737%;height: 53px\">\n<p><a href=\"https:\/\/semmelweis.hu\/asszisztaltreprodukcio\/files\/2020\/04\/A-nemi-differenci\u00e1l\u00f3d\u00e1s-zavarai-Dr.-\u00c1d\u00e1m.pdf\" target=\"_blank\" rel=\"noopener noreferrer\">A nemi differenci\u00e1l\u00f3d\u00e1s \u00e9s zavarai<\/a><\/p>\n<\/td>\n<td style=\"width: 13.4009%;height: 53px;text-align: left\">Dr. \u00c1d\u00e1m Zsolt\u00a0<\/td>\n<td style=\"width: 20.0341%;height: 53px\">2022. febru\u00e1r 1.<\/td>\n<\/tr>\n<tr style=\"height: 33px\">\n<td style=\"width: 19.0737%;height: 33px\"><a href=\"https:\/\/semmelweis.hu\/asszisztaltreprodukcio\/files\/2020\/04\/Gyermekn\u0151gy\u00f3gy\u00e1szati-endokrinol\u00f3gia-Kov\u00e1cs-Eszter-pdf.pdf\" target=\"_blank\" rel=\"noopener noreferrer\">Gyermek \u00e9s pubert\u00e1skori n\u0151gy\u00f3gy\u00e1szat\u00a0<\/a><\/td>\n<td style=\"width: 13.4009%;height: 33px\">Dr. Balogh S\u00e1ra<\/td>\n<td style=\"width: 20.0341%;height: 33px\">2022. febru\u00e1r 15.<\/td>\n<\/tr>\n<tr style=\"height: 33px\">\n<td style=\"width: 19.0737%;height: 33px\"><a href=\"https:\/\/semmelweis.hu\/asszisztaltreprodukcio\/files\/2020\/04\/Endometri\u00f3zis-PDF-Dr.-Bokor.pdf\" target=\"_blank\" rel=\"noopener noreferrer\">Endometri\u00f3zis<\/a><\/td>\n<td style=\"width: 13.4009%;height: 33px\">Dr. Brubel R\u00e9ka<\/td>\n<td style=\"width: 20.0341%;height: 33px\">2022. m\u00e1rcius 1.<\/td>\n<\/tr>\n<tr style=\"height: 33px\">\n<td style=\"width: 19.0737%;height: 33px\"><a href=\"https:\/\/semmelweis.hu\/asszisztaltreprodukcio\/files\/2020\/04\/Hormontermel\u0151-petef\u00e9szekdaganatok-pdf.pdf\" target=\"_blank\" rel=\"noopener noreferrer\">A n\u0151i nemi szervek hormontermel\u0151 daganatai<\/a><\/td>\n<td style=\"width: 13.4009%;height: 33px\">Dr. Demeter Attila<\/td>\n<td style=\"width: 20.0341%;height: 33px\">2022. m\u00e1rcius 22.<\/td>\n<\/tr>\n<tr style=\"height: 33px\">\n<td style=\"width: 19.0737%;height: 33px\"><a href=\"https:\/\/semmelweis.hu\/asszisztaltreprodukcio\/files\/2020\/04\/Menopauza-pdf.pdf\" target=\"_blank\" rel=\"noopener noreferrer\">A klimakt\u00e9rium endokrinol\u00f3gi\u00e1ja\u00a0 <\/a><\/td>\n<td style=\"width: 13.4009%;height: 33px\">Dr. Magyar Zolt\u00e1n<\/td>\n<td style=\"width: 20.0341%;height: 33px\">2022. m\u00e1rcius 29.<\/td>\n<\/tr>\n<tr style=\"height: 33px\">\n<td style=\"width: 19.0737%;height: 33px\"><a href=\"https:\/\/semmelweis.hu\/asszisztaltreprodukcio\/files\/2020\/04\/Fogamz\u00e1sg\u00e1tl\u00e1s.pdf\" target=\"_blank\" rel=\"noopener noreferrer\">Hormon\u00e1lis fogamz\u00e1sg\u00e1tl\u00e1s<\/a><\/td>\n<td style=\"width: 13.4009%;height: 33px\">Dr. Garamv\u00f6lgyi Zolt\u00e1n<\/td>\n<td style=\"width: 20.0341%;height: 33px\">2022. \u00e1prilis 26.<\/td>\n<\/tr>\n<tr style=\"height: 33px\">\n<td style=\"width: 19.0737%;height: 33px;text-align: left\"><strong>Z\u00e1rthelyi:\u00a0<\/strong><\/td>\n<td style=\"width: 13.4009%;height: 33px\">\u00a0<\/td>\n<td style=\"width: 20.0341%;height: 33px\"><strong>2022. m\u00e1jus 10.<\/strong><\/td>\n<\/tr>\n<\/tbody>\n<\/table>\n<p>&nbsp;<\/p>\n<p>&nbsp;<\/p>\n<p>&nbsp;<\/p>\n<p>&nbsp;<\/p>\n<p>&nbsp;<\/p>\n<p style=\"text-align: left\">\u00a0<\/p>\n<p><strong>Tank\u00f6nyv:<\/strong> \u00a0\u00a0\u00a0\u00a0\u00a0\u00a0 <a href=\"https:\/\/semmelweis.hu\/asszisztaltreprodukcio\/files\/2020\/04\/BOOK.pdf\">Dr. Urbancsek J\u00e1nos &#8211; Dr. Papp Zolt\u00e1n: N\u0151gy\u00f3gy\u00e1szati endokrinol\u00f3gia, Springer Hungarica, 1997.<\/a><\/p>\n","protected":false},"excerpt":{"rendered":"<p>Az &#8222;Assziszt\u00e1lt reprodukci\u00f3 \u00e9s n\u0151gy\u00f3gy\u00e1szati endokrinol\u00f3gia&#8221; c\u00edm\u00fc k\u00f6telez\u0151en v\u00e1laszthat\u00f3 t\u00e1rgy tematik\u00e1ja a 2020\/2021 tan\u00e9v II. f\u00e9l\u00e9v\u00e9ben Tant\u00e1rgyi felel\u0151s: Prof. Dr. Urbancsek J\u00e1nos <a href=\"https:\/\/semmelweis.hu\/asszisztaltreprodukcio\/files\/2020\/04\/A-nemi-differenci\u00e1l\u00f3d\u00e1s-zavarai-Dr.-\u00c1d\u00e1m.pdf\" target=\"_blank\" rel=\"noopener noreferrer\">A nemi differenci\u00e1l\u00f3d\u00e1s \u00e9s zavarai<\/a> Dr. \u00c1d\u00e1m Zsolt\u00a0 2022. febru\u00e1r 1. <a href=\"https:\/\/semmelweis.hu\/asszisztaltreprodukcio\/files\/2020\/04\/Gyermekn\u0151gy\u00f3gy\u00e1szati-endokrinol\u00f3gia-Kov\u00e1cs-Eszter-pdf.pdf\" target=\"_blank\" rel=\"noopener noreferrer\">Gyermek \u00e9s pubert\u00e1skori n\u0151gy\u00f3gy\u00e1szat\u00a0<\/a> Dr. Balogh S\u00e1ra 2022. febru\u00e1r 15. <a href=\"https:\/\/semmelweis.hu\/asszisztaltreprodukcio\/files\/2020\/04\/Endometri\u00f3zis-PDF-Dr.-Bokor.pdf\" target=\"_blank\" rel=\"noopener noreferrer\">Endometri\u00f3zis<\/a> Dr. Brubel R\u00e9ka 2022. m\u00e1rcius 1. <a href=\"https:\/\/semmelweis.hu\/asszisztaltreprodukcio\/files\/2020\/04\/Hormontermel\u0151-petef\u00e9szekdaganatok-pdf.pdf\" target=\"_blank\" rel=\"noopener noreferrer\">A n\u0151i nemi szervek hormontermel\u0151 daganatai<\/a> Dr. Demeter Attila 2022. m\u00e1rcius 22. <a href=\"https:\/\/semmelweis.hu\/asszisztaltreprodukcio\/files\/2020\/04\/Menopauza-pdf.pdf\" target=\"_blank\" rel=\"noopener noreferrer\">A klimakt\u00e9rium endokrinol\u00f3gi\u00e1ja\u00a0 <\/a> Dr. Magyar Zolt\u00e1n 2022. m\u00e1rcius 29. <a href=\"https:\/\/semmelweis.hu\/asszisztaltreprodukcio\/files\/2020\/04\/Fogamz\u00e1sg\u00e1tl\u00e1s.pdf\" target=\"_blank\" rel=\"noopener noreferrer\">Hormon\u00e1lis fogamz\u00e1sg\u00e1tl\u00e1s<\/a> Dr. Garamv\u00f6lgyi Zolt\u00e1n &hellip;<\/p>\n","protected":false},"author":101727,"featured_media":0,"parent":1074,"menu_order":1,"comment_status":"closed","ping_status":"closed","template":"","meta":{"_acf_changed":false,"footnotes":""},"categories":[],"tags":[],"class_list":["post-1206","page","type-page","status-publish","hentry"],"acf":[],"_links":{"self":[{"href":"https:\/\/semmelweis.hu\/asszisztaltreprodukcio\/wp-json\/wp\/v2\/pages\/1206","targetHints":{"allow":["GET"]}}],"collection":[{"href":"https:\/\/semmelweis.hu\/asszisztaltreprodukcio\/wp-json\/wp\/v2\/pages"}],"about":[{"href":"https:\/\/semmelweis.hu\/asszisztaltreprodukcio\/wp-json\/wp\/v2\/types\/page"}],"author":[{"embeddable":true,"href":"https:\/\/semmelweis.hu\/asszisztaltreprodukcio\/wp-json\/wp\/v2\/users\/101727"}],"replies":[{"embeddable":true,"href":"https:\/\/semmelweis.hu\/asszisztaltreprodukcio\/wp-json\/wp\/v2\/comments?post=1206"}],"version-history":[{"count":10,"href":"https:\/\/semmelweis.hu\/asszisztaltreprodukcio\/wp-json\/wp\/v2\/pages\/1206\/revisions"}],"predecessor-version":[{"id":2290,"href":"https:\/\/semmelweis.hu\/asszisztaltreprodukcio\/wp-json\/wp\/v2\/pages\/1206\/revisions\/2290"}],"up":[{"embeddable":true,"href":"https:\/\/semmelweis.hu\/asszisztaltreprodukcio\/wp-json\/wp\/v2\/pages\/1074"}],"wp:attachment":[{"href":"https:\/\/semmelweis.hu\/asszisztaltreprodukcio\/wp-json\/wp\/v2\/media?parent=1206"}],"wp:term":[{"taxonomy":"category","embeddable":true,"href":"https:\/\/semmelweis.hu\/asszisztaltreprodukcio\/wp-json\/wp\/v2\/categories?post=1206"},{"taxonomy":"post_tag","embeddable":true,"href":"https:\/\/semmelweis.hu\/asszisztaltreprodukcio\/wp-json\/wp\/v2\/tags?post=1206"}],"curies":[{"name":"wp","href":"https:\/\/api.w.org\/{rel}","templated":true}]}}