{"id":1110,"date":"2020-04-02T14:18:18","date_gmt":"2020-04-02T12:18:18","guid":{"rendered":"http:\/\/semmelweis.hu\/asszisztaltreprodukcio\/?page_id=1110"},"modified":"2020-04-22T15:22:35","modified_gmt":"2020-04-22T13:22:35","slug":"fagyasztott-embrio-beultetese","status":"publish","type":"page","link":"https:\/\/semmelweis.hu\/asszisztaltreprodukcio\/pacienseknek\/asszisztalt-reprodukcios-eljarasok-2\/fagyasztott-embrio-beultetese\/","title":{"rendered":"Fagyasztott embri\u00f3 be\u00fcltet\u00e9se (Kryo-ET)"},"content":{"rendered":"<h3>Fagyasztott embri\u00f3 be\u00fcltet\u00e9se (Kryo-ET):<\/h3>\n<p style=\"text-align: justify\">A friss embri\u00f3be\u00fcltet\u00e9s ut\u00e1n esetleg megmaradt, be\u00fcltet\u00e9sre nem ker\u00fclt, \u00fagynevezett \u00a0\u201esz\u00e1m feletti\u201d, azonban \u00e9letk\u00e9pes embri\u00f3(ka)t -betegeink k\u00e9r\u00e9s\u00e9re- fagyasztva t\u00e1rolhatjuk. A kezel\u00e9s l\u00e9nyege a petef\u00e9szkek nyugalomba helyez\u00e9se, majd a m\u00e9hny\u00e1lkah\u00e1rtya fel\u00e9p\u00edt\u00e9se, el\u0151k\u00e9sz\u00edt\u00e9se a felolvasztott embri\u00f3(k) befogad\u00e1s\u00e1ra.<\/p>\n<p style=\"text-align: justify\">Beteg\u00fcnk a menstru\u00e1ci\u00f3s ciklus 20. napj\u00e1t\u00f3l injekci\u00f3s kezel\u00e9sben r\u00e9szes\u00fcl, a fentebb eml\u00edtett \u201e<a href=\"https:\/\/semmelweis.hu\/asszisztaltreprodukcio\/pacienseknek\/asszisztalt-reprodukcios-eljarasok-2\/in-vitro-fertilizacio-ivf\/stimulacio\/\">hossz\u00fa protokoll<\/a>\u201d els\u0151 l\u00e9p\u00e9s\u00e9nek megfelel\u0151en. A legal\u00e1bb 10 napos injekci\u00f3k\u00far\u00e1t k\u00f6vet\u0151en v\u00e9rv\u00e9tel \u00fatj\u00e1n kapott hormoneredm\u00e9ny birtok\u00e1ban ind\u00edtjuk a m\u00e9h ny\u00e1lkah\u00e1rty\u00e1j\u00e1nak fel\u00e9p\u00edt\u00e9s\u00e9t.<\/p>\n<p style=\"text-align: justify\">\u00d6sztrog\u00e9n \u00e9s progeszteron k\u00e9sz\u00edtm\u00e9nyeket alkalmazunk sz\u00e1jon \u00e1t szedve, illetve h\u00fcvelyben alkalmazhat\u00f3 tabletta form\u00e1j\u00e1ban. A kezel\u00e9s k\u00f6zben hormon \u00e9s ultrahang vizsg\u00e1lattal ellen\u0151rizz\u00fck a m\u00e9hny\u00e1lkah\u00e1rtya vastags\u00e1g\u00e1t \u00e9s megfelel\u0151 eredm\u00e9ny el\u00e9r\u00e9s\u00e9t k\u00f6vet\u0151en hat\u00e1rozzuk meg a fagyasztva t\u00e1rolt embri\u00f3k felolvaszt\u00e1s\u00e1nak illetve be\u00fcltet\u00e9s\u00e9nek id\u0151pontj\u00e1t.<\/p>\n<figure id=\"attachment_1654\" aria-describedby=\"caption-attachment-1654\" style=\"width: 774px\" class=\"wp-caption aligncenter\"><img loading=\"lazy\" decoding=\"async\" class=\"wp-image-1654\" src=\"https:\/\/semmelweis.hu\/asszisztaltreprodukcio\/files\/2020\/04\/krio-400x274.jpg\" alt=\"\" width=\"774\" height=\"530\" srcset=\"https:\/\/semmelweis.hu\/asszisztaltreprodukcio\/files\/2020\/04\/krio-400x274.jpg 400w, https:\/\/semmelweis.hu\/asszisztaltreprodukcio\/files\/2020\/04\/krio-1024x703.jpg 1024w, https:\/\/semmelweis.hu\/asszisztaltreprodukcio\/files\/2020\/04\/krio-768x527.jpg 768w, https:\/\/semmelweis.hu\/asszisztaltreprodukcio\/files\/2020\/04\/krio-437x300.jpg 437w, https:\/\/semmelweis.hu\/asszisztaltreprodukcio\/files\/2020\/04\/krio-175x120.jpg 175w, https:\/\/semmelweis.hu\/asszisztaltreprodukcio\/files\/2020\/04\/krio-753x517.jpg 753w, https:\/\/semmelweis.hu\/asszisztaltreprodukcio\/files\/2020\/04\/krio.jpg 1306w\" sizes=\"auto, (max-width: 774px) 100vw, 774px\" \/><figcaption id=\"caption-attachment-1654\" class=\"wp-caption-text\">Fagyasztott embri\u00f3 be\u00fcltet\u00e9s\u00e9nek kezel\u00e9si protokollja [<em><span style=\"font-size: 8pt\">Prof. J. Herrero (Barcelona, Spanyolorsz\u00e1g) enged\u00e9ly\u00e9vel]<\/span><\/em><\/figcaption><\/figure>\n<p style=\"text-align: justify\">A be\u00fcltet\u00e9s a \u201efriss\u201d embri\u00f3be\u00fcltet\u00e9shez hasonl\u00f3an t\u00f6rt\u00e9nik.<\/p>\n<p>A t\u00e9ma embriol\u00f3giai vonatkoz\u00e1s\u00e1r\u00f3l <a href=\"https:\/\/semmelweis.hu\/asszisztaltreprodukcio\/embriologia\/embriofagyasztas-vitrifikacio\/\">itt olvashatnak.<\/a><\/p>\n","protected":false},"excerpt":{"rendered":"<p>Fagyasztott embri\u00f3 be\u00fcltet\u00e9se (Kryo-ET): A friss embri\u00f3be\u00fcltet\u00e9s ut\u00e1n esetleg megmaradt, be\u00fcltet\u00e9sre nem ker\u00fclt, \u00fagynevezett \u00a0\u201esz\u00e1m feletti\u201d, azonban \u00e9letk\u00e9pes embri\u00f3(ka)t -betegeink k\u00e9r\u00e9s\u00e9re- fagyasztva t\u00e1rolhatjuk. A kezel\u00e9s l\u00e9nyege a petef\u00e9szkek nyugalomba helyez\u00e9se, majd a m\u00e9hny\u00e1lkah\u00e1rtya fel\u00e9p\u00edt\u00e9se, el\u0151k\u00e9sz\u00edt\u00e9se a felolvasztott embri\u00f3(k) befogad\u00e1s\u00e1ra. Beteg\u00fcnk a menstru\u00e1ci\u00f3s ciklus 20. napj\u00e1t\u00f3l injekci\u00f3s kezel\u00e9sben r\u00e9szes\u00fcl, a fentebb eml\u00edtett \u201e <a href=\"https:\/\/semmelweis.hu\/asszisztaltreprodukcio\/pacienseknek\/asszisztalt-reprodukcios-eljarasok-2\/in-vitro-fertilizacio-ivf\/stimulacio\/\">hossz\u00fa protokoll<\/a> \u201d els\u0151 l\u00e9p\u00e9s\u00e9nek &hellip;<\/p>\n","protected":false},"author":101727,"featured_media":0,"parent":593,"menu_order":4,"comment_status":"closed","ping_status":"closed","template":"","meta":{"_acf_changed":false,"footnotes":""},"categories":[],"tags":[],"class_list":["post-1110","page","type-page","status-publish","hentry"],"acf":[],"_links":{"self":[{"href":"https:\/\/semmelweis.hu\/asszisztaltreprodukcio\/wp-json\/wp\/v2\/pages\/1110","targetHints":{"allow":["GET"]}}],"collection":[{"href":"https:\/\/semmelweis.hu\/asszisztaltreprodukcio\/wp-json\/wp\/v2\/pages"}],"about":[{"href":"https:\/\/semmelweis.hu\/asszisztaltreprodukcio\/wp-json\/wp\/v2\/types\/page"}],"author":[{"embeddable":true,"href":"https:\/\/semmelweis.hu\/asszisztaltreprodukcio\/wp-json\/wp\/v2\/users\/101727"}],"replies":[{"embeddable":true,"href":"https:\/\/semmelweis.hu\/asszisztaltreprodukcio\/wp-json\/wp\/v2\/comments?post=1110"}],"version-history":[{"count":8,"href":"https:\/\/semmelweis.hu\/asszisztaltreprodukcio\/wp-json\/wp\/v2\/pages\/1110\/revisions"}],"predecessor-version":[{"id":1663,"href":"https:\/\/semmelweis.hu\/asszisztaltreprodukcio\/wp-json\/wp\/v2\/pages\/1110\/revisions\/1663"}],"up":[{"embeddable":true,"href":"https:\/\/semmelweis.hu\/asszisztaltreprodukcio\/wp-json\/wp\/v2\/pages\/593"}],"wp:attachment":[{"href":"https:\/\/semmelweis.hu\/asszisztaltreprodukcio\/wp-json\/wp\/v2\/media?parent=1110"}],"wp:term":[{"taxonomy":"category","embeddable":true,"href":"https:\/\/semmelweis.hu\/asszisztaltreprodukcio\/wp-json\/wp\/v2\/categories?post=1110"},{"taxonomy":"post_tag","embeddable":true,"href":"https:\/\/semmelweis.hu\/asszisztaltreprodukcio\/wp-json\/wp\/v2\/tags?post=1110"}],"curies":[{"name":"wp","href":"https:\/\/api.w.org\/{rel}","templated":true}]}}