{"id":1106,"date":"2020-04-02T14:14:06","date_gmt":"2020-04-02T12:14:06","guid":{"rendered":"http:\/\/semmelweis.hu\/asszisztaltreprodukcio\/?page_id=1106"},"modified":"2020-04-09T12:54:20","modified_gmt":"2020-04-09T10:54:20","slug":"ciklus-lezarasa","status":"publish","type":"page","link":"https:\/\/semmelweis.hu\/asszisztaltreprodukcio\/pacienseknek\/asszisztalt-reprodukcios-eljarasok-2\/in-vitro-fertilizacio-ivf\/ciklus-lezarasa\/","title":{"rendered":"Embri\u00f3 be\u00fcltet\u00e9st k\u00f6vet\u0151en"},"content":{"rendered":"<h4>Az embri\u00f3transzfer ut\u00e1n<\/h4>\n<p style=\"text-align: justify\">A be\u00fcltet\u00e9s ut\u00e1ni 11. \u00e9s 13. napon v\u00e9rv\u00e9telt v\u00e9gz\u00fcnk a terhess\u00e9gi hormon meghat\u00e1roz\u00e1s\u00e1ra.<\/p>\n<p style=\"text-align: justify\">Pozit\u00edv eredm\u00e9ny \u00e9s a hormonszint megfelel\u0151 \u00fctem\u0171 n\u00f6veked\u00e9se eset\u00e9n egy-k\u00e9t h\u00e9ttel k\u00e9s\u0151bb v\u00e9gezz\u00fck az els\u0151 ultrahang vizsg\u00e1latot a klinikai terhess\u00e9g kimutat\u00e1s\u00e1ra. <em>Klinikai terhess\u00e9g<\/em>r\u0151l akkor besz\u00e9l\u00fcnk, ha a terhess\u00e9g ultrahang vizsg\u00e1lattal is egy\u00e9rtelm\u0171en igazolhat\u00f3 a petezs\u00e1k l\u00e1that\u00f3v\u00e1 v\u00e1l\u00e1sa r\u00e9v\u00e9n.<\/p>\n<p style=\"text-align: justify\">Az \u201c<em>\u00f6sszterhess\u00e9gi\u201d<\/em> ar\u00e1ny mag\u00e1ban foglalja a \u201c<em>biok\u00e9miai\u201d<\/em> \u00e9s a <em>\u201cklinikai\u201d<\/em> terhess\u00e9gi ar\u00e1nyt. <em>Biok\u00e9miai terhess\u00e9gr\u0151l<\/em> akkor besz\u00e9l\u00fcnk ha a be\u00fcltetett embri\u00f3 megtapadt, megindult a terhess\u00e9gi hormon termel\u00e9se, azonban a terhess\u00e9g annak nagyon korai f\u00e1zis\u00e1ban fejl\u0151d\u00e9s\u00e9ben meg\u00e1llt m\u00e9g azt megel\u0151z\u0151en, hogy a petezs\u00e1k ultrahang vizsg\u00e1lattal l\u00e1that\u00f3v\u00e1 v\u00e1lt volna.<\/p>\n<p style=\"text-align: justify\">Sikertelens\u00e9g eset\u00e9n \u00fajabb IVF kezel\u00e9s legkor\u00e1bban 3 h\u00f3nap eltelt\u00e9vel ind\u00edthat\u00f3.<\/p>\n","protected":false},"excerpt":{"rendered":"<p>Az embri\u00f3transzfer ut\u00e1n A be\u00fcltet\u00e9s ut\u00e1ni 11. \u00e9s 13. napon v\u00e9rv\u00e9telt v\u00e9gz\u00fcnk a terhess\u00e9gi hormon meghat\u00e1roz\u00e1s\u00e1ra. Pozit\u00edv eredm\u00e9ny \u00e9s a hormonszint megfelel\u0151 \u00fctem\u0171 n\u00f6veked\u00e9se eset\u00e9n egy-k\u00e9t h\u00e9ttel k\u00e9s\u0151bb v\u00e9gezz\u00fck az els\u0151 ultrahang vizsg\u00e1latot a klinikai terhess\u00e9g kimutat\u00e1s\u00e1ra. Klinikai terhess\u00e9gr\u0151l akkor besz\u00e9l\u00fcnk, ha a terhess\u00e9g ultrahang vizsg\u00e1lattal is egy\u00e9rtelm\u0171en igazolhat\u00f3 a petezs\u00e1k l\u00e1that\u00f3v\u00e1 v\u00e1l\u00e1sa r\u00e9v\u00e9n. Az &hellip;<\/p>\n","protected":false},"author":101727,"featured_media":0,"parent":725,"menu_order":4,"comment_status":"closed","ping_status":"closed","template":"","meta":{"_acf_changed":false,"footnotes":""},"categories":[],"tags":[],"class_list":["post-1106","page","type-page","status-publish","hentry"],"acf":[],"_links":{"self":[{"href":"https:\/\/semmelweis.hu\/asszisztaltreprodukcio\/wp-json\/wp\/v2\/pages\/1106","targetHints":{"allow":["GET"]}}],"collection":[{"href":"https:\/\/semmelweis.hu\/asszisztaltreprodukcio\/wp-json\/wp\/v2\/pages"}],"about":[{"href":"https:\/\/semmelweis.hu\/asszisztaltreprodukcio\/wp-json\/wp\/v2\/types\/page"}],"author":[{"embeddable":true,"href":"https:\/\/semmelweis.hu\/asszisztaltreprodukcio\/wp-json\/wp\/v2\/users\/101727"}],"replies":[{"embeddable":true,"href":"https:\/\/semmelweis.hu\/asszisztaltreprodukcio\/wp-json\/wp\/v2\/comments?post=1106"}],"version-history":[{"count":7,"href":"https:\/\/semmelweis.hu\/asszisztaltreprodukcio\/wp-json\/wp\/v2\/pages\/1106\/revisions"}],"predecessor-version":[{"id":1458,"href":"https:\/\/semmelweis.hu\/asszisztaltreprodukcio\/wp-json\/wp\/v2\/pages\/1106\/revisions\/1458"}],"up":[{"embeddable":true,"href":"https:\/\/semmelweis.hu\/asszisztaltreprodukcio\/wp-json\/wp\/v2\/pages\/725"}],"wp:attachment":[{"href":"https:\/\/semmelweis.hu\/asszisztaltreprodukcio\/wp-json\/wp\/v2\/media?parent=1106"}],"wp:term":[{"taxonomy":"category","embeddable":true,"href":"https:\/\/semmelweis.hu\/asszisztaltreprodukcio\/wp-json\/wp\/v2\/categories?post=1106"},{"taxonomy":"post_tag","embeddable":true,"href":"https:\/\/semmelweis.hu\/asszisztaltreprodukcio\/wp-json\/wp\/v2\/tags?post=1106"}],"curies":[{"name":"wp","href":"https:\/\/api.w.org\/{rel}","templated":true}]}}