{"id":1099,"date":"2020-04-02T13:59:23","date_gmt":"2020-04-02T11:59:23","guid":{"rendered":"http:\/\/semmelweis.hu\/asszisztaltreprodukcio\/?page_id=1099"},"modified":"2020-04-22T14:55:06","modified_gmt":"2020-04-22T12:55:06","slug":"embrio-beultetes","status":"publish","type":"page","link":"https:\/\/semmelweis.hu\/asszisztaltreprodukcio\/pacienseknek\/asszisztalt-reprodukcios-eljarasok-2\/in-vitro-fertilizacio-ivf\/embrio-beultetes\/","title":{"rendered":"Embri\u00f3 be\u00fcltet\u00e9s (ET)"},"content":{"rendered":"<h4 style=\"text-align: justify\">Embri\u00f3 be\u00fcltet\u00e9s (embri\u00f3transzfer: ET)<\/h4>\n<p style=\"text-align: justify\">Az embri\u00f3(k) be\u00fcltet\u00e9se a megterm\u00e9keny\u00edt\u00e9st k\u00f6vet\u0151 2. \u00e9s 5. nap k\u00f6z\u00f6tt t\u00f6rt\u00e9nik. A beavatkoz\u00e1s alatt a p\u00e1r f\u00e9rfi tagja is a m\u0171t\u0151ben tart\u00f3zkodhat \u00e9s a be\u00fcltet\u00e9sre ker\u00fcl\u0151 embri\u00f3ikat betegeink monitoron kereszt\u00fcl tekinthetik meg k\u00f6zvetlen\u00fcl az embri\u00f3be\u00fcltet\u00e9s el\u0151tt \u00e9s alatt.<\/p>\n<p style=\"text-align: justify\">A be\u00fcltet\u00e9s a rutin n\u0151gy\u00f3gy\u00e1szati vizsg\u00e1lathoz hasonl\u00f3an t\u00f6rt\u00e9nik, melynek sor\u00e1n h\u00fcvelyt\u00fck\u00f6r haszn\u00e1lat\u00e1val l\u00e1t\u00f3t\u00e9rbe hozzuk a m\u00e9hsz\u00e1jat, majd a nyakcsatorn\u00e1n kereszt\u00fcl bevezetett puha kat\u00e9ter seg\u00edts\u00e9g\u00e9vel, minim\u00e1lis t\u00e1poldat csepp k\u00eds\u00e9ret\u00e9ben juttatjuk az embri\u00f3(ka)t a m\u00e9h \u00fcreg\u00e9be.<\/p>\n<p style=\"text-align: justify\">A beavatkoz\u00e1st k\u00f6vet\u0151en oszt\u00e1lyunkon t\u00f6lt\u00f6tt r\u00f6vid pihen\u0151 ut\u00e1n t\u00e1vozhat majd otthon\u00e1ba a beteg, ahol \u00e9letm\u00f3dbeli korl\u00e1toz\u00e1sok nem sz\u00fcks\u00e9gesek.<\/p>\n<p>A t\u00e9ma embriol\u00f3giai vonatkoz\u00e1s\u00e1r\u00f3l <a href=\"https:\/\/semmelweis.hu\/asszisztaltreprodukcio\/embriologia\/embrio-beultetes-embriologus-szemmel\/\">itt olvashatnak.\u00a0<\/a><\/p>\n<figure id=\"attachment_1652\" aria-describedby=\"caption-attachment-1652\" style=\"width: 731px\" class=\"wp-caption aligncenter\"><img loading=\"lazy\" decoding=\"async\" class=\"wp-image-1652\" src=\"https:\/\/semmelweis.hu\/asszisztaltreprodukcio\/files\/2020\/04\/et-400x274.jpg\" alt=\"\" width=\"731\" height=\"501\" srcset=\"https:\/\/semmelweis.hu\/asszisztaltreprodukcio\/files\/2020\/04\/et-400x274.jpg 400w, https:\/\/semmelweis.hu\/asszisztaltreprodukcio\/files\/2020\/04\/et-1024x702.jpg 1024w, https:\/\/semmelweis.hu\/asszisztaltreprodukcio\/files\/2020\/04\/et-768x527.jpg 768w, https:\/\/semmelweis.hu\/asszisztaltreprodukcio\/files\/2020\/04\/et-437x300.jpg 437w, https:\/\/semmelweis.hu\/asszisztaltreprodukcio\/files\/2020\/04\/et-175x120.jpg 175w, https:\/\/semmelweis.hu\/asszisztaltreprodukcio\/files\/2020\/04\/et-753x516.jpg 753w, https:\/\/semmelweis.hu\/asszisztaltreprodukcio\/files\/2020\/04\/et.jpg 1318w\" sizes=\"auto, (max-width: 731px) 100vw, 731px\" \/><figcaption id=\"caption-attachment-1652\" class=\"wp-caption-text\">Embri\u00f3 be\u00fcltet\u00e9s<span style=\"font-size: 8pt\"><em> [Prof. J. Herrero (Barcelona, Spanyolorsz\u00e1g) enged\u00e9ly\u00e9vel]<\/em><\/span><\/figcaption><\/figure>\n","protected":false},"excerpt":{"rendered":"<p>Embri\u00f3 be\u00fcltet\u00e9s (embri\u00f3transzfer: ET) Az embri\u00f3(k) be\u00fcltet\u00e9se a megterm\u00e9keny\u00edt\u00e9st k\u00f6vet\u0151 2. \u00e9s 5. nap k\u00f6z\u00f6tt t\u00f6rt\u00e9nik. A beavatkoz\u00e1s alatt a p\u00e1r f\u00e9rfi tagja is a m\u0171t\u0151ben tart\u00f3zkodhat \u00e9s a be\u00fcltet\u00e9sre ker\u00fcl\u0151 embri\u00f3ikat betegeink monitoron kereszt\u00fcl tekinthetik meg k\u00f6zvetlen\u00fcl az embri\u00f3be\u00fcltet\u00e9s el\u0151tt \u00e9s alatt. A be\u00fcltet\u00e9s a rutin n\u0151gy\u00f3gy\u00e1szati vizsg\u00e1lathoz hasonl\u00f3an t\u00f6rt\u00e9nik, melynek sor\u00e1n h\u00fcvelyt\u00fck\u00f6r haszn\u00e1lat\u00e1val &hellip;<\/p>\n","protected":false},"author":101727,"featured_media":0,"parent":725,"menu_order":3,"comment_status":"closed","ping_status":"closed","template":"","meta":{"_acf_changed":false,"footnotes":""},"categories":[],"tags":[],"class_list":["post-1099","page","type-page","status-publish","hentry"],"acf":[],"_links":{"self":[{"href":"https:\/\/semmelweis.hu\/asszisztaltreprodukcio\/wp-json\/wp\/v2\/pages\/1099","targetHints":{"allow":["GET"]}}],"collection":[{"href":"https:\/\/semmelweis.hu\/asszisztaltreprodukcio\/wp-json\/wp\/v2\/pages"}],"about":[{"href":"https:\/\/semmelweis.hu\/asszisztaltreprodukcio\/wp-json\/wp\/v2\/types\/page"}],"author":[{"embeddable":true,"href":"https:\/\/semmelweis.hu\/asszisztaltreprodukcio\/wp-json\/wp\/v2\/users\/101727"}],"replies":[{"embeddable":true,"href":"https:\/\/semmelweis.hu\/asszisztaltreprodukcio\/wp-json\/wp\/v2\/comments?post=1099"}],"version-history":[{"count":9,"href":"https:\/\/semmelweis.hu\/asszisztaltreprodukcio\/wp-json\/wp\/v2\/pages\/1099\/revisions"}],"predecessor-version":[{"id":1662,"href":"https:\/\/semmelweis.hu\/asszisztaltreprodukcio\/wp-json\/wp\/v2\/pages\/1099\/revisions\/1662"}],"up":[{"embeddable":true,"href":"https:\/\/semmelweis.hu\/asszisztaltreprodukcio\/wp-json\/wp\/v2\/pages\/725"}],"wp:attachment":[{"href":"https:\/\/semmelweis.hu\/asszisztaltreprodukcio\/wp-json\/wp\/v2\/media?parent=1099"}],"wp:term":[{"taxonomy":"category","embeddable":true,"href":"https:\/\/semmelweis.hu\/asszisztaltreprodukcio\/wp-json\/wp\/v2\/categories?post=1099"},{"taxonomy":"post_tag","embeddable":true,"href":"https:\/\/semmelweis.hu\/asszisztaltreprodukcio\/wp-json\/wp\/v2\/tags?post=1099"}],"curies":[{"name":"wp","href":"https:\/\/api.w.org\/{rel}","templated":true}]}}